{"id":450180,"date":"2024-11-21T10:43:49","date_gmt":"2024-11-21T10:43:50","guid":{"rendered":"https:\/\/www.erresse-shop.it\/?post_type=product&#038;p=450180"},"modified":"2026-02-24T10:01:30","modified_gmt":"2026-02-24T10:01:30","slug":"les-jardins-de-la-comtesse-cesta-de-pcnic-6-personas-marine","status":"publish","type":"product","link":"https:\/\/www.erresse-shop.it\/es\/shop\/tabla\/cestas-de-picnic\/les-jardins-de-la-comtesse-cesta-de-pcnic-6-personas-marine\/","title":{"rendered":"LES JARDINS DE LA COMTESSE Cesta de Pcnic 6 Personas Marine"},"content":{"rendered":"<div style=\"text-align: justificar;\">\n<div>Un cofre de picnic \u00fanico y original con sus correas azules<\/div>\n<div>Original por fuera: los hilos de la cuerda a juego con el mimbre natural lacado en blanco, las correas azules y el mantel azul y blanco le dan un toque ex\u00f3tico que recuerda a las profundidades del oc\u00e9ano.<\/div>\n<div>Elegante por dentro con su tejido azul con rayas blancas y sus correas blancas.<\/div>\n<div>Es moderno, elegante y sofisticado, con su combinaci\u00f3n de cubiertos de acero inoxidable y platos de cer\u00e1mica con monogramas.<\/div>\n<div>Este ba\u00fal fue dise\u00f1ado para familias numerosas y amigos a quienes les encanta reunirse para compartir un momento de celebraci\u00f3n en el campo, en las dunas o en el agua. Un regalo fant\u00e1stico y original.<\/div>\n<div>Al igual que nuestros otros cofres, este cofre de picnic est\u00e1 hecho a mano con ramitas de sauce y cuerdas.<\/div>\n<div>Toda la base est\u00e1 formada por un compartimento isot\u00e9rmico para mantener frescos los alimentos y bebidas. Viene con un bonito mantel de picnic del mismo tejido con un lado impermeable.<\/div>\n<div>Se puede transportar f\u00e1cilmente gracias a su asa central o a la correa ajustable de tela azul marino para llevarlo c\u00f3modamente al hombro.<\/div>\n<p><strong>CONTENIDO<\/strong><\/p>\n<ul>\n<li>\u00a0Un compartimento isot\u00e9rmico<\/li>\n<li>1 lona con lateral impermeable azul y rayas blancas<\/li>\n<li>6 platos de cer\u00e1mica con monograma de 20 cm de di\u00e1metro<\/li>\n<li>\u00a06 juegos completos de cubiertos de metal en un bolsillo,<\/li>\n<li>6 vasos de cristal (12 cl)<\/li>\n<li>1 abridor de botellas, sacacorchos de acero galvanizado<\/li>\n<li>1 juego de salero y pimentero de metal<\/li>\n<li>6 servilletas azules con rayas blancas (35 x 35 cm)<\/li>\n<li>2 cordones para una botella<\/li>\n<li>2 cordones en el lado de tela con velcro para introducir la toalla<\/li>\n<li>1 bolsa peque\u00f1a para guardar platos sucios<\/li>\n<\/ul>\n<p>Dimensiones: 50x35x26cm<\/p>\n<p>Peso: 6.620 kilos<\/p>\n<\/div>\n","protected":false},"excerpt":{"rendered":"<p>Un cofre de picnic \u00fanico y original con sus correas azules Original por fuera: los hilos de la cuerda a<\/p>\n","protected":false},"featured_media":450206,"template":"","meta":{"_acf_changed":false,"inline_featured_image":false},"product_cat":[16038,16027],"product_tag":[16167,16225,16261,24605],"acf":[],"yoast_head":"<!-- This site is optimized with the Yoast SEO Premium plugin v18.6 (Yoast SEO v19.13) - https:\/\/yoast.com\/wordpress\/plugins\/seo\/ -->\n<title>LES JARDINS DE LA COMTESSE Cesta de Pcnic 6 Personas Marine - Erresse Shop<\/title>\n<meta name=\"description\" content=\"Un cofre de picnic \u00fanico y original con sus correas azules Original por fuera: los hilos de la cuerda a juego con el mimbre natural lacado en blanco, las\" \/>\n<meta name=\"robots\" content=\"index, follow, max-snippet:-1, max-image-preview:large, max-video-preview:-1\" \/>\n<link rel=\"canonical\" href=\"https:\/\/www.erresse-shop.it\/es\/shop\/tabla\/cestas-de-picnic\/les-jardins-de-la-comtesse-cesta-de-pcnic-6-personas-marine\/\" \/>\n<meta property=\"og:locale\" content=\"es_ES\" \/>\n<meta property=\"og:type\" content=\"article\" \/>\n<meta property=\"og:title\" content=\"LES JARDINS DE LA COMTESSE Cesta de Pcnic 6 Personas Marine\" \/>\n<meta property=\"og:description\" content=\"Un cofre de picnic \u00fanico y original con sus correas azules Original por fuera: los hilos de la cuerda a juego con el mimbre natural lacado en blanco, las\" \/>\n<meta property=\"og:url\" content=\"https:\/\/www.erresse-shop.it\/es\/shop\/tabla\/cestas-de-picnic\/les-jardins-de-la-comtesse-cesta-de-pcnic-6-personas-marine\/\" \/>\n<meta property=\"og:site_name\" content=\"Erresse Shop\" \/>\n<meta property=\"article:modified_time\" content=\"2026-02-24T10:01:30+00:00\" \/>\n<meta property=\"og:image\" content=\"https:\/\/www.erresse-shop.it\/wp-content\/uploads\/2024\/11\/LES-JARDINS-DE-LA-COMTESSE-Cestino-Picnic-6-Persone-Marine.jpg\" \/>\n\t<meta property=\"og:image:width\" content=\"1200\" \/>\n\t<meta property=\"og:image:height\" content=\"1200\" \/>\n\t<meta property=\"og:image:type\" content=\"image\/jpeg\" \/>\n<meta name=\"twitter:card\" content=\"summary_large_image\" \/>\n<script type=\"application\/ld+json\" class=\"yoast-schema-graph\">{\"@context\":\"https:\/\/schema.org\",\"@graph\":[{\"@type\":\"WebPage\",\"@id\":\"https:\/\/www.erresse-shop.it\/es\/shop\/tabla\/cestas-de-picnic\/les-jardins-de-la-comtesse-cesta-de-pcnic-6-personas-marine\/\",\"url\":\"https:\/\/www.erresse-shop.it\/es\/shop\/tabla\/cestas-de-picnic\/les-jardins-de-la-comtesse-cesta-de-pcnic-6-personas-marine\/\",\"name\":\"LES JARDINS DE LA COMTESSE Cesta de Pcnic 6 Personas Marine - Erresse Shop\",\"isPartOf\":{\"@id\":\"https:\/\/www.erresse-shop.it\/es\/#website\"},\"datePublished\":\"2024-11-21T10:43:50+00:00\",\"dateModified\":\"2026-02-24T10:01:30+00:00\",\"description\":\"Un cofre de picnic \u00fanico y original con sus correas azules Original por fuera: los hilos de la cuerda a juego con el mimbre natural lacado en blanco, las\",\"breadcrumb\":{\"@id\":\"https:\/\/www.erresse-shop.it\/es\/shop\/tabla\/cestas-de-picnic\/les-jardins-de-la-comtesse-cesta-de-pcnic-6-personas-marine\/#breadcrumb\"},\"inLanguage\":\"es\",\"potentialAction\":[{\"@type\":\"ReadAction\",\"target\":[\"https:\/\/www.erresse-shop.it\/es\/shop\/tabla\/cestas-de-picnic\/les-jardins-de-la-comtesse-cesta-de-pcnic-6-personas-marine\/\"]}]},{\"@type\":\"BreadcrumbList\",\"@id\":\"https:\/\/www.erresse-shop.it\/es\/shop\/tabla\/cestas-de-picnic\/les-jardins-de-la-comtesse-cesta-de-pcnic-6-personas-marine\/#breadcrumb\",\"itemListElement\":[{\"@type\":\"ListItem\",\"position\":1,\"name\":\"Home\",\"item\":\"https:\/\/www.erresse-shop.it\/es\/\"},{\"@type\":\"ListItem\",\"position\":2,\"name\":\"Shop\",\"item\":\"https:\/\/www.erresse-shop.it\/es\/shop\/\"},{\"@type\":\"ListItem\",\"position\":3,\"name\":\"LES JARDINS DE LA COMTESSE Cesta de Pcnic 6 Personas Marine\"}]},{\"@type\":\"WebSite\",\"@id\":\"https:\/\/www.erresse-shop.it\/es\/#website\",\"url\":\"https:\/\/www.erresse-shop.it\/es\/\",\"name\":\"Erresse Shop\",\"description\":\"Articoli di qualit\u00e0 per la casa\",\"potentialAction\":[{\"@type\":\"SearchAction\",\"target\":{\"@type\":\"EntryPoint\",\"urlTemplate\":\"https:\/\/www.erresse-shop.it\/es\/?s={search_term_string}\"},\"query-input\":\"required name=search_term_string\"}],\"inLanguage\":\"es\"}]}<\/script>\n<!-- \/ Yoast SEO Premium plugin. -->","yoast_head_json":{"title":"LES JARDINS DE LA COMTESSE Cesta de Pcnic 6 Personas Marine - Erresse Shop","description":"Un cofre de picnic \u00fanico y original con sus correas azules Original por fuera: los hilos de la cuerda a juego con el mimbre natural lacado en blanco, las","robots":{"index":"index","follow":"follow","max-snippet":"max-snippet:-1","max-image-preview":"max-image-preview:large","max-video-preview":"max-video-preview:-1"},"canonical":"https:\/\/www.erresse-shop.it\/es\/shop\/tabla\/cestas-de-picnic\/les-jardins-de-la-comtesse-cesta-de-pcnic-6-personas-marine\/","og_locale":"es_ES","og_type":"article","og_title":"LES JARDINS DE LA COMTESSE Cesta de Pcnic 6 Personas Marine","og_description":"Un cofre de picnic \u00fanico y original con sus correas azules Original por fuera: los hilos de la cuerda a juego con el mimbre natural lacado en blanco, las","og_url":"https:\/\/www.erresse-shop.it\/es\/shop\/tabla\/cestas-de-picnic\/les-jardins-de-la-comtesse-cesta-de-pcnic-6-personas-marine\/","og_site_name":"Erresse Shop","article_modified_time":"2026-02-24T10:01:30+00:00","og_image":[{"width":1200,"height":1200,"url":"https:\/\/www.erresse-shop.it\/wp-content\/uploads\/2024\/11\/LES-JARDINS-DE-LA-COMTESSE-Cestino-Picnic-6-Persone-Marine.jpg","type":"image\/jpeg"}],"twitter_card":"summary_large_image","schema":{"@context":"https:\/\/schema.org","@graph":[{"@type":"WebPage","@id":"https:\/\/www.erresse-shop.it\/es\/shop\/tabla\/cestas-de-picnic\/les-jardins-de-la-comtesse-cesta-de-pcnic-6-personas-marine\/","url":"https:\/\/www.erresse-shop.it\/es\/shop\/tabla\/cestas-de-picnic\/les-jardins-de-la-comtesse-cesta-de-pcnic-6-personas-marine\/","name":"LES JARDINS DE LA COMTESSE Cesta de Pcnic 6 Personas Marine - Erresse Shop","isPartOf":{"@id":"https:\/\/www.erresse-shop.it\/es\/#website"},"datePublished":"2024-11-21T10:43:50+00:00","dateModified":"2026-02-24T10:01:30+00:00","description":"Un cofre de picnic \u00fanico y original con sus correas azules Original por fuera: los hilos de la cuerda a juego con el mimbre natural lacado en blanco, las","breadcrumb":{"@id":"https:\/\/www.erresse-shop.it\/es\/shop\/tabla\/cestas-de-picnic\/les-jardins-de-la-comtesse-cesta-de-pcnic-6-personas-marine\/#breadcrumb"},"inLanguage":"es","potentialAction":[{"@type":"ReadAction","target":["https:\/\/www.erresse-shop.it\/es\/shop\/tabla\/cestas-de-picnic\/les-jardins-de-la-comtesse-cesta-de-pcnic-6-personas-marine\/"]}]},{"@type":"BreadcrumbList","@id":"https:\/\/www.erresse-shop.it\/es\/shop\/tabla\/cestas-de-picnic\/les-jardins-de-la-comtesse-cesta-de-pcnic-6-personas-marine\/#breadcrumb","itemListElement":[{"@type":"ListItem","position":1,"name":"Home","item":"https:\/\/www.erresse-shop.it\/es\/"},{"@type":"ListItem","position":2,"name":"Shop","item":"https:\/\/www.erresse-shop.it\/es\/shop\/"},{"@type":"ListItem","position":3,"name":"LES JARDINS DE LA COMTESSE Cesta de Pcnic 6 Personas Marine"}]},{"@type":"WebSite","@id":"https:\/\/www.erresse-shop.it\/es\/#website","url":"https:\/\/www.erresse-shop.it\/es\/","name":"Erresse Shop","description":"Articoli di qualit\u00e0 per la casa","potentialAction":[{"@type":"SearchAction","target":{"@type":"EntryPoint","urlTemplate":"https:\/\/www.erresse-shop.it\/es\/?s={search_term_string}"},"query-input":"required name=search_term_string"}],"inLanguage":"es"}]}},"df_price":119,"df_sale_price":119,"df_regular_price":202.31,"df_image_link":"https:\/\/www.erresse-shop.it\/wp-content\/uploads\/2024\/11\/LES-JARDINS-DE-LA-COMTESSE-Cestino-Picnic-6-Persone-Marine-300x300.jpg","_links":{"self":[{"href":"https:\/\/www.erresse-shop.it\/es\/wp-json\/wp\/v2\/product\/450180"}],"collection":[{"href":"https:\/\/www.erresse-shop.it\/es\/wp-json\/wp\/v2\/product"}],"about":[{"href":"https:\/\/www.erresse-shop.it\/es\/wp-json\/wp\/v2\/types\/product"}],"wp:featuredmedia":[{"embeddable":true,"href":"https:\/\/www.erresse-shop.it\/es\/wp-json\/wp\/v2\/media\/450206"}],"wp:attachment":[{"href":"https:\/\/www.erresse-shop.it\/es\/wp-json\/wp\/v2\/media?parent=450180"}],"wp:term":[{"taxonomy":"product_cat","embeddable":true,"href":"https:\/\/www.erresse-shop.it\/es\/wp-json\/wp\/v2\/product_cat?post=450180"},{"taxonomy":"product_tag","embeddable":true,"href":"https:\/\/www.erresse-shop.it\/es\/wp-json\/wp\/v2\/product_tag?post=450180"}],"curies":[{"name":"wp","href":"https:\/\/api.w.org\/{rel}","templated":true}]}}