{"id":449981,"date":"2024-11-20T13:52:11","date_gmt":"2024-11-20T13:52:12","guid":{"rendered":"https:\/\/www.erresse-shop.it\/?post_type=product&#038;p=449981"},"modified":"2024-12-09T13:31:00","modified_gmt":"2024-12-09T13:31:00","slug":"galateo-friends-burton-morris-caja-de-regalo-3-botellas-copia","status":"publish","type":"product","link":"https:\/\/www.erresse-shop.it\/es\/shop\/tabla\/aceite-vinagre-sal\/galateo-friends-burton-morris-caja-de-regalo-3-botellas-copia\/","title":{"rendered":"GALATEO &#038; FRIENDS Codalunga Caja de regalo 1 botella Aceite de Oliva Virgen Extra"},"content":{"rendered":"<div clase=\"\">\n<div clase=\"\">\n<div clase=\"\">\n<div class=\"\" dir=\"autom\u00e1tico\">\n<div class=\"\" dir=\"autom\u00e1tico\">\n<div class=\"\" dir=\"autom\u00e1tico\">\n<div class=\"\" dir=\"autom\u00e1tico\">\n<div clase=\"\">\n<div clase=\"\">\n<div clase=\"\">\n<div clase=\"\">\n<div clase=\"\">\n<div clase=\"\">\n<div clase=\"\">\n<div clase=\"\">\n<div clase=\"\">\n<div clase=\"\">\n<div clase=\"\">\n<div clase=\"\">\n<div clase=\"\">\n<div clase=\"\">\n<div clase=\"\">\n<div clase=\"\">\n<div clase=\"\">\n<div clase=\"\">\n<div clase=\"\">\n<div class=\"\"><strong><span class=\"\">ACEITUNAS DE VAINILLA EN VILLAIN LOVE<\/span><\/strong><\/div>\n<\/div>\n<div>\n<div class=\"grupo\/conversaci\u00f3n-turno relativo flex w-full min-w-0 flex-col agente-turno\">\n<div class=\"flex-col brecha-1 md: brecha-3\">\n<div class=\"flex max-w-full flex-col flex-grow\">\n<div class=\"min-h-8 mensaje de texto flex w-full flex-col elementos-final espacio-2 espacios en blanco-palabras de corte normales [.text-message+&amp;]:mt-5\" dir=\"auto \" data-message-author-role=\"asistente\" data-message-id=\"6a6aa8b4-9ecd-4451-9a9f-e2700f608f39\" mensaje-datos-modelo-slug=\"gpt-4o-mini\">\n<div class=\"flex w-full flex-col gap-1 vac\u00edo: oculto primero: pt-[3px]\">\n<div class=\"prosa rebajada con palabras de ruptura completas oscuras: prosa-invertida oscura\">\n<p>Descubre <em>Vanilla Olive a Villain Love<\/em>, el aceite de oliva virgen extra que combina tradici\u00f3n e innovaci\u00f3n en una experiencia de sabor inigualable. Cada botella contiene un aceite fino, obtenido de aceitunas seleccionadas con el m\u00e1ximo cuidado, prensadas en fr\u00edo para conservar mejor sus propiedades naturales. El resultado es un aceite con un sabor \u00fanico, que destaca por su armon\u00eda entre un delicado dulzor y una inconfundible nota de vainilla, creando un equilibrio perfecto para realzar cada plato.<\/p>\n<p>Este pack de 1 botella es ideal para quienes buscan un producto refinado, que no s\u00f3lo enriquezca las recetas diarias, sino que transforme cada preparaci\u00f3n en una experiencia gourmet. Perfecto para aderezar ensaladas frescas, carpaccio, bruschetta y platos de pescado, <em>Vanilla Olive a Villain Love<\/em> a\u00f1ade una profundidad de sabor que conquista incluso los paladares m\u00e1s exigentes.<\/p>\n<\/div>\n<\/div>\n<\/div>\n<\/div>\n<\/div>\n<\/div>\n<\/div>\n<div clase=\"\">\n<div><\/div>\n<div class=\"\">Aceite de Oliva Virgen Extra y Vainilla Bourbun de Madagascar 250 ml<\/div>\n<\/div>\n<\/div>\n<\/div>\n<\/div>\n<\/div>\n<\/div>\n<\/div>\n<\/div>\n<\/div>\n<\/div>\n<\/div>\n<\/div>\n<\/div>\n<\/div>\n<\/div>\n<\/div>\n<\/div>\n<\/div>\n<\/div>\n<\/div>\n<\/div>\n<\/div>\n<\/div>\n<\/div>\n<\/div>\n<\/div>\n","protected":false},"excerpt":{"rendered":"<p>ACEITUNAS DE VAINILLA EN VILLAIN LOVE Descubre Vanilla Olive a Villain Love, el aceite de oliva virgen extra que combina<\/p>\n","protected":false},"featured_media":449989,"template":"","meta":{"_acf_changed":false,"inline_featured_image":false},"product_cat":[20475,25935,16027],"product_tag":[16485],"acf":[],"yoast_head":"<!-- This site is optimized with the Yoast SEO Premium plugin v18.6 (Yoast SEO v19.13) - https:\/\/yoast.com\/wordpress\/plugins\/seo\/ -->\n<title>GALATEO &amp; FRIENDS Codalunga Caja de regalo 1 botella Aceite de Oliva Virgen Extra - Erresse Shop<\/title>\n<meta name=\"description\" content=\"ACEITUNAS DE VAINILLA EN VILLAIN LOVE Descubre Vanilla Olive a Villain Love, el aceite de oliva virgen extra que combina tradici\u00f3n e innovaci\u00f3n en una\" \/>\n<meta name=\"robots\" content=\"index, follow, max-snippet:-1, max-image-preview:large, max-video-preview:-1\" \/>\n<link rel=\"canonical\" href=\"https:\/\/www.erresse-shop.it\/es\/shop\/tabla\/aceite-vinagre-sal\/galateo-friends-burton-morris-caja-de-regalo-3-botellas-copia\/\" \/>\n<meta property=\"og:locale\" content=\"es_ES\" \/>\n<meta property=\"og:type\" content=\"article\" \/>\n<meta property=\"og:title\" content=\"GALATEO &amp; FRIENDS Codalunga Caja de regalo 1 botella Aceite de Oliva Virgen Extra\" \/>\n<meta property=\"og:description\" content=\"ACEITUNAS DE VAINILLA EN VILLAIN LOVE Descubre Vanilla Olive a Villain Love, el aceite de oliva virgen extra que combina tradici\u00f3n e innovaci\u00f3n en una\" \/>\n<meta property=\"og:url\" content=\"https:\/\/www.erresse-shop.it\/es\/shop\/tabla\/aceite-vinagre-sal\/galateo-friends-burton-morris-caja-de-regalo-3-botellas-copia\/\" \/>\n<meta property=\"og:site_name\" content=\"Erresse Shop\" \/>\n<meta property=\"article:modified_time\" content=\"2024-12-09T13:31:00+00:00\" \/>\n<meta property=\"og:image\" content=\"https:\/\/www.erresse-shop.it\/wp-content\/uploads\/2024\/11\/GALATEO-FRIENDS-Codalunga-Confezione-Regalo-1-Bottiglia.jpg\" \/>\n\t<meta property=\"og:image:width\" content=\"1200\" \/>\n\t<meta property=\"og:image:height\" content=\"1200\" \/>\n\t<meta property=\"og:image:type\" content=\"image\/jpeg\" \/>\n<meta name=\"twitter:card\" content=\"summary_large_image\" \/>\n<script type=\"application\/ld+json\" class=\"yoast-schema-graph\">{\"@context\":\"https:\/\/schema.org\",\"@graph\":[{\"@type\":\"WebPage\",\"@id\":\"https:\/\/www.erresse-shop.it\/es\/shop\/tabla\/aceite-vinagre-sal\/galateo-friends-burton-morris-caja-de-regalo-3-botellas-copia\/\",\"url\":\"https:\/\/www.erresse-shop.it\/es\/shop\/tabla\/aceite-vinagre-sal\/galateo-friends-burton-morris-caja-de-regalo-3-botellas-copia\/\",\"name\":\"GALATEO & FRIENDS Codalunga Caja de regalo 1 botella Aceite de Oliva Virgen Extra - Erresse Shop\",\"isPartOf\":{\"@id\":\"https:\/\/www.erresse-shop.it\/es\/#website\"},\"datePublished\":\"2024-11-20T13:52:12+00:00\",\"dateModified\":\"2024-12-09T13:31:00+00:00\",\"description\":\"ACEITUNAS DE VAINILLA EN VILLAIN LOVE Descubre Vanilla Olive a Villain Love, el aceite de oliva virgen extra que combina tradici\u00f3n e innovaci\u00f3n en una\",\"breadcrumb\":{\"@id\":\"https:\/\/www.erresse-shop.it\/es\/shop\/tabla\/aceite-vinagre-sal\/galateo-friends-burton-morris-caja-de-regalo-3-botellas-copia\/#breadcrumb\"},\"inLanguage\":\"es\",\"potentialAction\":[{\"@type\":\"ReadAction\",\"target\":[\"https:\/\/www.erresse-shop.it\/es\/shop\/tabla\/aceite-vinagre-sal\/galateo-friends-burton-morris-caja-de-regalo-3-botellas-copia\/\"]}]},{\"@type\":\"BreadcrumbList\",\"@id\":\"https:\/\/www.erresse-shop.it\/es\/shop\/tabla\/aceite-vinagre-sal\/galateo-friends-burton-morris-caja-de-regalo-3-botellas-copia\/#breadcrumb\",\"itemListElement\":[{\"@type\":\"ListItem\",\"position\":1,\"name\":\"Home\",\"item\":\"https:\/\/www.erresse-shop.it\/es\/\"},{\"@type\":\"ListItem\",\"position\":2,\"name\":\"Shop\",\"item\":\"https:\/\/www.erresse-shop.it\/es\/shop\/\"},{\"@type\":\"ListItem\",\"position\":3,\"name\":\"GALATEO &#038; FRIENDS Codalunga Caja de regalo 1 botella Aceite de Oliva Virgen Extra\"}]},{\"@type\":\"WebSite\",\"@id\":\"https:\/\/www.erresse-shop.it\/es\/#website\",\"url\":\"https:\/\/www.erresse-shop.it\/es\/\",\"name\":\"Erresse Shop\",\"description\":\"Articoli di qualit\u00e0 per la casa\",\"potentialAction\":[{\"@type\":\"SearchAction\",\"target\":{\"@type\":\"EntryPoint\",\"urlTemplate\":\"https:\/\/www.erresse-shop.it\/es\/?s={search_term_string}\"},\"query-input\":\"required name=search_term_string\"}],\"inLanguage\":\"es\"}]}<\/script>\n<!-- \/ Yoast SEO Premium plugin. -->","yoast_head_json":{"title":"GALATEO & FRIENDS Codalunga Caja de regalo 1 botella Aceite de Oliva Virgen Extra - Erresse Shop","description":"ACEITUNAS DE VAINILLA EN VILLAIN LOVE Descubre Vanilla Olive a Villain Love, el aceite de oliva virgen extra que combina tradici\u00f3n e innovaci\u00f3n en una","robots":{"index":"index","follow":"follow","max-snippet":"max-snippet:-1","max-image-preview":"max-image-preview:large","max-video-preview":"max-video-preview:-1"},"canonical":"https:\/\/www.erresse-shop.it\/es\/shop\/tabla\/aceite-vinagre-sal\/galateo-friends-burton-morris-caja-de-regalo-3-botellas-copia\/","og_locale":"es_ES","og_type":"article","og_title":"GALATEO & FRIENDS Codalunga Caja de regalo 1 botella Aceite de Oliva Virgen Extra","og_description":"ACEITUNAS DE VAINILLA EN VILLAIN LOVE Descubre Vanilla Olive a Villain Love, el aceite de oliva virgen extra que combina tradici\u00f3n e innovaci\u00f3n en una","og_url":"https:\/\/www.erresse-shop.it\/es\/shop\/tabla\/aceite-vinagre-sal\/galateo-friends-burton-morris-caja-de-regalo-3-botellas-copia\/","og_site_name":"Erresse Shop","article_modified_time":"2024-12-09T13:31:00+00:00","og_image":[{"width":1200,"height":1200,"url":"https:\/\/www.erresse-shop.it\/wp-content\/uploads\/2024\/11\/GALATEO-FRIENDS-Codalunga-Confezione-Regalo-1-Bottiglia.jpg","type":"image\/jpeg"}],"twitter_card":"summary_large_image","schema":{"@context":"https:\/\/schema.org","@graph":[{"@type":"WebPage","@id":"https:\/\/www.erresse-shop.it\/es\/shop\/tabla\/aceite-vinagre-sal\/galateo-friends-burton-morris-caja-de-regalo-3-botellas-copia\/","url":"https:\/\/www.erresse-shop.it\/es\/shop\/tabla\/aceite-vinagre-sal\/galateo-friends-burton-morris-caja-de-regalo-3-botellas-copia\/","name":"GALATEO & FRIENDS Codalunga Caja de regalo 1 botella Aceite de Oliva Virgen Extra - Erresse Shop","isPartOf":{"@id":"https:\/\/www.erresse-shop.it\/es\/#website"},"datePublished":"2024-11-20T13:52:12+00:00","dateModified":"2024-12-09T13:31:00+00:00","description":"ACEITUNAS DE VAINILLA EN VILLAIN LOVE Descubre Vanilla Olive a Villain Love, el aceite de oliva virgen extra que combina tradici\u00f3n e innovaci\u00f3n en una","breadcrumb":{"@id":"https:\/\/www.erresse-shop.it\/es\/shop\/tabla\/aceite-vinagre-sal\/galateo-friends-burton-morris-caja-de-regalo-3-botellas-copia\/#breadcrumb"},"inLanguage":"es","potentialAction":[{"@type":"ReadAction","target":["https:\/\/www.erresse-shop.it\/es\/shop\/tabla\/aceite-vinagre-sal\/galateo-friends-burton-morris-caja-de-regalo-3-botellas-copia\/"]}]},{"@type":"BreadcrumbList","@id":"https:\/\/www.erresse-shop.it\/es\/shop\/tabla\/aceite-vinagre-sal\/galateo-friends-burton-morris-caja-de-regalo-3-botellas-copia\/#breadcrumb","itemListElement":[{"@type":"ListItem","position":1,"name":"Home","item":"https:\/\/www.erresse-shop.it\/es\/"},{"@type":"ListItem","position":2,"name":"Shop","item":"https:\/\/www.erresse-shop.it\/es\/shop\/"},{"@type":"ListItem","position":3,"name":"GALATEO &#038; FRIENDS Codalunga Caja de regalo 1 botella Aceite de Oliva Virgen Extra"}]},{"@type":"WebSite","@id":"https:\/\/www.erresse-shop.it\/es\/#website","url":"https:\/\/www.erresse-shop.it\/es\/","name":"Erresse Shop","description":"Articoli di qualit\u00e0 per la casa","potentialAction":[{"@type":"SearchAction","target":{"@type":"EntryPoint","urlTemplate":"https:\/\/www.erresse-shop.it\/es\/?s={search_term_string}"},"query-input":"required name=search_term_string"}],"inLanguage":"es"}]}},"df_price":58,"df_sale_price":58,"df_regular_price":58,"df_image_link":"https:\/\/www.erresse-shop.it\/wp-content\/uploads\/2024\/11\/GALATEO-FRIENDS-Codalunga-Confezione-Regalo-1-Bottiglia-300x300.jpg","_links":{"self":[{"href":"https:\/\/www.erresse-shop.it\/es\/wp-json\/wp\/v2\/product\/449981"}],"collection":[{"href":"https:\/\/www.erresse-shop.it\/es\/wp-json\/wp\/v2\/product"}],"about":[{"href":"https:\/\/www.erresse-shop.it\/es\/wp-json\/wp\/v2\/types\/product"}],"wp:featuredmedia":[{"embeddable":true,"href":"https:\/\/www.erresse-shop.it\/es\/wp-json\/wp\/v2\/media\/449989"}],"wp:attachment":[{"href":"https:\/\/www.erresse-shop.it\/es\/wp-json\/wp\/v2\/media?parent=449981"}],"wp:term":[{"taxonomy":"product_cat","embeddable":true,"href":"https:\/\/www.erresse-shop.it\/es\/wp-json\/wp\/v2\/product_cat?post=449981"},{"taxonomy":"product_tag","embeddable":true,"href":"https:\/\/www.erresse-shop.it\/es\/wp-json\/wp\/v2\/product_tag?post=449981"}],"curies":[{"name":"wp","href":"https:\/\/api.w.org\/{rel}","templated":true}]}}