{"id":449934,"date":"2024-11-20T10:52:23","date_gmt":"2024-11-20T10:52:24","guid":{"rendered":"https:\/\/www.erresse-shop.it\/?post_type=product&#038;p=449934"},"modified":"2024-12-09T13:24:48","modified_gmt":"2024-12-09T13:24:48","slug":"galateo-friends-carlo-volpi-caja-de-regalo-2-copia-2","status":"publish","type":"product","link":"https:\/\/www.erresse-shop.it\/es\/shop\/tabla\/aceite-vinagre-sal\/galateo-friends-carlo-volpi-caja-de-regalo-2-copia-2\/","title":{"rendered":"GALATEO &#038; FRIENDS Antonio Marras Caja de regalo 2 botellas Aceite y Vinagre"},"content":{"rendered":"<p>Explora el aut\u00e9ntico y refinado sabor de la tradici\u00f3n gastron\u00f3mica italiana con el <strong>Caja Regalo Antonio Marras<\/strong>, un exclusivo set que combina dos delicias de nuestra cocina: <strong>Aceite de Oliva Virgen Extra<\/strong> y <strong>Vinagre Bals\u00e1mico<\/strong>. Un regalo perfecto para los amantes de la buena mesa, o para enriquecer tu despensa con ingredientes de m\u00e1xima calidad.<\/p>\n<p><strong>Establecer contenido:<\/strong><\/p>\n<ul>\n<li><strong>Aceite de Oliva Virgen Extra ANTONIO MARRAS Cultivar Taggiasca (250 ml)<\/strong>: Su frescor y su regusto ligeramente picante lo hacen ideal para ali\u00f1ar ensaladas, platos de pescado, verduras a la parrilla y para enriquecer cualquier preparaci\u00f3n culinaria.<\/li>\n<li><strong>Vinagre Bals\u00e1mico de M\u00f3dena ANTONIO MARRAS (250 ml)<\/strong>: Un vinagre tradicional de aroma intenso y sabor equilibrado, que ofrece una nota dulce y \u00e1cida perfecta para realzar ensaladas, carnes, quesos curados y platos gourmet. Tambi\u00e9n excelente para preparar adobos o salsas refinadas.<\/li>\n<\/ul>\n<p><strong>Caracter\u00edsticas:<\/strong><\/p>\n<ul>\n<li>Ingredientes de la m\u00e1s alta calidad, procedentes de cultivos seleccionados y procesos artesanales.<\/li>\n<li>Perfecto para quienes buscan la excelencia de la tradici\u00f3n gastron\u00f3mica italiana.<\/li>\n<\/ul>\n","protected":false},"excerpt":{"rendered":"<p>Explora el aut\u00e9ntico y refinado sabor de la tradici\u00f3n gastron\u00f3mica italiana con el Caja Regalo Antonio Marras, un exclusivo set<\/p>\n","protected":false},"featured_media":449942,"template":"","meta":{"_acf_changed":false,"inline_featured_image":false},"product_cat":[20475,25935,16027],"product_tag":[16485],"acf":[],"yoast_head":"<!-- This site is optimized with the Yoast SEO Premium plugin v18.6 (Yoast SEO v19.13) - https:\/\/yoast.com\/wordpress\/plugins\/seo\/ -->\n<title>GALATEO &amp; FRIENDS Antonio Marras Caja de regalo 2 botellas Aceite y Vinagre - Erresse Shop<\/title>\n<meta name=\"description\" content=\"Explora el aut\u00e9ntico y refinado sabor de la tradici\u00f3n gastron\u00f3mica italiana con el Caja Regalo Antonio Marras, un exclusivo set que combina dos delicias\" \/>\n<meta name=\"robots\" content=\"index, follow, max-snippet:-1, max-image-preview:large, max-video-preview:-1\" \/>\n<link rel=\"canonical\" href=\"https:\/\/www.erresse-shop.it\/es\/shop\/tabla\/aceite-vinagre-sal\/galateo-friends-carlo-volpi-caja-de-regalo-2-copia-2\/\" \/>\n<meta property=\"og:locale\" content=\"es_ES\" \/>\n<meta property=\"og:type\" content=\"article\" \/>\n<meta property=\"og:title\" content=\"GALATEO &amp; FRIENDS Antonio Marras Caja de regalo 2 botellas Aceite y Vinagre\" \/>\n<meta property=\"og:description\" content=\"Explora el aut\u00e9ntico y refinado sabor de la tradici\u00f3n gastron\u00f3mica italiana con el Caja Regalo Antonio Marras, un exclusivo set que combina dos delicias\" \/>\n<meta property=\"og:url\" content=\"https:\/\/www.erresse-shop.it\/es\/shop\/tabla\/aceite-vinagre-sal\/galateo-friends-carlo-volpi-caja-de-regalo-2-copia-2\/\" \/>\n<meta property=\"og:site_name\" content=\"Erresse Shop\" \/>\n<meta property=\"article:modified_time\" content=\"2024-12-09T13:24:48+00:00\" \/>\n<meta property=\"og:image\" content=\"https:\/\/www.erresse-shop.it\/wp-content\/uploads\/2024\/11\/GALATEO-FRIENDS-Antonio-Marras-Confezione-Regalo.jpg\" \/>\n\t<meta property=\"og:image:width\" content=\"1200\" \/>\n\t<meta property=\"og:image:height\" content=\"1200\" \/>\n\t<meta property=\"og:image:type\" content=\"image\/jpeg\" \/>\n<meta name=\"twitter:card\" content=\"summary_large_image\" \/>\n<script type=\"application\/ld+json\" class=\"yoast-schema-graph\">{\"@context\":\"https:\/\/schema.org\",\"@graph\":[{\"@type\":\"WebPage\",\"@id\":\"https:\/\/www.erresse-shop.it\/es\/shop\/tabla\/aceite-vinagre-sal\/galateo-friends-carlo-volpi-caja-de-regalo-2-copia-2\/\",\"url\":\"https:\/\/www.erresse-shop.it\/es\/shop\/tabla\/aceite-vinagre-sal\/galateo-friends-carlo-volpi-caja-de-regalo-2-copia-2\/\",\"name\":\"GALATEO & FRIENDS Antonio Marras Caja de regalo 2 botellas Aceite y Vinagre - Erresse Shop\",\"isPartOf\":{\"@id\":\"https:\/\/www.erresse-shop.it\/es\/#website\"},\"datePublished\":\"2024-11-20T10:52:24+00:00\",\"dateModified\":\"2024-12-09T13:24:48+00:00\",\"description\":\"Explora el aut\u00e9ntico y refinado sabor de la tradici\u00f3n gastron\u00f3mica italiana con el Caja Regalo Antonio Marras, un exclusivo set que combina dos delicias\",\"breadcrumb\":{\"@id\":\"https:\/\/www.erresse-shop.it\/es\/shop\/tabla\/aceite-vinagre-sal\/galateo-friends-carlo-volpi-caja-de-regalo-2-copia-2\/#breadcrumb\"},\"inLanguage\":\"es\",\"potentialAction\":[{\"@type\":\"ReadAction\",\"target\":[\"https:\/\/www.erresse-shop.it\/es\/shop\/tabla\/aceite-vinagre-sal\/galateo-friends-carlo-volpi-caja-de-regalo-2-copia-2\/\"]}]},{\"@type\":\"BreadcrumbList\",\"@id\":\"https:\/\/www.erresse-shop.it\/es\/shop\/tabla\/aceite-vinagre-sal\/galateo-friends-carlo-volpi-caja-de-regalo-2-copia-2\/#breadcrumb\",\"itemListElement\":[{\"@type\":\"ListItem\",\"position\":1,\"name\":\"Home\",\"item\":\"https:\/\/www.erresse-shop.it\/es\/\"},{\"@type\":\"ListItem\",\"position\":2,\"name\":\"Shop\",\"item\":\"https:\/\/www.erresse-shop.it\/es\/shop\/\"},{\"@type\":\"ListItem\",\"position\":3,\"name\":\"GALATEO &#038; FRIENDS Antonio Marras Caja de regalo 2 botellas Aceite y Vinagre\"}]},{\"@type\":\"WebSite\",\"@id\":\"https:\/\/www.erresse-shop.it\/es\/#website\",\"url\":\"https:\/\/www.erresse-shop.it\/es\/\",\"name\":\"Erresse Shop\",\"description\":\"Articoli di qualit\u00e0 per la casa\",\"potentialAction\":[{\"@type\":\"SearchAction\",\"target\":{\"@type\":\"EntryPoint\",\"urlTemplate\":\"https:\/\/www.erresse-shop.it\/es\/?s={search_term_string}\"},\"query-input\":\"required name=search_term_string\"}],\"inLanguage\":\"es\"}]}<\/script>\n<!-- \/ Yoast SEO Premium plugin. -->","yoast_head_json":{"title":"GALATEO & FRIENDS Antonio Marras Caja de regalo 2 botellas Aceite y Vinagre - Erresse Shop","description":"Explora el aut\u00e9ntico y refinado sabor de la tradici\u00f3n gastron\u00f3mica italiana con el Caja Regalo Antonio Marras, un exclusivo set que combina dos delicias","robots":{"index":"index","follow":"follow","max-snippet":"max-snippet:-1","max-image-preview":"max-image-preview:large","max-video-preview":"max-video-preview:-1"},"canonical":"https:\/\/www.erresse-shop.it\/es\/shop\/tabla\/aceite-vinagre-sal\/galateo-friends-carlo-volpi-caja-de-regalo-2-copia-2\/","og_locale":"es_ES","og_type":"article","og_title":"GALATEO & FRIENDS Antonio Marras Caja de regalo 2 botellas Aceite y Vinagre","og_description":"Explora el aut\u00e9ntico y refinado sabor de la tradici\u00f3n gastron\u00f3mica italiana con el Caja Regalo Antonio Marras, un exclusivo set que combina dos delicias","og_url":"https:\/\/www.erresse-shop.it\/es\/shop\/tabla\/aceite-vinagre-sal\/galateo-friends-carlo-volpi-caja-de-regalo-2-copia-2\/","og_site_name":"Erresse Shop","article_modified_time":"2024-12-09T13:24:48+00:00","og_image":[{"width":1200,"height":1200,"url":"https:\/\/www.erresse-shop.it\/wp-content\/uploads\/2024\/11\/GALATEO-FRIENDS-Antonio-Marras-Confezione-Regalo.jpg","type":"image\/jpeg"}],"twitter_card":"summary_large_image","schema":{"@context":"https:\/\/schema.org","@graph":[{"@type":"WebPage","@id":"https:\/\/www.erresse-shop.it\/es\/shop\/tabla\/aceite-vinagre-sal\/galateo-friends-carlo-volpi-caja-de-regalo-2-copia-2\/","url":"https:\/\/www.erresse-shop.it\/es\/shop\/tabla\/aceite-vinagre-sal\/galateo-friends-carlo-volpi-caja-de-regalo-2-copia-2\/","name":"GALATEO & FRIENDS Antonio Marras Caja de regalo 2 botellas Aceite y Vinagre - Erresse Shop","isPartOf":{"@id":"https:\/\/www.erresse-shop.it\/es\/#website"},"datePublished":"2024-11-20T10:52:24+00:00","dateModified":"2024-12-09T13:24:48+00:00","description":"Explora el aut\u00e9ntico y refinado sabor de la tradici\u00f3n gastron\u00f3mica italiana con el Caja Regalo Antonio Marras, un exclusivo set que combina dos delicias","breadcrumb":{"@id":"https:\/\/www.erresse-shop.it\/es\/shop\/tabla\/aceite-vinagre-sal\/galateo-friends-carlo-volpi-caja-de-regalo-2-copia-2\/#breadcrumb"},"inLanguage":"es","potentialAction":[{"@type":"ReadAction","target":["https:\/\/www.erresse-shop.it\/es\/shop\/tabla\/aceite-vinagre-sal\/galateo-friends-carlo-volpi-caja-de-regalo-2-copia-2\/"]}]},{"@type":"BreadcrumbList","@id":"https:\/\/www.erresse-shop.it\/es\/shop\/tabla\/aceite-vinagre-sal\/galateo-friends-carlo-volpi-caja-de-regalo-2-copia-2\/#breadcrumb","itemListElement":[{"@type":"ListItem","position":1,"name":"Home","item":"https:\/\/www.erresse-shop.it\/es\/"},{"@type":"ListItem","position":2,"name":"Shop","item":"https:\/\/www.erresse-shop.it\/es\/shop\/"},{"@type":"ListItem","position":3,"name":"GALATEO &#038; FRIENDS Antonio Marras Caja de regalo 2 botellas Aceite y Vinagre"}]},{"@type":"WebSite","@id":"https:\/\/www.erresse-shop.it\/es\/#website","url":"https:\/\/www.erresse-shop.it\/es\/","name":"Erresse Shop","description":"Articoli di qualit\u00e0 per la casa","potentialAction":[{"@type":"SearchAction","target":{"@type":"EntryPoint","urlTemplate":"https:\/\/www.erresse-shop.it\/es\/?s={search_term_string}"},"query-input":"required name=search_term_string"}],"inLanguage":"es"}]}},"df_price":75,"df_sale_price":75,"df_regular_price":75,"df_image_link":"https:\/\/www.erresse-shop.it\/wp-content\/uploads\/2024\/11\/GALATEO-FRIENDS-Antonio-Marras-Confezione-Regalo-300x300.jpg","_links":{"self":[{"href":"https:\/\/www.erresse-shop.it\/es\/wp-json\/wp\/v2\/product\/449934"}],"collection":[{"href":"https:\/\/www.erresse-shop.it\/es\/wp-json\/wp\/v2\/product"}],"about":[{"href":"https:\/\/www.erresse-shop.it\/es\/wp-json\/wp\/v2\/types\/product"}],"wp:featuredmedia":[{"embeddable":true,"href":"https:\/\/www.erresse-shop.it\/es\/wp-json\/wp\/v2\/media\/449942"}],"wp:attachment":[{"href":"https:\/\/www.erresse-shop.it\/es\/wp-json\/wp\/v2\/media?parent=449934"}],"wp:term":[{"taxonomy":"product_cat","embeddable":true,"href":"https:\/\/www.erresse-shop.it\/es\/wp-json\/wp\/v2\/product_cat?post=449934"},{"taxonomy":"product_tag","embeddable":true,"href":"https:\/\/www.erresse-shop.it\/es\/wp-json\/wp\/v2\/product_tag?post=449934"}],"curies":[{"name":"wp","href":"https:\/\/api.w.org\/{rel}","templated":true}]}}