{"id":449920,"date":"2024-11-20T10:10:46","date_gmt":"2024-11-20T10:10:50","guid":{"rendered":"https:\/\/www.erresse-shop.it\/?post_type=product&#038;p=449920"},"modified":"2024-12-09T13:24:44","modified_gmt":"2024-12-09T13:24:44","slug":"galateo-friends-carlo-volpi-caja-de-regalo-2-copia-copia","status":"publish","type":"product","link":"https:\/\/www.erresse-shop.it\/es\/shop\/tabla\/aceite-vinagre-sal\/galateo-friends-carlo-volpi-caja-de-regalo-2-copia-copia\/","title":{"rendered":"GALATEO &#038; FRIENDS Carlo Volpi Caja de regalo 4 botellas Aceite y Vinagre"},"content":{"rendered":"<div clase=\"columna\">\n<p>Descubre la excelencia de la gastronom\u00eda italiana con el <strong>Caja Regalo Carlo Volpi<\/strong>, un exclusivo set que re\u00fane cuatro productos de alta calidad para enriquecer tu cocina con sabores aut\u00e9nticos y sofisticados. Perfecta para los amantes de la comida, esta caja es una idea de regalo ideal o una valiosa adici\u00f3n a su despensa.<\/p>\n<p><strong>Establecer contenido:<\/strong><\/p>\n<ul>\n<li><strong>CARLO VOLPI Aceite de Oliva Virgen Extra Cultivar Taggiasca (250 ml)<\/strong>: Un aceite de oliva de extraordinaria calidad, obtenido de las mejores aceitunas Taggiasca de Liguria. Su sabor afrutado y delicado, con notas amargas y picantes, lo hace perfecto para ali\u00f1ar ensaladas, platos de pescado y para realzar cualquier preparaci\u00f3n.<\/li>\n<li><strong>CARLO VOLPI Vinagre Bals\u00e1mico de M\u00f3dena (250 ml)<\/strong>: Un vinagre de sabor rico y complejo, capaz de dar una nota de dulzor y acidez equilibrada a platos de carne, quesos, ensaladas y adobos. Su versatilidad tambi\u00e9n lo hace ideal para preparar salsas gourmet.<\/li>\n<li><strong>Vinagre de Vino CARLO VOLPI (250 ml)<\/strong>: Un vinagre de vino de sabor fuerte y fresco, perfecto para dar un toque extra a platos de carne, pescado o verduras. Ideal tambi\u00e9n para crear vinagretas y salsas sencillas, pero con car\u00e1cter.<\/li>\n<li><strong>Aderezo a base de Vinagre de Manzana CARLO VOLPI (250 ml)<\/strong>: Un aderezo vers\u00e1til y ligero, con el sabor dulce y refrescante del vinagre de manzana. Excelente para ensaladas, platos de pescado o como base para adobos ligeros. Una opci\u00f3n saludable para realzar cada plato.<\/li>\n<\/ul>\n<p><strong>Caracter\u00edsticas:<\/strong><\/p>\n<ul>\n<li>Un paquete refinado, perfecto para cualquier ocasi\u00f3n especial o como regalo para los amantes de la cocina.<\/li>\n<li>Productos de la m\u00e1s alta calidad, procedentes de las mejores tradiciones italianas.<\/li>\n<li>Versatilidad y sabor en cada botella, ideal para condimentar, marinar y enriquecer cada plato.<\/li>\n<\/ul>\n<\/div>\n","protected":false},"excerpt":{"rendered":"<p>Descubre la excelencia de la gastronom\u00eda italiana con el Caja Regalo Carlo Volpi, un exclusivo set que re\u00fane cuatro productos<\/p>\n","protected":false},"featured_media":449928,"template":"","meta":{"_acf_changed":false,"inline_featured_image":false},"product_cat":[20475,25935,16027],"product_tag":[16485],"acf":[],"yoast_head":"<!-- This site is optimized with the Yoast SEO Premium plugin v18.6 (Yoast SEO v19.13) - https:\/\/yoast.com\/wordpress\/plugins\/seo\/ -->\n<title>GALATEO &amp; FRIENDS Carlo Volpi Caja de regalo 4 botellas Aceite y Vinagre - Erresse Shop<\/title>\n<meta name=\"description\" content=\"Descubre la excelencia de la gastronom\u00eda italiana con el Caja Regalo Carlo Volpi, un exclusivo set que re\u00fane cuatro productos de alta calidad para\" \/>\n<meta name=\"robots\" content=\"index, follow, max-snippet:-1, max-image-preview:large, max-video-preview:-1\" \/>\n<link rel=\"canonical\" href=\"https:\/\/www.erresse-shop.it\/es\/shop\/tabla\/aceite-vinagre-sal\/galateo-friends-carlo-volpi-caja-de-regalo-2-copia-copia\/\" \/>\n<meta property=\"og:locale\" content=\"es_ES\" \/>\n<meta property=\"og:type\" content=\"article\" \/>\n<meta property=\"og:title\" content=\"GALATEO &amp; FRIENDS Carlo Volpi Caja de regalo 4 botellas Aceite y Vinagre\" \/>\n<meta property=\"og:description\" content=\"Descubre la excelencia de la gastronom\u00eda italiana con el Caja Regalo Carlo Volpi, un exclusivo set que re\u00fane cuatro productos de alta calidad para\" \/>\n<meta property=\"og:url\" content=\"https:\/\/www.erresse-shop.it\/es\/shop\/tabla\/aceite-vinagre-sal\/galateo-friends-carlo-volpi-caja-de-regalo-2-copia-copia\/\" \/>\n<meta property=\"og:site_name\" content=\"Erresse Shop\" \/>\n<meta property=\"article:modified_time\" content=\"2024-12-09T13:24:44+00:00\" \/>\n<meta property=\"og:image\" content=\"https:\/\/www.erresse-shop.it\/wp-content\/uploads\/2024\/11\/GALATEO-FRIENDS-Carlo-Volpi-Confezione-Regalo-4.jpg\" \/>\n\t<meta property=\"og:image:width\" content=\"1200\" \/>\n\t<meta property=\"og:image:height\" content=\"1200\" \/>\n\t<meta property=\"og:image:type\" content=\"image\/jpeg\" \/>\n<meta name=\"twitter:card\" content=\"summary_large_image\" \/>\n<script type=\"application\/ld+json\" class=\"yoast-schema-graph\">{\"@context\":\"https:\/\/schema.org\",\"@graph\":[{\"@type\":\"WebPage\",\"@id\":\"https:\/\/www.erresse-shop.it\/es\/shop\/tabla\/aceite-vinagre-sal\/galateo-friends-carlo-volpi-caja-de-regalo-2-copia-copia\/\",\"url\":\"https:\/\/www.erresse-shop.it\/es\/shop\/tabla\/aceite-vinagre-sal\/galateo-friends-carlo-volpi-caja-de-regalo-2-copia-copia\/\",\"name\":\"GALATEO & FRIENDS Carlo Volpi Caja de regalo 4 botellas Aceite y Vinagre - Erresse Shop\",\"isPartOf\":{\"@id\":\"https:\/\/www.erresse-shop.it\/es\/#website\"},\"datePublished\":\"2024-11-20T10:10:50+00:00\",\"dateModified\":\"2024-12-09T13:24:44+00:00\",\"description\":\"Descubre la excelencia de la gastronom\u00eda italiana con el Caja Regalo Carlo Volpi, un exclusivo set que re\u00fane cuatro productos de alta calidad para\",\"breadcrumb\":{\"@id\":\"https:\/\/www.erresse-shop.it\/es\/shop\/tabla\/aceite-vinagre-sal\/galateo-friends-carlo-volpi-caja-de-regalo-2-copia-copia\/#breadcrumb\"},\"inLanguage\":\"es\",\"potentialAction\":[{\"@type\":\"ReadAction\",\"target\":[\"https:\/\/www.erresse-shop.it\/es\/shop\/tabla\/aceite-vinagre-sal\/galateo-friends-carlo-volpi-caja-de-regalo-2-copia-copia\/\"]}]},{\"@type\":\"BreadcrumbList\",\"@id\":\"https:\/\/www.erresse-shop.it\/es\/shop\/tabla\/aceite-vinagre-sal\/galateo-friends-carlo-volpi-caja-de-regalo-2-copia-copia\/#breadcrumb\",\"itemListElement\":[{\"@type\":\"ListItem\",\"position\":1,\"name\":\"Home\",\"item\":\"https:\/\/www.erresse-shop.it\/es\/\"},{\"@type\":\"ListItem\",\"position\":2,\"name\":\"Shop\",\"item\":\"https:\/\/www.erresse-shop.it\/es\/shop\/\"},{\"@type\":\"ListItem\",\"position\":3,\"name\":\"GALATEO &#038; FRIENDS Carlo Volpi Caja de regalo 4 botellas Aceite y Vinagre\"}]},{\"@type\":\"WebSite\",\"@id\":\"https:\/\/www.erresse-shop.it\/es\/#website\",\"url\":\"https:\/\/www.erresse-shop.it\/es\/\",\"name\":\"Erresse Shop\",\"description\":\"Articoli di qualit\u00e0 per la casa\",\"potentialAction\":[{\"@type\":\"SearchAction\",\"target\":{\"@type\":\"EntryPoint\",\"urlTemplate\":\"https:\/\/www.erresse-shop.it\/es\/?s={search_term_string}\"},\"query-input\":\"required name=search_term_string\"}],\"inLanguage\":\"es\"}]}<\/script>\n<!-- \/ Yoast SEO Premium plugin. -->","yoast_head_json":{"title":"GALATEO & FRIENDS Carlo Volpi Caja de regalo 4 botellas Aceite y Vinagre - Erresse Shop","description":"Descubre la excelencia de la gastronom\u00eda italiana con el Caja Regalo Carlo Volpi, un exclusivo set que re\u00fane cuatro productos de alta calidad para","robots":{"index":"index","follow":"follow","max-snippet":"max-snippet:-1","max-image-preview":"max-image-preview:large","max-video-preview":"max-video-preview:-1"},"canonical":"https:\/\/www.erresse-shop.it\/es\/shop\/tabla\/aceite-vinagre-sal\/galateo-friends-carlo-volpi-caja-de-regalo-2-copia-copia\/","og_locale":"es_ES","og_type":"article","og_title":"GALATEO & FRIENDS Carlo Volpi Caja de regalo 4 botellas Aceite y Vinagre","og_description":"Descubre la excelencia de la gastronom\u00eda italiana con el Caja Regalo Carlo Volpi, un exclusivo set que re\u00fane cuatro productos de alta calidad para","og_url":"https:\/\/www.erresse-shop.it\/es\/shop\/tabla\/aceite-vinagre-sal\/galateo-friends-carlo-volpi-caja-de-regalo-2-copia-copia\/","og_site_name":"Erresse Shop","article_modified_time":"2024-12-09T13:24:44+00:00","og_image":[{"width":1200,"height":1200,"url":"https:\/\/www.erresse-shop.it\/wp-content\/uploads\/2024\/11\/GALATEO-FRIENDS-Carlo-Volpi-Confezione-Regalo-4.jpg","type":"image\/jpeg"}],"twitter_card":"summary_large_image","schema":{"@context":"https:\/\/schema.org","@graph":[{"@type":"WebPage","@id":"https:\/\/www.erresse-shop.it\/es\/shop\/tabla\/aceite-vinagre-sal\/galateo-friends-carlo-volpi-caja-de-regalo-2-copia-copia\/","url":"https:\/\/www.erresse-shop.it\/es\/shop\/tabla\/aceite-vinagre-sal\/galateo-friends-carlo-volpi-caja-de-regalo-2-copia-copia\/","name":"GALATEO & FRIENDS Carlo Volpi Caja de regalo 4 botellas Aceite y Vinagre - Erresse Shop","isPartOf":{"@id":"https:\/\/www.erresse-shop.it\/es\/#website"},"datePublished":"2024-11-20T10:10:50+00:00","dateModified":"2024-12-09T13:24:44+00:00","description":"Descubre la excelencia de la gastronom\u00eda italiana con el Caja Regalo Carlo Volpi, un exclusivo set que re\u00fane cuatro productos de alta calidad para","breadcrumb":{"@id":"https:\/\/www.erresse-shop.it\/es\/shop\/tabla\/aceite-vinagre-sal\/galateo-friends-carlo-volpi-caja-de-regalo-2-copia-copia\/#breadcrumb"},"inLanguage":"es","potentialAction":[{"@type":"ReadAction","target":["https:\/\/www.erresse-shop.it\/es\/shop\/tabla\/aceite-vinagre-sal\/galateo-friends-carlo-volpi-caja-de-regalo-2-copia-copia\/"]}]},{"@type":"BreadcrumbList","@id":"https:\/\/www.erresse-shop.it\/es\/shop\/tabla\/aceite-vinagre-sal\/galateo-friends-carlo-volpi-caja-de-regalo-2-copia-copia\/#breadcrumb","itemListElement":[{"@type":"ListItem","position":1,"name":"Home","item":"https:\/\/www.erresse-shop.it\/es\/"},{"@type":"ListItem","position":2,"name":"Shop","item":"https:\/\/www.erresse-shop.it\/es\/shop\/"},{"@type":"ListItem","position":3,"name":"GALATEO &#038; FRIENDS Carlo Volpi Caja de regalo 4 botellas Aceite y Vinagre"}]},{"@type":"WebSite","@id":"https:\/\/www.erresse-shop.it\/es\/#website","url":"https:\/\/www.erresse-shop.it\/es\/","name":"Erresse Shop","description":"Articoli di qualit\u00e0 per la casa","potentialAction":[{"@type":"SearchAction","target":{"@type":"EntryPoint","urlTemplate":"https:\/\/www.erresse-shop.it\/es\/?s={search_term_string}"},"query-input":"required name=search_term_string"}],"inLanguage":"es"}]}},"df_price":115,"df_sale_price":115,"df_regular_price":115,"df_image_link":"https:\/\/www.erresse-shop.it\/wp-content\/uploads\/2024\/11\/GALATEO-FRIENDS-Carlo-Volpi-Confezione-Regalo-4-300x300.jpg","_links":{"self":[{"href":"https:\/\/www.erresse-shop.it\/es\/wp-json\/wp\/v2\/product\/449920"}],"collection":[{"href":"https:\/\/www.erresse-shop.it\/es\/wp-json\/wp\/v2\/product"}],"about":[{"href":"https:\/\/www.erresse-shop.it\/es\/wp-json\/wp\/v2\/types\/product"}],"wp:featuredmedia":[{"embeddable":true,"href":"https:\/\/www.erresse-shop.it\/es\/wp-json\/wp\/v2\/media\/449928"}],"wp:attachment":[{"href":"https:\/\/www.erresse-shop.it\/es\/wp-json\/wp\/v2\/media?parent=449920"}],"wp:term":[{"taxonomy":"product_cat","embeddable":true,"href":"https:\/\/www.erresse-shop.it\/es\/wp-json\/wp\/v2\/product_cat?post=449920"},{"taxonomy":"product_tag","embeddable":true,"href":"https:\/\/www.erresse-shop.it\/es\/wp-json\/wp\/v2\/product_tag?post=449920"}],"curies":[{"name":"wp","href":"https:\/\/api.w.org\/{rel}","templated":true}]}}