{"id":449735,"date":"2024-11-19T14:19:08","date_gmt":"2024-11-19T14:19:09","guid":{"rendered":"https:\/\/www.erresse-shop.it\/?post_type=product&#038;p=449735"},"modified":"2026-02-24T10:13:07","modified_gmt":"2026-02-24T10:13:07","slug":"taitu-garden-of-beauty-green-cuencos-4-piezas","status":"publish","type":"product","link":"https:\/\/www.erresse-shop.it\/es\/shop\/tabla\/cestas-y-cuencos\/taitu-garden-of-beauty-green-cuencos-4-piezas\/","title":{"rendered":"TAIT\u00d9 Garden of Beauty Green Cuencos 4 piezas"},"content":{"rendered":"<p><strong>Material:<\/strong> porcelana fina<\/p>\n<p>Sum\u00e9rgete en la belleza atemporal de la colecci\u00f3n <em>Garden of Beauty Green<\/em>, donde la pureza del blanco se mezcla con el encanto de la naturaleza. Nuestras vajillas, elaboradas con la m\u00e1s fina Fine Bone China, est\u00e1n decoradas con delicadas hojas verdes que recuerdan la armon\u00eda de los jardines m\u00e1s refinados. Cada pieza es una fusi\u00f3n perfecta de elegancia y calidad, dise\u00f1ada para aportar un toque de frescura y clase a cada momento de tu d\u00eda. La colecci\u00f3n Garden of Beauty Green es ideal para quienes buscan un dise\u00f1o sofisticado y natural, capaz de embellecer cada mesa con un estilo \u00fanico y atemporal.<\/p>\n<p><strong>ADVERTENCIAS<\/strong><br \/>\nApto para lavavajillas y microondas.<\/p>\n<p><strong>Dise\u00f1adora:<\/strong> Silvia Cabassa<\/p>\n","protected":false},"excerpt":{"rendered":"<p>Material: porcelana fina Sum\u00e9rgete en la belleza atemporal de la colecci\u00f3n Garden of Beauty Green, donde la pureza del blanco<\/p>\n","protected":false},"featured_media":449755,"template":"","meta":{"_acf_changed":false,"inline_featured_image":false},"product_cat":[16037,16027],"product_tag":[21616,21613,17245,16368],"acf":[],"yoast_head":"<!-- This site is optimized with the Yoast SEO Premium plugin v18.6 (Yoast SEO v19.13) - https:\/\/yoast.com\/wordpress\/plugins\/seo\/ -->\n<title>TAIT\u00d9 Garden of Beauty Green Cuencos 4 piezas - Erresse Shop<\/title>\n<meta name=\"description\" content=\"Material: porcelana fina Sum\u00e9rgete en la belleza atemporal de la colecci\u00f3n Garden of Beauty Green, donde la pureza del blanco se mezcla con el encanto de\" \/>\n<meta name=\"robots\" content=\"index, follow, max-snippet:-1, max-image-preview:large, max-video-preview:-1\" \/>\n<link rel=\"canonical\" href=\"https:\/\/www.erresse-shop.it\/es\/shop\/tabla\/cestas-y-cuencos\/taitu-garden-of-beauty-green-cuencos-4-piezas\/\" \/>\n<meta property=\"og:locale\" content=\"es_ES\" \/>\n<meta property=\"og:type\" content=\"article\" \/>\n<meta property=\"og:title\" content=\"TAIT\u00d9 Garden of Beauty Green Cuencos 4 piezas\" \/>\n<meta property=\"og:description\" content=\"Material: porcelana fina Sum\u00e9rgete en la belleza atemporal de la colecci\u00f3n Garden of Beauty Green, donde la pureza del blanco se mezcla con el encanto de\" \/>\n<meta property=\"og:url\" content=\"https:\/\/www.erresse-shop.it\/es\/shop\/tabla\/cestas-y-cuencos\/taitu-garden-of-beauty-green-cuencos-4-piezas\/\" \/>\n<meta property=\"og:site_name\" content=\"Erresse Shop\" \/>\n<meta property=\"article:modified_time\" content=\"2026-02-24T10:13:07+00:00\" \/>\n<meta property=\"og:image\" content=\"https:\/\/www.erresse-shop.it\/wp-content\/uploads\/2024\/11\/TAITU-Garden-of-Beauty-Green-Ciotoline-4-Pezzi.jpg\" \/>\n\t<meta property=\"og:image:width\" content=\"1200\" \/>\n\t<meta property=\"og:image:height\" content=\"1200\" \/>\n\t<meta property=\"og:image:type\" content=\"image\/jpeg\" \/>\n<meta name=\"twitter:card\" content=\"summary_large_image\" \/>\n<script type=\"application\/ld+json\" class=\"yoast-schema-graph\">{\"@context\":\"https:\/\/schema.org\",\"@graph\":[{\"@type\":\"WebPage\",\"@id\":\"https:\/\/www.erresse-shop.it\/es\/shop\/tabla\/cestas-y-cuencos\/taitu-garden-of-beauty-green-cuencos-4-piezas\/\",\"url\":\"https:\/\/www.erresse-shop.it\/es\/shop\/tabla\/cestas-y-cuencos\/taitu-garden-of-beauty-green-cuencos-4-piezas\/\",\"name\":\"TAIT\u00d9 Garden of Beauty Green Cuencos 4 piezas - Erresse Shop\",\"isPartOf\":{\"@id\":\"https:\/\/www.erresse-shop.it\/es\/#website\"},\"datePublished\":\"2024-11-19T14:19:09+00:00\",\"dateModified\":\"2026-02-24T10:13:07+00:00\",\"description\":\"Material: porcelana fina Sum\u00e9rgete en la belleza atemporal de la colecci\u00f3n Garden of Beauty Green, donde la pureza del blanco se mezcla con el encanto de\",\"breadcrumb\":{\"@id\":\"https:\/\/www.erresse-shop.it\/es\/shop\/tabla\/cestas-y-cuencos\/taitu-garden-of-beauty-green-cuencos-4-piezas\/#breadcrumb\"},\"inLanguage\":\"es\",\"potentialAction\":[{\"@type\":\"ReadAction\",\"target\":[\"https:\/\/www.erresse-shop.it\/es\/shop\/tabla\/cestas-y-cuencos\/taitu-garden-of-beauty-green-cuencos-4-piezas\/\"]}]},{\"@type\":\"BreadcrumbList\",\"@id\":\"https:\/\/www.erresse-shop.it\/es\/shop\/tabla\/cestas-y-cuencos\/taitu-garden-of-beauty-green-cuencos-4-piezas\/#breadcrumb\",\"itemListElement\":[{\"@type\":\"ListItem\",\"position\":1,\"name\":\"Home\",\"item\":\"https:\/\/www.erresse-shop.it\/es\/\"},{\"@type\":\"ListItem\",\"position\":2,\"name\":\"Shop\",\"item\":\"https:\/\/www.erresse-shop.it\/es\/shop\/\"},{\"@type\":\"ListItem\",\"position\":3,\"name\":\"TAIT\u00d9 Garden of Beauty Green Cuencos 4 piezas\"}]},{\"@type\":\"WebSite\",\"@id\":\"https:\/\/www.erresse-shop.it\/es\/#website\",\"url\":\"https:\/\/www.erresse-shop.it\/es\/\",\"name\":\"Erresse Shop\",\"description\":\"Articoli di qualit\u00e0 per la casa\",\"potentialAction\":[{\"@type\":\"SearchAction\",\"target\":{\"@type\":\"EntryPoint\",\"urlTemplate\":\"https:\/\/www.erresse-shop.it\/es\/?s={search_term_string}\"},\"query-input\":\"required name=search_term_string\"}],\"inLanguage\":\"es\"}]}<\/script>\n<!-- \/ Yoast SEO Premium plugin. -->","yoast_head_json":{"title":"TAIT\u00d9 Garden of Beauty Green Cuencos 4 piezas - Erresse Shop","description":"Material: porcelana fina Sum\u00e9rgete en la belleza atemporal de la colecci\u00f3n Garden of Beauty Green, donde la pureza del blanco se mezcla con el encanto de","robots":{"index":"index","follow":"follow","max-snippet":"max-snippet:-1","max-image-preview":"max-image-preview:large","max-video-preview":"max-video-preview:-1"},"canonical":"https:\/\/www.erresse-shop.it\/es\/shop\/tabla\/cestas-y-cuencos\/taitu-garden-of-beauty-green-cuencos-4-piezas\/","og_locale":"es_ES","og_type":"article","og_title":"TAIT\u00d9 Garden of Beauty Green Cuencos 4 piezas","og_description":"Material: porcelana fina Sum\u00e9rgete en la belleza atemporal de la colecci\u00f3n Garden of Beauty Green, donde la pureza del blanco se mezcla con el encanto de","og_url":"https:\/\/www.erresse-shop.it\/es\/shop\/tabla\/cestas-y-cuencos\/taitu-garden-of-beauty-green-cuencos-4-piezas\/","og_site_name":"Erresse Shop","article_modified_time":"2026-02-24T10:13:07+00:00","og_image":[{"width":1200,"height":1200,"url":"https:\/\/www.erresse-shop.it\/wp-content\/uploads\/2024\/11\/TAITU-Garden-of-Beauty-Green-Ciotoline-4-Pezzi.jpg","type":"image\/jpeg"}],"twitter_card":"summary_large_image","schema":{"@context":"https:\/\/schema.org","@graph":[{"@type":"WebPage","@id":"https:\/\/www.erresse-shop.it\/es\/shop\/tabla\/cestas-y-cuencos\/taitu-garden-of-beauty-green-cuencos-4-piezas\/","url":"https:\/\/www.erresse-shop.it\/es\/shop\/tabla\/cestas-y-cuencos\/taitu-garden-of-beauty-green-cuencos-4-piezas\/","name":"TAIT\u00d9 Garden of Beauty Green Cuencos 4 piezas - Erresse Shop","isPartOf":{"@id":"https:\/\/www.erresse-shop.it\/es\/#website"},"datePublished":"2024-11-19T14:19:09+00:00","dateModified":"2026-02-24T10:13:07+00:00","description":"Material: porcelana fina Sum\u00e9rgete en la belleza atemporal de la colecci\u00f3n Garden of Beauty Green, donde la pureza del blanco se mezcla con el encanto de","breadcrumb":{"@id":"https:\/\/www.erresse-shop.it\/es\/shop\/tabla\/cestas-y-cuencos\/taitu-garden-of-beauty-green-cuencos-4-piezas\/#breadcrumb"},"inLanguage":"es","potentialAction":[{"@type":"ReadAction","target":["https:\/\/www.erresse-shop.it\/es\/shop\/tabla\/cestas-y-cuencos\/taitu-garden-of-beauty-green-cuencos-4-piezas\/"]}]},{"@type":"BreadcrumbList","@id":"https:\/\/www.erresse-shop.it\/es\/shop\/tabla\/cestas-y-cuencos\/taitu-garden-of-beauty-green-cuencos-4-piezas\/#breadcrumb","itemListElement":[{"@type":"ListItem","position":1,"name":"Home","item":"https:\/\/www.erresse-shop.it\/es\/"},{"@type":"ListItem","position":2,"name":"Shop","item":"https:\/\/www.erresse-shop.it\/es\/shop\/"},{"@type":"ListItem","position":3,"name":"TAIT\u00d9 Garden of Beauty Green Cuencos 4 piezas"}]},{"@type":"WebSite","@id":"https:\/\/www.erresse-shop.it\/es\/#website","url":"https:\/\/www.erresse-shop.it\/es\/","name":"Erresse Shop","description":"Articoli di qualit\u00e0 per la casa","potentialAction":[{"@type":"SearchAction","target":{"@type":"EntryPoint","urlTemplate":"https:\/\/www.erresse-shop.it\/es\/?s={search_term_string}"},"query-input":"required name=search_term_string"}],"inLanguage":"es"}]}},"df_price":33,"df_sale_price":33,"df_regular_price":60,"df_image_link":"https:\/\/www.erresse-shop.it\/wp-content\/uploads\/2024\/11\/TAITU-Garden-of-Beauty-Green-Ciotoline-4-Pezzi-300x300.jpg","_links":{"self":[{"href":"https:\/\/www.erresse-shop.it\/es\/wp-json\/wp\/v2\/product\/449735"}],"collection":[{"href":"https:\/\/www.erresse-shop.it\/es\/wp-json\/wp\/v2\/product"}],"about":[{"href":"https:\/\/www.erresse-shop.it\/es\/wp-json\/wp\/v2\/types\/product"}],"wp:featuredmedia":[{"embeddable":true,"href":"https:\/\/www.erresse-shop.it\/es\/wp-json\/wp\/v2\/media\/449755"}],"wp:attachment":[{"href":"https:\/\/www.erresse-shop.it\/es\/wp-json\/wp\/v2\/media?parent=449735"}],"wp:term":[{"taxonomy":"product_cat","embeddable":true,"href":"https:\/\/www.erresse-shop.it\/es\/wp-json\/wp\/v2\/product_cat?post=449735"},{"taxonomy":"product_tag","embeddable":true,"href":"https:\/\/www.erresse-shop.it\/es\/wp-json\/wp\/v2\/product_tag?post=449735"}],"curies":[{"name":"wp","href":"https:\/\/api.w.org\/{rel}","templated":true}]}}