{"id":449557,"date":"2024-11-19T07:37:23","date_gmt":"2024-11-19T07:37:24","guid":{"rendered":"https:\/\/www.erresse-shop.it\/?post_type=product&#038;p=449557"},"modified":"2026-02-24T11:11:34","modified_gmt":"2026-02-24T11:11:34","slug":"taitu-fil-rouge-bacche-tazas-de-te-cappuccino-2-piezas","status":"publish","type":"product","link":"https:\/\/www.erresse-shop.it\/es\/shop\/tabla\/tazas\/taitu-fil-rouge-bacche-tazas-de-te-cappuccino-2-piezas\/","title":{"rendered":"TAIT\u00d9 Fil Rouge Bacche Tazas de T\u00e9 Cappuccino 2 Piezas"},"content":{"rendered":"<p><strong>Pintado a mano<\/strong><br \/>\n<strong>Material<\/strong>: porcelana fina<\/p>\n<p>Simples briznas de hierba crean densas texturas y soportan con flexibilidad cada detalle de Fine Bone China, recordando los valores de un estilo de vida verde. Una colecci\u00f3n elegante y siempre verde que puede utilizarse sola en su pureza y esencialidad o mezclada con otras colecciones TAITU.<\/p>\n<p>La ic\u00f3nica decoraci\u00f3n TAITU renace con un dise\u00f1o inspirado en briznas de hierba movidas por una suave brisa: un homenaje a la sencillez de la Naturaleza, a sus geometr\u00edas espont\u00e1neas y a su capacidad para renovarse continuamente. Una lib\u00e9lula, emblema de ligereza y libertad, es la mascota m\u00e1gica que caracteriza cada objeto.<\/p>\n<p><strong>Tait\u00f9 dise\u00f1o para la alta cocina<\/strong><\/p>\n<p>Las formas contempor\u00e1neas en Fine Bone China transl\u00facida y la decoraci\u00f3n minimalista de los platos y cuencos hacen de LIFE IN GREEN la Colecci\u00f3n ideal para la mise en place m\u00e1s refinada, tambi\u00e9n en combinaci\u00f3n con los nuevos manteles individuales Eco-Chic de la Colecci\u00f3n FREESTYLE. Adem\u00e1s, la t\u00e9cnica de decoraci\u00f3n bajo vidriado hace que las decoraciones no se alteren al lavarlas en lavavajillas profesionales.<\/p>\n<p><strong>ADVERTENCIAS<\/strong><br \/>\nLavavajillas y microondas: s\u00ed<\/p>\n","protected":false},"excerpt":{"rendered":"<p>Pintado a mano Material: porcelana fina Simples briznas de hierba crean densas texturas y soportan con flexibilidad cada detalle de<\/p>\n","protected":false},"featured_media":449571,"template":"","meta":{"_acf_changed":false,"inline_featured_image":false},"product_cat":[16027,16034],"product_tag":[25090,23912,23692,24399,22592,16909,17518,16410],"acf":[],"yoast_head":"<!-- This site is optimized with the Yoast SEO Premium plugin v18.6 (Yoast SEO v19.13) - https:\/\/yoast.com\/wordpress\/plugins\/seo\/ -->\n<title>TAIT\u00d9 Fil Rouge Bacche Tazas de T\u00e9 Cappuccino 2 Piezas - Erresse Shop<\/title>\n<meta name=\"description\" content=\"Pintado a mano Material: porcelana fina Simples briznas de hierba crean densas texturas y soportan con flexibilidad cada detalle de Fine Bone China,\" \/>\n<meta name=\"robots\" content=\"index, follow, max-snippet:-1, max-image-preview:large, max-video-preview:-1\" \/>\n<link rel=\"canonical\" href=\"https:\/\/www.erresse-shop.it\/es\/shop\/tabla\/tazas\/taitu-fil-rouge-bacche-tazas-de-te-cappuccino-2-piezas\/\" \/>\n<meta property=\"og:locale\" content=\"es_ES\" \/>\n<meta property=\"og:type\" content=\"article\" \/>\n<meta property=\"og:title\" content=\"TAIT\u00d9 Fil Rouge Bacche Tazas de T\u00e9 Cappuccino 2 Piezas\" \/>\n<meta property=\"og:description\" content=\"Pintado a mano Material: porcelana fina Simples briznas de hierba crean densas texturas y soportan con flexibilidad cada detalle de Fine Bone China,\" \/>\n<meta property=\"og:url\" content=\"https:\/\/www.erresse-shop.it\/es\/shop\/tabla\/tazas\/taitu-fil-rouge-bacche-tazas-de-te-cappuccino-2-piezas\/\" \/>\n<meta property=\"og:site_name\" content=\"Erresse Shop\" \/>\n<meta property=\"article:modified_time\" content=\"2026-02-24T11:11:34+00:00\" \/>\n<meta property=\"og:image\" content=\"https:\/\/www.erresse-shop.it\/wp-content\/uploads\/2024\/11\/TAITU-Fil-Rouge-Bacche-Tazze-Te-Cappuccino-2-Pezzi.jpg\" \/>\n\t<meta property=\"og:image:width\" content=\"1200\" \/>\n\t<meta property=\"og:image:height\" content=\"1200\" \/>\n\t<meta property=\"og:image:type\" content=\"image\/jpeg\" \/>\n<meta name=\"twitter:card\" content=\"summary_large_image\" \/>\n<script type=\"application\/ld+json\" class=\"yoast-schema-graph\">{\"@context\":\"https:\/\/schema.org\",\"@graph\":[{\"@type\":\"WebPage\",\"@id\":\"https:\/\/www.erresse-shop.it\/es\/shop\/tabla\/tazas\/taitu-fil-rouge-bacche-tazas-de-te-cappuccino-2-piezas\/\",\"url\":\"https:\/\/www.erresse-shop.it\/es\/shop\/tabla\/tazas\/taitu-fil-rouge-bacche-tazas-de-te-cappuccino-2-piezas\/\",\"name\":\"TAIT\u00d9 Fil Rouge Bacche Tazas de T\u00e9 Cappuccino 2 Piezas - Erresse Shop\",\"isPartOf\":{\"@id\":\"https:\/\/www.erresse-shop.it\/es\/#website\"},\"datePublished\":\"2024-11-19T07:37:24+00:00\",\"dateModified\":\"2026-02-24T11:11:34+00:00\",\"description\":\"Pintado a mano Material: porcelana fina Simples briznas de hierba crean densas texturas y soportan con flexibilidad cada detalle de Fine Bone China,\",\"breadcrumb\":{\"@id\":\"https:\/\/www.erresse-shop.it\/es\/shop\/tabla\/tazas\/taitu-fil-rouge-bacche-tazas-de-te-cappuccino-2-piezas\/#breadcrumb\"},\"inLanguage\":\"es\",\"potentialAction\":[{\"@type\":\"ReadAction\",\"target\":[\"https:\/\/www.erresse-shop.it\/es\/shop\/tabla\/tazas\/taitu-fil-rouge-bacche-tazas-de-te-cappuccino-2-piezas\/\"]}]},{\"@type\":\"BreadcrumbList\",\"@id\":\"https:\/\/www.erresse-shop.it\/es\/shop\/tabla\/tazas\/taitu-fil-rouge-bacche-tazas-de-te-cappuccino-2-piezas\/#breadcrumb\",\"itemListElement\":[{\"@type\":\"ListItem\",\"position\":1,\"name\":\"Home\",\"item\":\"https:\/\/www.erresse-shop.it\/es\/\"},{\"@type\":\"ListItem\",\"position\":2,\"name\":\"Shop\",\"item\":\"https:\/\/www.erresse-shop.it\/es\/shop\/\"},{\"@type\":\"ListItem\",\"position\":3,\"name\":\"TAIT\u00d9 Fil Rouge Bacche Tazas de T\u00e9 Cappuccino 2 Piezas\"}]},{\"@type\":\"WebSite\",\"@id\":\"https:\/\/www.erresse-shop.it\/es\/#website\",\"url\":\"https:\/\/www.erresse-shop.it\/es\/\",\"name\":\"Erresse Shop\",\"description\":\"Articoli di qualit\u00e0 per la casa\",\"potentialAction\":[{\"@type\":\"SearchAction\",\"target\":{\"@type\":\"EntryPoint\",\"urlTemplate\":\"https:\/\/www.erresse-shop.it\/es\/?s={search_term_string}\"},\"query-input\":\"required name=search_term_string\"}],\"inLanguage\":\"es\"}]}<\/script>\n<!-- \/ Yoast SEO Premium plugin. -->","yoast_head_json":{"title":"TAIT\u00d9 Fil Rouge Bacche Tazas de T\u00e9 Cappuccino 2 Piezas - Erresse Shop","description":"Pintado a mano Material: porcelana fina Simples briznas de hierba crean densas texturas y soportan con flexibilidad cada detalle de Fine Bone China,","robots":{"index":"index","follow":"follow","max-snippet":"max-snippet:-1","max-image-preview":"max-image-preview:large","max-video-preview":"max-video-preview:-1"},"canonical":"https:\/\/www.erresse-shop.it\/es\/shop\/tabla\/tazas\/taitu-fil-rouge-bacche-tazas-de-te-cappuccino-2-piezas\/","og_locale":"es_ES","og_type":"article","og_title":"TAIT\u00d9 Fil Rouge Bacche Tazas de T\u00e9 Cappuccino 2 Piezas","og_description":"Pintado a mano Material: porcelana fina Simples briznas de hierba crean densas texturas y soportan con flexibilidad cada detalle de Fine Bone China,","og_url":"https:\/\/www.erresse-shop.it\/es\/shop\/tabla\/tazas\/taitu-fil-rouge-bacche-tazas-de-te-cappuccino-2-piezas\/","og_site_name":"Erresse Shop","article_modified_time":"2026-02-24T11:11:34+00:00","og_image":[{"width":1200,"height":1200,"url":"https:\/\/www.erresse-shop.it\/wp-content\/uploads\/2024\/11\/TAITU-Fil-Rouge-Bacche-Tazze-Te-Cappuccino-2-Pezzi.jpg","type":"image\/jpeg"}],"twitter_card":"summary_large_image","schema":{"@context":"https:\/\/schema.org","@graph":[{"@type":"WebPage","@id":"https:\/\/www.erresse-shop.it\/es\/shop\/tabla\/tazas\/taitu-fil-rouge-bacche-tazas-de-te-cappuccino-2-piezas\/","url":"https:\/\/www.erresse-shop.it\/es\/shop\/tabla\/tazas\/taitu-fil-rouge-bacche-tazas-de-te-cappuccino-2-piezas\/","name":"TAIT\u00d9 Fil Rouge Bacche Tazas de T\u00e9 Cappuccino 2 Piezas - Erresse Shop","isPartOf":{"@id":"https:\/\/www.erresse-shop.it\/es\/#website"},"datePublished":"2024-11-19T07:37:24+00:00","dateModified":"2026-02-24T11:11:34+00:00","description":"Pintado a mano Material: porcelana fina Simples briznas de hierba crean densas texturas y soportan con flexibilidad cada detalle de Fine Bone China,","breadcrumb":{"@id":"https:\/\/www.erresse-shop.it\/es\/shop\/tabla\/tazas\/taitu-fil-rouge-bacche-tazas-de-te-cappuccino-2-piezas\/#breadcrumb"},"inLanguage":"es","potentialAction":[{"@type":"ReadAction","target":["https:\/\/www.erresse-shop.it\/es\/shop\/tabla\/tazas\/taitu-fil-rouge-bacche-tazas-de-te-cappuccino-2-piezas\/"]}]},{"@type":"BreadcrumbList","@id":"https:\/\/www.erresse-shop.it\/es\/shop\/tabla\/tazas\/taitu-fil-rouge-bacche-tazas-de-te-cappuccino-2-piezas\/#breadcrumb","itemListElement":[{"@type":"ListItem","position":1,"name":"Home","item":"https:\/\/www.erresse-shop.it\/es\/"},{"@type":"ListItem","position":2,"name":"Shop","item":"https:\/\/www.erresse-shop.it\/es\/shop\/"},{"@type":"ListItem","position":3,"name":"TAIT\u00d9 Fil Rouge Bacche Tazas de T\u00e9 Cappuccino 2 Piezas"}]},{"@type":"WebSite","@id":"https:\/\/www.erresse-shop.it\/es\/#website","url":"https:\/\/www.erresse-shop.it\/es\/","name":"Erresse Shop","description":"Articoli di qualit\u00e0 per la casa","potentialAction":[{"@type":"SearchAction","target":{"@type":"EntryPoint","urlTemplate":"https:\/\/www.erresse-shop.it\/es\/?s={search_term_string}"},"query-input":"required name=search_term_string"}],"inLanguage":"es"}]}},"df_price":56.1,"df_sale_price":56.1,"df_regular_price":102,"df_image_link":"https:\/\/www.erresse-shop.it\/wp-content\/uploads\/2024\/11\/TAITU-Fil-Rouge-Bacche-Tazze-Te-Cappuccino-2-Pezzi-300x300.jpg","_links":{"self":[{"href":"https:\/\/www.erresse-shop.it\/es\/wp-json\/wp\/v2\/product\/449557"}],"collection":[{"href":"https:\/\/www.erresse-shop.it\/es\/wp-json\/wp\/v2\/product"}],"about":[{"href":"https:\/\/www.erresse-shop.it\/es\/wp-json\/wp\/v2\/types\/product"}],"wp:featuredmedia":[{"embeddable":true,"href":"https:\/\/www.erresse-shop.it\/es\/wp-json\/wp\/v2\/media\/449571"}],"wp:attachment":[{"href":"https:\/\/www.erresse-shop.it\/es\/wp-json\/wp\/v2\/media?parent=449557"}],"wp:term":[{"taxonomy":"product_cat","embeddable":true,"href":"https:\/\/www.erresse-shop.it\/es\/wp-json\/wp\/v2\/product_cat?post=449557"},{"taxonomy":"product_tag","embeddable":true,"href":"https:\/\/www.erresse-shop.it\/es\/wp-json\/wp\/v2\/product_tag?post=449557"}],"curies":[{"name":"wp","href":"https:\/\/api.w.org\/{rel}","templated":true}]}}