{"id":449473,"date":"2024-11-19T06:54:34","date_gmt":"2024-11-19T06:54:35","guid":{"rendered":"https:\/\/www.erresse-shop.it\/?post_type=product&#038;p=449473"},"modified":"2024-11-19T07:10:31","modified_gmt":"2024-11-19T07:10:31","slug":"seletti-lampara-led-vitamina-berenjena-copia","status":"publish","type":"product","link":"https:\/\/www.erresse-shop.it\/es\/shop\/mobiliario\/lamparas\/seletti-lampara-led-vitamina-berenjena-copia\/","title":{"rendered":"SELETTI L\u00e1mpara Led Vitamina Calabaza"},"content":{"rendered":"<p>Vitamin es el nuevo proyecto luminoso y colorido de Marcantonio en colaboraci\u00f3n con Seletti.<\/p>\n<p>La colecci\u00f3n incluye l\u00e1mparas, candelabros y portavelas donde las verduras y frutas frescas cobran vida a trav\u00e9s de inusuales composiciones luminosas.<\/p>\n<p><strong>Dise\u00f1o:<\/strong> Marcantonio<br \/>\n<strong>Material: <\/strong>resina<br \/>\n<strong>Dimensiones<\/strong>: cm. 27 x 27 x 42 \u2248 | 10,6\u201d x 10,6\u201d x 16,5\u201d \u2248<\/p>\n","protected":false},"excerpt":{"rendered":"<p>Vitamin es el nuevo proyecto luminoso y colorido de Marcantonio en colaboraci\u00f3n con Seletti. La colecci\u00f3n incluye l\u00e1mparas, candelabros y<\/p>\n","protected":false},"featured_media":449505,"template":"","meta":{"_acf_changed":false,"inline_featured_image":false},"product_cat":[16017,16016],"product_tag":[16236,17511,20684,25023],"acf":[],"yoast_head":"<!-- This site is optimized with the Yoast SEO Premium plugin v18.6 (Yoast SEO v19.13) - https:\/\/yoast.com\/wordpress\/plugins\/seo\/ -->\n<title>SELETTI L\u00e1mpara Led Vitamina Calabaza - Erresse Shop<\/title>\n<meta name=\"description\" content=\"Vitamin es el nuevo proyecto luminoso y colorido de Marcantonio en colaboraci\u00f3n con Seletti. La colecci\u00f3n incluye l\u00e1mparas, candelabros y portavelas donde\" \/>\n<meta name=\"robots\" content=\"index, follow, max-snippet:-1, max-image-preview:large, max-video-preview:-1\" \/>\n<link rel=\"canonical\" href=\"https:\/\/www.erresse-shop.it\/es\/shop\/mobiliario\/lamparas\/seletti-lampara-led-vitamina-berenjena-copia\/\" \/>\n<meta property=\"og:locale\" content=\"es_ES\" \/>\n<meta property=\"og:type\" content=\"article\" \/>\n<meta property=\"og:title\" content=\"SELETTI L\u00e1mpara Led Vitamina Calabaza\" \/>\n<meta property=\"og:description\" content=\"Vitamin es el nuevo proyecto luminoso y colorido de Marcantonio en colaboraci\u00f3n con Seletti. La colecci\u00f3n incluye l\u00e1mparas, candelabros y portavelas donde\" \/>\n<meta property=\"og:url\" content=\"https:\/\/www.erresse-shop.it\/es\/shop\/mobiliario\/lamparas\/seletti-lampara-led-vitamina-berenjena-copia\/\" \/>\n<meta property=\"og:site_name\" content=\"Erresse Shop\" \/>\n<meta property=\"article:modified_time\" content=\"2024-11-19T07:10:31+00:00\" \/>\n<meta property=\"og:image\" content=\"https:\/\/www.erresse-shop.it\/wp-content\/uploads\/2024\/11\/SELETTI-Lampada-Led-Vitamin-Zucca.jpg\" \/>\n\t<meta property=\"og:image:width\" content=\"1200\" \/>\n\t<meta property=\"og:image:height\" content=\"1200\" \/>\n\t<meta property=\"og:image:type\" content=\"image\/jpeg\" \/>\n<meta name=\"twitter:card\" content=\"summary_large_image\" \/>\n<script type=\"application\/ld+json\" class=\"yoast-schema-graph\">{\"@context\":\"https:\/\/schema.org\",\"@graph\":[{\"@type\":\"WebPage\",\"@id\":\"https:\/\/www.erresse-shop.it\/es\/shop\/mobiliario\/lamparas\/seletti-lampara-led-vitamina-berenjena-copia\/\",\"url\":\"https:\/\/www.erresse-shop.it\/es\/shop\/mobiliario\/lamparas\/seletti-lampara-led-vitamina-berenjena-copia\/\",\"name\":\"SELETTI L\u00e1mpara Led Vitamina Calabaza - Erresse Shop\",\"isPartOf\":{\"@id\":\"https:\/\/www.erresse-shop.it\/es\/#website\"},\"datePublished\":\"2024-11-19T06:54:35+00:00\",\"dateModified\":\"2024-11-19T07:10:31+00:00\",\"description\":\"Vitamin es el nuevo proyecto luminoso y colorido de Marcantonio en colaboraci\u00f3n con Seletti. La colecci\u00f3n incluye l\u00e1mparas, candelabros y portavelas donde\",\"breadcrumb\":{\"@id\":\"https:\/\/www.erresse-shop.it\/es\/shop\/mobiliario\/lamparas\/seletti-lampara-led-vitamina-berenjena-copia\/#breadcrumb\"},\"inLanguage\":\"es\",\"potentialAction\":[{\"@type\":\"ReadAction\",\"target\":[\"https:\/\/www.erresse-shop.it\/es\/shop\/mobiliario\/lamparas\/seletti-lampara-led-vitamina-berenjena-copia\/\"]}]},{\"@type\":\"BreadcrumbList\",\"@id\":\"https:\/\/www.erresse-shop.it\/es\/shop\/mobiliario\/lamparas\/seletti-lampara-led-vitamina-berenjena-copia\/#breadcrumb\",\"itemListElement\":[{\"@type\":\"ListItem\",\"position\":1,\"name\":\"Home\",\"item\":\"https:\/\/www.erresse-shop.it\/es\/\"},{\"@type\":\"ListItem\",\"position\":2,\"name\":\"Shop\",\"item\":\"https:\/\/www.erresse-shop.it\/es\/shop\/\"},{\"@type\":\"ListItem\",\"position\":3,\"name\":\"SELETTI L\u00e1mpara Led Vitamina Calabaza\"}]},{\"@type\":\"WebSite\",\"@id\":\"https:\/\/www.erresse-shop.it\/es\/#website\",\"url\":\"https:\/\/www.erresse-shop.it\/es\/\",\"name\":\"Erresse Shop\",\"description\":\"Articoli di qualit\u00e0 per la casa\",\"potentialAction\":[{\"@type\":\"SearchAction\",\"target\":{\"@type\":\"EntryPoint\",\"urlTemplate\":\"https:\/\/www.erresse-shop.it\/es\/?s={search_term_string}\"},\"query-input\":\"required name=search_term_string\"}],\"inLanguage\":\"es\"}]}<\/script>\n<!-- \/ Yoast SEO Premium plugin. -->","yoast_head_json":{"title":"SELETTI L\u00e1mpara Led Vitamina Calabaza - Erresse Shop","description":"Vitamin es el nuevo proyecto luminoso y colorido de Marcantonio en colaboraci\u00f3n con Seletti. La colecci\u00f3n incluye l\u00e1mparas, candelabros y portavelas donde","robots":{"index":"index","follow":"follow","max-snippet":"max-snippet:-1","max-image-preview":"max-image-preview:large","max-video-preview":"max-video-preview:-1"},"canonical":"https:\/\/www.erresse-shop.it\/es\/shop\/mobiliario\/lamparas\/seletti-lampara-led-vitamina-berenjena-copia\/","og_locale":"es_ES","og_type":"article","og_title":"SELETTI L\u00e1mpara Led Vitamina Calabaza","og_description":"Vitamin es el nuevo proyecto luminoso y colorido de Marcantonio en colaboraci\u00f3n con Seletti. La colecci\u00f3n incluye l\u00e1mparas, candelabros y portavelas donde","og_url":"https:\/\/www.erresse-shop.it\/es\/shop\/mobiliario\/lamparas\/seletti-lampara-led-vitamina-berenjena-copia\/","og_site_name":"Erresse Shop","article_modified_time":"2024-11-19T07:10:31+00:00","og_image":[{"width":1200,"height":1200,"url":"https:\/\/www.erresse-shop.it\/wp-content\/uploads\/2024\/11\/SELETTI-Lampada-Led-Vitamin-Zucca.jpg","type":"image\/jpeg"}],"twitter_card":"summary_large_image","schema":{"@context":"https:\/\/schema.org","@graph":[{"@type":"WebPage","@id":"https:\/\/www.erresse-shop.it\/es\/shop\/mobiliario\/lamparas\/seletti-lampara-led-vitamina-berenjena-copia\/","url":"https:\/\/www.erresse-shop.it\/es\/shop\/mobiliario\/lamparas\/seletti-lampara-led-vitamina-berenjena-copia\/","name":"SELETTI L\u00e1mpara Led Vitamina Calabaza - Erresse Shop","isPartOf":{"@id":"https:\/\/www.erresse-shop.it\/es\/#website"},"datePublished":"2024-11-19T06:54:35+00:00","dateModified":"2024-11-19T07:10:31+00:00","description":"Vitamin es el nuevo proyecto luminoso y colorido de Marcantonio en colaboraci\u00f3n con Seletti. La colecci\u00f3n incluye l\u00e1mparas, candelabros y portavelas donde","breadcrumb":{"@id":"https:\/\/www.erresse-shop.it\/es\/shop\/mobiliario\/lamparas\/seletti-lampara-led-vitamina-berenjena-copia\/#breadcrumb"},"inLanguage":"es","potentialAction":[{"@type":"ReadAction","target":["https:\/\/www.erresse-shop.it\/es\/shop\/mobiliario\/lamparas\/seletti-lampara-led-vitamina-berenjena-copia\/"]}]},{"@type":"BreadcrumbList","@id":"https:\/\/www.erresse-shop.it\/es\/shop\/mobiliario\/lamparas\/seletti-lampara-led-vitamina-berenjena-copia\/#breadcrumb","itemListElement":[{"@type":"ListItem","position":1,"name":"Home","item":"https:\/\/www.erresse-shop.it\/es\/"},{"@type":"ListItem","position":2,"name":"Shop","item":"https:\/\/www.erresse-shop.it\/es\/shop\/"},{"@type":"ListItem","position":3,"name":"SELETTI L\u00e1mpara Led Vitamina Calabaza"}]},{"@type":"WebSite","@id":"https:\/\/www.erresse-shop.it\/es\/#website","url":"https:\/\/www.erresse-shop.it\/es\/","name":"Erresse Shop","description":"Articoli di qualit\u00e0 per la casa","potentialAction":[{"@type":"SearchAction","target":{"@type":"EntryPoint","urlTemplate":"https:\/\/www.erresse-shop.it\/es\/?s={search_term_string}"},"query-input":"required name=search_term_string"}],"inLanguage":"es"}]}},"df_price":112.05,"df_sale_price":112.05,"df_regular_price":249,"df_image_link":"https:\/\/www.erresse-shop.it\/wp-content\/uploads\/2024\/11\/SELETTI-Lampada-Led-Vitamin-Zucca-300x300.jpg","_links":{"self":[{"href":"https:\/\/www.erresse-shop.it\/es\/wp-json\/wp\/v2\/product\/449473"}],"collection":[{"href":"https:\/\/www.erresse-shop.it\/es\/wp-json\/wp\/v2\/product"}],"about":[{"href":"https:\/\/www.erresse-shop.it\/es\/wp-json\/wp\/v2\/types\/product"}],"wp:featuredmedia":[{"embeddable":true,"href":"https:\/\/www.erresse-shop.it\/es\/wp-json\/wp\/v2\/media\/449505"}],"wp:attachment":[{"href":"https:\/\/www.erresse-shop.it\/es\/wp-json\/wp\/v2\/media?parent=449473"}],"wp:term":[{"taxonomy":"product_cat","embeddable":true,"href":"https:\/\/www.erresse-shop.it\/es\/wp-json\/wp\/v2\/product_cat?post=449473"},{"taxonomy":"product_tag","embeddable":true,"href":"https:\/\/www.erresse-shop.it\/es\/wp-json\/wp\/v2\/product_tag?post=449473"}],"curies":[{"name":"wp","href":"https:\/\/api.w.org\/{rel}","templated":true}]}}