{"id":449055,"date":"2024-11-18T09:44:40","date_gmt":"2024-11-18T09:44:41","guid":{"rendered":"https:\/\/www.erresse-shop.it\/?post_type=product&#038;p=449055"},"modified":"2026-02-24T11:35:18","modified_gmt":"2026-02-24T11:35:18","slug":"le-creuset-sarten-skillet-alta-de-hierro-fundido-26-cm-blanco","status":"publish","type":"product","link":"https:\/\/www.erresse-shop.it\/es\/shop\/sartenes-y-ollas\/sartenes\/le-creuset-sarten-skillet-alta-de-hierro-fundido-26-cm-blanco\/","title":{"rendered":"LE CREUSET Sart\u00e9n Skillet Alta de Hierro Fundido 26 cm Blanco"},"content":{"rendered":"<p>Esta sart\u00e9n est\u00e1 fabricada con nuestro legendario hierro fundido vitrificado, por lo que puede usarse tanto en el horno como en la estufa. Un aliado verdaderamente fundamental en la cocina, cuenta con un mango ergon\u00f3mico, que facilita su desplazamiento. El pico doble sirve para verter y servir sin gotear. \u00bfEst\u00e1s listo para servir? Lleva la comida directamente a la mesa.<\/p>\n<ul>\n<li>\n<p class=\"mb-3\">Versatilidad: este producto es apto para horno, vitrocer\u00e1mica y horno en modo grill.<\/p>\n<\/li>\n<li>\n<p class=\"mb-3\">Comida de excelente sabor: el hierro fundido vitrificado retiene el calor para cocinar y dorar de manera uniforme. Tus deliciosas creaciones se mantendr\u00e1n calientes por m\u00e1s tiempo incluso en la mesa.<\/p>\n<\/li>\n<li>\n<p class=\"mb-3\">F\u00e1cil de agarrar: Las elegantes y c\u00f3modas asas permiten levantar el producto de forma segura.<\/p>\n<\/li>\n<li>\n<p class=\"mb-3\">Una ayuda preciosa: el pr\u00e1ctico mango permite levantar f\u00e1cilmente el producto y moverlo entre la placa, el horno y la mesa.<\/p>\n<\/li>\n<li>\n<p class=\"mb-3\">Vierta sin dudarlo: las boquillas laterales facilitan el vertido (sin gotear).<\/p>\n<\/li>\n<li>\n<p class=\"mb-3\">Un arco\u00edris de colores: disponible en una amplia variedad de colores, nuestra gama a\u00f1adir\u00e1 un toque de color a tu cocina.<\/p>\n<\/li>\n<li>\n<p class=\"mb-3\">No demasiado caliente: cocine a fuego medio o bajo constante para cuidar su producto de hierro fundido y lograr resultados deliciosos.<\/p>\n<\/li>\n<li>\n<p class=\"mb-3\">Mejora con el tiempo: el interior vitrificado desarrolla una p\u00e1tina natural que se comporta casi como una superficie antiadherente. Su acabado tiene propiedades que evitan que los alimentos se peguen incluso con cantidades menores de aceite. Lave el producto \u00fanicamente con agua para permitir que se desarrolle la p\u00e1tina.<\/p>\n<\/li>\n<li>\n<p class=\"mb-3\">Lo mejor de su clase: nuestros productos se fabrican con los mejores materiales en f\u00e1bricas ubicadas en todo el mundo para garantizar la calidad que espera de Le\u00a0Creuset.<\/p>\n<\/li>\n<\/ul>\n<p>Material: hierro fundido vitrificado<br \/>\nFabricado en: Francia<br \/>\nGarant\u00eda: de por vida<\/p>\n<p><strong>Fuente de calor:<\/strong><\/p>\n<ul>\n<li>Horno<\/li>\n<li>Modo grill horno<\/li>\n<li>Cocina el\u00e9ctrica<\/li>\n<li>Vidrio cer\u00e1mico<\/li>\n<li>Cocina de gas<\/li>\n<li>Placa de inducci\u00f3n<\/li>\n<\/ul>\n<p><strong>Limpieza y cuidado:<\/strong><\/p>\n<ul>\n<li class=\"mb-3\">Espere a que el producto se enfr\u00ede por completo antes de comenzar a limpiarlo.<\/li>\n<li class=\"mb-3\">Elimine cualquier residuo de la base y las paredes laterales del producto. Para residuos de comida rebeldes, llene el producto con agua tibia y jab\u00f3n y d\u00e9jelo en remojo durante 15 a 20 minutos antes de lavarlo como de costumbre.<\/li>\n<li class=\"mb-3\">No utilice limpiadores abrasivos ni metales, estropajos ni cepillos muy duros y r\u00edgidos para limpiar ninguna de las superficies.<\/li>\n<li class=\"mb-3\">Despu\u00e9s del lavado, seque el producto con cuidado y gu\u00e1rdelo en un lugar seco.<\/li>\n<\/ul>\n","protected":false},"excerpt":{"rendered":"<p>Esta sart\u00e9n est\u00e1 fabricada con nuestro legendario hierro fundido vitrificado, por lo que puede usarse tanto en el horno como<\/p>\n","protected":false},"featured_media":449225,"template":"","meta":{"_acf_changed":false,"inline_featured_image":false},"product_cat":[16066,16058],"product_tag":[25090,21537,16248,16158,16654,16160,25023],"acf":[],"yoast_head":"<!-- This site is optimized with the Yoast SEO Premium plugin v18.6 (Yoast SEO v19.13) - https:\/\/yoast.com\/wordpress\/plugins\/seo\/ -->\n<title>LE CREUSET Sart\u00e9n Skillet Alta de Hierro Fundido 26 cm Blanco - Erresse Shop<\/title>\n<meta name=\"description\" content=\"Esta sart\u00e9n est\u00e1 fabricada con nuestro legendario hierro fundido vitrificado, por lo que puede usarse tanto en el horno como en la estufa. Un aliado\" \/>\n<meta name=\"robots\" content=\"index, follow, max-snippet:-1, max-image-preview:large, max-video-preview:-1\" \/>\n<link rel=\"canonical\" href=\"https:\/\/www.erresse-shop.it\/es\/shop\/sartenes-y-ollas\/sartenes\/le-creuset-sarten-skillet-alta-de-hierro-fundido-26-cm-blanco\/\" \/>\n<meta property=\"og:locale\" content=\"es_ES\" \/>\n<meta property=\"og:type\" content=\"article\" \/>\n<meta property=\"og:title\" content=\"LE CREUSET Sart\u00e9n Skillet Alta de Hierro Fundido 26 cm Blanco\" \/>\n<meta property=\"og:description\" content=\"Esta sart\u00e9n est\u00e1 fabricada con nuestro legendario hierro fundido vitrificado, por lo que puede usarse tanto en el horno como en la estufa. Un aliado\" \/>\n<meta property=\"og:url\" content=\"https:\/\/www.erresse-shop.it\/es\/shop\/sartenes-y-ollas\/sartenes\/le-creuset-sarten-skillet-alta-de-hierro-fundido-26-cm-blanco\/\" \/>\n<meta property=\"og:site_name\" content=\"Erresse Shop\" \/>\n<meta property=\"article:modified_time\" content=\"2026-02-24T11:35:18+00:00\" \/>\n<meta property=\"og:image\" content=\"https:\/\/www.erresse-shop.it\/wp-content\/uploads\/2024\/11\/LE-CREUSET-Padella-Profonda-Evolution-Doppio-Becco-26-cm-Bianco.jpg\" \/>\n\t<meta property=\"og:image:width\" content=\"1200\" \/>\n\t<meta property=\"og:image:height\" content=\"1200\" \/>\n\t<meta property=\"og:image:type\" content=\"image\/jpeg\" \/>\n<meta name=\"twitter:card\" content=\"summary_large_image\" \/>\n<script type=\"application\/ld+json\" class=\"yoast-schema-graph\">{\"@context\":\"https:\/\/schema.org\",\"@graph\":[{\"@type\":\"WebPage\",\"@id\":\"https:\/\/www.erresse-shop.it\/es\/shop\/sartenes-y-ollas\/sartenes\/le-creuset-sarten-skillet-alta-de-hierro-fundido-26-cm-blanco\/\",\"url\":\"https:\/\/www.erresse-shop.it\/es\/shop\/sartenes-y-ollas\/sartenes\/le-creuset-sarten-skillet-alta-de-hierro-fundido-26-cm-blanco\/\",\"name\":\"LE CREUSET Sart\u00e9n Skillet Alta de Hierro Fundido 26 cm Blanco - Erresse Shop\",\"isPartOf\":{\"@id\":\"https:\/\/www.erresse-shop.it\/es\/#website\"},\"datePublished\":\"2024-11-18T09:44:41+00:00\",\"dateModified\":\"2026-02-24T11:35:18+00:00\",\"description\":\"Esta sart\u00e9n est\u00e1 fabricada con nuestro legendario hierro fundido vitrificado, por lo que puede usarse tanto en el horno como en la estufa. Un aliado\",\"breadcrumb\":{\"@id\":\"https:\/\/www.erresse-shop.it\/es\/shop\/sartenes-y-ollas\/sartenes\/le-creuset-sarten-skillet-alta-de-hierro-fundido-26-cm-blanco\/#breadcrumb\"},\"inLanguage\":\"es\",\"potentialAction\":[{\"@type\":\"ReadAction\",\"target\":[\"https:\/\/www.erresse-shop.it\/es\/shop\/sartenes-y-ollas\/sartenes\/le-creuset-sarten-skillet-alta-de-hierro-fundido-26-cm-blanco\/\"]}]},{\"@type\":\"BreadcrumbList\",\"@id\":\"https:\/\/www.erresse-shop.it\/es\/shop\/sartenes-y-ollas\/sartenes\/le-creuset-sarten-skillet-alta-de-hierro-fundido-26-cm-blanco\/#breadcrumb\",\"itemListElement\":[{\"@type\":\"ListItem\",\"position\":1,\"name\":\"Home\",\"item\":\"https:\/\/www.erresse-shop.it\/es\/\"},{\"@type\":\"ListItem\",\"position\":2,\"name\":\"Shop\",\"item\":\"https:\/\/www.erresse-shop.it\/es\/shop\/\"},{\"@type\":\"ListItem\",\"position\":3,\"name\":\"LE CREUSET Sart\u00e9n Skillet Alta de Hierro Fundido 26 cm Blanco\"}]},{\"@type\":\"WebSite\",\"@id\":\"https:\/\/www.erresse-shop.it\/es\/#website\",\"url\":\"https:\/\/www.erresse-shop.it\/es\/\",\"name\":\"Erresse Shop\",\"description\":\"Articoli di qualit\u00e0 per la casa\",\"potentialAction\":[{\"@type\":\"SearchAction\",\"target\":{\"@type\":\"EntryPoint\",\"urlTemplate\":\"https:\/\/www.erresse-shop.it\/es\/?s={search_term_string}\"},\"query-input\":\"required name=search_term_string\"}],\"inLanguage\":\"es\"}]}<\/script>\n<!-- \/ Yoast SEO Premium plugin. -->","yoast_head_json":{"title":"LE CREUSET Sart\u00e9n Skillet Alta de Hierro Fundido 26 cm Blanco - Erresse Shop","description":"Esta sart\u00e9n est\u00e1 fabricada con nuestro legendario hierro fundido vitrificado, por lo que puede usarse tanto en el horno como en la estufa. Un aliado","robots":{"index":"index","follow":"follow","max-snippet":"max-snippet:-1","max-image-preview":"max-image-preview:large","max-video-preview":"max-video-preview:-1"},"canonical":"https:\/\/www.erresse-shop.it\/es\/shop\/sartenes-y-ollas\/sartenes\/le-creuset-sarten-skillet-alta-de-hierro-fundido-26-cm-blanco\/","og_locale":"es_ES","og_type":"article","og_title":"LE CREUSET Sart\u00e9n Skillet Alta de Hierro Fundido 26 cm Blanco","og_description":"Esta sart\u00e9n est\u00e1 fabricada con nuestro legendario hierro fundido vitrificado, por lo que puede usarse tanto en el horno como en la estufa. Un aliado","og_url":"https:\/\/www.erresse-shop.it\/es\/shop\/sartenes-y-ollas\/sartenes\/le-creuset-sarten-skillet-alta-de-hierro-fundido-26-cm-blanco\/","og_site_name":"Erresse Shop","article_modified_time":"2026-02-24T11:35:18+00:00","og_image":[{"width":1200,"height":1200,"url":"https:\/\/www.erresse-shop.it\/wp-content\/uploads\/2024\/11\/LE-CREUSET-Padella-Profonda-Evolution-Doppio-Becco-26-cm-Bianco.jpg","type":"image\/jpeg"}],"twitter_card":"summary_large_image","schema":{"@context":"https:\/\/schema.org","@graph":[{"@type":"WebPage","@id":"https:\/\/www.erresse-shop.it\/es\/shop\/sartenes-y-ollas\/sartenes\/le-creuset-sarten-skillet-alta-de-hierro-fundido-26-cm-blanco\/","url":"https:\/\/www.erresse-shop.it\/es\/shop\/sartenes-y-ollas\/sartenes\/le-creuset-sarten-skillet-alta-de-hierro-fundido-26-cm-blanco\/","name":"LE CREUSET Sart\u00e9n Skillet Alta de Hierro Fundido 26 cm Blanco - Erresse Shop","isPartOf":{"@id":"https:\/\/www.erresse-shop.it\/es\/#website"},"datePublished":"2024-11-18T09:44:41+00:00","dateModified":"2026-02-24T11:35:18+00:00","description":"Esta sart\u00e9n est\u00e1 fabricada con nuestro legendario hierro fundido vitrificado, por lo que puede usarse tanto en el horno como en la estufa. Un aliado","breadcrumb":{"@id":"https:\/\/www.erresse-shop.it\/es\/shop\/sartenes-y-ollas\/sartenes\/le-creuset-sarten-skillet-alta-de-hierro-fundido-26-cm-blanco\/#breadcrumb"},"inLanguage":"es","potentialAction":[{"@type":"ReadAction","target":["https:\/\/www.erresse-shop.it\/es\/shop\/sartenes-y-ollas\/sartenes\/le-creuset-sarten-skillet-alta-de-hierro-fundido-26-cm-blanco\/"]}]},{"@type":"BreadcrumbList","@id":"https:\/\/www.erresse-shop.it\/es\/shop\/sartenes-y-ollas\/sartenes\/le-creuset-sarten-skillet-alta-de-hierro-fundido-26-cm-blanco\/#breadcrumb","itemListElement":[{"@type":"ListItem","position":1,"name":"Home","item":"https:\/\/www.erresse-shop.it\/es\/"},{"@type":"ListItem","position":2,"name":"Shop","item":"https:\/\/www.erresse-shop.it\/es\/shop\/"},{"@type":"ListItem","position":3,"name":"LE CREUSET Sart\u00e9n Skillet Alta de Hierro Fundido 26 cm Blanco"}]},{"@type":"WebSite","@id":"https:\/\/www.erresse-shop.it\/es\/#website","url":"https:\/\/www.erresse-shop.it\/es\/","name":"Erresse Shop","description":"Articoli di qualit\u00e0 per la casa","potentialAction":[{"@type":"SearchAction","target":{"@type":"EntryPoint","urlTemplate":"https:\/\/www.erresse-shop.it\/es\/?s={search_term_string}"},"query-input":"required name=search_term_string"}],"inLanguage":"es"}]}},"df_price":139.95,"df_sale_price":139.95,"df_regular_price":225,"df_image_link":"https:\/\/www.erresse-shop.it\/wp-content\/uploads\/2024\/11\/LE-CREUSET-Padella-Profonda-Evolution-Doppio-Becco-26-cm-Bianco-300x300.jpg","_links":{"self":[{"href":"https:\/\/www.erresse-shop.it\/es\/wp-json\/wp\/v2\/product\/449055"}],"collection":[{"href":"https:\/\/www.erresse-shop.it\/es\/wp-json\/wp\/v2\/product"}],"about":[{"href":"https:\/\/www.erresse-shop.it\/es\/wp-json\/wp\/v2\/types\/product"}],"wp:featuredmedia":[{"embeddable":true,"href":"https:\/\/www.erresse-shop.it\/es\/wp-json\/wp\/v2\/media\/449225"}],"wp:attachment":[{"href":"https:\/\/www.erresse-shop.it\/es\/wp-json\/wp\/v2\/media?parent=449055"}],"wp:term":[{"taxonomy":"product_cat","embeddable":true,"href":"https:\/\/www.erresse-shop.it\/es\/wp-json\/wp\/v2\/product_cat?post=449055"},{"taxonomy":"product_tag","embeddable":true,"href":"https:\/\/www.erresse-shop.it\/es\/wp-json\/wp\/v2\/product_tag?post=449055"}],"curies":[{"name":"wp","href":"https:\/\/api.w.org\/{rel}","templated":true}]}}