{"id":448094,"date":"2024-11-15T13:34:42","date_gmt":"2024-11-15T13:34:43","guid":{"rendered":"https:\/\/www.erresse-shop.it\/?post_type=product&#038;p=448094"},"modified":"2024-11-15T13:39:19","modified_gmt":"2024-11-15T13:39:19","slug":"le-creuset-plato-hondo-vancouver-22-cm-azul-copia-2","status":"publish","type":"product","link":"https:\/\/www.erresse-shop.it\/es\/shop\/tabla\/platos\/le-creuset-plato-hondo-vancouver-22-cm-azul-copia-2\/","title":{"rendered":"LE CREUSET Plato hondo Vancouver 22 cm Cereza"},"content":{"rendered":"<p>\u00bfEspaguetis, penne o conchas? Este plato hondo es perfecto para servir generosas porciones de pasta, \u00a1pero no solo! Tambi\u00e9n es ideal para risottos, recetas de curry y mucho m\u00e1s. Los bordes curvos lo hacen elegante y pr\u00e1ctico al mismo tiempo. No faltan los tres c\u00edrculos conc\u00e9ntricos t\u00edpicos de Le Creuset.<\/p>\n<ul>\n<li>\n<p class=\"mb-3\">Siempre a la altura: nuestro gres vitrificado es resistente a los ara\u00f1azos y f\u00e1cil de limpiar.<\/p>\n<\/li>\n<li>\n<p class=\"mb-3\">Perfecto acabado: fabricados con cer\u00e1mica de alta calidad, nuestros productos de gres vitrificado mantienen temperaturas uniformes y garantizan resistencia y durabilidad en el tiempo.<\/p>\n<\/li>\n<li>\n<p class=\"mb-3\">Un arco\u00edris de colores: disponible en una amplia variedad de colores, nuestra gama a\u00f1adir\u00e1 un toque de color a tu cocina.<\/p>\n<\/li>\n<li>\n<p class=\"mb-3\">Un \u00edcono moderno: con el caracter\u00edstico patr\u00f3n de tres anillos, este producto combina con nuestros ic\u00f3nicos utensilios de cocina de hierro fundido vitrificado, lo que lo convierte en el complemento perfecto para su colecci\u00f3n Le\u00a0Creuset.&lt;\/p &gt;<\/p>\n<\/li>\n<li>\n<p class=\"mb-3\">Apto tanto para el calor como para el fr\u00edo: nuestro gres vitrificado es resistente al calor de -23 \u00b0C a +260 \u00b0C.<\/p>\n<\/li>\n<li>\n<p class=\"mb-3\">Lo mejor de su clase: nuestros productos se fabrican con los mejores materiales en f\u00e1bricas ubicadas en todo el mundo para garantizar la calidad que espera de Le\u00a0Creuset.<\/p>\n<\/li>\n<\/ul>\n<p>Material: Gres Vitrificado<br \/>\nFabricado en: Tailandia<\/p>\n<p>Garant\u00eda: 10 a\u00f1os<\/p>\n<p><strong>Fuente de calor:<\/strong><\/p>\n<ul>\n<li>Horno<\/li>\n<li>Modo grill horno<\/li>\n<li>Microondas<\/li>\n<\/ul>\n<p><strong>Limpieza y cuidado:<\/strong><\/p>\n<ul>\n<li class=\"mb-3\">Espere a que el producto se enfr\u00ede por completo antes de comenzar a limpiarlo.<\/li>\n<li class=\"mb-3\">Elimine cualquier residuo de la base y las paredes laterales del producto. Para residuos de comida rebeldes, llene el producto con agua tibia y jab\u00f3n y d\u00e9jelo en remojo durante 15 a 20 minutos antes de lavarlo como de costumbre.<\/li>\n<li class=\"mb-3\">Lavar y secar a mano. O introduce tu producto de gres vitrificado en el lavavajillas durante un ciclo completo.<\/li>\n<\/ul>\n","protected":false},"excerpt":{"rendered":"<p>\u00bfEspaguetis, penne o conchas? Este plato hondo es perfecto para servir generosas porciones de pasta, \u00a1pero no solo! Tambi\u00e9n es<\/p>\n","protected":false},"featured_media":448118,"template":"","meta":{"_acf_changed":false,"inline_featured_image":false},"product_cat":[16031,16027],"product_tag":[22043,21093,16133,16405,19362],"acf":[],"yoast_head":"<!-- This site is optimized with the Yoast SEO Premium plugin v18.6 (Yoast SEO v19.13) - https:\/\/yoast.com\/wordpress\/plugins\/seo\/ -->\n<title>LE CREUSET Plato hondo Vancouver 22 cm Cereza - Erresse Shop<\/title>\n<meta name=\"description\" content=\"\u00bfEspaguetis, penne o conchas? Este plato hondo es perfecto para servir generosas porciones de pasta, \u00a1pero no solo! Tambi\u00e9n es ideal para risottos,\" \/>\n<meta name=\"robots\" content=\"index, follow, max-snippet:-1, max-image-preview:large, max-video-preview:-1\" \/>\n<link rel=\"canonical\" href=\"https:\/\/www.erresse-shop.it\/es\/shop\/tabla\/platos\/le-creuset-plato-hondo-vancouver-22-cm-azul-copia-2\/\" \/>\n<meta property=\"og:locale\" content=\"es_ES\" \/>\n<meta property=\"og:type\" content=\"article\" \/>\n<meta property=\"og:title\" content=\"LE CREUSET Plato hondo Vancouver 22 cm Cereza\" \/>\n<meta property=\"og:description\" content=\"\u00bfEspaguetis, penne o conchas? Este plato hondo es perfecto para servir generosas porciones de pasta, \u00a1pero no solo! Tambi\u00e9n es ideal para risottos,\" \/>\n<meta property=\"og:url\" content=\"https:\/\/www.erresse-shop.it\/es\/shop\/tabla\/platos\/le-creuset-plato-hondo-vancouver-22-cm-azul-copia-2\/\" \/>\n<meta property=\"og:site_name\" content=\"Erresse Shop\" \/>\n<meta property=\"article:modified_time\" content=\"2024-11-15T13:39:19+00:00\" \/>\n<meta property=\"og:image\" content=\"https:\/\/www.erresse-shop.it\/wp-content\/uploads\/2024\/11\/LE-CREUSET-Piatto-Fondo-Vancouver-22-cm-Ciliegia.jpg\" \/>\n\t<meta property=\"og:image:width\" content=\"1200\" \/>\n\t<meta property=\"og:image:height\" content=\"1200\" \/>\n\t<meta property=\"og:image:type\" content=\"image\/jpeg\" \/>\n<meta name=\"twitter:card\" content=\"summary_large_image\" \/>\n<script type=\"application\/ld+json\" class=\"yoast-schema-graph\">{\"@context\":\"https:\/\/schema.org\",\"@graph\":[{\"@type\":\"WebPage\",\"@id\":\"https:\/\/www.erresse-shop.it\/es\/shop\/tabla\/platos\/le-creuset-plato-hondo-vancouver-22-cm-azul-copia-2\/\",\"url\":\"https:\/\/www.erresse-shop.it\/es\/shop\/tabla\/platos\/le-creuset-plato-hondo-vancouver-22-cm-azul-copia-2\/\",\"name\":\"LE CREUSET Plato hondo Vancouver 22 cm Cereza - Erresse Shop\",\"isPartOf\":{\"@id\":\"https:\/\/www.erresse-shop.it\/es\/#website\"},\"datePublished\":\"2024-11-15T13:34:43+00:00\",\"dateModified\":\"2024-11-15T13:39:19+00:00\",\"description\":\"\u00bfEspaguetis, penne o conchas? Este plato hondo es perfecto para servir generosas porciones de pasta, \u00a1pero no solo! Tambi\u00e9n es ideal para risottos,\",\"breadcrumb\":{\"@id\":\"https:\/\/www.erresse-shop.it\/es\/shop\/tabla\/platos\/le-creuset-plato-hondo-vancouver-22-cm-azul-copia-2\/#breadcrumb\"},\"inLanguage\":\"es\",\"potentialAction\":[{\"@type\":\"ReadAction\",\"target\":[\"https:\/\/www.erresse-shop.it\/es\/shop\/tabla\/platos\/le-creuset-plato-hondo-vancouver-22-cm-azul-copia-2\/\"]}]},{\"@type\":\"BreadcrumbList\",\"@id\":\"https:\/\/www.erresse-shop.it\/es\/shop\/tabla\/platos\/le-creuset-plato-hondo-vancouver-22-cm-azul-copia-2\/#breadcrumb\",\"itemListElement\":[{\"@type\":\"ListItem\",\"position\":1,\"name\":\"Home\",\"item\":\"https:\/\/www.erresse-shop.it\/es\/\"},{\"@type\":\"ListItem\",\"position\":2,\"name\":\"Shop\",\"item\":\"https:\/\/www.erresse-shop.it\/es\/shop\/\"},{\"@type\":\"ListItem\",\"position\":3,\"name\":\"LE CREUSET Plato hondo Vancouver 22 cm Cereza\"}]},{\"@type\":\"WebSite\",\"@id\":\"https:\/\/www.erresse-shop.it\/es\/#website\",\"url\":\"https:\/\/www.erresse-shop.it\/es\/\",\"name\":\"Erresse Shop\",\"description\":\"Articoli di qualit\u00e0 per la casa\",\"potentialAction\":[{\"@type\":\"SearchAction\",\"target\":{\"@type\":\"EntryPoint\",\"urlTemplate\":\"https:\/\/www.erresse-shop.it\/es\/?s={search_term_string}\"},\"query-input\":\"required name=search_term_string\"}],\"inLanguage\":\"es\"}]}<\/script>\n<!-- \/ Yoast SEO Premium plugin. -->","yoast_head_json":{"title":"LE CREUSET Plato hondo Vancouver 22 cm Cereza - Erresse Shop","description":"\u00bfEspaguetis, penne o conchas? Este plato hondo es perfecto para servir generosas porciones de pasta, \u00a1pero no solo! Tambi\u00e9n es ideal para risottos,","robots":{"index":"index","follow":"follow","max-snippet":"max-snippet:-1","max-image-preview":"max-image-preview:large","max-video-preview":"max-video-preview:-1"},"canonical":"https:\/\/www.erresse-shop.it\/es\/shop\/tabla\/platos\/le-creuset-plato-hondo-vancouver-22-cm-azul-copia-2\/","og_locale":"es_ES","og_type":"article","og_title":"LE CREUSET Plato hondo Vancouver 22 cm Cereza","og_description":"\u00bfEspaguetis, penne o conchas? Este plato hondo es perfecto para servir generosas porciones de pasta, \u00a1pero no solo! Tambi\u00e9n es ideal para risottos,","og_url":"https:\/\/www.erresse-shop.it\/es\/shop\/tabla\/platos\/le-creuset-plato-hondo-vancouver-22-cm-azul-copia-2\/","og_site_name":"Erresse Shop","article_modified_time":"2024-11-15T13:39:19+00:00","og_image":[{"width":1200,"height":1200,"url":"https:\/\/www.erresse-shop.it\/wp-content\/uploads\/2024\/11\/LE-CREUSET-Piatto-Fondo-Vancouver-22-cm-Ciliegia.jpg","type":"image\/jpeg"}],"twitter_card":"summary_large_image","schema":{"@context":"https:\/\/schema.org","@graph":[{"@type":"WebPage","@id":"https:\/\/www.erresse-shop.it\/es\/shop\/tabla\/platos\/le-creuset-plato-hondo-vancouver-22-cm-azul-copia-2\/","url":"https:\/\/www.erresse-shop.it\/es\/shop\/tabla\/platos\/le-creuset-plato-hondo-vancouver-22-cm-azul-copia-2\/","name":"LE CREUSET Plato hondo Vancouver 22 cm Cereza - Erresse Shop","isPartOf":{"@id":"https:\/\/www.erresse-shop.it\/es\/#website"},"datePublished":"2024-11-15T13:34:43+00:00","dateModified":"2024-11-15T13:39:19+00:00","description":"\u00bfEspaguetis, penne o conchas? Este plato hondo es perfecto para servir generosas porciones de pasta, \u00a1pero no solo! Tambi\u00e9n es ideal para risottos,","breadcrumb":{"@id":"https:\/\/www.erresse-shop.it\/es\/shop\/tabla\/platos\/le-creuset-plato-hondo-vancouver-22-cm-azul-copia-2\/#breadcrumb"},"inLanguage":"es","potentialAction":[{"@type":"ReadAction","target":["https:\/\/www.erresse-shop.it\/es\/shop\/tabla\/platos\/le-creuset-plato-hondo-vancouver-22-cm-azul-copia-2\/"]}]},{"@type":"BreadcrumbList","@id":"https:\/\/www.erresse-shop.it\/es\/shop\/tabla\/platos\/le-creuset-plato-hondo-vancouver-22-cm-azul-copia-2\/#breadcrumb","itemListElement":[{"@type":"ListItem","position":1,"name":"Home","item":"https:\/\/www.erresse-shop.it\/es\/"},{"@type":"ListItem","position":2,"name":"Shop","item":"https:\/\/www.erresse-shop.it\/es\/shop\/"},{"@type":"ListItem","position":3,"name":"LE CREUSET Plato hondo Vancouver 22 cm Cereza"}]},{"@type":"WebSite","@id":"https:\/\/www.erresse-shop.it\/es\/#website","url":"https:\/\/www.erresse-shop.it\/es\/","name":"Erresse Shop","description":"Articoli di qualit\u00e0 per la casa","potentialAction":[{"@type":"SearchAction","target":{"@type":"EntryPoint","urlTemplate":"https:\/\/www.erresse-shop.it\/es\/?s={search_term_string}"},"query-input":"required name=search_term_string"}],"inLanguage":"es"}]}},"df_price":18.2,"df_sale_price":18.2,"df_regular_price":26,"df_image_link":"https:\/\/www.erresse-shop.it\/wp-content\/uploads\/2024\/11\/LE-CREUSET-Piatto-Fondo-Vancouver-22-cm-Ciliegia-300x300.jpg","_links":{"self":[{"href":"https:\/\/www.erresse-shop.it\/es\/wp-json\/wp\/v2\/product\/448094"}],"collection":[{"href":"https:\/\/www.erresse-shop.it\/es\/wp-json\/wp\/v2\/product"}],"about":[{"href":"https:\/\/www.erresse-shop.it\/es\/wp-json\/wp\/v2\/types\/product"}],"wp:featuredmedia":[{"embeddable":true,"href":"https:\/\/www.erresse-shop.it\/es\/wp-json\/wp\/v2\/media\/448118"}],"wp:attachment":[{"href":"https:\/\/www.erresse-shop.it\/es\/wp-json\/wp\/v2\/media?parent=448094"}],"wp:term":[{"taxonomy":"product_cat","embeddable":true,"href":"https:\/\/www.erresse-shop.it\/es\/wp-json\/wp\/v2\/product_cat?post=448094"},{"taxonomy":"product_tag","embeddable":true,"href":"https:\/\/www.erresse-shop.it\/es\/wp-json\/wp\/v2\/product_tag?post=448094"}],"curies":[{"name":"wp","href":"https:\/\/api.w.org\/{rel}","templated":true}]}}