{"id":447615,"date":"2024-11-15T08:38:13","date_gmt":"2024-11-15T08:38:15","guid":{"rendered":"https:\/\/www.erresse-shop.it\/?post_type=product&#038;p=447615"},"modified":"2024-11-15T08:47:45","modified_gmt":"2024-11-15T08:47:45","slug":"le-creuset-sacacorchos-amico-del-sommelier-premium-negro-copia","status":"publish","type":"product","link":"https:\/\/www.erresse-shop.it\/es\/shop\/tabla\/vino\/sacacorchos\/le-creuset-sacacorchos-amico-del-sommelier-premium-negro-copia\/","title":{"rendered":"LE CREUSET Sacacorchos Amico del Sommelier Premium Madera"},"content":{"rendered":"<p class=\"mb-3\" style=\"text-align: justify;\">Los entusiastas del vino conf\u00edan en el sacacorchos de camarero compacto para abrir botellas sin esfuerzo. El elegante dise\u00f1o permite un apalancamiento \u00f3ptimo con una ranura en espiral para cortar tapas f\u00e1cilmente, ahora con una innovadora apertura en un solo paso. Est\u00e1 fabricado con un mango de madera de roble de primera calidad para un agarre c\u00f3modo, junto con un cortador de papel de aluminio y un abridor de botellas integrados.<\/p>\n<ul>\n<li>\n<p class=\"mb-3\">Los mejores de su clase: nuestros productos se fabrican con los mejores materiales en f\u00e1bricas ubicadas en todo el mundo para garantizar la calidad que espera de Le\u00a0Creuset.<\/p>\n<\/li>\n<\/ul>\n<p>Material: acero inoxidable<br \/>\nHecho en china<\/p>\n<p><strong>Limpieza y cuidado:<\/strong><\/p>\n<ul>\n<li class=\"mb-3\">Tenga cuidado al limpiar el sacacorchos: \u00a1la punta est\u00e1 afilada!<\/li>\n<li class=\"mb-3\">De vez en cuando, limpie el sacacorchos con un pa\u00f1o h\u00famedo o agua tibia y jab\u00f3n.<\/li>\n<li class=\"mb-3\">Despu\u00e9s del lavado, seque el producto con cuidado y gu\u00e1rdelo en un lugar seco.<\/li>\n<\/ul>\n","protected":false},"excerpt":{"rendered":"<p>Los entusiastas del vino conf\u00edan en el sacacorchos de camarero compacto para abrir botellas sin esfuerzo. El elegante dise\u00f1o permite<\/p>\n","protected":false},"featured_media":447634,"template":"","meta":{"_acf_changed":false,"inline_featured_image":false},"product_cat":[16053,16027,16051],"product_tag":[25090,16590,21204,25023,16887],"acf":[],"yoast_head":"<!-- This site is optimized with the Yoast SEO Premium plugin v18.6 (Yoast SEO v19.13) - https:\/\/yoast.com\/wordpress\/plugins\/seo\/ -->\n<title>LE CREUSET Sacacorchos Amico del Sommelier Premium Madera - Erresse Shop<\/title>\n<meta name=\"description\" content=\"Los entusiastas del vino conf\u00edan en el sacacorchos de camarero compacto para abrir botellas sin esfuerzo. El elegante dise\u00f1o permite un apalancamiento\" \/>\n<meta name=\"robots\" content=\"index, follow, max-snippet:-1, max-image-preview:large, max-video-preview:-1\" \/>\n<link rel=\"canonical\" href=\"https:\/\/www.erresse-shop.it\/es\/shop\/tabla\/vino\/sacacorchos\/le-creuset-sacacorchos-amico-del-sommelier-premium-negro-copia\/\" \/>\n<meta property=\"og:locale\" content=\"es_ES\" \/>\n<meta property=\"og:type\" content=\"article\" \/>\n<meta property=\"og:title\" content=\"LE CREUSET Sacacorchos Amico del Sommelier Premium Madera\" \/>\n<meta property=\"og:description\" content=\"Los entusiastas del vino conf\u00edan en el sacacorchos de camarero compacto para abrir botellas sin esfuerzo. El elegante dise\u00f1o permite un apalancamiento\" \/>\n<meta property=\"og:url\" content=\"https:\/\/www.erresse-shop.it\/es\/shop\/tabla\/vino\/sacacorchos\/le-creuset-sacacorchos-amico-del-sommelier-premium-negro-copia\/\" \/>\n<meta property=\"og:site_name\" content=\"Erresse Shop\" \/>\n<meta property=\"article:modified_time\" content=\"2024-11-15T08:47:45+00:00\" \/>\n<meta property=\"og:image\" content=\"https:\/\/www.erresse-shop.it\/wp-content\/uploads\/2024\/11\/LE-CREUSET-Cavatappi-Amico-del-Sommelier-Premium-Legno.jpg\" \/>\n\t<meta property=\"og:image:width\" content=\"1200\" \/>\n\t<meta property=\"og:image:height\" content=\"1200\" \/>\n\t<meta property=\"og:image:type\" content=\"image\/jpeg\" \/>\n<meta name=\"twitter:card\" content=\"summary_large_image\" \/>\n<script type=\"application\/ld+json\" class=\"yoast-schema-graph\">{\"@context\":\"https:\/\/schema.org\",\"@graph\":[{\"@type\":\"WebPage\",\"@id\":\"https:\/\/www.erresse-shop.it\/es\/shop\/tabla\/vino\/sacacorchos\/le-creuset-sacacorchos-amico-del-sommelier-premium-negro-copia\/\",\"url\":\"https:\/\/www.erresse-shop.it\/es\/shop\/tabla\/vino\/sacacorchos\/le-creuset-sacacorchos-amico-del-sommelier-premium-negro-copia\/\",\"name\":\"LE CREUSET Sacacorchos Amico del Sommelier Premium Madera - Erresse Shop\",\"isPartOf\":{\"@id\":\"https:\/\/www.erresse-shop.it\/es\/#website\"},\"datePublished\":\"2024-11-15T08:38:15+00:00\",\"dateModified\":\"2024-11-15T08:47:45+00:00\",\"description\":\"Los entusiastas del vino conf\u00edan en el sacacorchos de camarero compacto para abrir botellas sin esfuerzo. El elegante dise\u00f1o permite un apalancamiento\",\"breadcrumb\":{\"@id\":\"https:\/\/www.erresse-shop.it\/es\/shop\/tabla\/vino\/sacacorchos\/le-creuset-sacacorchos-amico-del-sommelier-premium-negro-copia\/#breadcrumb\"},\"inLanguage\":\"es\",\"potentialAction\":[{\"@type\":\"ReadAction\",\"target\":[\"https:\/\/www.erresse-shop.it\/es\/shop\/tabla\/vino\/sacacorchos\/le-creuset-sacacorchos-amico-del-sommelier-premium-negro-copia\/\"]}]},{\"@type\":\"BreadcrumbList\",\"@id\":\"https:\/\/www.erresse-shop.it\/es\/shop\/tabla\/vino\/sacacorchos\/le-creuset-sacacorchos-amico-del-sommelier-premium-negro-copia\/#breadcrumb\",\"itemListElement\":[{\"@type\":\"ListItem\",\"position\":1,\"name\":\"Home\",\"item\":\"https:\/\/www.erresse-shop.it\/es\/\"},{\"@type\":\"ListItem\",\"position\":2,\"name\":\"Shop\",\"item\":\"https:\/\/www.erresse-shop.it\/es\/shop\/\"},{\"@type\":\"ListItem\",\"position\":3,\"name\":\"LE CREUSET Sacacorchos Amico del Sommelier Premium Madera\"}]},{\"@type\":\"WebSite\",\"@id\":\"https:\/\/www.erresse-shop.it\/es\/#website\",\"url\":\"https:\/\/www.erresse-shop.it\/es\/\",\"name\":\"Erresse Shop\",\"description\":\"Articoli di qualit\u00e0 per la casa\",\"potentialAction\":[{\"@type\":\"SearchAction\",\"target\":{\"@type\":\"EntryPoint\",\"urlTemplate\":\"https:\/\/www.erresse-shop.it\/es\/?s={search_term_string}\"},\"query-input\":\"required name=search_term_string\"}],\"inLanguage\":\"es\"}]}<\/script>\n<!-- \/ Yoast SEO Premium plugin. -->","yoast_head_json":{"title":"LE CREUSET Sacacorchos Amico del Sommelier Premium Madera - Erresse Shop","description":"Los entusiastas del vino conf\u00edan en el sacacorchos de camarero compacto para abrir botellas sin esfuerzo. El elegante dise\u00f1o permite un apalancamiento","robots":{"index":"index","follow":"follow","max-snippet":"max-snippet:-1","max-image-preview":"max-image-preview:large","max-video-preview":"max-video-preview:-1"},"canonical":"https:\/\/www.erresse-shop.it\/es\/shop\/tabla\/vino\/sacacorchos\/le-creuset-sacacorchos-amico-del-sommelier-premium-negro-copia\/","og_locale":"es_ES","og_type":"article","og_title":"LE CREUSET Sacacorchos Amico del Sommelier Premium Madera","og_description":"Los entusiastas del vino conf\u00edan en el sacacorchos de camarero compacto para abrir botellas sin esfuerzo. El elegante dise\u00f1o permite un apalancamiento","og_url":"https:\/\/www.erresse-shop.it\/es\/shop\/tabla\/vino\/sacacorchos\/le-creuset-sacacorchos-amico-del-sommelier-premium-negro-copia\/","og_site_name":"Erresse Shop","article_modified_time":"2024-11-15T08:47:45+00:00","og_image":[{"width":1200,"height":1200,"url":"https:\/\/www.erresse-shop.it\/wp-content\/uploads\/2024\/11\/LE-CREUSET-Cavatappi-Amico-del-Sommelier-Premium-Legno.jpg","type":"image\/jpeg"}],"twitter_card":"summary_large_image","schema":{"@context":"https:\/\/schema.org","@graph":[{"@type":"WebPage","@id":"https:\/\/www.erresse-shop.it\/es\/shop\/tabla\/vino\/sacacorchos\/le-creuset-sacacorchos-amico-del-sommelier-premium-negro-copia\/","url":"https:\/\/www.erresse-shop.it\/es\/shop\/tabla\/vino\/sacacorchos\/le-creuset-sacacorchos-amico-del-sommelier-premium-negro-copia\/","name":"LE CREUSET Sacacorchos Amico del Sommelier Premium Madera - Erresse Shop","isPartOf":{"@id":"https:\/\/www.erresse-shop.it\/es\/#website"},"datePublished":"2024-11-15T08:38:15+00:00","dateModified":"2024-11-15T08:47:45+00:00","description":"Los entusiastas del vino conf\u00edan en el sacacorchos de camarero compacto para abrir botellas sin esfuerzo. El elegante dise\u00f1o permite un apalancamiento","breadcrumb":{"@id":"https:\/\/www.erresse-shop.it\/es\/shop\/tabla\/vino\/sacacorchos\/le-creuset-sacacorchos-amico-del-sommelier-premium-negro-copia\/#breadcrumb"},"inLanguage":"es","potentialAction":[{"@type":"ReadAction","target":["https:\/\/www.erresse-shop.it\/es\/shop\/tabla\/vino\/sacacorchos\/le-creuset-sacacorchos-amico-del-sommelier-premium-negro-copia\/"]}]},{"@type":"BreadcrumbList","@id":"https:\/\/www.erresse-shop.it\/es\/shop\/tabla\/vino\/sacacorchos\/le-creuset-sacacorchos-amico-del-sommelier-premium-negro-copia\/#breadcrumb","itemListElement":[{"@type":"ListItem","position":1,"name":"Home","item":"https:\/\/www.erresse-shop.it\/es\/"},{"@type":"ListItem","position":2,"name":"Shop","item":"https:\/\/www.erresse-shop.it\/es\/shop\/"},{"@type":"ListItem","position":3,"name":"LE CREUSET Sacacorchos Amico del Sommelier Premium Madera"}]},{"@type":"WebSite","@id":"https:\/\/www.erresse-shop.it\/es\/#website","url":"https:\/\/www.erresse-shop.it\/es\/","name":"Erresse Shop","description":"Articoli di qualit\u00e0 per la casa","potentialAction":[{"@type":"SearchAction","target":{"@type":"EntryPoint","urlTemplate":"https:\/\/www.erresse-shop.it\/es\/?s={search_term_string}"},"query-input":"required name=search_term_string"}],"inLanguage":"es"}]}},"df_price":37.95,"df_sale_price":37.95,"df_regular_price":49,"df_image_link":"https:\/\/www.erresse-shop.it\/wp-content\/uploads\/2024\/11\/LE-CREUSET-Cavatappi-Amico-del-Sommelier-Premium-Legno-300x300.jpg","_links":{"self":[{"href":"https:\/\/www.erresse-shop.it\/es\/wp-json\/wp\/v2\/product\/447615"}],"collection":[{"href":"https:\/\/www.erresse-shop.it\/es\/wp-json\/wp\/v2\/product"}],"about":[{"href":"https:\/\/www.erresse-shop.it\/es\/wp-json\/wp\/v2\/types\/product"}],"wp:featuredmedia":[{"embeddable":true,"href":"https:\/\/www.erresse-shop.it\/es\/wp-json\/wp\/v2\/media\/447634"}],"wp:attachment":[{"href":"https:\/\/www.erresse-shop.it\/es\/wp-json\/wp\/v2\/media?parent=447615"}],"wp:term":[{"taxonomy":"product_cat","embeddable":true,"href":"https:\/\/www.erresse-shop.it\/es\/wp-json\/wp\/v2\/product_cat?post=447615"},{"taxonomy":"product_tag","embeddable":true,"href":"https:\/\/www.erresse-shop.it\/es\/wp-json\/wp\/v2\/product_tag?post=447615"}],"curies":[{"name":"wp","href":"https:\/\/api.w.org\/{rel}","templated":true}]}}