{"id":447537,"date":"2024-11-15T07:47:11","date_gmt":"2024-11-15T07:47:13","guid":{"rendered":"https:\/\/www.erresse-shop.it\/?post_type=product&#038;p=447537"},"modified":"2024-11-15T08:15:31","modified_gmt":"2024-11-15T08:15:31","slug":"le-creuset-cocotte-pumpkin-evolution-de-hierro-fundido-24-cm-blanco-copia","status":"publish","type":"product","link":"https:\/\/www.erresse-shop.it\/es\/shop\/tabla\/vino\/sacacorchos\/le-creuset-cocotte-pumpkin-evolution-de-hierro-fundido-24-cm-blanco-copia\/","title":{"rendered":"LE CREUSET WT-110 Sacacorchos Amico del Sommelier con Tap\u00f3n de Madera GS-190"},"content":{"rendered":"<p class=\"mb-3\" style=\"text-align: justify;\">Con caracter\u00edsticas y colores realistas, nuestra cocotte de calabaza de hierro fundido vitrificado seguramente ser\u00e1 un tema de conversaci\u00f3n en la mesa. Tiene una capacidad de 3,7 litros y un mango con forma aut\u00e9ntica para un agarre c\u00f3modo. Adem\u00e1s, la base plana facilita la agitaci\u00f3n, perfecta para guisos o sopas a fuego lento.<\/p>\n<ul>\n<li>\n<p class=\"mb-3\">Limpieza r\u00e1pida: una fina capa interior vitrificada facilita la limpieza.<\/p>\n<\/li>\n<li>\n<p class=\"mb-3\">Versatilidad: este producto es apto para horno, vitrocer\u00e1mica y horno en modo grill.<\/p>\n<\/li>\n<li>\n<p class=\"mb-3\">Comida de excelente sabor: el hierro fundido vitrificado retiene el calor para cocinar y dorar de manera uniforme. Tus deliciosas creaciones se mantendr\u00e1n calientes por m\u00e1s tiempo incluso en la mesa.<\/p>\n<\/li>\n<li>\n<p class=\"mb-3\">Conserva la suculencia: nuestra tapa conserva el vapor generado al cocinar los alimentos y realza los sabores, para obtener resultados de cocci\u00f3n extraordinarios.<\/p>\n<\/li>\n<li>\n<p class=\"mb-3\">No demasiado caliente: cocine a fuego constante, bajo a medio, para cuidar su producto de hierro fundido y lograr resultados deliciosos.<\/p>\n<\/li>\n<li>\n<p class=\"mb-3\">Los mejores de su clase: nuestros productos se fabrican con los mejores materiales en f\u00e1bricas ubicadas en todo el mundo para garantizar la calidad que espera de Le\u00a0Creuset.<\/p>\n<\/li>\n<\/ul>\n<p>Material: hierro fundido vitrificado<br \/>\nFabricado en: Francia<br \/>\nGarant\u00eda: de por vida<\/p>\n<p>Capacidad: 3.7L<\/p>\n<p><strong>Fuente de calor:<\/strong><\/p>\n<ul>\n<li>Horno<\/li>\n<li>Horno modo grill<\/li>\n<li>Cocina el\u00e9ctrica<\/li>\n<li>Vidrio cer\u00e1mico<\/li>\n<li>Cocina de gas<\/li>\n<li>Placa de inducci\u00f3n<\/li>\n<\/ul>\n<p><strong>Limpieza y cuidado:<\/strong><\/p>\n<ul>\n<li class=\"mb-3\">Espera a que el producto se enfr\u00ede por completo antes de comenzar a limpiarlo.<\/li>\n<li class=\"mb-3\">Elimine cualquier residuo de comida de la base y los bordes del producto. Para residuos de comida rebeldes, llene el producto con agua tibia y jab\u00f3n y d\u00e9jelo en remojo durante 15 a 20 minutos antes de lavarlo como de costumbre.<\/li>\n<li class=\"mb-3\">No utilice limpiadores abrasivos ni metales, estropajos ni cepillos muy duros y r\u00edgidos para limpiar ninguna de las superficies.<\/li>\n<li class=\"mb-3\">Despu\u00e9s del lavado, seque el producto con cuidado y gu\u00e1rdelo en un lugar seco.<\/li>\n<\/ul>\n","protected":false},"excerpt":{"rendered":"<p>Con caracter\u00edsticas y colores realistas, nuestra cocotte de calabaza de hierro fundido vitrificado seguramente ser\u00e1 un tema de conversaci\u00f3n en<\/p>\n","protected":false},"featured_media":447568,"template":"","meta":{"_acf_changed":false,"inline_featured_image":false},"product_cat":[16053,16027,16051],"product_tag":[25090,16590,21204,25023,16887],"acf":[],"yoast_head":"<!-- This site is optimized with the Yoast SEO Premium plugin v18.6 (Yoast SEO v19.13) - https:\/\/yoast.com\/wordpress\/plugins\/seo\/ -->\n<title>LE CREUSET WT-110 Sacacorchos Amico del Sommelier con Tap\u00f3n de Madera GS-190 - Erresse Shop<\/title>\n<meta name=\"description\" content=\"Con caracter\u00edsticas y colores realistas, nuestra cocotte de calabaza de hierro fundido vitrificado seguramente ser\u00e1 un tema de conversaci\u00f3n en la mesa.\" \/>\n<meta name=\"robots\" content=\"index, follow, max-snippet:-1, max-image-preview:large, max-video-preview:-1\" \/>\n<link rel=\"canonical\" href=\"https:\/\/www.erresse-shop.it\/es\/shop\/tabla\/vino\/sacacorchos\/le-creuset-cocotte-pumpkin-evolution-de-hierro-fundido-24-cm-blanco-copia\/\" \/>\n<meta property=\"og:locale\" content=\"es_ES\" \/>\n<meta property=\"og:type\" content=\"article\" \/>\n<meta property=\"og:title\" content=\"LE CREUSET WT-110 Sacacorchos Amico del Sommelier con Tap\u00f3n de Madera GS-190\" \/>\n<meta property=\"og:description\" content=\"Con caracter\u00edsticas y colores realistas, nuestra cocotte de calabaza de hierro fundido vitrificado seguramente ser\u00e1 un tema de conversaci\u00f3n en la mesa.\" \/>\n<meta property=\"og:url\" content=\"https:\/\/www.erresse-shop.it\/es\/shop\/tabla\/vino\/sacacorchos\/le-creuset-cocotte-pumpkin-evolution-de-hierro-fundido-24-cm-blanco-copia\/\" \/>\n<meta property=\"og:site_name\" content=\"Erresse Shop\" \/>\n<meta property=\"article:modified_time\" content=\"2024-11-15T08:15:31+00:00\" \/>\n<meta property=\"og:image\" content=\"https:\/\/www.erresse-shop.it\/wp-content\/uploads\/2024\/11\/LE-CREUSET-Cavatappi-Amico-del-Sommelier-WT-110-con-Tappo-in-Legno-GS-190.jpg\" \/>\n\t<meta property=\"og:image:width\" content=\"1200\" \/>\n\t<meta property=\"og:image:height\" content=\"1200\" \/>\n\t<meta property=\"og:image:type\" content=\"image\/jpeg\" \/>\n<meta name=\"twitter:card\" content=\"summary_large_image\" \/>\n<script type=\"application\/ld+json\" class=\"yoast-schema-graph\">{\"@context\":\"https:\/\/schema.org\",\"@graph\":[{\"@type\":\"WebPage\",\"@id\":\"https:\/\/www.erresse-shop.it\/es\/shop\/tabla\/vino\/sacacorchos\/le-creuset-cocotte-pumpkin-evolution-de-hierro-fundido-24-cm-blanco-copia\/\",\"url\":\"https:\/\/www.erresse-shop.it\/es\/shop\/tabla\/vino\/sacacorchos\/le-creuset-cocotte-pumpkin-evolution-de-hierro-fundido-24-cm-blanco-copia\/\",\"name\":\"LE CREUSET WT-110 Sacacorchos Amico del Sommelier con Tap\u00f3n de Madera GS-190 - Erresse Shop\",\"isPartOf\":{\"@id\":\"https:\/\/www.erresse-shop.it\/es\/#website\"},\"datePublished\":\"2024-11-15T07:47:13+00:00\",\"dateModified\":\"2024-11-15T08:15:31+00:00\",\"description\":\"Con caracter\u00edsticas y colores realistas, nuestra cocotte de calabaza de hierro fundido vitrificado seguramente ser\u00e1 un tema de conversaci\u00f3n en la mesa.\",\"breadcrumb\":{\"@id\":\"https:\/\/www.erresse-shop.it\/es\/shop\/tabla\/vino\/sacacorchos\/le-creuset-cocotte-pumpkin-evolution-de-hierro-fundido-24-cm-blanco-copia\/#breadcrumb\"},\"inLanguage\":\"es\",\"potentialAction\":[{\"@type\":\"ReadAction\",\"target\":[\"https:\/\/www.erresse-shop.it\/es\/shop\/tabla\/vino\/sacacorchos\/le-creuset-cocotte-pumpkin-evolution-de-hierro-fundido-24-cm-blanco-copia\/\"]}]},{\"@type\":\"BreadcrumbList\",\"@id\":\"https:\/\/www.erresse-shop.it\/es\/shop\/tabla\/vino\/sacacorchos\/le-creuset-cocotte-pumpkin-evolution-de-hierro-fundido-24-cm-blanco-copia\/#breadcrumb\",\"itemListElement\":[{\"@type\":\"ListItem\",\"position\":1,\"name\":\"Home\",\"item\":\"https:\/\/www.erresse-shop.it\/es\/\"},{\"@type\":\"ListItem\",\"position\":2,\"name\":\"Shop\",\"item\":\"https:\/\/www.erresse-shop.it\/es\/shop\/\"},{\"@type\":\"ListItem\",\"position\":3,\"name\":\"LE CREUSET WT-110 Sacacorchos Amico del Sommelier con Tap\u00f3n de Madera GS-190\"}]},{\"@type\":\"WebSite\",\"@id\":\"https:\/\/www.erresse-shop.it\/es\/#website\",\"url\":\"https:\/\/www.erresse-shop.it\/es\/\",\"name\":\"Erresse Shop\",\"description\":\"Articoli di qualit\u00e0 per la casa\",\"potentialAction\":[{\"@type\":\"SearchAction\",\"target\":{\"@type\":\"EntryPoint\",\"urlTemplate\":\"https:\/\/www.erresse-shop.it\/es\/?s={search_term_string}\"},\"query-input\":\"required name=search_term_string\"}],\"inLanguage\":\"es\"}]}<\/script>\n<!-- \/ Yoast SEO Premium plugin. -->","yoast_head_json":{"title":"LE CREUSET WT-110 Sacacorchos Amico del Sommelier con Tap\u00f3n de Madera GS-190 - Erresse Shop","description":"Con caracter\u00edsticas y colores realistas, nuestra cocotte de calabaza de hierro fundido vitrificado seguramente ser\u00e1 un tema de conversaci\u00f3n en la mesa.","robots":{"index":"index","follow":"follow","max-snippet":"max-snippet:-1","max-image-preview":"max-image-preview:large","max-video-preview":"max-video-preview:-1"},"canonical":"https:\/\/www.erresse-shop.it\/es\/shop\/tabla\/vino\/sacacorchos\/le-creuset-cocotte-pumpkin-evolution-de-hierro-fundido-24-cm-blanco-copia\/","og_locale":"es_ES","og_type":"article","og_title":"LE CREUSET WT-110 Sacacorchos Amico del Sommelier con Tap\u00f3n de Madera GS-190","og_description":"Con caracter\u00edsticas y colores realistas, nuestra cocotte de calabaza de hierro fundido vitrificado seguramente ser\u00e1 un tema de conversaci\u00f3n en la mesa.","og_url":"https:\/\/www.erresse-shop.it\/es\/shop\/tabla\/vino\/sacacorchos\/le-creuset-cocotte-pumpkin-evolution-de-hierro-fundido-24-cm-blanco-copia\/","og_site_name":"Erresse Shop","article_modified_time":"2024-11-15T08:15:31+00:00","og_image":[{"width":1200,"height":1200,"url":"https:\/\/www.erresse-shop.it\/wp-content\/uploads\/2024\/11\/LE-CREUSET-Cavatappi-Amico-del-Sommelier-WT-110-con-Tappo-in-Legno-GS-190.jpg","type":"image\/jpeg"}],"twitter_card":"summary_large_image","schema":{"@context":"https:\/\/schema.org","@graph":[{"@type":"WebPage","@id":"https:\/\/www.erresse-shop.it\/es\/shop\/tabla\/vino\/sacacorchos\/le-creuset-cocotte-pumpkin-evolution-de-hierro-fundido-24-cm-blanco-copia\/","url":"https:\/\/www.erresse-shop.it\/es\/shop\/tabla\/vino\/sacacorchos\/le-creuset-cocotte-pumpkin-evolution-de-hierro-fundido-24-cm-blanco-copia\/","name":"LE CREUSET WT-110 Sacacorchos Amico del Sommelier con Tap\u00f3n de Madera GS-190 - Erresse Shop","isPartOf":{"@id":"https:\/\/www.erresse-shop.it\/es\/#website"},"datePublished":"2024-11-15T07:47:13+00:00","dateModified":"2024-11-15T08:15:31+00:00","description":"Con caracter\u00edsticas y colores realistas, nuestra cocotte de calabaza de hierro fundido vitrificado seguramente ser\u00e1 un tema de conversaci\u00f3n en la mesa.","breadcrumb":{"@id":"https:\/\/www.erresse-shop.it\/es\/shop\/tabla\/vino\/sacacorchos\/le-creuset-cocotte-pumpkin-evolution-de-hierro-fundido-24-cm-blanco-copia\/#breadcrumb"},"inLanguage":"es","potentialAction":[{"@type":"ReadAction","target":["https:\/\/www.erresse-shop.it\/es\/shop\/tabla\/vino\/sacacorchos\/le-creuset-cocotte-pumpkin-evolution-de-hierro-fundido-24-cm-blanco-copia\/"]}]},{"@type":"BreadcrumbList","@id":"https:\/\/www.erresse-shop.it\/es\/shop\/tabla\/vino\/sacacorchos\/le-creuset-cocotte-pumpkin-evolution-de-hierro-fundido-24-cm-blanco-copia\/#breadcrumb","itemListElement":[{"@type":"ListItem","position":1,"name":"Home","item":"https:\/\/www.erresse-shop.it\/es\/"},{"@type":"ListItem","position":2,"name":"Shop","item":"https:\/\/www.erresse-shop.it\/es\/shop\/"},{"@type":"ListItem","position":3,"name":"LE CREUSET WT-110 Sacacorchos Amico del Sommelier con Tap\u00f3n de Madera GS-190"}]},{"@type":"WebSite","@id":"https:\/\/www.erresse-shop.it\/es\/#website","url":"https:\/\/www.erresse-shop.it\/es\/","name":"Erresse Shop","description":"Articoli di qualit\u00e0 per la casa","potentialAction":[{"@type":"SearchAction","target":{"@type":"EntryPoint","urlTemplate":"https:\/\/www.erresse-shop.it\/es\/?s={search_term_string}"},"query-input":"required name=search_term_string"}],"inLanguage":"es"}]}},"df_price":35.550000000000004,"df_sale_price":35.550000000000004,"df_regular_price":79,"df_image_link":"https:\/\/www.erresse-shop.it\/wp-content\/uploads\/2024\/11\/LE-CREUSET-Cavatappi-Amico-del-Sommelier-WT-110-con-Tappo-in-Legno-GS-190-300x300.jpg","_links":{"self":[{"href":"https:\/\/www.erresse-shop.it\/es\/wp-json\/wp\/v2\/product\/447537"}],"collection":[{"href":"https:\/\/www.erresse-shop.it\/es\/wp-json\/wp\/v2\/product"}],"about":[{"href":"https:\/\/www.erresse-shop.it\/es\/wp-json\/wp\/v2\/types\/product"}],"wp:featuredmedia":[{"embeddable":true,"href":"https:\/\/www.erresse-shop.it\/es\/wp-json\/wp\/v2\/media\/447568"}],"wp:attachment":[{"href":"https:\/\/www.erresse-shop.it\/es\/wp-json\/wp\/v2\/media?parent=447537"}],"wp:term":[{"taxonomy":"product_cat","embeddable":true,"href":"https:\/\/www.erresse-shop.it\/es\/wp-json\/wp\/v2\/product_cat?post=447537"},{"taxonomy":"product_tag","embeddable":true,"href":"https:\/\/www.erresse-shop.it\/es\/wp-json\/wp\/v2\/product_tag?post=447537"}],"curies":[{"name":"wp","href":"https:\/\/api.w.org\/{rel}","templated":true}]}}