{"id":447039,"date":"2024-11-14T11:04:35","date_gmt":"2024-11-14T11:04:36","guid":{"rendered":"https:\/\/www.erresse-shop.it\/?post_type=product&#038;p=447039"},"modified":"2024-11-14T11:22:21","modified_gmt":"2024-11-14T11:22:21","slug":"le-creuset-plato-holly-19-cm-cerezo-copia-3","status":"publish","type":"product","link":"https:\/\/www.erresse-shop.it\/es\/shop\/tabla\/platos\/le-creuset-plato-holly-19-cm-cerezo-copia-3\/","title":{"rendered":"LE CREUSET Plato Plano Estrella 20 cm Cereza"},"content":{"rendered":"<p>Nuestro plato estrella de gres vitrificado es el complemento perfecto para su fiesta. Dise\u00f1ado para servir una gran variedad de aperitivos, este plato en forma de estrella a\u00f1ade un toque de encanto a cualquier mesa. Es f\u00e1cil de limpiar, apto para lavavajillas y resistente a ara\u00f1azos y manchas.<\/p>\n<ul>\n<li>Siempre a la altura: nuestro gres vitrificado es resistente a los ara\u00f1azos y f\u00e1cil de limpiar.<\/li>\n<li>Estructura perfecta: fabricados con cer\u00e1mica de alta calidad, nuestros productos de gres vitrificado mantienen una temperatura uniforme y garantizan resistencia y durabilidad.<\/li>\n<li>Apto tanto para fr\u00edo como para calor: nuestro gres vitrificado es resistente al calor desde -23\u00b0C hasta +260\u00b0C.<\/li>\n<li>Los mejores de su clase: nuestros productos se elaboran con los mejores materiales en f\u00e1bricas de todo el mundo para garantizar la calidad que espera de Le Creuset.<\/li>\n<\/ul>\n<p>Material: Gres esmaltado<br \/>\nFabricado en: Tailandia<br \/>\nDurabilidad: 10 a\u00f1os<\/p>\n<p><strong>Fuente de calor:<\/strong><\/p>\n<ul>\n<li>Horno<\/li>\n<li>Modo grill del horno<\/li>\n<li>Microondas<\/li>\n<\/ul>\n<p><strong>Limpieza y cuidados:<\/strong><\/p>\n<ul>\n<li>Espere a que el producto se enfr\u00ede completamente antes de empezar a limpiarlo.<\/li>\n<li>Elimine cualquier residuo de la base y los bordes del producto. En caso de residuos de comida persistentes, llene el producto con agua jabonosa tibia y d\u00e9jelo en remojo durante 15-20 minutos antes de lavarlo como de costumbre.<\/li>\n<li>Lave y seque a mano. O introduzca su producto de gres vitrificado en el lavavajillas para un ciclo completo.<\/li>\n<\/ul>\n","protected":false},"excerpt":{"rendered":"<p>Nuestro plato estrella de gres vitrificado es el complemento perfecto para su fiesta. Dise\u00f1ado para servir una gran variedad de<\/p>\n","protected":false},"featured_media":447063,"template":"","meta":{"_acf_changed":false,"inline_featured_image":false},"product_cat":[16031,16027],"product_tag":[21093,16133,16361,19362],"acf":[],"yoast_head":"<!-- This site is optimized with the Yoast SEO Premium plugin v18.6 (Yoast SEO v19.13) - https:\/\/yoast.com\/wordpress\/plugins\/seo\/ -->\n<title>LE CREUSET Plato Plano Estrella 20 cm Cereza - Erresse Shop<\/title>\n<meta name=\"description\" content=\"Nuestro plato estrella de gres vitrificado es el complemento perfecto para su fiesta. Dise\u00f1ado para servir una gran variedad de aperitivos, este plato en\" \/>\n<meta name=\"robots\" content=\"index, follow, max-snippet:-1, max-image-preview:large, max-video-preview:-1\" \/>\n<link rel=\"canonical\" href=\"https:\/\/www.erresse-shop.it\/es\/shop\/tabla\/platos\/le-creuset-plato-holly-19-cm-cerezo-copia-3\/\" \/>\n<meta property=\"og:locale\" content=\"es_ES\" \/>\n<meta property=\"og:type\" content=\"article\" \/>\n<meta property=\"og:title\" content=\"LE CREUSET Plato Plano Estrella 20 cm Cereza\" \/>\n<meta property=\"og:description\" content=\"Nuestro plato estrella de gres vitrificado es el complemento perfecto para su fiesta. Dise\u00f1ado para servir una gran variedad de aperitivos, este plato en\" \/>\n<meta property=\"og:url\" content=\"https:\/\/www.erresse-shop.it\/es\/shop\/tabla\/platos\/le-creuset-plato-holly-19-cm-cerezo-copia-3\/\" \/>\n<meta property=\"og:site_name\" content=\"Erresse Shop\" \/>\n<meta property=\"article:modified_time\" content=\"2024-11-14T11:22:21+00:00\" \/>\n<meta property=\"og:image\" content=\"https:\/\/www.erresse-shop.it\/wp-content\/uploads\/2024\/11\/LE-CREUSET-Piatto-Piano-Stella-20-cm-Ciliegia.jpg\" \/>\n\t<meta property=\"og:image:width\" content=\"1200\" \/>\n\t<meta property=\"og:image:height\" content=\"1200\" \/>\n\t<meta property=\"og:image:type\" content=\"image\/jpeg\" \/>\n<meta name=\"twitter:card\" content=\"summary_large_image\" \/>\n<script type=\"application\/ld+json\" class=\"yoast-schema-graph\">{\"@context\":\"https:\/\/schema.org\",\"@graph\":[{\"@type\":\"WebPage\",\"@id\":\"https:\/\/www.erresse-shop.it\/es\/shop\/tabla\/platos\/le-creuset-plato-holly-19-cm-cerezo-copia-3\/\",\"url\":\"https:\/\/www.erresse-shop.it\/es\/shop\/tabla\/platos\/le-creuset-plato-holly-19-cm-cerezo-copia-3\/\",\"name\":\"LE CREUSET Plato Plano Estrella 20 cm Cereza - Erresse Shop\",\"isPartOf\":{\"@id\":\"https:\/\/www.erresse-shop.it\/es\/#website\"},\"datePublished\":\"2024-11-14T11:04:36+00:00\",\"dateModified\":\"2024-11-14T11:22:21+00:00\",\"description\":\"Nuestro plato estrella de gres vitrificado es el complemento perfecto para su fiesta. Dise\u00f1ado para servir una gran variedad de aperitivos, este plato en\",\"breadcrumb\":{\"@id\":\"https:\/\/www.erresse-shop.it\/es\/shop\/tabla\/platos\/le-creuset-plato-holly-19-cm-cerezo-copia-3\/#breadcrumb\"},\"inLanguage\":\"es\",\"potentialAction\":[{\"@type\":\"ReadAction\",\"target\":[\"https:\/\/www.erresse-shop.it\/es\/shop\/tabla\/platos\/le-creuset-plato-holly-19-cm-cerezo-copia-3\/\"]}]},{\"@type\":\"BreadcrumbList\",\"@id\":\"https:\/\/www.erresse-shop.it\/es\/shop\/tabla\/platos\/le-creuset-plato-holly-19-cm-cerezo-copia-3\/#breadcrumb\",\"itemListElement\":[{\"@type\":\"ListItem\",\"position\":1,\"name\":\"Home\",\"item\":\"https:\/\/www.erresse-shop.it\/es\/\"},{\"@type\":\"ListItem\",\"position\":2,\"name\":\"Shop\",\"item\":\"https:\/\/www.erresse-shop.it\/es\/shop\/\"},{\"@type\":\"ListItem\",\"position\":3,\"name\":\"LE CREUSET Plato Plano Estrella 20 cm Cereza\"}]},{\"@type\":\"WebSite\",\"@id\":\"https:\/\/www.erresse-shop.it\/es\/#website\",\"url\":\"https:\/\/www.erresse-shop.it\/es\/\",\"name\":\"Erresse Shop\",\"description\":\"Articoli di qualit\u00e0 per la casa\",\"potentialAction\":[{\"@type\":\"SearchAction\",\"target\":{\"@type\":\"EntryPoint\",\"urlTemplate\":\"https:\/\/www.erresse-shop.it\/es\/?s={search_term_string}\"},\"query-input\":\"required name=search_term_string\"}],\"inLanguage\":\"es\"}]}<\/script>\n<!-- \/ Yoast SEO Premium plugin. -->","yoast_head_json":{"title":"LE CREUSET Plato Plano Estrella 20 cm Cereza - Erresse Shop","description":"Nuestro plato estrella de gres vitrificado es el complemento perfecto para su fiesta. Dise\u00f1ado para servir una gran variedad de aperitivos, este plato en","robots":{"index":"index","follow":"follow","max-snippet":"max-snippet:-1","max-image-preview":"max-image-preview:large","max-video-preview":"max-video-preview:-1"},"canonical":"https:\/\/www.erresse-shop.it\/es\/shop\/tabla\/platos\/le-creuset-plato-holly-19-cm-cerezo-copia-3\/","og_locale":"es_ES","og_type":"article","og_title":"LE CREUSET Plato Plano Estrella 20 cm Cereza","og_description":"Nuestro plato estrella de gres vitrificado es el complemento perfecto para su fiesta. Dise\u00f1ado para servir una gran variedad de aperitivos, este plato en","og_url":"https:\/\/www.erresse-shop.it\/es\/shop\/tabla\/platos\/le-creuset-plato-holly-19-cm-cerezo-copia-3\/","og_site_name":"Erresse Shop","article_modified_time":"2024-11-14T11:22:21+00:00","og_image":[{"width":1200,"height":1200,"url":"https:\/\/www.erresse-shop.it\/wp-content\/uploads\/2024\/11\/LE-CREUSET-Piatto-Piano-Stella-20-cm-Ciliegia.jpg","type":"image\/jpeg"}],"twitter_card":"summary_large_image","schema":{"@context":"https:\/\/schema.org","@graph":[{"@type":"WebPage","@id":"https:\/\/www.erresse-shop.it\/es\/shop\/tabla\/platos\/le-creuset-plato-holly-19-cm-cerezo-copia-3\/","url":"https:\/\/www.erresse-shop.it\/es\/shop\/tabla\/platos\/le-creuset-plato-holly-19-cm-cerezo-copia-3\/","name":"LE CREUSET Plato Plano Estrella 20 cm Cereza - Erresse Shop","isPartOf":{"@id":"https:\/\/www.erresse-shop.it\/es\/#website"},"datePublished":"2024-11-14T11:04:36+00:00","dateModified":"2024-11-14T11:22:21+00:00","description":"Nuestro plato estrella de gres vitrificado es el complemento perfecto para su fiesta. Dise\u00f1ado para servir una gran variedad de aperitivos, este plato en","breadcrumb":{"@id":"https:\/\/www.erresse-shop.it\/es\/shop\/tabla\/platos\/le-creuset-plato-holly-19-cm-cerezo-copia-3\/#breadcrumb"},"inLanguage":"es","potentialAction":[{"@type":"ReadAction","target":["https:\/\/www.erresse-shop.it\/es\/shop\/tabla\/platos\/le-creuset-plato-holly-19-cm-cerezo-copia-3\/"]}]},{"@type":"BreadcrumbList","@id":"https:\/\/www.erresse-shop.it\/es\/shop\/tabla\/platos\/le-creuset-plato-holly-19-cm-cerezo-copia-3\/#breadcrumb","itemListElement":[{"@type":"ListItem","position":1,"name":"Home","item":"https:\/\/www.erresse-shop.it\/es\/"},{"@type":"ListItem","position":2,"name":"Shop","item":"https:\/\/www.erresse-shop.it\/es\/shop\/"},{"@type":"ListItem","position":3,"name":"LE CREUSET Plato Plano Estrella 20 cm Cereza"}]},{"@type":"WebSite","@id":"https:\/\/www.erresse-shop.it\/es\/#website","url":"https:\/\/www.erresse-shop.it\/es\/","name":"Erresse Shop","description":"Articoli di qualit\u00e0 per la casa","potentialAction":[{"@type":"SearchAction","target":{"@type":"EntryPoint","urlTemplate":"https:\/\/www.erresse-shop.it\/es\/?s={search_term_string}"},"query-input":"required name=search_term_string"}],"inLanguage":"es"}]}},"df_price":13.2,"df_sale_price":13.2,"df_regular_price":22,"df_image_link":"https:\/\/www.erresse-shop.it\/wp-content\/uploads\/2024\/11\/LE-CREUSET-Piatto-Piano-Stella-20-cm-Ciliegia-300x300.jpg","_links":{"self":[{"href":"https:\/\/www.erresse-shop.it\/es\/wp-json\/wp\/v2\/product\/447039"}],"collection":[{"href":"https:\/\/www.erresse-shop.it\/es\/wp-json\/wp\/v2\/product"}],"about":[{"href":"https:\/\/www.erresse-shop.it\/es\/wp-json\/wp\/v2\/types\/product"}],"wp:featuredmedia":[{"embeddable":true,"href":"https:\/\/www.erresse-shop.it\/es\/wp-json\/wp\/v2\/media\/447063"}],"wp:attachment":[{"href":"https:\/\/www.erresse-shop.it\/es\/wp-json\/wp\/v2\/media?parent=447039"}],"wp:term":[{"taxonomy":"product_cat","embeddable":true,"href":"https:\/\/www.erresse-shop.it\/es\/wp-json\/wp\/v2\/product_cat?post=447039"},{"taxonomy":"product_tag","embeddable":true,"href":"https:\/\/www.erresse-shop.it\/es\/wp-json\/wp\/v2\/product_tag?post=447039"}],"curies":[{"name":"wp","href":"https:\/\/api.w.org\/{rel}","templated":true}]}}