{"id":446840,"date":"2024-11-14T09:28:29","date_gmt":"2024-11-14T09:28:31","guid":{"rendered":"https:\/\/www.erresse-shop.it\/?post_type=product&#038;p=446840"},"modified":"2024-11-14T09:48:52","modified_gmt":"2024-11-14T09:48:52","slug":"le-creuset-plato-plano-arbol-de-navidad-19-cm-alcachofa-verde-copia","status":"publish","type":"product","link":"https:\/\/www.erresse-shop.it\/es\/shop\/tabla\/platos\/le-creuset-plato-plano-arbol-de-navidad-19-cm-alcachofa-verde-copia\/","title":{"rendered":"LE CREUSET Set 4 Mini Platos de Navidad"},"content":{"rendered":"<p>Este juego de 4 miniplatos navide\u00f1os es un complemento esencial para tu cocina en estas fiestas. Con diversas formas, que incluyen una campana, un mu\u00f1eco de nieve, un \u00e1rbol de Navidad y una casa de pan de jengibre, estos platos son perfectos para hornear y servir tus delicias navide\u00f1as.<\/p>\n<p style=\"text-align: justify;\"><strong>Detalles del producto:<\/strong><\/p>\n<ul>\n<li>\n<p class=\"mb-3\">Siempre a la altura: nuestro gres vitrificado es resistente a los ara\u00f1azos y f\u00e1cil de limpiar.<\/p>\n<\/li>\n<li>\n<p class=\"mb-3\">Excelencia artesanal: fabricados con gres de alta calidad, nuestros productos de gres vitrificado mantienen temperaturas uniformes y garantizan resistencia y durabilidad en el tiempo.<\/p>\n<\/li>\n<li>\n<p class=\"mb-3\">Apto tanto para el calor como para el fr\u00edo: nuestro gres vitrificado es resistente al calor de -23\u00b0C a +260\u00b0C.<\/p>\n<\/li>\n<li>\n<p class=\"mb-3\">Lo mejor de su clase: nuestros productos est\u00e1n fabricados con los mejores materiales para garantizar la m\u00e1s alta calidad.<\/p>\n<\/li>\n<\/ul>\n<p class=\"mb-3\">Material: Gres Vitrificado<\/p>\n<p>Hecho en china<br \/>\nGarant\u00eda: 10 a\u00f1os<\/p>\n<p><strong>Fuente de calor:<\/strong><\/p>\n<ul>\n<li>Horno<\/li>\n<li>Horno modo grill<\/li>\n<li>Microondas<\/li>\n<\/ul>\n<p><strong>Limpieza y cuidado:<\/strong><\/p>\n<ul>\n<li clase=\"mb-3\">\n<p class=\"mb-3\">Espera a que el producto se enfr\u00ede por completo antes de comenzar a limpiarlo.<\/p>\n<p clase=\"mb-3\">\n<\/li>\n<li clase=\"mb-3\">\n<p class=\"mb-3\">Eliminar cualquier residuo de la base y bordes del producto. Para residuos de comida rebeldes, llene el producto con agua tibia y jab\u00f3n y d\u00e9jelo en remojo durante 15 a 20 minutos antes de lavarlo.<\/p>\n<p clase=\"mb-3\">\n<\/li>\n<li clase=\"mb-3\">\n<p class=\"mb-3\">Lava y seca a mano, o coloca tu producto de gres vitrificado en el lavavajillas durante un ciclo completo.<\/p>\n<\/li>\n<\/ul>\n","protected":false},"excerpt":{"rendered":"<p>Este juego de 4 miniplatos navide\u00f1os es un complemento esencial para tu cocina en estas fiestas. Con diversas formas, que<\/p>\n","protected":false},"featured_media":446864,"template":"","meta":{"_acf_changed":false,"inline_featured_image":false},"product_cat":[16031,16027],"product_tag":[21093,21947,16133,16361,19362,21973],"acf":[],"yoast_head":"<!-- This site is optimized with the Yoast SEO Premium plugin v18.6 (Yoast SEO v19.13) - https:\/\/yoast.com\/wordpress\/plugins\/seo\/ -->\n<title>LE CREUSET Set 4 Mini Platos de Navidad - Erresse Shop<\/title>\n<meta name=\"description\" content=\"Este juego de 4 miniplatos navide\u00f1os es un complemento esencial para tu cocina en estas fiestas. Con diversas formas, que incluyen una campana, un mu\u00f1eco\" \/>\n<meta name=\"robots\" content=\"index, follow, max-snippet:-1, max-image-preview:large, max-video-preview:-1\" \/>\n<link rel=\"canonical\" href=\"https:\/\/www.erresse-shop.it\/es\/shop\/tabla\/platos\/le-creuset-plato-plano-arbol-de-navidad-19-cm-alcachofa-verde-copia\/\" \/>\n<meta property=\"og:locale\" content=\"es_ES\" \/>\n<meta property=\"og:type\" content=\"article\" \/>\n<meta property=\"og:title\" content=\"LE CREUSET Set 4 Mini Platos de Navidad\" \/>\n<meta property=\"og:description\" content=\"Este juego de 4 miniplatos navide\u00f1os es un complemento esencial para tu cocina en estas fiestas. Con diversas formas, que incluyen una campana, un mu\u00f1eco\" \/>\n<meta property=\"og:url\" content=\"https:\/\/www.erresse-shop.it\/es\/shop\/tabla\/platos\/le-creuset-plato-plano-arbol-de-navidad-19-cm-alcachofa-verde-copia\/\" \/>\n<meta property=\"og:site_name\" content=\"Erresse Shop\" \/>\n<meta property=\"article:modified_time\" content=\"2024-11-14T09:48:52+00:00\" \/>\n<meta property=\"og:image\" content=\"https:\/\/www.erresse-shop.it\/wp-content\/uploads\/2024\/11\/LE-CREUSET-Set-4-Mini-Piatti-Natale.jpg\" \/>\n\t<meta property=\"og:image:width\" content=\"1200\" \/>\n\t<meta property=\"og:image:height\" content=\"1200\" \/>\n\t<meta property=\"og:image:type\" content=\"image\/jpeg\" \/>\n<meta name=\"twitter:card\" content=\"summary_large_image\" \/>\n<script type=\"application\/ld+json\" class=\"yoast-schema-graph\">{\"@context\":\"https:\/\/schema.org\",\"@graph\":[{\"@type\":\"WebPage\",\"@id\":\"https:\/\/www.erresse-shop.it\/es\/shop\/tabla\/platos\/le-creuset-plato-plano-arbol-de-navidad-19-cm-alcachofa-verde-copia\/\",\"url\":\"https:\/\/www.erresse-shop.it\/es\/shop\/tabla\/platos\/le-creuset-plato-plano-arbol-de-navidad-19-cm-alcachofa-verde-copia\/\",\"name\":\"LE CREUSET Set 4 Mini Platos de Navidad - Erresse Shop\",\"isPartOf\":{\"@id\":\"https:\/\/www.erresse-shop.it\/es\/#website\"},\"datePublished\":\"2024-11-14T09:28:31+00:00\",\"dateModified\":\"2024-11-14T09:48:52+00:00\",\"description\":\"Este juego de 4 miniplatos navide\u00f1os es un complemento esencial para tu cocina en estas fiestas. Con diversas formas, que incluyen una campana, un mu\u00f1eco\",\"breadcrumb\":{\"@id\":\"https:\/\/www.erresse-shop.it\/es\/shop\/tabla\/platos\/le-creuset-plato-plano-arbol-de-navidad-19-cm-alcachofa-verde-copia\/#breadcrumb\"},\"inLanguage\":\"es\",\"potentialAction\":[{\"@type\":\"ReadAction\",\"target\":[\"https:\/\/www.erresse-shop.it\/es\/shop\/tabla\/platos\/le-creuset-plato-plano-arbol-de-navidad-19-cm-alcachofa-verde-copia\/\"]}]},{\"@type\":\"BreadcrumbList\",\"@id\":\"https:\/\/www.erresse-shop.it\/es\/shop\/tabla\/platos\/le-creuset-plato-plano-arbol-de-navidad-19-cm-alcachofa-verde-copia\/#breadcrumb\",\"itemListElement\":[{\"@type\":\"ListItem\",\"position\":1,\"name\":\"Home\",\"item\":\"https:\/\/www.erresse-shop.it\/es\/\"},{\"@type\":\"ListItem\",\"position\":2,\"name\":\"Shop\",\"item\":\"https:\/\/www.erresse-shop.it\/es\/shop\/\"},{\"@type\":\"ListItem\",\"position\":3,\"name\":\"LE CREUSET Set 4 Mini Platos de Navidad\"}]},{\"@type\":\"WebSite\",\"@id\":\"https:\/\/www.erresse-shop.it\/es\/#website\",\"url\":\"https:\/\/www.erresse-shop.it\/es\/\",\"name\":\"Erresse Shop\",\"description\":\"Articoli di qualit\u00e0 per la casa\",\"potentialAction\":[{\"@type\":\"SearchAction\",\"target\":{\"@type\":\"EntryPoint\",\"urlTemplate\":\"https:\/\/www.erresse-shop.it\/es\/?s={search_term_string}\"},\"query-input\":\"required name=search_term_string\"}],\"inLanguage\":\"es\"}]}<\/script>\n<!-- \/ Yoast SEO Premium plugin. -->","yoast_head_json":{"title":"LE CREUSET Set 4 Mini Platos de Navidad - Erresse Shop","description":"Este juego de 4 miniplatos navide\u00f1os es un complemento esencial para tu cocina en estas fiestas. Con diversas formas, que incluyen una campana, un mu\u00f1eco","robots":{"index":"index","follow":"follow","max-snippet":"max-snippet:-1","max-image-preview":"max-image-preview:large","max-video-preview":"max-video-preview:-1"},"canonical":"https:\/\/www.erresse-shop.it\/es\/shop\/tabla\/platos\/le-creuset-plato-plano-arbol-de-navidad-19-cm-alcachofa-verde-copia\/","og_locale":"es_ES","og_type":"article","og_title":"LE CREUSET Set 4 Mini Platos de Navidad","og_description":"Este juego de 4 miniplatos navide\u00f1os es un complemento esencial para tu cocina en estas fiestas. Con diversas formas, que incluyen una campana, un mu\u00f1eco","og_url":"https:\/\/www.erresse-shop.it\/es\/shop\/tabla\/platos\/le-creuset-plato-plano-arbol-de-navidad-19-cm-alcachofa-verde-copia\/","og_site_name":"Erresse Shop","article_modified_time":"2024-11-14T09:48:52+00:00","og_image":[{"width":1200,"height":1200,"url":"https:\/\/www.erresse-shop.it\/wp-content\/uploads\/2024\/11\/LE-CREUSET-Set-4-Mini-Piatti-Natale.jpg","type":"image\/jpeg"}],"twitter_card":"summary_large_image","schema":{"@context":"https:\/\/schema.org","@graph":[{"@type":"WebPage","@id":"https:\/\/www.erresse-shop.it\/es\/shop\/tabla\/platos\/le-creuset-plato-plano-arbol-de-navidad-19-cm-alcachofa-verde-copia\/","url":"https:\/\/www.erresse-shop.it\/es\/shop\/tabla\/platos\/le-creuset-plato-plano-arbol-de-navidad-19-cm-alcachofa-verde-copia\/","name":"LE CREUSET Set 4 Mini Platos de Navidad - Erresse Shop","isPartOf":{"@id":"https:\/\/www.erresse-shop.it\/es\/#website"},"datePublished":"2024-11-14T09:28:31+00:00","dateModified":"2024-11-14T09:48:52+00:00","description":"Este juego de 4 miniplatos navide\u00f1os es un complemento esencial para tu cocina en estas fiestas. Con diversas formas, que incluyen una campana, un mu\u00f1eco","breadcrumb":{"@id":"https:\/\/www.erresse-shop.it\/es\/shop\/tabla\/platos\/le-creuset-plato-plano-arbol-de-navidad-19-cm-alcachofa-verde-copia\/#breadcrumb"},"inLanguage":"es","potentialAction":[{"@type":"ReadAction","target":["https:\/\/www.erresse-shop.it\/es\/shop\/tabla\/platos\/le-creuset-plato-plano-arbol-de-navidad-19-cm-alcachofa-verde-copia\/"]}]},{"@type":"BreadcrumbList","@id":"https:\/\/www.erresse-shop.it\/es\/shop\/tabla\/platos\/le-creuset-plato-plano-arbol-de-navidad-19-cm-alcachofa-verde-copia\/#breadcrumb","itemListElement":[{"@type":"ListItem","position":1,"name":"Home","item":"https:\/\/www.erresse-shop.it\/es\/"},{"@type":"ListItem","position":2,"name":"Shop","item":"https:\/\/www.erresse-shop.it\/es\/shop\/"},{"@type":"ListItem","position":3,"name":"LE CREUSET Set 4 Mini Platos de Navidad"}]},{"@type":"WebSite","@id":"https:\/\/www.erresse-shop.it\/es\/#website","url":"https:\/\/www.erresse-shop.it\/es\/","name":"Erresse Shop","description":"Articoli di qualit\u00e0 per la casa","potentialAction":[{"@type":"SearchAction","target":{"@type":"EntryPoint","urlTemplate":"https:\/\/www.erresse-shop.it\/es\/?s={search_term_string}"},"query-input":"required name=search_term_string"}],"inLanguage":"es"}]}},"df_price":34.8,"df_sale_price":34.8,"df_regular_price":58,"df_image_link":"https:\/\/www.erresse-shop.it\/wp-content\/uploads\/2024\/11\/LE-CREUSET-Set-4-Mini-Piatti-Natale-300x300.jpg","_links":{"self":[{"href":"https:\/\/www.erresse-shop.it\/es\/wp-json\/wp\/v2\/product\/446840"}],"collection":[{"href":"https:\/\/www.erresse-shop.it\/es\/wp-json\/wp\/v2\/product"}],"about":[{"href":"https:\/\/www.erresse-shop.it\/es\/wp-json\/wp\/v2\/types\/product"}],"wp:featuredmedia":[{"embeddable":true,"href":"https:\/\/www.erresse-shop.it\/es\/wp-json\/wp\/v2\/media\/446864"}],"wp:attachment":[{"href":"https:\/\/www.erresse-shop.it\/es\/wp-json\/wp\/v2\/media?parent=446840"}],"wp:term":[{"taxonomy":"product_cat","embeddable":true,"href":"https:\/\/www.erresse-shop.it\/es\/wp-json\/wp\/v2\/product_cat?post=446840"},{"taxonomy":"product_tag","embeddable":true,"href":"https:\/\/www.erresse-shop.it\/es\/wp-json\/wp\/v2\/product_tag?post=446840"}],"curies":[{"name":"wp","href":"https:\/\/api.w.org\/{rel}","templated":true}]}}