{"id":446654,"date":"2024-11-14T07:42:12","date_gmt":"2024-11-14T07:42:14","guid":{"rendered":"https:\/\/www.erresse-shop.it\/?post_type=product&#038;p=446654"},"modified":"2024-11-14T07:59:55","modified_gmt":"2024-11-14T07:59:55","slug":"le-creuset-taza-londres-350-ml-papa-noel-copia","status":"publish","type":"product","link":"https:\/\/www.erresse-shop.it\/es\/shop\/tabla\/tazas\/le-creuset-taza-londres-350-ml-papa-noel-copia\/","title":{"rendered":"LE CREUSET Taza Londres 350 ml \u00c1rbol de Navidad"},"content":{"rendered":"<p>Entra en el esp\u00edritu festivo con esta taza de coleccionista en gres vitrificado. Con un dise\u00f1o de \u00e1rbol de Navidad con apliques dorados y envuelta individualmente, es el regalo perfecto para estas fiestas. Sirve bebidas calientes a tus invitados y disfruta de una taza de alegr\u00eda navide\u00f1a.<\/p>\n<p style=\"text-align: justify;\"><strong>Detalles del producto:<\/strong><\/p>\n<ul>\n<li>\n<p class=\"mb-3\">Siempre a la altura: nuestro gres vitrificado es resistente a los ara\u00f1azos y f\u00e1cil de limpiar.<\/p>\n<\/li>\n<li>\n<p class=\"mb-3\">Estructura perfecta: fabricados con cer\u00e1mica de alta calidad, nuestros productos de gres vitrificado mantienen temperaturas uniformes y garantizan resistencia y durabilidad en el tiempo.<\/p>\n<\/li>\n<li>\n<p class=\"mb-3\">Apto tanto para el calor como para el fr\u00edo: nuestro gres vitrificado es resistente al calor de -23\u00b0C a +260\u00b0C.<\/p>\n<\/li>\n<li>\n<p class=\"mb-3\">Lo mejor de su clase: nuestros productos se fabrican con los mejores materiales en f\u00e1bricas ubicadas en todo el mundo para garantizar la calidad que espera de Le Creuset.<\/p>\n<\/li>\n<\/ul>\n<p class=\"mb-3\">Material: Gres Vitrificado<\/p>\n<p>Fabricado en: Tailandia<br \/>\nGarant\u00eda: 10 a\u00f1os<\/p>\n<p>Capacidad: 0,35 L<\/p>\n<p><strong>Fuente de calor:<\/strong><\/p>\n<ul>\n<li>Horno<\/li>\n<li>Horno modo grill<\/li>\n<\/ul>\n<p><strong>Limpieza y cuidado:<\/strong><\/p>\n<ul>\n<li class=\"mb-3\">Espera a que el producto se enfr\u00ede por completo antes de comenzar a limpiarlo.<\/li>\n<li class=\"mb-3\">Elimine cualquier residuo de la base y los bordes del producto. Para residuos de comida rebeldes, llene el producto con agua tibia y jab\u00f3n y d\u00e9jelo en remojo durante 15 a 20 minutos antes de lavarlo como de costumbre.<\/li>\n<\/ul>\n","protected":false},"excerpt":{"rendered":"<p>Entra en el esp\u00edritu festivo con esta taza de coleccionista en gres vitrificado. Con un dise\u00f1o de \u00e1rbol de Navidad<\/p>\n","protected":false},"featured_media":446684,"template":"","meta":{"_acf_changed":false,"inline_featured_image":false},"product_cat":[16027,16034],"product_tag":[21093,16342,16574,17518],"acf":[],"yoast_head":"<!-- This site is optimized with the Yoast SEO Premium plugin v18.6 (Yoast SEO v19.13) - https:\/\/yoast.com\/wordpress\/plugins\/seo\/ -->\n<title>LE CREUSET Taza Londres 350 ml \u00c1rbol de Navidad - Erresse Shop<\/title>\n<meta name=\"description\" content=\"Entra en el esp\u00edritu festivo con esta taza de coleccionista en gres vitrificado. Con un dise\u00f1o de \u00e1rbol de Navidad con apliques dorados y envuelta\" \/>\n<meta name=\"robots\" content=\"index, follow, max-snippet:-1, max-image-preview:large, max-video-preview:-1\" \/>\n<link rel=\"canonical\" href=\"https:\/\/www.erresse-shop.it\/es\/shop\/tabla\/tazas\/le-creuset-taza-londres-350-ml-papa-noel-copia\/\" \/>\n<meta property=\"og:locale\" content=\"es_ES\" \/>\n<meta property=\"og:type\" content=\"article\" \/>\n<meta property=\"og:title\" content=\"LE CREUSET Taza Londres 350 ml \u00c1rbol de Navidad\" \/>\n<meta property=\"og:description\" content=\"Entra en el esp\u00edritu festivo con esta taza de coleccionista en gres vitrificado. Con un dise\u00f1o de \u00e1rbol de Navidad con apliques dorados y envuelta\" \/>\n<meta property=\"og:url\" content=\"https:\/\/www.erresse-shop.it\/es\/shop\/tabla\/tazas\/le-creuset-taza-londres-350-ml-papa-noel-copia\/\" \/>\n<meta property=\"og:site_name\" content=\"Erresse Shop\" \/>\n<meta property=\"article:modified_time\" content=\"2024-11-14T07:59:55+00:00\" \/>\n<meta property=\"og:image\" content=\"https:\/\/www.erresse-shop.it\/wp-content\/uploads\/2024\/11\/LE-CREUSET-Tazza-Mug-London-350-ml-Albero-di-Natale.jpg\" \/>\n\t<meta property=\"og:image:width\" content=\"1200\" \/>\n\t<meta property=\"og:image:height\" content=\"1200\" \/>\n\t<meta property=\"og:image:type\" content=\"image\/jpeg\" \/>\n<meta name=\"twitter:card\" content=\"summary_large_image\" \/>\n<script type=\"application\/ld+json\" class=\"yoast-schema-graph\">{\"@context\":\"https:\/\/schema.org\",\"@graph\":[{\"@type\":\"WebPage\",\"@id\":\"https:\/\/www.erresse-shop.it\/es\/shop\/tabla\/tazas\/le-creuset-taza-londres-350-ml-papa-noel-copia\/\",\"url\":\"https:\/\/www.erresse-shop.it\/es\/shop\/tabla\/tazas\/le-creuset-taza-londres-350-ml-papa-noel-copia\/\",\"name\":\"LE CREUSET Taza Londres 350 ml \u00c1rbol de Navidad - Erresse Shop\",\"isPartOf\":{\"@id\":\"https:\/\/www.erresse-shop.it\/es\/#website\"},\"datePublished\":\"2024-11-14T07:42:14+00:00\",\"dateModified\":\"2024-11-14T07:59:55+00:00\",\"description\":\"Entra en el esp\u00edritu festivo con esta taza de coleccionista en gres vitrificado. Con un dise\u00f1o de \u00e1rbol de Navidad con apliques dorados y envuelta\",\"breadcrumb\":{\"@id\":\"https:\/\/www.erresse-shop.it\/es\/shop\/tabla\/tazas\/le-creuset-taza-londres-350-ml-papa-noel-copia\/#breadcrumb\"},\"inLanguage\":\"es\",\"potentialAction\":[{\"@type\":\"ReadAction\",\"target\":[\"https:\/\/www.erresse-shop.it\/es\/shop\/tabla\/tazas\/le-creuset-taza-londres-350-ml-papa-noel-copia\/\"]}]},{\"@type\":\"BreadcrumbList\",\"@id\":\"https:\/\/www.erresse-shop.it\/es\/shop\/tabla\/tazas\/le-creuset-taza-londres-350-ml-papa-noel-copia\/#breadcrumb\",\"itemListElement\":[{\"@type\":\"ListItem\",\"position\":1,\"name\":\"Home\",\"item\":\"https:\/\/www.erresse-shop.it\/es\/\"},{\"@type\":\"ListItem\",\"position\":2,\"name\":\"Shop\",\"item\":\"https:\/\/www.erresse-shop.it\/es\/shop\/\"},{\"@type\":\"ListItem\",\"position\":3,\"name\":\"LE CREUSET Taza Londres 350 ml \u00c1rbol de Navidad\"}]},{\"@type\":\"WebSite\",\"@id\":\"https:\/\/www.erresse-shop.it\/es\/#website\",\"url\":\"https:\/\/www.erresse-shop.it\/es\/\",\"name\":\"Erresse Shop\",\"description\":\"Articoli di qualit\u00e0 per la casa\",\"potentialAction\":[{\"@type\":\"SearchAction\",\"target\":{\"@type\":\"EntryPoint\",\"urlTemplate\":\"https:\/\/www.erresse-shop.it\/es\/?s={search_term_string}\"},\"query-input\":\"required name=search_term_string\"}],\"inLanguage\":\"es\"}]}<\/script>\n<!-- \/ Yoast SEO Premium plugin. -->","yoast_head_json":{"title":"LE CREUSET Taza Londres 350 ml \u00c1rbol de Navidad - Erresse Shop","description":"Entra en el esp\u00edritu festivo con esta taza de coleccionista en gres vitrificado. Con un dise\u00f1o de \u00e1rbol de Navidad con apliques dorados y envuelta","robots":{"index":"index","follow":"follow","max-snippet":"max-snippet:-1","max-image-preview":"max-image-preview:large","max-video-preview":"max-video-preview:-1"},"canonical":"https:\/\/www.erresse-shop.it\/es\/shop\/tabla\/tazas\/le-creuset-taza-londres-350-ml-papa-noel-copia\/","og_locale":"es_ES","og_type":"article","og_title":"LE CREUSET Taza Londres 350 ml \u00c1rbol de Navidad","og_description":"Entra en el esp\u00edritu festivo con esta taza de coleccionista en gres vitrificado. Con un dise\u00f1o de \u00e1rbol de Navidad con apliques dorados y envuelta","og_url":"https:\/\/www.erresse-shop.it\/es\/shop\/tabla\/tazas\/le-creuset-taza-londres-350-ml-papa-noel-copia\/","og_site_name":"Erresse Shop","article_modified_time":"2024-11-14T07:59:55+00:00","og_image":[{"width":1200,"height":1200,"url":"https:\/\/www.erresse-shop.it\/wp-content\/uploads\/2024\/11\/LE-CREUSET-Tazza-Mug-London-350-ml-Albero-di-Natale.jpg","type":"image\/jpeg"}],"twitter_card":"summary_large_image","schema":{"@context":"https:\/\/schema.org","@graph":[{"@type":"WebPage","@id":"https:\/\/www.erresse-shop.it\/es\/shop\/tabla\/tazas\/le-creuset-taza-londres-350-ml-papa-noel-copia\/","url":"https:\/\/www.erresse-shop.it\/es\/shop\/tabla\/tazas\/le-creuset-taza-londres-350-ml-papa-noel-copia\/","name":"LE CREUSET Taza Londres 350 ml \u00c1rbol de Navidad - Erresse Shop","isPartOf":{"@id":"https:\/\/www.erresse-shop.it\/es\/#website"},"datePublished":"2024-11-14T07:42:14+00:00","dateModified":"2024-11-14T07:59:55+00:00","description":"Entra en el esp\u00edritu festivo con esta taza de coleccionista en gres vitrificado. Con un dise\u00f1o de \u00e1rbol de Navidad con apliques dorados y envuelta","breadcrumb":{"@id":"https:\/\/www.erresse-shop.it\/es\/shop\/tabla\/tazas\/le-creuset-taza-londres-350-ml-papa-noel-copia\/#breadcrumb"},"inLanguage":"es","potentialAction":[{"@type":"ReadAction","target":["https:\/\/www.erresse-shop.it\/es\/shop\/tabla\/tazas\/le-creuset-taza-londres-350-ml-papa-noel-copia\/"]}]},{"@type":"BreadcrumbList","@id":"https:\/\/www.erresse-shop.it\/es\/shop\/tabla\/tazas\/le-creuset-taza-londres-350-ml-papa-noel-copia\/#breadcrumb","itemListElement":[{"@type":"ListItem","position":1,"name":"Home","item":"https:\/\/www.erresse-shop.it\/es\/"},{"@type":"ListItem","position":2,"name":"Shop","item":"https:\/\/www.erresse-shop.it\/es\/shop\/"},{"@type":"ListItem","position":3,"name":"LE CREUSET Taza Londres 350 ml \u00c1rbol de Navidad"}]},{"@type":"WebSite","@id":"https:\/\/www.erresse-shop.it\/es\/#website","url":"https:\/\/www.erresse-shop.it\/es\/","name":"Erresse Shop","description":"Articoli di qualit\u00e0 per la casa","potentialAction":[{"@type":"SearchAction","target":{"@type":"EntryPoint","urlTemplate":"https:\/\/www.erresse-shop.it\/es\/?s={search_term_string}"},"query-input":"required name=search_term_string"}],"inLanguage":"es"}]}},"df_price":16.2,"df_sale_price":16.2,"df_regular_price":27,"df_image_link":"https:\/\/www.erresse-shop.it\/wp-content\/uploads\/2024\/11\/LE-CREUSET-Tazza-Mug-London-350-ml-Albero-di-Natale-300x300.jpg","_links":{"self":[{"href":"https:\/\/www.erresse-shop.it\/es\/wp-json\/wp\/v2\/product\/446654"}],"collection":[{"href":"https:\/\/www.erresse-shop.it\/es\/wp-json\/wp\/v2\/product"}],"about":[{"href":"https:\/\/www.erresse-shop.it\/es\/wp-json\/wp\/v2\/types\/product"}],"wp:featuredmedia":[{"embeddable":true,"href":"https:\/\/www.erresse-shop.it\/es\/wp-json\/wp\/v2\/media\/446684"}],"wp:attachment":[{"href":"https:\/\/www.erresse-shop.it\/es\/wp-json\/wp\/v2\/media?parent=446654"}],"wp:term":[{"taxonomy":"product_cat","embeddable":true,"href":"https:\/\/www.erresse-shop.it\/es\/wp-json\/wp\/v2\/product_cat?post=446654"},{"taxonomy":"product_tag","embeddable":true,"href":"https:\/\/www.erresse-shop.it\/es\/wp-json\/wp\/v2\/product_tag?post=446654"}],"curies":[{"name":"wp","href":"https:\/\/api.w.org\/{rel}","templated":true}]}}