{"id":446554,"date":"2024-11-13T14:49:39","date_gmt":"2024-11-13T14:49:40","guid":{"rendered":"https:\/\/www.erresse-shop.it\/?post_type=product&#038;p=446554"},"modified":"2024-11-13T15:08:16","modified_gmt":"2024-11-13T15:08:16","slug":"le-creuset-cazuela-de-mango-largo-holly-21-cm-cereza-copia","status":"publish","type":"product","link":"https:\/\/www.erresse-shop.it\/es\/shop\/sartenes-y-ollas\/marmitas-y-cocottes\/le-creuset-cazuela-de-mango-largo-holly-21-cm-cereza-copia\/","title":{"rendered":"LE CREUSET Perilla de evoluci\u00f3n con estrella dorada"},"content":{"rendered":"<p>Dale un toque chic a tus cocottes de hierro fundido vitrificado con nuestro pomo Evolution estrella dorada. El elegante acabado dorado a\u00f1ade un toque de sofisticaci\u00f3n y combina perfectamente con todos los colores de cocotte. Con su dise\u00f1o \u00fanico, este pomo es imprescindible para las fiestas. Adem\u00e1s, se puede utilizar en el horno hasta 260\u00b0C para una m\u00e1xima versatilidad.<\/p>\n<p style=\"text-align: justify;\"><strong>Detalles del producto:<\/strong><\/p>\n<ul>\n<li>\n<p class=\"mb-3\">Lo mejor de su clase: nuestros productos se fabrican con los mejores materiales en f\u00e1bricas ubicadas en todo el mundo para garantizar la calidad que espera de Le Creuset.<\/p>\n<\/li>\n<\/ul>\n<p>Material: acero inoxidable<br \/>\nHecho en china<\/p>\n<p><strong>Fuente de calor:<\/strong><\/p>\n<ul>\n<li>Horno<\/li>\n<li>Horno modo grill<\/li>\n<\/ul>\n","protected":false},"excerpt":{"rendered":"<p>Dale un toque chic a tus cocottes de hierro fundido vitrificado con nuestro pomo Evolution estrella dorada. El elegante acabado<\/p>\n","protected":false},"featured_media":446578,"template":"","meta":{"_acf_changed":false,"inline_featured_image":false},"product_cat":[16065,16058],"product_tag":[16162,17104,16158,21093],"acf":[],"yoast_head":"<!-- This site is optimized with the Yoast SEO Premium plugin v18.6 (Yoast SEO v19.13) - https:\/\/yoast.com\/wordpress\/plugins\/seo\/ -->\n<title>LE CREUSET Perilla de evoluci\u00f3n con estrella dorada - Erresse Shop<\/title>\n<meta name=\"description\" content=\"Dale un toque chic a tus cocottes de hierro fundido vitrificado con nuestro pomo Evolution estrella dorada. El elegante acabado dorado a\u00f1ade un toque de\" \/>\n<meta name=\"robots\" content=\"index, follow, max-snippet:-1, max-image-preview:large, max-video-preview:-1\" \/>\n<link rel=\"canonical\" href=\"https:\/\/www.erresse-shop.it\/es\/shop\/sartenes-y-ollas\/marmitas-y-cocottes\/le-creuset-cazuela-de-mango-largo-holly-21-cm-cereza-copia\/\" \/>\n<meta property=\"og:locale\" content=\"es_ES\" \/>\n<meta property=\"og:type\" content=\"article\" \/>\n<meta property=\"og:title\" content=\"LE CREUSET Perilla de evoluci\u00f3n con estrella dorada\" \/>\n<meta property=\"og:description\" content=\"Dale un toque chic a tus cocottes de hierro fundido vitrificado con nuestro pomo Evolution estrella dorada. El elegante acabado dorado a\u00f1ade un toque de\" \/>\n<meta property=\"og:url\" content=\"https:\/\/www.erresse-shop.it\/es\/shop\/sartenes-y-ollas\/marmitas-y-cocottes\/le-creuset-cazuela-de-mango-largo-holly-21-cm-cereza-copia\/\" \/>\n<meta property=\"og:site_name\" content=\"Erresse Shop\" \/>\n<meta property=\"article:modified_time\" content=\"2024-11-13T15:08:16+00:00\" \/>\n<meta property=\"og:image\" content=\"https:\/\/www.erresse-shop.it\/wp-content\/uploads\/2024\/11\/LE-CREUSET-Pomolo-Evolution-Stella-Oro.jpg\" \/>\n\t<meta property=\"og:image:width\" content=\"1200\" \/>\n\t<meta property=\"og:image:height\" content=\"1200\" \/>\n\t<meta property=\"og:image:type\" content=\"image\/jpeg\" \/>\n<meta name=\"twitter:card\" content=\"summary_large_image\" \/>\n<script type=\"application\/ld+json\" class=\"yoast-schema-graph\">{\"@context\":\"https:\/\/schema.org\",\"@graph\":[{\"@type\":\"WebPage\",\"@id\":\"https:\/\/www.erresse-shop.it\/es\/shop\/sartenes-y-ollas\/marmitas-y-cocottes\/le-creuset-cazuela-de-mango-largo-holly-21-cm-cereza-copia\/\",\"url\":\"https:\/\/www.erresse-shop.it\/es\/shop\/sartenes-y-ollas\/marmitas-y-cocottes\/le-creuset-cazuela-de-mango-largo-holly-21-cm-cereza-copia\/\",\"name\":\"LE CREUSET Perilla de evoluci\u00f3n con estrella dorada - Erresse Shop\",\"isPartOf\":{\"@id\":\"https:\/\/www.erresse-shop.it\/es\/#website\"},\"datePublished\":\"2024-11-13T14:49:40+00:00\",\"dateModified\":\"2024-11-13T15:08:16+00:00\",\"description\":\"Dale un toque chic a tus cocottes de hierro fundido vitrificado con nuestro pomo Evolution estrella dorada. El elegante acabado dorado a\u00f1ade un toque de\",\"breadcrumb\":{\"@id\":\"https:\/\/www.erresse-shop.it\/es\/shop\/sartenes-y-ollas\/marmitas-y-cocottes\/le-creuset-cazuela-de-mango-largo-holly-21-cm-cereza-copia\/#breadcrumb\"},\"inLanguage\":\"es\",\"potentialAction\":[{\"@type\":\"ReadAction\",\"target\":[\"https:\/\/www.erresse-shop.it\/es\/shop\/sartenes-y-ollas\/marmitas-y-cocottes\/le-creuset-cazuela-de-mango-largo-holly-21-cm-cereza-copia\/\"]}]},{\"@type\":\"BreadcrumbList\",\"@id\":\"https:\/\/www.erresse-shop.it\/es\/shop\/sartenes-y-ollas\/marmitas-y-cocottes\/le-creuset-cazuela-de-mango-largo-holly-21-cm-cereza-copia\/#breadcrumb\",\"itemListElement\":[{\"@type\":\"ListItem\",\"position\":1,\"name\":\"Home\",\"item\":\"https:\/\/www.erresse-shop.it\/es\/\"},{\"@type\":\"ListItem\",\"position\":2,\"name\":\"Shop\",\"item\":\"https:\/\/www.erresse-shop.it\/es\/shop\/\"},{\"@type\":\"ListItem\",\"position\":3,\"name\":\"LE CREUSET Perilla de evoluci\u00f3n con estrella dorada\"}]},{\"@type\":\"WebSite\",\"@id\":\"https:\/\/www.erresse-shop.it\/es\/#website\",\"url\":\"https:\/\/www.erresse-shop.it\/es\/\",\"name\":\"Erresse Shop\",\"description\":\"Articoli di qualit\u00e0 per la casa\",\"potentialAction\":[{\"@type\":\"SearchAction\",\"target\":{\"@type\":\"EntryPoint\",\"urlTemplate\":\"https:\/\/www.erresse-shop.it\/es\/?s={search_term_string}\"},\"query-input\":\"required name=search_term_string\"}],\"inLanguage\":\"es\"}]}<\/script>\n<!-- \/ Yoast SEO Premium plugin. -->","yoast_head_json":{"title":"LE CREUSET Perilla de evoluci\u00f3n con estrella dorada - Erresse Shop","description":"Dale un toque chic a tus cocottes de hierro fundido vitrificado con nuestro pomo Evolution estrella dorada. El elegante acabado dorado a\u00f1ade un toque de","robots":{"index":"index","follow":"follow","max-snippet":"max-snippet:-1","max-image-preview":"max-image-preview:large","max-video-preview":"max-video-preview:-1"},"canonical":"https:\/\/www.erresse-shop.it\/es\/shop\/sartenes-y-ollas\/marmitas-y-cocottes\/le-creuset-cazuela-de-mango-largo-holly-21-cm-cereza-copia\/","og_locale":"es_ES","og_type":"article","og_title":"LE CREUSET Perilla de evoluci\u00f3n con estrella dorada","og_description":"Dale un toque chic a tus cocottes de hierro fundido vitrificado con nuestro pomo Evolution estrella dorada. El elegante acabado dorado a\u00f1ade un toque de","og_url":"https:\/\/www.erresse-shop.it\/es\/shop\/sartenes-y-ollas\/marmitas-y-cocottes\/le-creuset-cazuela-de-mango-largo-holly-21-cm-cereza-copia\/","og_site_name":"Erresse Shop","article_modified_time":"2024-11-13T15:08:16+00:00","og_image":[{"width":1200,"height":1200,"url":"https:\/\/www.erresse-shop.it\/wp-content\/uploads\/2024\/11\/LE-CREUSET-Pomolo-Evolution-Stella-Oro.jpg","type":"image\/jpeg"}],"twitter_card":"summary_large_image","schema":{"@context":"https:\/\/schema.org","@graph":[{"@type":"WebPage","@id":"https:\/\/www.erresse-shop.it\/es\/shop\/sartenes-y-ollas\/marmitas-y-cocottes\/le-creuset-cazuela-de-mango-largo-holly-21-cm-cereza-copia\/","url":"https:\/\/www.erresse-shop.it\/es\/shop\/sartenes-y-ollas\/marmitas-y-cocottes\/le-creuset-cazuela-de-mango-largo-holly-21-cm-cereza-copia\/","name":"LE CREUSET Perilla de evoluci\u00f3n con estrella dorada - Erresse Shop","isPartOf":{"@id":"https:\/\/www.erresse-shop.it\/es\/#website"},"datePublished":"2024-11-13T14:49:40+00:00","dateModified":"2024-11-13T15:08:16+00:00","description":"Dale un toque chic a tus cocottes de hierro fundido vitrificado con nuestro pomo Evolution estrella dorada. El elegante acabado dorado a\u00f1ade un toque de","breadcrumb":{"@id":"https:\/\/www.erresse-shop.it\/es\/shop\/sartenes-y-ollas\/marmitas-y-cocottes\/le-creuset-cazuela-de-mango-largo-holly-21-cm-cereza-copia\/#breadcrumb"},"inLanguage":"es","potentialAction":[{"@type":"ReadAction","target":["https:\/\/www.erresse-shop.it\/es\/shop\/sartenes-y-ollas\/marmitas-y-cocottes\/le-creuset-cazuela-de-mango-largo-holly-21-cm-cereza-copia\/"]}]},{"@type":"BreadcrumbList","@id":"https:\/\/www.erresse-shop.it\/es\/shop\/sartenes-y-ollas\/marmitas-y-cocottes\/le-creuset-cazuela-de-mango-largo-holly-21-cm-cereza-copia\/#breadcrumb","itemListElement":[{"@type":"ListItem","position":1,"name":"Home","item":"https:\/\/www.erresse-shop.it\/es\/"},{"@type":"ListItem","position":2,"name":"Shop","item":"https:\/\/www.erresse-shop.it\/es\/shop\/"},{"@type":"ListItem","position":3,"name":"LE CREUSET Perilla de evoluci\u00f3n con estrella dorada"}]},{"@type":"WebSite","@id":"https:\/\/www.erresse-shop.it\/es\/#website","url":"https:\/\/www.erresse-shop.it\/es\/","name":"Erresse Shop","description":"Articoli di qualit\u00e0 per la casa","potentialAction":[{"@type":"SearchAction","target":{"@type":"EntryPoint","urlTemplate":"https:\/\/www.erresse-shop.it\/es\/?s={search_term_string}"},"query-input":"required name=search_term_string"}],"inLanguage":"es"}]}},"df_price":11.700000000000001,"df_sale_price":11.700000000000001,"df_regular_price":26,"df_image_link":"https:\/\/www.erresse-shop.it\/wp-content\/uploads\/2024\/11\/LE-CREUSET-Pomolo-Evolution-Stella-Oro-300x300.jpg","_links":{"self":[{"href":"https:\/\/www.erresse-shop.it\/es\/wp-json\/wp\/v2\/product\/446554"}],"collection":[{"href":"https:\/\/www.erresse-shop.it\/es\/wp-json\/wp\/v2\/product"}],"about":[{"href":"https:\/\/www.erresse-shop.it\/es\/wp-json\/wp\/v2\/types\/product"}],"wp:featuredmedia":[{"embeddable":true,"href":"https:\/\/www.erresse-shop.it\/es\/wp-json\/wp\/v2\/media\/446578"}],"wp:attachment":[{"href":"https:\/\/www.erresse-shop.it\/es\/wp-json\/wp\/v2\/media?parent=446554"}],"wp:term":[{"taxonomy":"product_cat","embeddable":true,"href":"https:\/\/www.erresse-shop.it\/es\/wp-json\/wp\/v2\/product_cat?post=446554"},{"taxonomy":"product_tag","embeddable":true,"href":"https:\/\/www.erresse-shop.it\/es\/wp-json\/wp\/v2\/product_tag?post=446554"}],"curies":[{"name":"wp","href":"https:\/\/api.w.org\/{rel}","templated":true}]}}