{"id":446158,"date":"2024-11-13T07:14:08","date_gmt":"2024-11-13T07:14:09","guid":{"rendered":"https:\/\/www.erresse-shop.it\/?post_type=product&#038;p=446158"},"modified":"2026-02-24T13:10:30","modified_gmt":"2026-02-24T13:10:30","slug":"le-creuset-taza-cappuccino-london-200-ml-cereza","status":"publish","type":"product","link":"https:\/\/www.erresse-shop.it\/es\/shop\/tabla\/tazas\/le-creuset-taza-cappuccino-london-200-ml-cereza\/","title":{"rendered":"LE CREUSET Taza Cappuccino London 200 ml Cereza"},"content":{"rendered":"<p>Disfrute de un capuchino espumoso frente a la chimenea. Dise\u00f1ada para un agarre c\u00f3modo y hecha para retener el calor, la taza para capuchino Holly Collection de edici\u00f3n limitada calentar\u00e1 tu Navidad. Esta taza navide\u00f1a har\u00e1 que t\u00fa y tus invitados os sint\u00e1is especiales.<\/p>\n<p style=\"text-align: justify;\"><strong>Detalles del producto:<\/strong><\/p>\n<ul>\n<li>\n<p class=\"mb-3\">Siempre a la altura: nuestro gres vitrificado es resistente a los ara\u00f1azos y f\u00e1cil de limpiar.<\/p>\n<\/li>\n<li>\n<p class=\"mb-3\">Excelencia artesanal: fabricados con gres de alta calidad, nuestros productos de gres vitrificado mantienen temperaturas uniformes y garantizan resistencia y durabilidad en el tiempo.<\/p>\n<\/li>\n<li>\n<p class=\"mb-3\">Apto tanto para el calor como para el fr\u00edo: nuestro gres vitrificado es resistente al calor de -23\u00b0C a +260\u00b0C.<\/p>\n<\/li>\n<li>\n<p class=\"mb-3\">Lo mejor de su clase: nuestros productos est\u00e1n fabricados con los mejores materiales para garantizar la m\u00e1s alta calidad.<\/p>\n<\/li>\n<\/ul>\n<p>Material: Gres Vitrificado<br \/>\nFabricado en: Tailandia<br \/>\nGarant\u00eda: 10 a\u00f1os<\/p>\n<p>Capacidad: 0,2 L<\/p>\n<p><strong>Fuente de calor:<\/strong><\/p>\n<ul>\n<li>Horno<\/li>\n<li>Horno modo grill<\/li>\n<li>Microondas<\/li>\n<\/ul>\n<p><strong>Limpieza y cuidado:<\/strong><\/p>\n<ul>\n<li>\n<p class=\"mb-3\">Espera a que el producto se enfr\u00ede por completo antes de comenzar a limpiarlo.<\/p>\n<p>&nbsp;<\/li>\n<li>\n<p class=\"mb-3\">Eliminar cualquier residuo de la base y bordes del producto. Para residuos de comida rebeldes, llene el producto con agua tibia y jab\u00f3n y d\u00e9jelo en remojo durante 15 a 20 minutos antes de lavarlo.<\/p>\n<p>&nbsp;<\/li>\n<li>\n<p class=\"mb-3\">Lava y seca a mano, o coloca tu producto de gres vitrificado en el lavavajillas durante un ciclo completo.<\/p>\n<\/li>\n<\/ul>\n","protected":false},"excerpt":{"rendered":"<p>Disfrute de un capuchino espumoso frente a la chimenea. Dise\u00f1ada para un agarre c\u00f3modo y hecha para retener el calor,<\/p>\n","protected":false},"featured_media":446188,"template":"","meta":{"_acf_changed":false,"inline_featured_image":false},"product_cat":[16027,16034],"product_tag":[21093,16342,16574,17518],"acf":[],"yoast_head":"<!-- This site is optimized with the Yoast SEO Premium plugin v18.6 (Yoast SEO v19.13) - https:\/\/yoast.com\/wordpress\/plugins\/seo\/ -->\n<title>LE CREUSET Taza Cappuccino London 200 ml Cereza - Erresse Shop<\/title>\n<meta name=\"description\" content=\"Disfrute de un capuchino espumoso frente a la chimenea. Dise\u00f1ada para un agarre c\u00f3modo y hecha para retener el calor, la taza para capuchino Holly\" \/>\n<meta name=\"robots\" content=\"index, follow, max-snippet:-1, max-image-preview:large, max-video-preview:-1\" \/>\n<link rel=\"canonical\" href=\"https:\/\/www.erresse-shop.it\/es\/shop\/tabla\/tazas\/le-creuset-taza-cappuccino-london-200-ml-cereza\/\" \/>\n<meta property=\"og:locale\" content=\"es_ES\" \/>\n<meta property=\"og:type\" content=\"article\" \/>\n<meta property=\"og:title\" content=\"LE CREUSET Taza Cappuccino London 200 ml Cereza\" \/>\n<meta property=\"og:description\" content=\"Disfrute de un capuchino espumoso frente a la chimenea. Dise\u00f1ada para un agarre c\u00f3modo y hecha para retener el calor, la taza para capuchino Holly\" \/>\n<meta property=\"og:url\" content=\"https:\/\/www.erresse-shop.it\/es\/shop\/tabla\/tazas\/le-creuset-taza-cappuccino-london-200-ml-cereza\/\" \/>\n<meta property=\"og:site_name\" content=\"Erresse Shop\" \/>\n<meta property=\"article:modified_time\" content=\"2026-02-24T13:10:30+00:00\" \/>\n<meta property=\"og:image\" content=\"https:\/\/www.erresse-shop.it\/wp-content\/uploads\/2024\/11\/LE-CREUSET-Tazza-Cappuccino-200-ml-Ciliegia.jpg\" \/>\n\t<meta property=\"og:image:width\" content=\"1200\" \/>\n\t<meta property=\"og:image:height\" content=\"1200\" \/>\n\t<meta property=\"og:image:type\" content=\"image\/jpeg\" \/>\n<meta name=\"twitter:card\" content=\"summary_large_image\" \/>\n<script type=\"application\/ld+json\" class=\"yoast-schema-graph\">{\"@context\":\"https:\/\/schema.org\",\"@graph\":[{\"@type\":\"WebPage\",\"@id\":\"https:\/\/www.erresse-shop.it\/es\/shop\/tabla\/tazas\/le-creuset-taza-cappuccino-london-200-ml-cereza\/\",\"url\":\"https:\/\/www.erresse-shop.it\/es\/shop\/tabla\/tazas\/le-creuset-taza-cappuccino-london-200-ml-cereza\/\",\"name\":\"LE CREUSET Taza Cappuccino London 200 ml Cereza - Erresse Shop\",\"isPartOf\":{\"@id\":\"https:\/\/www.erresse-shop.it\/es\/#website\"},\"datePublished\":\"2024-11-13T07:14:09+00:00\",\"dateModified\":\"2026-02-24T13:10:30+00:00\",\"description\":\"Disfrute de un capuchino espumoso frente a la chimenea. Dise\u00f1ada para un agarre c\u00f3modo y hecha para retener el calor, la taza para capuchino Holly\",\"breadcrumb\":{\"@id\":\"https:\/\/www.erresse-shop.it\/es\/shop\/tabla\/tazas\/le-creuset-taza-cappuccino-london-200-ml-cereza\/#breadcrumb\"},\"inLanguage\":\"es\",\"potentialAction\":[{\"@type\":\"ReadAction\",\"target\":[\"https:\/\/www.erresse-shop.it\/es\/shop\/tabla\/tazas\/le-creuset-taza-cappuccino-london-200-ml-cereza\/\"]}]},{\"@type\":\"BreadcrumbList\",\"@id\":\"https:\/\/www.erresse-shop.it\/es\/shop\/tabla\/tazas\/le-creuset-taza-cappuccino-london-200-ml-cereza\/#breadcrumb\",\"itemListElement\":[{\"@type\":\"ListItem\",\"position\":1,\"name\":\"Home\",\"item\":\"https:\/\/www.erresse-shop.it\/es\/\"},{\"@type\":\"ListItem\",\"position\":2,\"name\":\"Shop\",\"item\":\"https:\/\/www.erresse-shop.it\/es\/shop\/\"},{\"@type\":\"ListItem\",\"position\":3,\"name\":\"LE CREUSET Taza Cappuccino London 200 ml Cereza\"}]},{\"@type\":\"WebSite\",\"@id\":\"https:\/\/www.erresse-shop.it\/es\/#website\",\"url\":\"https:\/\/www.erresse-shop.it\/es\/\",\"name\":\"Erresse Shop\",\"description\":\"Articoli di qualit\u00e0 per la casa\",\"potentialAction\":[{\"@type\":\"SearchAction\",\"target\":{\"@type\":\"EntryPoint\",\"urlTemplate\":\"https:\/\/www.erresse-shop.it\/es\/?s={search_term_string}\"},\"query-input\":\"required name=search_term_string\"}],\"inLanguage\":\"es\"}]}<\/script>\n<!-- \/ Yoast SEO Premium plugin. -->","yoast_head_json":{"title":"LE CREUSET Taza Cappuccino London 200 ml Cereza - Erresse Shop","description":"Disfrute de un capuchino espumoso frente a la chimenea. Dise\u00f1ada para un agarre c\u00f3modo y hecha para retener el calor, la taza para capuchino Holly","robots":{"index":"index","follow":"follow","max-snippet":"max-snippet:-1","max-image-preview":"max-image-preview:large","max-video-preview":"max-video-preview:-1"},"canonical":"https:\/\/www.erresse-shop.it\/es\/shop\/tabla\/tazas\/le-creuset-taza-cappuccino-london-200-ml-cereza\/","og_locale":"es_ES","og_type":"article","og_title":"LE CREUSET Taza Cappuccino London 200 ml Cereza","og_description":"Disfrute de un capuchino espumoso frente a la chimenea. Dise\u00f1ada para un agarre c\u00f3modo y hecha para retener el calor, la taza para capuchino Holly","og_url":"https:\/\/www.erresse-shop.it\/es\/shop\/tabla\/tazas\/le-creuset-taza-cappuccino-london-200-ml-cereza\/","og_site_name":"Erresse Shop","article_modified_time":"2026-02-24T13:10:30+00:00","og_image":[{"width":1200,"height":1200,"url":"https:\/\/www.erresse-shop.it\/wp-content\/uploads\/2024\/11\/LE-CREUSET-Tazza-Cappuccino-200-ml-Ciliegia.jpg","type":"image\/jpeg"}],"twitter_card":"summary_large_image","schema":{"@context":"https:\/\/schema.org","@graph":[{"@type":"WebPage","@id":"https:\/\/www.erresse-shop.it\/es\/shop\/tabla\/tazas\/le-creuset-taza-cappuccino-london-200-ml-cereza\/","url":"https:\/\/www.erresse-shop.it\/es\/shop\/tabla\/tazas\/le-creuset-taza-cappuccino-london-200-ml-cereza\/","name":"LE CREUSET Taza Cappuccino London 200 ml Cereza - Erresse Shop","isPartOf":{"@id":"https:\/\/www.erresse-shop.it\/es\/#website"},"datePublished":"2024-11-13T07:14:09+00:00","dateModified":"2026-02-24T13:10:30+00:00","description":"Disfrute de un capuchino espumoso frente a la chimenea. Dise\u00f1ada para un agarre c\u00f3modo y hecha para retener el calor, la taza para capuchino Holly","breadcrumb":{"@id":"https:\/\/www.erresse-shop.it\/es\/shop\/tabla\/tazas\/le-creuset-taza-cappuccino-london-200-ml-cereza\/#breadcrumb"},"inLanguage":"es","potentialAction":[{"@type":"ReadAction","target":["https:\/\/www.erresse-shop.it\/es\/shop\/tabla\/tazas\/le-creuset-taza-cappuccino-london-200-ml-cereza\/"]}]},{"@type":"BreadcrumbList","@id":"https:\/\/www.erresse-shop.it\/es\/shop\/tabla\/tazas\/le-creuset-taza-cappuccino-london-200-ml-cereza\/#breadcrumb","itemListElement":[{"@type":"ListItem","position":1,"name":"Home","item":"https:\/\/www.erresse-shop.it\/es\/"},{"@type":"ListItem","position":2,"name":"Shop","item":"https:\/\/www.erresse-shop.it\/es\/shop\/"},{"@type":"ListItem","position":3,"name":"LE CREUSET Taza Cappuccino London 200 ml Cereza"}]},{"@type":"WebSite","@id":"https:\/\/www.erresse-shop.it\/es\/#website","url":"https:\/\/www.erresse-shop.it\/es\/","name":"Erresse Shop","description":"Articoli di qualit\u00e0 per la casa","potentialAction":[{"@type":"SearchAction","target":{"@type":"EntryPoint","urlTemplate":"https:\/\/www.erresse-shop.it\/es\/?s={search_term_string}"},"query-input":"required name=search_term_string"}],"inLanguage":"es"}]}},"df_price":11.4,"df_sale_price":11.4,"df_regular_price":19,"df_image_link":"https:\/\/www.erresse-shop.it\/wp-content\/uploads\/2024\/11\/LE-CREUSET-Tazza-Cappuccino-200-ml-Ciliegia-300x300.jpg","_links":{"self":[{"href":"https:\/\/www.erresse-shop.it\/es\/wp-json\/wp\/v2\/product\/446158"}],"collection":[{"href":"https:\/\/www.erresse-shop.it\/es\/wp-json\/wp\/v2\/product"}],"about":[{"href":"https:\/\/www.erresse-shop.it\/es\/wp-json\/wp\/v2\/types\/product"}],"wp:featuredmedia":[{"embeddable":true,"href":"https:\/\/www.erresse-shop.it\/es\/wp-json\/wp\/v2\/media\/446188"}],"wp:attachment":[{"href":"https:\/\/www.erresse-shop.it\/es\/wp-json\/wp\/v2\/media?parent=446158"}],"wp:term":[{"taxonomy":"product_cat","embeddable":true,"href":"https:\/\/www.erresse-shop.it\/es\/wp-json\/wp\/v2\/product_cat?post=446158"},{"taxonomy":"product_tag","embeddable":true,"href":"https:\/\/www.erresse-shop.it\/es\/wp-json\/wp\/v2\/product_tag?post=446158"}],"curies":[{"name":"wp","href":"https:\/\/api.w.org\/{rel}","templated":true}]}}