{"id":445682,"date":"2024-11-12T10:31:00","date_gmt":"2024-11-12T10:31:04","guid":{"rendered":"https:\/\/www.erresse-shop.it\/?post_type=product&#038;p=445682"},"modified":"2026-02-24T13:23:57","modified_gmt":"2026-02-24T13:23:57","slug":"g3-ferrari-horno-para-pizzas-pronto-pizza-2-minuti","status":"publish","type":"product","link":"https:\/\/www.erresse-shop.it\/es\/shop\/pequenos-electrodomesticos\/hornos\/g3-ferrari-horno-para-pizzas-pronto-pizza-2-minuti\/","title":{"rendered":"G3 FERRARI Horno para pizzas Pronto Pizza 2 Minuti"},"content":{"rendered":"<h2><strong>Horno para pizzas<\/strong><\/h2>\n<p>Con el horno para pizzas de 2 minutos Pronto Pizza, la perfecci\u00f3n de la pizza est\u00e1 a su alcance.<\/p>\n<p>La\u00a0<strong>combinaci\u00f3n de alta temperatura (hasta 430 \u00b0C) y piedra refractaria garantiza una cocci\u00f3n r\u00e1pida y uniforme<\/strong>, y con las dos resistencias que se pueden operar por separado tienes control total sobre la cocci\u00f3n de la pizza, para Obtenga siempre una base fragante y una pizza bien cocida: \u00a1hornee una pizza napolitana perfecta en s\u00f3lo 2 minutos!<\/p>\n<p>La pantalla digital ofrece una gran versatilidad; est\u00e1 equipado con <strong>8 programas<\/strong>\u00a0para cocinar todo tipo de pizza y mucho m\u00e1s: desde la napolitana hasta la fina y crujiente, desde la pizza en sart\u00e9n hasta la pizza congelada, as\u00ed como recetas de bistec, tarta y caseras. Adem\u00e1s, el horno incluye una\u00a0<strong>funci\u00f3n de memoria<\/strong>\u00a0que le permite recordar tus configuraciones favoritas sin tener que restablecerlas cada vez que cocinas.<\/p>\n<p>La amplia gama de accesorios completa el rendimiento de alto nivel. Adem\u00e1s de la\u00a0<strong>piedra refractaria extra\u00edble<\/strong>, se incluyen la\u00a0<strong>bandeja de horno esmaltada<\/strong>\u00a0para cocinar carne, pasteles y m\u00e1s, la parrilla de acero inoxidable, el cortador de pizza y la pala grande de acero inoxidable. aluminio para hornear, y el recetario exclusivo del chef napolitano Valerio La Rosa.<\/p>\n<p>El horno para pizzas Pronto Pizza de 2 minutos es completamente el\u00e9ctrico para cocinar pizzas tan bien como en una pizzer\u00eda en casa, y adem\u00e1s es top en cuanto a seguridad: dise\u00f1ado con un sistema de refrigeraci\u00f3n por ventilaci\u00f3n forzada y una puerta con 3 puertas. ventana nivelada, sus paredes siempre est\u00e1n fr\u00edas incluso cuando se utiliza a la temperatura m\u00e1xima.<\/p>\n<p><strong>Especificaciones t\u00e9cnicas<\/strong><\/p>\n<ul>\n<li>Doble resistencia, superior 850W e inferior 850W<\/li>\n<li>Temperatura 80\u00b0 &#8211; 430\u00b0C, temporizador de 60 minutos<\/li>\n<li>Pantalla digital con 8 programas: bricolaje, napolitana, fina, sart\u00e9n, tarta, congelado, filete, pizza redonda<\/li>\n<li>Funci\u00f3n de almacenamiento<\/li>\n<li>Resistencias que se pueden operar por separado<\/li>\n<li>L\u00e1mpara interna<\/li>\n<li>Paredes fr\u00edas con sistema de refrigeraci\u00f3n por ventilaci\u00f3n forzada<\/li>\n<li>Puerta con triple cristal de borosilicato para m\u00e1ximo aislamiento<\/li>\n<li>Accesorios: piedra refractaria 32&#215;32 cm, sart\u00e9n esmaltada \u00d832,5 cm, parrilla de acero inoxidable, pala de aluminio \u00d832 cm, cortador de pizza<\/li>\n<li>Fuente de alimentaci\u00f3n: CA 220-240 V ~ 50-60 Hz<\/li>\n<li>Potencia: 1700 W<\/li>\n<li>Dimensiones (An x Al x Pr): 46 x 28,5 x 50 cm<\/li>\n<li>Peso: 13 kg<\/li>\n<\/ul>\n<p><span style=\"text-decoration: underline;\"><strong>No est\u00e1 a la venta fuera de Europa<\/strong><\/span><\/p>\n","protected":false},"excerpt":{"rendered":"<p>Horno para pizzas Con el horno para pizzas de 2 minutos Pronto Pizza, la perfecci\u00f3n de la pizza est\u00e1 a<\/p>\n","protected":false},"featured_media":445712,"template":"","meta":{"_acf_changed":false,"inline_featured_image":false},"product_cat":[16079,16073],"product_tag":[23692,16402,22115,23098,23099],"acf":[],"yoast_head":"<!-- This site is optimized with the Yoast SEO Premium plugin v18.6 (Yoast SEO v19.13) - https:\/\/yoast.com\/wordpress\/plugins\/seo\/ -->\n<title>G3 FERRARI Horno para pizzas Pronto Pizza 2 Minuti - Erresse Shop<\/title>\n<meta name=\"description\" content=\"Horno para pizzas Con el horno para pizzas de 2 minutos Pronto Pizza, la perfecci\u00f3n de la pizza est\u00e1 a su alcance. La\u00a0combinaci\u00f3n de alta temperatura\" \/>\n<meta name=\"robots\" content=\"index, follow, max-snippet:-1, max-image-preview:large, max-video-preview:-1\" \/>\n<link rel=\"canonical\" href=\"https:\/\/www.erresse-shop.it\/es\/shop\/pequenos-electrodomesticos\/hornos\/g3-ferrari-horno-para-pizzas-pronto-pizza-2-minuti\/\" \/>\n<meta property=\"og:locale\" content=\"es_ES\" \/>\n<meta property=\"og:type\" content=\"article\" \/>\n<meta property=\"og:title\" content=\"G3 FERRARI Horno para pizzas Pronto Pizza 2 Minuti\" \/>\n<meta property=\"og:description\" content=\"Horno para pizzas Con el horno para pizzas de 2 minutos Pronto Pizza, la perfecci\u00f3n de la pizza est\u00e1 a su alcance. La\u00a0combinaci\u00f3n de alta temperatura\" \/>\n<meta property=\"og:url\" content=\"https:\/\/www.erresse-shop.it\/es\/shop\/pequenos-electrodomesticos\/hornos\/g3-ferrari-horno-para-pizzas-pronto-pizza-2-minuti\/\" \/>\n<meta property=\"og:site_name\" content=\"Erresse Shop\" \/>\n<meta property=\"article:modified_time\" content=\"2026-02-24T13:23:57+00:00\" \/>\n<meta property=\"og:image\" content=\"https:\/\/www.erresse-shop.it\/wp-content\/uploads\/2024\/11\/G3-FERRARI-Forno-Pizza-Pronto-Pizza-2-Minuti.jpg\" \/>\n\t<meta property=\"og:image:width\" content=\"1200\" \/>\n\t<meta property=\"og:image:height\" content=\"1200\" \/>\n\t<meta property=\"og:image:type\" content=\"image\/jpeg\" \/>\n<meta name=\"twitter:card\" content=\"summary_large_image\" \/>\n<script type=\"application\/ld+json\" class=\"yoast-schema-graph\">{\"@context\":\"https:\/\/schema.org\",\"@graph\":[{\"@type\":\"WebPage\",\"@id\":\"https:\/\/www.erresse-shop.it\/es\/shop\/pequenos-electrodomesticos\/hornos\/g3-ferrari-horno-para-pizzas-pronto-pizza-2-minuti\/\",\"url\":\"https:\/\/www.erresse-shop.it\/es\/shop\/pequenos-electrodomesticos\/hornos\/g3-ferrari-horno-para-pizzas-pronto-pizza-2-minuti\/\",\"name\":\"G3 FERRARI Horno para pizzas Pronto Pizza 2 Minuti - Erresse Shop\",\"isPartOf\":{\"@id\":\"https:\/\/www.erresse-shop.it\/es\/#website\"},\"datePublished\":\"2024-11-12T10:31:04+00:00\",\"dateModified\":\"2026-02-24T13:23:57+00:00\",\"description\":\"Horno para pizzas Con el horno para pizzas de 2 minutos Pronto Pizza, la perfecci\u00f3n de la pizza est\u00e1 a su alcance. La\u00a0combinaci\u00f3n de alta temperatura\",\"breadcrumb\":{\"@id\":\"https:\/\/www.erresse-shop.it\/es\/shop\/pequenos-electrodomesticos\/hornos\/g3-ferrari-horno-para-pizzas-pronto-pizza-2-minuti\/#breadcrumb\"},\"inLanguage\":\"es\",\"potentialAction\":[{\"@type\":\"ReadAction\",\"target\":[\"https:\/\/www.erresse-shop.it\/es\/shop\/pequenos-electrodomesticos\/hornos\/g3-ferrari-horno-para-pizzas-pronto-pizza-2-minuti\/\"]}]},{\"@type\":\"BreadcrumbList\",\"@id\":\"https:\/\/www.erresse-shop.it\/es\/shop\/pequenos-electrodomesticos\/hornos\/g3-ferrari-horno-para-pizzas-pronto-pizza-2-minuti\/#breadcrumb\",\"itemListElement\":[{\"@type\":\"ListItem\",\"position\":1,\"name\":\"Home\",\"item\":\"https:\/\/www.erresse-shop.it\/es\/\"},{\"@type\":\"ListItem\",\"position\":2,\"name\":\"Shop\",\"item\":\"https:\/\/www.erresse-shop.it\/es\/shop\/\"},{\"@type\":\"ListItem\",\"position\":3,\"name\":\"G3 FERRARI Horno para pizzas Pronto Pizza 2 Minuti\"}]},{\"@type\":\"WebSite\",\"@id\":\"https:\/\/www.erresse-shop.it\/es\/#website\",\"url\":\"https:\/\/www.erresse-shop.it\/es\/\",\"name\":\"Erresse Shop\",\"description\":\"Articoli di qualit\u00e0 per la casa\",\"potentialAction\":[{\"@type\":\"SearchAction\",\"target\":{\"@type\":\"EntryPoint\",\"urlTemplate\":\"https:\/\/www.erresse-shop.it\/es\/?s={search_term_string}\"},\"query-input\":\"required name=search_term_string\"}],\"inLanguage\":\"es\"}]}<\/script>\n<!-- \/ Yoast SEO Premium plugin. -->","yoast_head_json":{"title":"G3 FERRARI Horno para pizzas Pronto Pizza 2 Minuti - Erresse Shop","description":"Horno para pizzas Con el horno para pizzas de 2 minutos Pronto Pizza, la perfecci\u00f3n de la pizza est\u00e1 a su alcance. La\u00a0combinaci\u00f3n de alta temperatura","robots":{"index":"index","follow":"follow","max-snippet":"max-snippet:-1","max-image-preview":"max-image-preview:large","max-video-preview":"max-video-preview:-1"},"canonical":"https:\/\/www.erresse-shop.it\/es\/shop\/pequenos-electrodomesticos\/hornos\/g3-ferrari-horno-para-pizzas-pronto-pizza-2-minuti\/","og_locale":"es_ES","og_type":"article","og_title":"G3 FERRARI Horno para pizzas Pronto Pizza 2 Minuti","og_description":"Horno para pizzas Con el horno para pizzas de 2 minutos Pronto Pizza, la perfecci\u00f3n de la pizza est\u00e1 a su alcance. La\u00a0combinaci\u00f3n de alta temperatura","og_url":"https:\/\/www.erresse-shop.it\/es\/shop\/pequenos-electrodomesticos\/hornos\/g3-ferrari-horno-para-pizzas-pronto-pizza-2-minuti\/","og_site_name":"Erresse Shop","article_modified_time":"2026-02-24T13:23:57+00:00","og_image":[{"width":1200,"height":1200,"url":"https:\/\/www.erresse-shop.it\/wp-content\/uploads\/2024\/11\/G3-FERRARI-Forno-Pizza-Pronto-Pizza-2-Minuti.jpg","type":"image\/jpeg"}],"twitter_card":"summary_large_image","schema":{"@context":"https:\/\/schema.org","@graph":[{"@type":"WebPage","@id":"https:\/\/www.erresse-shop.it\/es\/shop\/pequenos-electrodomesticos\/hornos\/g3-ferrari-horno-para-pizzas-pronto-pizza-2-minuti\/","url":"https:\/\/www.erresse-shop.it\/es\/shop\/pequenos-electrodomesticos\/hornos\/g3-ferrari-horno-para-pizzas-pronto-pizza-2-minuti\/","name":"G3 FERRARI Horno para pizzas Pronto Pizza 2 Minuti - Erresse Shop","isPartOf":{"@id":"https:\/\/www.erresse-shop.it\/es\/#website"},"datePublished":"2024-11-12T10:31:04+00:00","dateModified":"2026-02-24T13:23:57+00:00","description":"Horno para pizzas Con el horno para pizzas de 2 minutos Pronto Pizza, la perfecci\u00f3n de la pizza est\u00e1 a su alcance. La\u00a0combinaci\u00f3n de alta temperatura","breadcrumb":{"@id":"https:\/\/www.erresse-shop.it\/es\/shop\/pequenos-electrodomesticos\/hornos\/g3-ferrari-horno-para-pizzas-pronto-pizza-2-minuti\/#breadcrumb"},"inLanguage":"es","potentialAction":[{"@type":"ReadAction","target":["https:\/\/www.erresse-shop.it\/es\/shop\/pequenos-electrodomesticos\/hornos\/g3-ferrari-horno-para-pizzas-pronto-pizza-2-minuti\/"]}]},{"@type":"BreadcrumbList","@id":"https:\/\/www.erresse-shop.it\/es\/shop\/pequenos-electrodomesticos\/hornos\/g3-ferrari-horno-para-pizzas-pronto-pizza-2-minuti\/#breadcrumb","itemListElement":[{"@type":"ListItem","position":1,"name":"Home","item":"https:\/\/www.erresse-shop.it\/es\/"},{"@type":"ListItem","position":2,"name":"Shop","item":"https:\/\/www.erresse-shop.it\/es\/shop\/"},{"@type":"ListItem","position":3,"name":"G3 FERRARI Horno para pizzas Pronto Pizza 2 Minuti"}]},{"@type":"WebSite","@id":"https:\/\/www.erresse-shop.it\/es\/#website","url":"https:\/\/www.erresse-shop.it\/es\/","name":"Erresse Shop","description":"Articoli di qualit\u00e0 per la casa","potentialAction":[{"@type":"SearchAction","target":{"@type":"EntryPoint","urlTemplate":"https:\/\/www.erresse-shop.it\/es\/?s={search_term_string}"},"query-input":"required name=search_term_string"}],"inLanguage":"es"}]}},"df_price":179.95,"df_sale_price":179.95,"df_regular_price":289,"df_image_link":"https:\/\/www.erresse-shop.it\/wp-content\/uploads\/2024\/11\/G3-FERRARI-Forno-Pizza-Pronto-Pizza-2-Minuti-300x300.jpg","_links":{"self":[{"href":"https:\/\/www.erresse-shop.it\/es\/wp-json\/wp\/v2\/product\/445682"}],"collection":[{"href":"https:\/\/www.erresse-shop.it\/es\/wp-json\/wp\/v2\/product"}],"about":[{"href":"https:\/\/www.erresse-shop.it\/es\/wp-json\/wp\/v2\/types\/product"}],"wp:featuredmedia":[{"embeddable":true,"href":"https:\/\/www.erresse-shop.it\/es\/wp-json\/wp\/v2\/media\/445712"}],"wp:attachment":[{"href":"https:\/\/www.erresse-shop.it\/es\/wp-json\/wp\/v2\/media?parent=445682"}],"wp:term":[{"taxonomy":"product_cat","embeddable":true,"href":"https:\/\/www.erresse-shop.it\/es\/wp-json\/wp\/v2\/product_cat?post=445682"},{"taxonomy":"product_tag","embeddable":true,"href":"https:\/\/www.erresse-shop.it\/es\/wp-json\/wp\/v2\/product_tag?post=445682"}],"curies":[{"name":"wp","href":"https:\/\/api.w.org\/{rel}","templated":true}]}}