{"id":445652,"date":"2024-11-12T10:06:17","date_gmt":"2024-11-12T10:06:18","guid":{"rendered":"https:\/\/www.erresse-shop.it\/?post_type=product&#038;p=445652"},"modified":"2026-02-24T13:27:25","modified_gmt":"2026-02-24T13:27:25","slug":"guzzini-dolcevita-contenedor-l-25-cm-rojo","status":"publish","type":"product","link":"https:\/\/www.erresse-shop.it\/es\/shop\/tabla\/cestas-y-cuencos\/guzzini-dolcevita-contenedor-l-25-cm-rojo\/","title":{"rendered":"GUZZINI Dolcevita Contenedor L 25 cm Rojo"},"content":{"rendered":"<div class=\"descripci\u00f3n del atributo del producto\">\n<div class=\"descripci\u00f3n del atributo del producto\">\n<div class=\"descripci\u00f3n del atributo del producto\">\n<div class=\"descripci\u00f3n del atributo del producto\">\n<div class=\"descripci\u00f3n del atributo del producto\">\n<p>Elegante envase fabricado con material de base biol\u00f3gica.<\/p>\n<p>El producto est\u00e1 fabricado con un 60% de pl\u00e1stico de origen biol\u00f3gico. El pl\u00e1stico puede rastrearse hasta el material de desecho biol\u00f3gico atribuido a este producto mediante el enfoque de balance de masas ISCC.<\/p>\n<ul>\n<li>Material pl\u00e1stico de la m\u00e1xima calidad. Apto para el contacto con alimentos. SIN BPA<\/li>\n<li>Ideal para ensaladas de verduras o frutas en las versiones m\u00e1s grandes y para macedonia de frutas, helados, postres de cuchara o aperitivos en las versiones m\u00e1s peque\u00f1as<\/li>\n<li>Apilables, estables y f\u00e1cilmente transportables<\/li>\n<li>Fabricados en pl\u00e1stico de base biol\u00f3gica y 100% reciclable<\/li>\n<\/ul>\n<\/div>\n<\/div>\n<\/div>\n<\/div>\n<\/div>\n","protected":false},"excerpt":{"rendered":"<p>Elegante envase fabricado con material de base biol\u00f3gica. El producto est\u00e1 fabricado con un 60% de pl\u00e1stico de origen biol\u00f3gico.<\/p>\n","protected":false},"featured_media":445676,"template":"","meta":{"_acf_changed":false,"inline_featured_image":false},"product_cat":[16037,16027],"product_tag":[21616,16877,21614,21613,17245,21823,25023],"acf":[],"yoast_head":"<!-- This site is optimized with the Yoast SEO Premium plugin v18.6 (Yoast SEO v19.13) - https:\/\/yoast.com\/wordpress\/plugins\/seo\/ -->\n<title>GUZZINI Dolcevita Contenedor L 25 cm Rojo - Erresse Shop<\/title>\n<meta name=\"description\" content=\"Elegante envase fabricado con material de base biol\u00f3gica. El producto est\u00e1 fabricado con un 60% de pl\u00e1stico de origen biol\u00f3gico. El pl\u00e1stico puede\" \/>\n<meta name=\"robots\" content=\"index, follow, max-snippet:-1, max-image-preview:large, max-video-preview:-1\" \/>\n<link rel=\"canonical\" href=\"https:\/\/www.erresse-shop.it\/es\/shop\/tabla\/cestas-y-cuencos\/guzzini-dolcevita-contenedor-l-25-cm-rojo\/\" \/>\n<meta property=\"og:locale\" content=\"es_ES\" \/>\n<meta property=\"og:type\" content=\"article\" \/>\n<meta property=\"og:title\" content=\"GUZZINI Dolcevita Contenedor L 25 cm Rojo\" \/>\n<meta property=\"og:description\" content=\"Elegante envase fabricado con material de base biol\u00f3gica. El producto est\u00e1 fabricado con un 60% de pl\u00e1stico de origen biol\u00f3gico. El pl\u00e1stico puede\" \/>\n<meta property=\"og:url\" content=\"https:\/\/www.erresse-shop.it\/es\/shop\/tabla\/cestas-y-cuencos\/guzzini-dolcevita-contenedor-l-25-cm-rojo\/\" \/>\n<meta property=\"og:site_name\" content=\"Erresse Shop\" \/>\n<meta property=\"article:modified_time\" content=\"2026-02-24T13:27:25+00:00\" \/>\n<meta property=\"og:image\" content=\"https:\/\/www.erresse-shop.it\/wp-content\/uploads\/2024\/11\/GUZZINI-Dolcevita-Contenitore-L-25-cm-Rosso.jpg\" \/>\n\t<meta property=\"og:image:width\" content=\"1200\" \/>\n\t<meta property=\"og:image:height\" content=\"1200\" \/>\n\t<meta property=\"og:image:type\" content=\"image\/jpeg\" \/>\n<meta name=\"twitter:card\" content=\"summary_large_image\" \/>\n<script type=\"application\/ld+json\" class=\"yoast-schema-graph\">{\"@context\":\"https:\/\/schema.org\",\"@graph\":[{\"@type\":\"WebPage\",\"@id\":\"https:\/\/www.erresse-shop.it\/es\/shop\/tabla\/cestas-y-cuencos\/guzzini-dolcevita-contenedor-l-25-cm-rojo\/\",\"url\":\"https:\/\/www.erresse-shop.it\/es\/shop\/tabla\/cestas-y-cuencos\/guzzini-dolcevita-contenedor-l-25-cm-rojo\/\",\"name\":\"GUZZINI Dolcevita Contenedor L 25 cm Rojo - Erresse Shop\",\"isPartOf\":{\"@id\":\"https:\/\/www.erresse-shop.it\/es\/#website\"},\"datePublished\":\"2024-11-12T10:06:18+00:00\",\"dateModified\":\"2026-02-24T13:27:25+00:00\",\"description\":\"Elegante envase fabricado con material de base biol\u00f3gica. El producto est\u00e1 fabricado con un 60% de pl\u00e1stico de origen biol\u00f3gico. El pl\u00e1stico puede\",\"breadcrumb\":{\"@id\":\"https:\/\/www.erresse-shop.it\/es\/shop\/tabla\/cestas-y-cuencos\/guzzini-dolcevita-contenedor-l-25-cm-rojo\/#breadcrumb\"},\"inLanguage\":\"es\",\"potentialAction\":[{\"@type\":\"ReadAction\",\"target\":[\"https:\/\/www.erresse-shop.it\/es\/shop\/tabla\/cestas-y-cuencos\/guzzini-dolcevita-contenedor-l-25-cm-rojo\/\"]}]},{\"@type\":\"BreadcrumbList\",\"@id\":\"https:\/\/www.erresse-shop.it\/es\/shop\/tabla\/cestas-y-cuencos\/guzzini-dolcevita-contenedor-l-25-cm-rojo\/#breadcrumb\",\"itemListElement\":[{\"@type\":\"ListItem\",\"position\":1,\"name\":\"Home\",\"item\":\"https:\/\/www.erresse-shop.it\/es\/\"},{\"@type\":\"ListItem\",\"position\":2,\"name\":\"Shop\",\"item\":\"https:\/\/www.erresse-shop.it\/es\/shop\/\"},{\"@type\":\"ListItem\",\"position\":3,\"name\":\"GUZZINI Dolcevita Contenedor L 25 cm Rojo\"}]},{\"@type\":\"WebSite\",\"@id\":\"https:\/\/www.erresse-shop.it\/es\/#website\",\"url\":\"https:\/\/www.erresse-shop.it\/es\/\",\"name\":\"Erresse Shop\",\"description\":\"Articoli di qualit\u00e0 per la casa\",\"potentialAction\":[{\"@type\":\"SearchAction\",\"target\":{\"@type\":\"EntryPoint\",\"urlTemplate\":\"https:\/\/www.erresse-shop.it\/es\/?s={search_term_string}\"},\"query-input\":\"required name=search_term_string\"}],\"inLanguage\":\"es\"}]}<\/script>\n<!-- \/ Yoast SEO Premium plugin. -->","yoast_head_json":{"title":"GUZZINI Dolcevita Contenedor L 25 cm Rojo - Erresse Shop","description":"Elegante envase fabricado con material de base biol\u00f3gica. El producto est\u00e1 fabricado con un 60% de pl\u00e1stico de origen biol\u00f3gico. El pl\u00e1stico puede","robots":{"index":"index","follow":"follow","max-snippet":"max-snippet:-1","max-image-preview":"max-image-preview:large","max-video-preview":"max-video-preview:-1"},"canonical":"https:\/\/www.erresse-shop.it\/es\/shop\/tabla\/cestas-y-cuencos\/guzzini-dolcevita-contenedor-l-25-cm-rojo\/","og_locale":"es_ES","og_type":"article","og_title":"GUZZINI Dolcevita Contenedor L 25 cm Rojo","og_description":"Elegante envase fabricado con material de base biol\u00f3gica. El producto est\u00e1 fabricado con un 60% de pl\u00e1stico de origen biol\u00f3gico. El pl\u00e1stico puede","og_url":"https:\/\/www.erresse-shop.it\/es\/shop\/tabla\/cestas-y-cuencos\/guzzini-dolcevita-contenedor-l-25-cm-rojo\/","og_site_name":"Erresse Shop","article_modified_time":"2026-02-24T13:27:25+00:00","og_image":[{"width":1200,"height":1200,"url":"https:\/\/www.erresse-shop.it\/wp-content\/uploads\/2024\/11\/GUZZINI-Dolcevita-Contenitore-L-25-cm-Rosso.jpg","type":"image\/jpeg"}],"twitter_card":"summary_large_image","schema":{"@context":"https:\/\/schema.org","@graph":[{"@type":"WebPage","@id":"https:\/\/www.erresse-shop.it\/es\/shop\/tabla\/cestas-y-cuencos\/guzzini-dolcevita-contenedor-l-25-cm-rojo\/","url":"https:\/\/www.erresse-shop.it\/es\/shop\/tabla\/cestas-y-cuencos\/guzzini-dolcevita-contenedor-l-25-cm-rojo\/","name":"GUZZINI Dolcevita Contenedor L 25 cm Rojo - Erresse Shop","isPartOf":{"@id":"https:\/\/www.erresse-shop.it\/es\/#website"},"datePublished":"2024-11-12T10:06:18+00:00","dateModified":"2026-02-24T13:27:25+00:00","description":"Elegante envase fabricado con material de base biol\u00f3gica. El producto est\u00e1 fabricado con un 60% de pl\u00e1stico de origen biol\u00f3gico. El pl\u00e1stico puede","breadcrumb":{"@id":"https:\/\/www.erresse-shop.it\/es\/shop\/tabla\/cestas-y-cuencos\/guzzini-dolcevita-contenedor-l-25-cm-rojo\/#breadcrumb"},"inLanguage":"es","potentialAction":[{"@type":"ReadAction","target":["https:\/\/www.erresse-shop.it\/es\/shop\/tabla\/cestas-y-cuencos\/guzzini-dolcevita-contenedor-l-25-cm-rojo\/"]}]},{"@type":"BreadcrumbList","@id":"https:\/\/www.erresse-shop.it\/es\/shop\/tabla\/cestas-y-cuencos\/guzzini-dolcevita-contenedor-l-25-cm-rojo\/#breadcrumb","itemListElement":[{"@type":"ListItem","position":1,"name":"Home","item":"https:\/\/www.erresse-shop.it\/es\/"},{"@type":"ListItem","position":2,"name":"Shop","item":"https:\/\/www.erresse-shop.it\/es\/shop\/"},{"@type":"ListItem","position":3,"name":"GUZZINI Dolcevita Contenedor L 25 cm Rojo"}]},{"@type":"WebSite","@id":"https:\/\/www.erresse-shop.it\/es\/#website","url":"https:\/\/www.erresse-shop.it\/es\/","name":"Erresse Shop","description":"Articoli di qualit\u00e0 per la casa","potentialAction":[{"@type":"SearchAction","target":{"@type":"EntryPoint","urlTemplate":"https:\/\/www.erresse-shop.it\/es\/?s={search_term_string}"},"query-input":"required name=search_term_string"}],"inLanguage":"es"}]}},"df_price":24.95,"df_sale_price":24.95,"df_regular_price":33,"df_image_link":"https:\/\/www.erresse-shop.it\/wp-content\/uploads\/2024\/11\/GUZZINI-Dolcevita-Contenitore-L-25-cm-Rosso-300x300.jpg","_links":{"self":[{"href":"https:\/\/www.erresse-shop.it\/es\/wp-json\/wp\/v2\/product\/445652"}],"collection":[{"href":"https:\/\/www.erresse-shop.it\/es\/wp-json\/wp\/v2\/product"}],"about":[{"href":"https:\/\/www.erresse-shop.it\/es\/wp-json\/wp\/v2\/types\/product"}],"wp:featuredmedia":[{"embeddable":true,"href":"https:\/\/www.erresse-shop.it\/es\/wp-json\/wp\/v2\/media\/445676"}],"wp:attachment":[{"href":"https:\/\/www.erresse-shop.it\/es\/wp-json\/wp\/v2\/media?parent=445652"}],"wp:term":[{"taxonomy":"product_cat","embeddable":true,"href":"https:\/\/www.erresse-shop.it\/es\/wp-json\/wp\/v2\/product_cat?post=445652"},{"taxonomy":"product_tag","embeddable":true,"href":"https:\/\/www.erresse-shop.it\/es\/wp-json\/wp\/v2\/product_tag?post=445652"}],"curies":[{"name":"wp","href":"https:\/\/api.w.org\/{rel}","templated":true}]}}