{"id":445606,"date":"2024-11-12T09:16:39","date_gmt":"2024-11-12T09:16:41","guid":{"rendered":"https:\/\/www.erresse-shop.it\/?post_type=product&#038;p=445606"},"modified":"2025-03-23T09:30:17","modified_gmt":"2025-03-23T09:30:17","slug":"guzzini-cuberteria-24-piezas-petra-copia","status":"publish","type":"product","link":"https:\/\/www.erresse-shop.it\/es\/shop\/tabla\/cubiertos\/guzzini-cuberteria-24-piezas-petra-copia\/","title":{"rendered":"GUZZINI Cuberter\u00eda 24 piezas Zelda"},"content":{"rendered":"<p>Elegante, equilibrada y ergon\u00f3mica, la nueva cuberter\u00eda Zelda de acero inoxidable 18\/10 presenta un dise\u00f1o de gota ancha y un acabado pulido que convierten a toda la l\u00ednea en un icono de estilo atemporal.<\/p>\n<ul>\n<li>Acero inoxidable 18\/10 de alta calidad<\/li>\n<li>Mango ergon\u00f3mico para un agarre f\u00e1cil y seguro<\/li>\n<li>F\u00e1cil de limpiar, apto para lavavajillas<\/li>\n<li>6 cubiertos: 6 tenedores, 6 cucharas, 6 cuchillos<\/li>\n<\/ul>\n<p><strong>Material:<\/strong> Acero inoxidable<\/p>\n","protected":false},"excerpt":{"rendered":"<p>Elegante, equilibrada y ergon\u00f3mica, la nueva cuberter\u00eda Zelda de acero inoxidable 18\/10 presenta un dise\u00f1o de gota ancha y un<\/p>\n","protected":false},"featured_media":445624,"template":"","meta":{"_acf_changed":false,"inline_featured_image":false},"product_cat":[16033,16027],"product_tag":[17199,16759,17200,21823,25023],"acf":[],"yoast_head":"<!-- This site is optimized with the Yoast SEO Premium plugin v18.6 (Yoast SEO v19.13) - https:\/\/yoast.com\/wordpress\/plugins\/seo\/ -->\n<title>GUZZINI Cuberter\u00eda 24 piezas Zelda - Erresse Shop<\/title>\n<meta name=\"description\" content=\"Elegante, equilibrada y ergon\u00f3mica, la nueva cuberter\u00eda Zelda de acero inoxidable 18\/10 presenta un dise\u00f1o de gota ancha y un acabado pulido que\" \/>\n<meta name=\"robots\" content=\"index, follow, max-snippet:-1, max-image-preview:large, max-video-preview:-1\" \/>\n<link rel=\"canonical\" href=\"https:\/\/www.erresse-shop.it\/es\/shop\/tabla\/cubiertos\/guzzini-cuberteria-24-piezas-petra-copia\/\" \/>\n<meta property=\"og:locale\" content=\"es_ES\" \/>\n<meta property=\"og:type\" content=\"article\" \/>\n<meta property=\"og:title\" content=\"GUZZINI Cuberter\u00eda 24 piezas Zelda\" \/>\n<meta property=\"og:description\" content=\"Elegante, equilibrada y ergon\u00f3mica, la nueva cuberter\u00eda Zelda de acero inoxidable 18\/10 presenta un dise\u00f1o de gota ancha y un acabado pulido que\" \/>\n<meta property=\"og:url\" content=\"https:\/\/www.erresse-shop.it\/es\/shop\/tabla\/cubiertos\/guzzini-cuberteria-24-piezas-petra-copia\/\" \/>\n<meta property=\"og:site_name\" content=\"Erresse Shop\" \/>\n<meta property=\"article:modified_time\" content=\"2025-03-23T09:30:17+00:00\" \/>\n<meta property=\"og:image\" content=\"https:\/\/www.erresse-shop.it\/wp-content\/uploads\/2024\/11\/GUZZINI-Set-Posate-24-pezzi-Zelda.jpg\" \/>\n\t<meta property=\"og:image:width\" content=\"1200\" \/>\n\t<meta property=\"og:image:height\" content=\"1200\" \/>\n\t<meta property=\"og:image:type\" content=\"image\/jpeg\" \/>\n<meta name=\"twitter:card\" content=\"summary_large_image\" \/>\n<script type=\"application\/ld+json\" class=\"yoast-schema-graph\">{\"@context\":\"https:\/\/schema.org\",\"@graph\":[{\"@type\":\"WebPage\",\"@id\":\"https:\/\/www.erresse-shop.it\/es\/shop\/tabla\/cubiertos\/guzzini-cuberteria-24-piezas-petra-copia\/\",\"url\":\"https:\/\/www.erresse-shop.it\/es\/shop\/tabla\/cubiertos\/guzzini-cuberteria-24-piezas-petra-copia\/\",\"name\":\"GUZZINI Cuberter\u00eda 24 piezas Zelda - Erresse Shop\",\"isPartOf\":{\"@id\":\"https:\/\/www.erresse-shop.it\/es\/#website\"},\"datePublished\":\"2024-11-12T09:16:41+00:00\",\"dateModified\":\"2025-03-23T09:30:17+00:00\",\"description\":\"Elegante, equilibrada y ergon\u00f3mica, la nueva cuberter\u00eda Zelda de acero inoxidable 18\/10 presenta un dise\u00f1o de gota ancha y un acabado pulido que\",\"breadcrumb\":{\"@id\":\"https:\/\/www.erresse-shop.it\/es\/shop\/tabla\/cubiertos\/guzzini-cuberteria-24-piezas-petra-copia\/#breadcrumb\"},\"inLanguage\":\"es\",\"potentialAction\":[{\"@type\":\"ReadAction\",\"target\":[\"https:\/\/www.erresse-shop.it\/es\/shop\/tabla\/cubiertos\/guzzini-cuberteria-24-piezas-petra-copia\/\"]}]},{\"@type\":\"BreadcrumbList\",\"@id\":\"https:\/\/www.erresse-shop.it\/es\/shop\/tabla\/cubiertos\/guzzini-cuberteria-24-piezas-petra-copia\/#breadcrumb\",\"itemListElement\":[{\"@type\":\"ListItem\",\"position\":1,\"name\":\"Home\",\"item\":\"https:\/\/www.erresse-shop.it\/es\/\"},{\"@type\":\"ListItem\",\"position\":2,\"name\":\"Shop\",\"item\":\"https:\/\/www.erresse-shop.it\/es\/shop\/\"},{\"@type\":\"ListItem\",\"position\":3,\"name\":\"GUZZINI Cuberter\u00eda 24 piezas Zelda\"}]},{\"@type\":\"WebSite\",\"@id\":\"https:\/\/www.erresse-shop.it\/es\/#website\",\"url\":\"https:\/\/www.erresse-shop.it\/es\/\",\"name\":\"Erresse Shop\",\"description\":\"Articoli di qualit\u00e0 per la casa\",\"potentialAction\":[{\"@type\":\"SearchAction\",\"target\":{\"@type\":\"EntryPoint\",\"urlTemplate\":\"https:\/\/www.erresse-shop.it\/es\/?s={search_term_string}\"},\"query-input\":\"required name=search_term_string\"}],\"inLanguage\":\"es\"}]}<\/script>\n<!-- \/ Yoast SEO Premium plugin. -->","yoast_head_json":{"title":"GUZZINI Cuberter\u00eda 24 piezas Zelda - Erresse Shop","description":"Elegante, equilibrada y ergon\u00f3mica, la nueva cuberter\u00eda Zelda de acero inoxidable 18\/10 presenta un dise\u00f1o de gota ancha y un acabado pulido que","robots":{"index":"index","follow":"follow","max-snippet":"max-snippet:-1","max-image-preview":"max-image-preview:large","max-video-preview":"max-video-preview:-1"},"canonical":"https:\/\/www.erresse-shop.it\/es\/shop\/tabla\/cubiertos\/guzzini-cuberteria-24-piezas-petra-copia\/","og_locale":"es_ES","og_type":"article","og_title":"GUZZINI Cuberter\u00eda 24 piezas Zelda","og_description":"Elegante, equilibrada y ergon\u00f3mica, la nueva cuberter\u00eda Zelda de acero inoxidable 18\/10 presenta un dise\u00f1o de gota ancha y un acabado pulido que","og_url":"https:\/\/www.erresse-shop.it\/es\/shop\/tabla\/cubiertos\/guzzini-cuberteria-24-piezas-petra-copia\/","og_site_name":"Erresse Shop","article_modified_time":"2025-03-23T09:30:17+00:00","og_image":[{"width":1200,"height":1200,"url":"https:\/\/www.erresse-shop.it\/wp-content\/uploads\/2024\/11\/GUZZINI-Set-Posate-24-pezzi-Zelda.jpg","type":"image\/jpeg"}],"twitter_card":"summary_large_image","schema":{"@context":"https:\/\/schema.org","@graph":[{"@type":"WebPage","@id":"https:\/\/www.erresse-shop.it\/es\/shop\/tabla\/cubiertos\/guzzini-cuberteria-24-piezas-petra-copia\/","url":"https:\/\/www.erresse-shop.it\/es\/shop\/tabla\/cubiertos\/guzzini-cuberteria-24-piezas-petra-copia\/","name":"GUZZINI Cuberter\u00eda 24 piezas Zelda - Erresse Shop","isPartOf":{"@id":"https:\/\/www.erresse-shop.it\/es\/#website"},"datePublished":"2024-11-12T09:16:41+00:00","dateModified":"2025-03-23T09:30:17+00:00","description":"Elegante, equilibrada y ergon\u00f3mica, la nueva cuberter\u00eda Zelda de acero inoxidable 18\/10 presenta un dise\u00f1o de gota ancha y un acabado pulido que","breadcrumb":{"@id":"https:\/\/www.erresse-shop.it\/es\/shop\/tabla\/cubiertos\/guzzini-cuberteria-24-piezas-petra-copia\/#breadcrumb"},"inLanguage":"es","potentialAction":[{"@type":"ReadAction","target":["https:\/\/www.erresse-shop.it\/es\/shop\/tabla\/cubiertos\/guzzini-cuberteria-24-piezas-petra-copia\/"]}]},{"@type":"BreadcrumbList","@id":"https:\/\/www.erresse-shop.it\/es\/shop\/tabla\/cubiertos\/guzzini-cuberteria-24-piezas-petra-copia\/#breadcrumb","itemListElement":[{"@type":"ListItem","position":1,"name":"Home","item":"https:\/\/www.erresse-shop.it\/es\/"},{"@type":"ListItem","position":2,"name":"Shop","item":"https:\/\/www.erresse-shop.it\/es\/shop\/"},{"@type":"ListItem","position":3,"name":"GUZZINI Cuberter\u00eda 24 piezas Zelda"}]},{"@type":"WebSite","@id":"https:\/\/www.erresse-shop.it\/es\/#website","url":"https:\/\/www.erresse-shop.it\/es\/","name":"Erresse Shop","description":"Articoli di qualit\u00e0 per la casa","potentialAction":[{"@type":"SearchAction","target":{"@type":"EntryPoint","urlTemplate":"https:\/\/www.erresse-shop.it\/es\/?s={search_term_string}"},"query-input":"required name=search_term_string"}],"inLanguage":"es"}]}},"df_price":49.5,"df_sale_price":49.5,"df_regular_price":99,"df_image_link":"https:\/\/www.erresse-shop.it\/wp-content\/uploads\/2024\/11\/GUZZINI-Set-Posate-24-pezzi-Zelda-300x300.jpg","_links":{"self":[{"href":"https:\/\/www.erresse-shop.it\/es\/wp-json\/wp\/v2\/product\/445606"}],"collection":[{"href":"https:\/\/www.erresse-shop.it\/es\/wp-json\/wp\/v2\/product"}],"about":[{"href":"https:\/\/www.erresse-shop.it\/es\/wp-json\/wp\/v2\/types\/product"}],"wp:featuredmedia":[{"embeddable":true,"href":"https:\/\/www.erresse-shop.it\/es\/wp-json\/wp\/v2\/media\/445624"}],"wp:attachment":[{"href":"https:\/\/www.erresse-shop.it\/es\/wp-json\/wp\/v2\/media?parent=445606"}],"wp:term":[{"taxonomy":"product_cat","embeddable":true,"href":"https:\/\/www.erresse-shop.it\/es\/wp-json\/wp\/v2\/product_cat?post=445606"},{"taxonomy":"product_tag","embeddable":true,"href":"https:\/\/www.erresse-shop.it\/es\/wp-json\/wp\/v2\/product_tag?post=445606"}],"curies":[{"name":"wp","href":"https:\/\/api.w.org\/{rel}","templated":true}]}}