{"id":445410,"date":"2024-11-11T08:20:57","date_gmt":"2024-11-11T08:20:58","guid":{"rendered":"https:\/\/www.erresse-shop.it\/?post_type=product&#038;p=445410"},"modified":"2024-11-11T08:31:37","modified_gmt":"2024-11-11T08:31:37","slug":"taitu-fil-rouge-bacche-platos-de-fruta-y-postre-24-cm-4-piezas-copia","status":"publish","type":"product","link":"https:\/\/www.erresse-shop.it\/es\/shop\/tabla\/soportes-para-tartas\/taitu-fil-rouge-bacche-platos-de-fruta-y-postre-24-cm-4-piezas-copia\/","title":{"rendered":"TAIT\u00d9 Fil Rouge Bacche Soporte para tartas"},"content":{"rendered":"<p><strong>Material:<\/strong>\u00a0Fine Bone China<\/p>\n<p>El rojo es el color del amor, la pasi\u00f3n y la energ\u00eda. La colecci\u00f3n BACCHE lo celebra con los frutos de la rosa canina y el Rowan, unidos por un fino FIL ROUGE.<br \/>\nBACCHE, FOGLIE e NODI son colecciones perfectas para todo el a\u00f1o; y con el hilo rojo, TAIT\u00d9 tambi\u00e9n reaviva la magia de la Navidad.<br \/>\nUnidas por el creativo macroconcepto FIL ROUGE, las 3 colecciones desarrollan nuevas posibilidades de Mix&amp;Match, entre s\u00ed y con muchas otras colecciones TAIT\u00d9.<\/p>\n<p><strong>ADVERTENCIAS<\/strong><br \/>\nApto para lavavajillas y microondas.<\/p>\n<p><strong>Dise\u00f1adora:<\/strong> Silvia Cabassa<\/p>\n","protected":false},"excerpt":{"rendered":"<p>Material:\u00a0Fine Bone China El rojo es el color del amor, la pasi\u00f3n y la energ\u00eda. La colecci\u00f3n BACCHE lo celebra<\/p>\n","protected":false},"featured_media":445436,"template":"","meta":{"_acf_changed":false,"inline_featured_image":false},"product_cat":[16039,16027],"product_tag":[25090,24399,16748,20540,25023],"acf":[],"yoast_head":"<!-- This site is optimized with the Yoast SEO Premium plugin v18.6 (Yoast SEO v19.13) - https:\/\/yoast.com\/wordpress\/plugins\/seo\/ -->\n<title>TAIT\u00d9 Fil Rouge Bacche Soporte para tartas - Erresse Shop<\/title>\n<meta name=\"description\" content=\"Material:\u00a0Fine Bone China El rojo es el color del amor, la pasi\u00f3n y la energ\u00eda. La colecci\u00f3n BACCHE lo celebra con los frutos de la rosa canina y el\" \/>\n<meta name=\"robots\" content=\"index, follow, max-snippet:-1, max-image-preview:large, max-video-preview:-1\" \/>\n<link rel=\"canonical\" href=\"https:\/\/www.erresse-shop.it\/es\/shop\/tabla\/soportes-para-tartas\/taitu-fil-rouge-bacche-platos-de-fruta-y-postre-24-cm-4-piezas-copia\/\" \/>\n<meta property=\"og:locale\" content=\"es_ES\" \/>\n<meta property=\"og:type\" content=\"article\" \/>\n<meta property=\"og:title\" content=\"TAIT\u00d9 Fil Rouge Bacche Soporte para tartas\" \/>\n<meta property=\"og:description\" content=\"Material:\u00a0Fine Bone China El rojo es el color del amor, la pasi\u00f3n y la energ\u00eda. La colecci\u00f3n BACCHE lo celebra con los frutos de la rosa canina y el\" \/>\n<meta property=\"og:url\" content=\"https:\/\/www.erresse-shop.it\/es\/shop\/tabla\/soportes-para-tartas\/taitu-fil-rouge-bacche-platos-de-fruta-y-postre-24-cm-4-piezas-copia\/\" \/>\n<meta property=\"og:site_name\" content=\"Erresse Shop\" \/>\n<meta property=\"article:modified_time\" content=\"2024-11-11T08:31:37+00:00\" \/>\n<meta property=\"og:image\" content=\"https:\/\/www.erresse-shop.it\/wp-content\/uploads\/2024\/11\/TAITU-Fil-Rouge-Bacche-Alzata.jpg\" \/>\n\t<meta property=\"og:image:width\" content=\"1200\" \/>\n\t<meta property=\"og:image:height\" content=\"1200\" \/>\n\t<meta property=\"og:image:type\" content=\"image\/jpeg\" \/>\n<meta name=\"twitter:card\" content=\"summary_large_image\" \/>\n<script type=\"application\/ld+json\" class=\"yoast-schema-graph\">{\"@context\":\"https:\/\/schema.org\",\"@graph\":[{\"@type\":\"WebPage\",\"@id\":\"https:\/\/www.erresse-shop.it\/es\/shop\/tabla\/soportes-para-tartas\/taitu-fil-rouge-bacche-platos-de-fruta-y-postre-24-cm-4-piezas-copia\/\",\"url\":\"https:\/\/www.erresse-shop.it\/es\/shop\/tabla\/soportes-para-tartas\/taitu-fil-rouge-bacche-platos-de-fruta-y-postre-24-cm-4-piezas-copia\/\",\"name\":\"TAIT\u00d9 Fil Rouge Bacche Soporte para tartas - Erresse Shop\",\"isPartOf\":{\"@id\":\"https:\/\/www.erresse-shop.it\/es\/#website\"},\"datePublished\":\"2024-11-11T08:20:58+00:00\",\"dateModified\":\"2024-11-11T08:31:37+00:00\",\"description\":\"Material:\u00a0Fine Bone China El rojo es el color del amor, la pasi\u00f3n y la energ\u00eda. La colecci\u00f3n BACCHE lo celebra con los frutos de la rosa canina y el\",\"breadcrumb\":{\"@id\":\"https:\/\/www.erresse-shop.it\/es\/shop\/tabla\/soportes-para-tartas\/taitu-fil-rouge-bacche-platos-de-fruta-y-postre-24-cm-4-piezas-copia\/#breadcrumb\"},\"inLanguage\":\"es\",\"potentialAction\":[{\"@type\":\"ReadAction\",\"target\":[\"https:\/\/www.erresse-shop.it\/es\/shop\/tabla\/soportes-para-tartas\/taitu-fil-rouge-bacche-platos-de-fruta-y-postre-24-cm-4-piezas-copia\/\"]}]},{\"@type\":\"BreadcrumbList\",\"@id\":\"https:\/\/www.erresse-shop.it\/es\/shop\/tabla\/soportes-para-tartas\/taitu-fil-rouge-bacche-platos-de-fruta-y-postre-24-cm-4-piezas-copia\/#breadcrumb\",\"itemListElement\":[{\"@type\":\"ListItem\",\"position\":1,\"name\":\"Home\",\"item\":\"https:\/\/www.erresse-shop.it\/es\/\"},{\"@type\":\"ListItem\",\"position\":2,\"name\":\"Shop\",\"item\":\"https:\/\/www.erresse-shop.it\/es\/shop\/\"},{\"@type\":\"ListItem\",\"position\":3,\"name\":\"TAIT\u00d9 Fil Rouge Bacche Soporte para tartas\"}]},{\"@type\":\"WebSite\",\"@id\":\"https:\/\/www.erresse-shop.it\/es\/#website\",\"url\":\"https:\/\/www.erresse-shop.it\/es\/\",\"name\":\"Erresse Shop\",\"description\":\"Articoli di qualit\u00e0 per la casa\",\"potentialAction\":[{\"@type\":\"SearchAction\",\"target\":{\"@type\":\"EntryPoint\",\"urlTemplate\":\"https:\/\/www.erresse-shop.it\/es\/?s={search_term_string}\"},\"query-input\":\"required name=search_term_string\"}],\"inLanguage\":\"es\"}]}<\/script>\n<!-- \/ Yoast SEO Premium plugin. -->","yoast_head_json":{"title":"TAIT\u00d9 Fil Rouge Bacche Soporte para tartas - Erresse Shop","description":"Material:\u00a0Fine Bone China El rojo es el color del amor, la pasi\u00f3n y la energ\u00eda. La colecci\u00f3n BACCHE lo celebra con los frutos de la rosa canina y el","robots":{"index":"index","follow":"follow","max-snippet":"max-snippet:-1","max-image-preview":"max-image-preview:large","max-video-preview":"max-video-preview:-1"},"canonical":"https:\/\/www.erresse-shop.it\/es\/shop\/tabla\/soportes-para-tartas\/taitu-fil-rouge-bacche-platos-de-fruta-y-postre-24-cm-4-piezas-copia\/","og_locale":"es_ES","og_type":"article","og_title":"TAIT\u00d9 Fil Rouge Bacche Soporte para tartas","og_description":"Material:\u00a0Fine Bone China El rojo es el color del amor, la pasi\u00f3n y la energ\u00eda. La colecci\u00f3n BACCHE lo celebra con los frutos de la rosa canina y el","og_url":"https:\/\/www.erresse-shop.it\/es\/shop\/tabla\/soportes-para-tartas\/taitu-fil-rouge-bacche-platos-de-fruta-y-postre-24-cm-4-piezas-copia\/","og_site_name":"Erresse Shop","article_modified_time":"2024-11-11T08:31:37+00:00","og_image":[{"width":1200,"height":1200,"url":"https:\/\/www.erresse-shop.it\/wp-content\/uploads\/2024\/11\/TAITU-Fil-Rouge-Bacche-Alzata.jpg","type":"image\/jpeg"}],"twitter_card":"summary_large_image","schema":{"@context":"https:\/\/schema.org","@graph":[{"@type":"WebPage","@id":"https:\/\/www.erresse-shop.it\/es\/shop\/tabla\/soportes-para-tartas\/taitu-fil-rouge-bacche-platos-de-fruta-y-postre-24-cm-4-piezas-copia\/","url":"https:\/\/www.erresse-shop.it\/es\/shop\/tabla\/soportes-para-tartas\/taitu-fil-rouge-bacche-platos-de-fruta-y-postre-24-cm-4-piezas-copia\/","name":"TAIT\u00d9 Fil Rouge Bacche Soporte para tartas - Erresse Shop","isPartOf":{"@id":"https:\/\/www.erresse-shop.it\/es\/#website"},"datePublished":"2024-11-11T08:20:58+00:00","dateModified":"2024-11-11T08:31:37+00:00","description":"Material:\u00a0Fine Bone China El rojo es el color del amor, la pasi\u00f3n y la energ\u00eda. La colecci\u00f3n BACCHE lo celebra con los frutos de la rosa canina y el","breadcrumb":{"@id":"https:\/\/www.erresse-shop.it\/es\/shop\/tabla\/soportes-para-tartas\/taitu-fil-rouge-bacche-platos-de-fruta-y-postre-24-cm-4-piezas-copia\/#breadcrumb"},"inLanguage":"es","potentialAction":[{"@type":"ReadAction","target":["https:\/\/www.erresse-shop.it\/es\/shop\/tabla\/soportes-para-tartas\/taitu-fil-rouge-bacche-platos-de-fruta-y-postre-24-cm-4-piezas-copia\/"]}]},{"@type":"BreadcrumbList","@id":"https:\/\/www.erresse-shop.it\/es\/shop\/tabla\/soportes-para-tartas\/taitu-fil-rouge-bacche-platos-de-fruta-y-postre-24-cm-4-piezas-copia\/#breadcrumb","itemListElement":[{"@type":"ListItem","position":1,"name":"Home","item":"https:\/\/www.erresse-shop.it\/es\/"},{"@type":"ListItem","position":2,"name":"Shop","item":"https:\/\/www.erresse-shop.it\/es\/shop\/"},{"@type":"ListItem","position":3,"name":"TAIT\u00d9 Fil Rouge Bacche Soporte para tartas"}]},{"@type":"WebSite","@id":"https:\/\/www.erresse-shop.it\/es\/#website","url":"https:\/\/www.erresse-shop.it\/es\/","name":"Erresse Shop","description":"Articoli di qualit\u00e0 per la casa","potentialAction":[{"@type":"SearchAction","target":{"@type":"EntryPoint","urlTemplate":"https:\/\/www.erresse-shop.it\/es\/?s={search_term_string}"},"query-input":"required name=search_term_string"}],"inLanguage":"es"}]}},"df_price":60.50000000000001,"df_sale_price":60.50000000000001,"df_regular_price":110,"df_image_link":"https:\/\/www.erresse-shop.it\/wp-content\/uploads\/2024\/11\/TAITU-Fil-Rouge-Bacche-Alzata-300x300.jpg","_links":{"self":[{"href":"https:\/\/www.erresse-shop.it\/es\/wp-json\/wp\/v2\/product\/445410"}],"collection":[{"href":"https:\/\/www.erresse-shop.it\/es\/wp-json\/wp\/v2\/product"}],"about":[{"href":"https:\/\/www.erresse-shop.it\/es\/wp-json\/wp\/v2\/types\/product"}],"wp:featuredmedia":[{"embeddable":true,"href":"https:\/\/www.erresse-shop.it\/es\/wp-json\/wp\/v2\/media\/445436"}],"wp:attachment":[{"href":"https:\/\/www.erresse-shop.it\/es\/wp-json\/wp\/v2\/media?parent=445410"}],"wp:term":[{"taxonomy":"product_cat","embeddable":true,"href":"https:\/\/www.erresse-shop.it\/es\/wp-json\/wp\/v2\/product_cat?post=445410"},{"taxonomy":"product_tag","embeddable":true,"href":"https:\/\/www.erresse-shop.it\/es\/wp-json\/wp\/v2\/product_tag?post=445410"}],"curies":[{"name":"wp","href":"https:\/\/api.w.org\/{rel}","templated":true}]}}