{"id":444718,"date":"2024-11-07T13:21:38","date_gmt":"2024-11-07T13:21:39","guid":{"rendered":"https:\/\/www.erresse-shop.it\/?post_type=product&#038;p=444718"},"modified":"2026-02-25T08:39:43","modified_gmt":"2026-02-25T08:39:43","slug":"taitu-noel-oro-plato-plano-28-cm-4-piezas","status":"publish","type":"product","link":"https:\/\/www.erresse-shop.it\/es\/shop\/tabla\/platos\/taitu-noel-oro-plato-plano-28-cm-4-piezas\/","title":{"rendered":"TAIT\u00d9 Noel Oro Plato Plano 28 cm 4 piezas"},"content":{"rendered":"<p><strong>Material:<\/strong>\u00a0Fine Bone China<\/p>\n<p>TAIT\u00d9 reinventa su Noel con la nueva colecci\u00f3n NOEL ORO. Nuevos elementos en oro de 24 quilates a\u00f1aden un toque de lujo: el nuevo logotipo NOEL de inspiraci\u00f3n art\u00edstica, los copos de nieve y las estrellas de la suerte, as\u00ed como el hilo de oro puro aplicado en el borde de todos los accesorios. Para los amantes de la magia m\u00e1s de cuento de hadas de la Navidad, ser\u00e1 una Navidad todo oro con NOEL ORO.<\/p>\n<p><strong>ADVERTENCIAS<\/strong><br \/>\nDetalles en oro de 24 quilates. No apto para lavavajillas ni microondas.<\/p>\n","protected":false},"excerpt":{"rendered":"<p>Material:\u00a0Fine Bone China TAIT\u00d9 reinventa su Noel con la nueva colecci\u00f3n NOEL ORO. Nuevos elementos en oro de 24 quilates<\/p>\n","protected":false},"featured_media":444744,"template":"","meta":{"_acf_changed":false,"inline_featured_image":false},"product_cat":[16031,16027],"product_tag":[25090,24399,16361,16407,16445,19362,21973,25023],"acf":[],"yoast_head":"<!-- This site is optimized with the Yoast SEO Premium plugin v18.6 (Yoast SEO v19.13) - https:\/\/yoast.com\/wordpress\/plugins\/seo\/ -->\n<title>TAIT\u00d9 Noel Oro Plato Plano 28 cm 4 piezas - Erresse Shop<\/title>\n<meta name=\"description\" content=\"Material:\u00a0Fine Bone China TAIT\u00d9 reinventa su Noel con la nueva colecci\u00f3n NOEL ORO. Nuevos elementos en oro de 24 quilates a\u00f1aden un toque de lujo: el\" \/>\n<meta name=\"robots\" content=\"index, follow, max-snippet:-1, max-image-preview:large, max-video-preview:-1\" \/>\n<link rel=\"canonical\" href=\"https:\/\/www.erresse-shop.it\/es\/shop\/tabla\/platos\/taitu-noel-oro-plato-plano-28-cm-4-piezas\/\" \/>\n<meta property=\"og:locale\" content=\"es_ES\" \/>\n<meta property=\"og:type\" content=\"article\" \/>\n<meta property=\"og:title\" content=\"TAIT\u00d9 Noel Oro Plato Plano 28 cm 4 piezas\" \/>\n<meta property=\"og:description\" content=\"Material:\u00a0Fine Bone China TAIT\u00d9 reinventa su Noel con la nueva colecci\u00f3n NOEL ORO. Nuevos elementos en oro de 24 quilates a\u00f1aden un toque de lujo: el\" \/>\n<meta property=\"og:url\" content=\"https:\/\/www.erresse-shop.it\/es\/shop\/tabla\/platos\/taitu-noel-oro-plato-plano-28-cm-4-piezas\/\" \/>\n<meta property=\"og:site_name\" content=\"Erresse Shop\" \/>\n<meta property=\"article:modified_time\" content=\"2026-02-25T08:39:43+00:00\" \/>\n<meta property=\"og:image\" content=\"https:\/\/www.erresse-shop.it\/wp-content\/uploads\/2024\/11\/TAITU-Noel-Oro-Piatto-Piano-28-cm.jpg\" \/>\n\t<meta property=\"og:image:width\" content=\"1200\" \/>\n\t<meta property=\"og:image:height\" content=\"1200\" \/>\n\t<meta property=\"og:image:type\" content=\"image\/jpeg\" \/>\n<meta name=\"twitter:card\" content=\"summary_large_image\" \/>\n<script type=\"application\/ld+json\" class=\"yoast-schema-graph\">{\"@context\":\"https:\/\/schema.org\",\"@graph\":[{\"@type\":\"WebPage\",\"@id\":\"https:\/\/www.erresse-shop.it\/es\/shop\/tabla\/platos\/taitu-noel-oro-plato-plano-28-cm-4-piezas\/\",\"url\":\"https:\/\/www.erresse-shop.it\/es\/shop\/tabla\/platos\/taitu-noel-oro-plato-plano-28-cm-4-piezas\/\",\"name\":\"TAIT\u00d9 Noel Oro Plato Plano 28 cm 4 piezas - Erresse Shop\",\"isPartOf\":{\"@id\":\"https:\/\/www.erresse-shop.it\/es\/#website\"},\"datePublished\":\"2024-11-07T13:21:39+00:00\",\"dateModified\":\"2026-02-25T08:39:43+00:00\",\"description\":\"Material:\u00a0Fine Bone China TAIT\u00d9 reinventa su Noel con la nueva colecci\u00f3n NOEL ORO. Nuevos elementos en oro de 24 quilates a\u00f1aden un toque de lujo: el\",\"breadcrumb\":{\"@id\":\"https:\/\/www.erresse-shop.it\/es\/shop\/tabla\/platos\/taitu-noel-oro-plato-plano-28-cm-4-piezas\/#breadcrumb\"},\"inLanguage\":\"es\",\"potentialAction\":[{\"@type\":\"ReadAction\",\"target\":[\"https:\/\/www.erresse-shop.it\/es\/shop\/tabla\/platos\/taitu-noel-oro-plato-plano-28-cm-4-piezas\/\"]}]},{\"@type\":\"BreadcrumbList\",\"@id\":\"https:\/\/www.erresse-shop.it\/es\/shop\/tabla\/platos\/taitu-noel-oro-plato-plano-28-cm-4-piezas\/#breadcrumb\",\"itemListElement\":[{\"@type\":\"ListItem\",\"position\":1,\"name\":\"Home\",\"item\":\"https:\/\/www.erresse-shop.it\/es\/\"},{\"@type\":\"ListItem\",\"position\":2,\"name\":\"Shop\",\"item\":\"https:\/\/www.erresse-shop.it\/es\/shop\/\"},{\"@type\":\"ListItem\",\"position\":3,\"name\":\"TAIT\u00d9 Noel Oro Plato Plano 28 cm 4 piezas\"}]},{\"@type\":\"WebSite\",\"@id\":\"https:\/\/www.erresse-shop.it\/es\/#website\",\"url\":\"https:\/\/www.erresse-shop.it\/es\/\",\"name\":\"Erresse Shop\",\"description\":\"Articoli di qualit\u00e0 per la casa\",\"potentialAction\":[{\"@type\":\"SearchAction\",\"target\":{\"@type\":\"EntryPoint\",\"urlTemplate\":\"https:\/\/www.erresse-shop.it\/es\/?s={search_term_string}\"},\"query-input\":\"required name=search_term_string\"}],\"inLanguage\":\"es\"}]}<\/script>\n<!-- \/ Yoast SEO Premium plugin. -->","yoast_head_json":{"title":"TAIT\u00d9 Noel Oro Plato Plano 28 cm 4 piezas - Erresse Shop","description":"Material:\u00a0Fine Bone China TAIT\u00d9 reinventa su Noel con la nueva colecci\u00f3n NOEL ORO. Nuevos elementos en oro de 24 quilates a\u00f1aden un toque de lujo: el","robots":{"index":"index","follow":"follow","max-snippet":"max-snippet:-1","max-image-preview":"max-image-preview:large","max-video-preview":"max-video-preview:-1"},"canonical":"https:\/\/www.erresse-shop.it\/es\/shop\/tabla\/platos\/taitu-noel-oro-plato-plano-28-cm-4-piezas\/","og_locale":"es_ES","og_type":"article","og_title":"TAIT\u00d9 Noel Oro Plato Plano 28 cm 4 piezas","og_description":"Material:\u00a0Fine Bone China TAIT\u00d9 reinventa su Noel con la nueva colecci\u00f3n NOEL ORO. Nuevos elementos en oro de 24 quilates a\u00f1aden un toque de lujo: el","og_url":"https:\/\/www.erresse-shop.it\/es\/shop\/tabla\/platos\/taitu-noel-oro-plato-plano-28-cm-4-piezas\/","og_site_name":"Erresse Shop","article_modified_time":"2026-02-25T08:39:43+00:00","og_image":[{"width":1200,"height":1200,"url":"https:\/\/www.erresse-shop.it\/wp-content\/uploads\/2024\/11\/TAITU-Noel-Oro-Piatto-Piano-28-cm.jpg","type":"image\/jpeg"}],"twitter_card":"summary_large_image","schema":{"@context":"https:\/\/schema.org","@graph":[{"@type":"WebPage","@id":"https:\/\/www.erresse-shop.it\/es\/shop\/tabla\/platos\/taitu-noel-oro-plato-plano-28-cm-4-piezas\/","url":"https:\/\/www.erresse-shop.it\/es\/shop\/tabla\/platos\/taitu-noel-oro-plato-plano-28-cm-4-piezas\/","name":"TAIT\u00d9 Noel Oro Plato Plano 28 cm 4 piezas - Erresse Shop","isPartOf":{"@id":"https:\/\/www.erresse-shop.it\/es\/#website"},"datePublished":"2024-11-07T13:21:39+00:00","dateModified":"2026-02-25T08:39:43+00:00","description":"Material:\u00a0Fine Bone China TAIT\u00d9 reinventa su Noel con la nueva colecci\u00f3n NOEL ORO. Nuevos elementos en oro de 24 quilates a\u00f1aden un toque de lujo: el","breadcrumb":{"@id":"https:\/\/www.erresse-shop.it\/es\/shop\/tabla\/platos\/taitu-noel-oro-plato-plano-28-cm-4-piezas\/#breadcrumb"},"inLanguage":"es","potentialAction":[{"@type":"ReadAction","target":["https:\/\/www.erresse-shop.it\/es\/shop\/tabla\/platos\/taitu-noel-oro-plato-plano-28-cm-4-piezas\/"]}]},{"@type":"BreadcrumbList","@id":"https:\/\/www.erresse-shop.it\/es\/shop\/tabla\/platos\/taitu-noel-oro-plato-plano-28-cm-4-piezas\/#breadcrumb","itemListElement":[{"@type":"ListItem","position":1,"name":"Home","item":"https:\/\/www.erresse-shop.it\/es\/"},{"@type":"ListItem","position":2,"name":"Shop","item":"https:\/\/www.erresse-shop.it\/es\/shop\/"},{"@type":"ListItem","position":3,"name":"TAIT\u00d9 Noel Oro Plato Plano 28 cm 4 piezas"}]},{"@type":"WebSite","@id":"https:\/\/www.erresse-shop.it\/es\/#website","url":"https:\/\/www.erresse-shop.it\/es\/","name":"Erresse Shop","description":"Articoli di qualit\u00e0 per la casa","potentialAction":[{"@type":"SearchAction","target":{"@type":"EntryPoint","urlTemplate":"https:\/\/www.erresse-shop.it\/es\/?s={search_term_string}"},"query-input":"required name=search_term_string"}],"inLanguage":"es"}]}},"df_price":116.60000000000001,"df_sale_price":116.60000000000001,"df_regular_price":212,"df_image_link":"https:\/\/www.erresse-shop.it\/wp-content\/uploads\/2024\/11\/TAITU-Noel-Oro-Piatto-Piano-28-cm-300x300.jpg","_links":{"self":[{"href":"https:\/\/www.erresse-shop.it\/es\/wp-json\/wp\/v2\/product\/444718"}],"collection":[{"href":"https:\/\/www.erresse-shop.it\/es\/wp-json\/wp\/v2\/product"}],"about":[{"href":"https:\/\/www.erresse-shop.it\/es\/wp-json\/wp\/v2\/types\/product"}],"wp:featuredmedia":[{"embeddable":true,"href":"https:\/\/www.erresse-shop.it\/es\/wp-json\/wp\/v2\/media\/444744"}],"wp:attachment":[{"href":"https:\/\/www.erresse-shop.it\/es\/wp-json\/wp\/v2\/media?parent=444718"}],"wp:term":[{"taxonomy":"product_cat","embeddable":true,"href":"https:\/\/www.erresse-shop.it\/es\/wp-json\/wp\/v2\/product_cat?post=444718"},{"taxonomy":"product_tag","embeddable":true,"href":"https:\/\/www.erresse-shop.it\/es\/wp-json\/wp\/v2\/product_tag?post=444718"}],"curies":[{"name":"wp","href":"https:\/\/api.w.org\/{rel}","templated":true}]}}