{"id":444214,"date":"2024-11-06T08:20:51","date_gmt":"2024-11-06T08:20:52","guid":{"rendered":"https:\/\/www.erresse-shop.it\/?post_type=product&#038;p=444214"},"modified":"2024-11-06T08:54:15","modified_gmt":"2024-11-06T08:54:15","slug":"g3-ferrari-friggisano-duo-8-l-copia","status":"publish","type":"product","link":"https:\/\/www.erresse-shop.it\/es\/shop\/pequenos-electrodomesticos\/hornos\/g3-ferrari-friggisano-duo-8-l-copia\/","title":{"rendered":"G3 FERRARI Friggisano BBQ"},"content":{"rendered":"<p><strong>Barbacoa Friggisano: la revoluci\u00f3n en la cocina<\/strong><br \/>\nFriggisano BBQ es el aparato multifuncional que siempre has so\u00f1ado. Gracias a la doble resistencia, a la c\u00e1mara de cocci\u00f3n rebajada y a la rica oferta de accesorios, este aparato se convierte en:<\/p>\n<ul>\n<li>Barbacoa<\/li>\n<li>Freidora de aire<\/li>\n<li>Horno<\/li>\n<li>Secadora<\/li>\n<\/ul>\n<p>Con Friggisano BBQ podr\u00e1s preparar frituras crujientes y sabrosas con muy poco aceite. La tecnolog\u00eda de r\u00e1pida circulaci\u00f3n de aire, combinada con el estante para verduras y temperaturas de hasta 230\u00b0C, le permitir\u00e1 cocinar alimentos saludables y deliciosos, manteniendo el crujiente de los alimentos fritos tradicionales.<\/p>\n<p><strong>Un horno el\u00e9ctrico con m\u00faltiples funciones<\/strong><br \/>\nSi crees que Friggisano s\u00f3lo es apto para fre\u00edr y asar, todav\u00eda no has descubierto el gran potencial de este horno el\u00e9ctrico multifunci\u00f3n.<\/p>\n<p>Friggisano BBQ funciona como un aut\u00e9ntico horno el\u00e9ctrico, pero con un rendimiento r\u00e9cord: puedes utilizarlo para hornear tus pasteles o preparar excelentes pizzas y focaccias. Equipada con un recipiente antiadherente extra\u00edble de 10 litros, 8 programas preestablecidos, ventana e iluminaci\u00f3n interna y una gran pantalla digital, Friggisano BBQ te permite:<\/p>\n<ul>\n<li>Tostadas<\/li>\n<li>Gratinado<\/li>\n<li>Cocinar en el horno<\/li>\n<li>Asado<\/li>\n<li>Descongelar<\/li>\n<li>Seco<\/li>\n<li>Calor<\/li>\n<\/ul>\n<p><strong>Capacidad XXL para toda la familia<br \/>\n<\/strong>Con Friggisano BBQ cocinar para muchas personas ya no es un problema. Gracias a los 10 litros de capacidad y al estante para verduras podr\u00e1s fre\u00edr raciones XXL de patatas fritas y otros alimentos consiguiendo siempre resultados perfectos.<\/p>\n<p><strong>Especificaciones t\u00e9cnicas<\/strong><\/p>\n<ul>\n<li>Capacidad de 10 litros (hasta 2500 g)<\/li>\n<li>Doble resistencia, inferior y superior<\/li>\n<li>Con ventana y luz interior<\/li>\n<li>Contenedor antiadherente y accesorios<\/li>\n<li>Temperatura ajustable (50\u00b0 &#8211; 230\u00b0C)<\/li>\n<li>Temporizador de 60 minutos<\/li>\n<li>Pantalla digital<\/li>\n<li>8 programas preestablecidos: pizza, pescado, pan, marisco, muslos de pollo, grill,<\/li>\n<li>patatas fritas, secadora<\/li>\n<li>Funci\u00f3n secadora<\/li>\n<li>Pies antideslizantes<\/li>\n<li>Accesorios incluidos: estante para patatas fritas, parrilla, bandeja redonda<\/li>\n<li>Fuente de alimentaci\u00f3n: CA 220-240 V ~ 50-60 Hz<\/li>\n<li>Potencia: 2000 W<\/li>\n<li>Dimensiones (An x Al x Pr): 37,5 x 26 x 45 cm<\/li>\n<li>Peso: 8 kg<\/li>\n<\/ul>\n<p><span style=\"text-decoration: underline;\"><strong>No est\u00e1 a la venta fuera de Europa<\/strong><\/span><\/p>\n","protected":false},"excerpt":{"rendered":"<p>Barbacoa Friggisano: la revoluci\u00f3n en la cocina Friggisano BBQ es el aparato multifuncional que siempre has so\u00f1ado. Gracias a la<\/p>\n","protected":false},"featured_media":444256,"template":"","meta":{"_acf_changed":false,"inline_featured_image":false},"product_cat":[21504,16079,16073],"product_tag":[16369,23692,20949,16402,22115,16138],"acf":[],"yoast_head":"<!-- This site is optimized with the Yoast SEO Premium plugin v18.6 (Yoast SEO v19.13) - https:\/\/yoast.com\/wordpress\/plugins\/seo\/ -->\n<title>G3 FERRARI Friggisano BBQ - Erresse Shop<\/title>\n<meta name=\"description\" content=\"Barbacoa Friggisano: la revoluci\u00f3n en la cocina Friggisano BBQ es el aparato multifuncional que siempre has so\u00f1ado. Gracias a la doble resistencia, a la\" \/>\n<meta name=\"robots\" content=\"index, follow, max-snippet:-1, max-image-preview:large, max-video-preview:-1\" \/>\n<link rel=\"canonical\" href=\"https:\/\/www.erresse-shop.it\/es\/shop\/pequenos-electrodomesticos\/hornos\/g3-ferrari-friggisano-duo-8-l-copia\/\" \/>\n<meta property=\"og:locale\" content=\"es_ES\" \/>\n<meta property=\"og:type\" content=\"article\" \/>\n<meta property=\"og:title\" content=\"G3 FERRARI Friggisano BBQ\" \/>\n<meta property=\"og:description\" content=\"Barbacoa Friggisano: la revoluci\u00f3n en la cocina Friggisano BBQ es el aparato multifuncional que siempre has so\u00f1ado. Gracias a la doble resistencia, a la\" \/>\n<meta property=\"og:url\" content=\"https:\/\/www.erresse-shop.it\/es\/shop\/pequenos-electrodomesticos\/hornos\/g3-ferrari-friggisano-duo-8-l-copia\/\" \/>\n<meta property=\"og:site_name\" content=\"Erresse Shop\" \/>\n<meta property=\"article:modified_time\" content=\"2024-11-06T08:54:15+00:00\" \/>\n<meta property=\"og:image\" content=\"https:\/\/www.erresse-shop.it\/wp-content\/uploads\/2024\/11\/G3-FERRARI-Friggisano-BBQ.jpg\" \/>\n\t<meta property=\"og:image:width\" content=\"1200\" \/>\n\t<meta property=\"og:image:height\" content=\"1200\" \/>\n\t<meta property=\"og:image:type\" content=\"image\/jpeg\" \/>\n<meta name=\"twitter:card\" content=\"summary_large_image\" \/>\n<script type=\"application\/ld+json\" class=\"yoast-schema-graph\">{\"@context\":\"https:\/\/schema.org\",\"@graph\":[{\"@type\":\"WebPage\",\"@id\":\"https:\/\/www.erresse-shop.it\/es\/shop\/pequenos-electrodomesticos\/hornos\/g3-ferrari-friggisano-duo-8-l-copia\/\",\"url\":\"https:\/\/www.erresse-shop.it\/es\/shop\/pequenos-electrodomesticos\/hornos\/g3-ferrari-friggisano-duo-8-l-copia\/\",\"name\":\"G3 FERRARI Friggisano BBQ - Erresse Shop\",\"isPartOf\":{\"@id\":\"https:\/\/www.erresse-shop.it\/es\/#website\"},\"datePublished\":\"2024-11-06T08:20:52+00:00\",\"dateModified\":\"2024-11-06T08:54:15+00:00\",\"description\":\"Barbacoa Friggisano: la revoluci\u00f3n en la cocina Friggisano BBQ es el aparato multifuncional que siempre has so\u00f1ado. Gracias a la doble resistencia, a la\",\"breadcrumb\":{\"@id\":\"https:\/\/www.erresse-shop.it\/es\/shop\/pequenos-electrodomesticos\/hornos\/g3-ferrari-friggisano-duo-8-l-copia\/#breadcrumb\"},\"inLanguage\":\"es\",\"potentialAction\":[{\"@type\":\"ReadAction\",\"target\":[\"https:\/\/www.erresse-shop.it\/es\/shop\/pequenos-electrodomesticos\/hornos\/g3-ferrari-friggisano-duo-8-l-copia\/\"]}]},{\"@type\":\"BreadcrumbList\",\"@id\":\"https:\/\/www.erresse-shop.it\/es\/shop\/pequenos-electrodomesticos\/hornos\/g3-ferrari-friggisano-duo-8-l-copia\/#breadcrumb\",\"itemListElement\":[{\"@type\":\"ListItem\",\"position\":1,\"name\":\"Home\",\"item\":\"https:\/\/www.erresse-shop.it\/es\/\"},{\"@type\":\"ListItem\",\"position\":2,\"name\":\"Shop\",\"item\":\"https:\/\/www.erresse-shop.it\/es\/shop\/\"},{\"@type\":\"ListItem\",\"position\":3,\"name\":\"G3 FERRARI Friggisano BBQ\"}]},{\"@type\":\"WebSite\",\"@id\":\"https:\/\/www.erresse-shop.it\/es\/#website\",\"url\":\"https:\/\/www.erresse-shop.it\/es\/\",\"name\":\"Erresse Shop\",\"description\":\"Articoli di qualit\u00e0 per la casa\",\"potentialAction\":[{\"@type\":\"SearchAction\",\"target\":{\"@type\":\"EntryPoint\",\"urlTemplate\":\"https:\/\/www.erresse-shop.it\/es\/?s={search_term_string}\"},\"query-input\":\"required name=search_term_string\"}],\"inLanguage\":\"es\"}]}<\/script>\n<!-- \/ Yoast SEO Premium plugin. -->","yoast_head_json":{"title":"G3 FERRARI Friggisano BBQ - Erresse Shop","description":"Barbacoa Friggisano: la revoluci\u00f3n en la cocina Friggisano BBQ es el aparato multifuncional que siempre has so\u00f1ado. Gracias a la doble resistencia, a la","robots":{"index":"index","follow":"follow","max-snippet":"max-snippet:-1","max-image-preview":"max-image-preview:large","max-video-preview":"max-video-preview:-1"},"canonical":"https:\/\/www.erresse-shop.it\/es\/shop\/pequenos-electrodomesticos\/hornos\/g3-ferrari-friggisano-duo-8-l-copia\/","og_locale":"es_ES","og_type":"article","og_title":"G3 FERRARI Friggisano BBQ","og_description":"Barbacoa Friggisano: la revoluci\u00f3n en la cocina Friggisano BBQ es el aparato multifuncional que siempre has so\u00f1ado. Gracias a la doble resistencia, a la","og_url":"https:\/\/www.erresse-shop.it\/es\/shop\/pequenos-electrodomesticos\/hornos\/g3-ferrari-friggisano-duo-8-l-copia\/","og_site_name":"Erresse Shop","article_modified_time":"2024-11-06T08:54:15+00:00","og_image":[{"width":1200,"height":1200,"url":"https:\/\/www.erresse-shop.it\/wp-content\/uploads\/2024\/11\/G3-FERRARI-Friggisano-BBQ.jpg","type":"image\/jpeg"}],"twitter_card":"summary_large_image","schema":{"@context":"https:\/\/schema.org","@graph":[{"@type":"WebPage","@id":"https:\/\/www.erresse-shop.it\/es\/shop\/pequenos-electrodomesticos\/hornos\/g3-ferrari-friggisano-duo-8-l-copia\/","url":"https:\/\/www.erresse-shop.it\/es\/shop\/pequenos-electrodomesticos\/hornos\/g3-ferrari-friggisano-duo-8-l-copia\/","name":"G3 FERRARI Friggisano BBQ - Erresse Shop","isPartOf":{"@id":"https:\/\/www.erresse-shop.it\/es\/#website"},"datePublished":"2024-11-06T08:20:52+00:00","dateModified":"2024-11-06T08:54:15+00:00","description":"Barbacoa Friggisano: la revoluci\u00f3n en la cocina Friggisano BBQ es el aparato multifuncional que siempre has so\u00f1ado. Gracias a la doble resistencia, a la","breadcrumb":{"@id":"https:\/\/www.erresse-shop.it\/es\/shop\/pequenos-electrodomesticos\/hornos\/g3-ferrari-friggisano-duo-8-l-copia\/#breadcrumb"},"inLanguage":"es","potentialAction":[{"@type":"ReadAction","target":["https:\/\/www.erresse-shop.it\/es\/shop\/pequenos-electrodomesticos\/hornos\/g3-ferrari-friggisano-duo-8-l-copia\/"]}]},{"@type":"BreadcrumbList","@id":"https:\/\/www.erresse-shop.it\/es\/shop\/pequenos-electrodomesticos\/hornos\/g3-ferrari-friggisano-duo-8-l-copia\/#breadcrumb","itemListElement":[{"@type":"ListItem","position":1,"name":"Home","item":"https:\/\/www.erresse-shop.it\/es\/"},{"@type":"ListItem","position":2,"name":"Shop","item":"https:\/\/www.erresse-shop.it\/es\/shop\/"},{"@type":"ListItem","position":3,"name":"G3 FERRARI Friggisano BBQ"}]},{"@type":"WebSite","@id":"https:\/\/www.erresse-shop.it\/es\/#website","url":"https:\/\/www.erresse-shop.it\/es\/","name":"Erresse Shop","description":"Articoli di qualit\u00e0 per la casa","potentialAction":[{"@type":"SearchAction","target":{"@type":"EntryPoint","urlTemplate":"https:\/\/www.erresse-shop.it\/es\/?s={search_term_string}"},"query-input":"required name=search_term_string"}],"inLanguage":"es"}]}},"df_price":199.9,"df_sale_price":199.9,"df_regular_price":199.9,"df_image_link":"https:\/\/www.erresse-shop.it\/wp-content\/uploads\/2024\/11\/G3-FERRARI-Friggisano-BBQ-300x300.jpg","_links":{"self":[{"href":"https:\/\/www.erresse-shop.it\/es\/wp-json\/wp\/v2\/product\/444214"}],"collection":[{"href":"https:\/\/www.erresse-shop.it\/es\/wp-json\/wp\/v2\/product"}],"about":[{"href":"https:\/\/www.erresse-shop.it\/es\/wp-json\/wp\/v2\/types\/product"}],"wp:featuredmedia":[{"embeddable":true,"href":"https:\/\/www.erresse-shop.it\/es\/wp-json\/wp\/v2\/media\/444256"}],"wp:attachment":[{"href":"https:\/\/www.erresse-shop.it\/es\/wp-json\/wp\/v2\/media?parent=444214"}],"wp:term":[{"taxonomy":"product_cat","embeddable":true,"href":"https:\/\/www.erresse-shop.it\/es\/wp-json\/wp\/v2\/product_cat?post=444214"},{"taxonomy":"product_tag","embeddable":true,"href":"https:\/\/www.erresse-shop.it\/es\/wp-json\/wp\/v2\/product_tag?post=444214"}],"curies":[{"name":"wp","href":"https:\/\/api.w.org\/{rel}","templated":true}]}}