{"id":441679,"date":"2024-10-25T08:47:13","date_gmt":"2024-10-25T08:47:13","guid":{"rendered":"https:\/\/www.erresse-shop.it\/?post_type=product&#038;p=441679"},"modified":"2024-10-25T09:00:53","modified_gmt":"2024-10-25T09:00:53","slug":"guzzini-set-de-3-recipientes-con-tapa","status":"publish","type":"product","link":"https:\/\/www.erresse-shop.it\/es\/shop\/tabla\/cestas-y-cuencos\/guzzini-set-de-3-recipientes-con-tapa\/","title":{"rendered":"GUZZINI Set de 3 recipientes con tapa"},"content":{"rendered":"<div class=\"descripci\u00f3n del atributo del producto\">\n<div clase=\"valor\">\n<p>Tres recipientes con tapa pr\u00e1cticos y vers\u00e1tiles para preparar, almacenar y servir alimentos en cualquier lugar y todos los d\u00edas.<\/p>\n<ul>\n<li>Apto para lavavajillas<\/li>\n<li>Apto para microondas (sin tapa)<\/li>\n<li>Apilable<\/li>\n<li>F\u00e1cil apertura: c\u00f3moda pesta\u00f1a de apertura<\/li>\n<li>Pl\u00e1stico de base biol\u00f3gica<\/li>\n<\/ul>\n<\/div>\n<\/div>\n<p>Dimensiones:<br \/>\nGrande: \u00f8 28 x h 13,8 cm<br \/>\nMediano: \u00f8 24 x alto 11,2 cm<br \/>\nPeque\u00f1o: \u00f8 20 x alto 9,4 cm<\/p>\n<p>Detalle de color: multicolor<br \/>\nMaterial: pl\u00e1stico reciclado<br \/>\nHecho en Italia<\/p>\n<p>&nbsp;<\/p>\n","protected":false},"excerpt":{"rendered":"<p>Tres recipientes con tapa pr\u00e1cticos y vers\u00e1tiles para preparar, almacenar y servir alimentos en cualquier lugar y todos los d\u00edas.<\/p>\n","protected":false},"featured_media":441700,"template":"","meta":{"_acf_changed":false,"inline_featured_image":false},"product_cat":[16037,16027],"product_tag":[16225,16877,23662,24430,19094,21823],"acf":[],"yoast_head":"<!-- This site is optimized with the Yoast SEO Premium plugin v18.6 (Yoast SEO v19.13) - https:\/\/yoast.com\/wordpress\/plugins\/seo\/ -->\n<title>GUZZINI Set de 3 recipientes con tapa - Erresse Shop<\/title>\n<meta name=\"description\" content=\"Tres recipientes con tapa pr\u00e1cticos y vers\u00e1tiles para preparar, almacenar y servir alimentos en cualquier lugar y todos los d\u00edas. Apto para lavavajillas\" \/>\n<meta name=\"robots\" content=\"index, follow, max-snippet:-1, max-image-preview:large, max-video-preview:-1\" \/>\n<link rel=\"canonical\" href=\"https:\/\/www.erresse-shop.it\/es\/shop\/tabla\/cestas-y-cuencos\/guzzini-set-de-3-recipientes-con-tapa\/\" \/>\n<meta property=\"og:locale\" content=\"es_ES\" \/>\n<meta property=\"og:type\" content=\"article\" \/>\n<meta property=\"og:title\" content=\"GUZZINI Set de 3 recipientes con tapa\" \/>\n<meta property=\"og:description\" content=\"Tres recipientes con tapa pr\u00e1cticos y vers\u00e1tiles para preparar, almacenar y servir alimentos en cualquier lugar y todos los d\u00edas. Apto para lavavajillas\" \/>\n<meta property=\"og:url\" content=\"https:\/\/www.erresse-shop.it\/es\/shop\/tabla\/cestas-y-cuencos\/guzzini-set-de-3-recipientes-con-tapa\/\" \/>\n<meta property=\"og:site_name\" content=\"Erresse Shop\" \/>\n<meta property=\"article:modified_time\" content=\"2024-10-25T09:00:53+00:00\" \/>\n<meta property=\"og:image\" content=\"https:\/\/www.erresse-shop.it\/wp-content\/uploads\/2024\/10\/GUZZINI-Set-3-Contenitori-con-Coperchio.jpg\" \/>\n\t<meta property=\"og:image:width\" content=\"1200\" \/>\n\t<meta property=\"og:image:height\" content=\"1200\" \/>\n\t<meta property=\"og:image:type\" content=\"image\/jpeg\" \/>\n<meta name=\"twitter:card\" content=\"summary_large_image\" \/>\n<script type=\"application\/ld+json\" class=\"yoast-schema-graph\">{\"@context\":\"https:\/\/schema.org\",\"@graph\":[{\"@type\":\"WebPage\",\"@id\":\"https:\/\/www.erresse-shop.it\/es\/shop\/tabla\/cestas-y-cuencos\/guzzini-set-de-3-recipientes-con-tapa\/\",\"url\":\"https:\/\/www.erresse-shop.it\/es\/shop\/tabla\/cestas-y-cuencos\/guzzini-set-de-3-recipientes-con-tapa\/\",\"name\":\"GUZZINI Set de 3 recipientes con tapa - Erresse Shop\",\"isPartOf\":{\"@id\":\"https:\/\/www.erresse-shop.it\/es\/#website\"},\"datePublished\":\"2024-10-25T08:47:13+00:00\",\"dateModified\":\"2024-10-25T09:00:53+00:00\",\"description\":\"Tres recipientes con tapa pr\u00e1cticos y vers\u00e1tiles para preparar, almacenar y servir alimentos en cualquier lugar y todos los d\u00edas. Apto para lavavajillas\",\"breadcrumb\":{\"@id\":\"https:\/\/www.erresse-shop.it\/es\/shop\/tabla\/cestas-y-cuencos\/guzzini-set-de-3-recipientes-con-tapa\/#breadcrumb\"},\"inLanguage\":\"es\",\"potentialAction\":[{\"@type\":\"ReadAction\",\"target\":[\"https:\/\/www.erresse-shop.it\/es\/shop\/tabla\/cestas-y-cuencos\/guzzini-set-de-3-recipientes-con-tapa\/\"]}]},{\"@type\":\"BreadcrumbList\",\"@id\":\"https:\/\/www.erresse-shop.it\/es\/shop\/tabla\/cestas-y-cuencos\/guzzini-set-de-3-recipientes-con-tapa\/#breadcrumb\",\"itemListElement\":[{\"@type\":\"ListItem\",\"position\":1,\"name\":\"Home\",\"item\":\"https:\/\/www.erresse-shop.it\/es\/\"},{\"@type\":\"ListItem\",\"position\":2,\"name\":\"Shop\",\"item\":\"https:\/\/www.erresse-shop.it\/es\/shop\/\"},{\"@type\":\"ListItem\",\"position\":3,\"name\":\"GUZZINI Set de 3 recipientes con tapa\"}]},{\"@type\":\"WebSite\",\"@id\":\"https:\/\/www.erresse-shop.it\/es\/#website\",\"url\":\"https:\/\/www.erresse-shop.it\/es\/\",\"name\":\"Erresse Shop\",\"description\":\"Articoli di qualit\u00e0 per la casa\",\"potentialAction\":[{\"@type\":\"SearchAction\",\"target\":{\"@type\":\"EntryPoint\",\"urlTemplate\":\"https:\/\/www.erresse-shop.it\/es\/?s={search_term_string}\"},\"query-input\":\"required name=search_term_string\"}],\"inLanguage\":\"es\"}]}<\/script>\n<!-- \/ Yoast SEO Premium plugin. -->","yoast_head_json":{"title":"GUZZINI Set de 3 recipientes con tapa - Erresse Shop","description":"Tres recipientes con tapa pr\u00e1cticos y vers\u00e1tiles para preparar, almacenar y servir alimentos en cualquier lugar y todos los d\u00edas. Apto para lavavajillas","robots":{"index":"index","follow":"follow","max-snippet":"max-snippet:-1","max-image-preview":"max-image-preview:large","max-video-preview":"max-video-preview:-1"},"canonical":"https:\/\/www.erresse-shop.it\/es\/shop\/tabla\/cestas-y-cuencos\/guzzini-set-de-3-recipientes-con-tapa\/","og_locale":"es_ES","og_type":"article","og_title":"GUZZINI Set de 3 recipientes con tapa","og_description":"Tres recipientes con tapa pr\u00e1cticos y vers\u00e1tiles para preparar, almacenar y servir alimentos en cualquier lugar y todos los d\u00edas. Apto para lavavajillas","og_url":"https:\/\/www.erresse-shop.it\/es\/shop\/tabla\/cestas-y-cuencos\/guzzini-set-de-3-recipientes-con-tapa\/","og_site_name":"Erresse Shop","article_modified_time":"2024-10-25T09:00:53+00:00","og_image":[{"width":1200,"height":1200,"url":"https:\/\/www.erresse-shop.it\/wp-content\/uploads\/2024\/10\/GUZZINI-Set-3-Contenitori-con-Coperchio.jpg","type":"image\/jpeg"}],"twitter_card":"summary_large_image","schema":{"@context":"https:\/\/schema.org","@graph":[{"@type":"WebPage","@id":"https:\/\/www.erresse-shop.it\/es\/shop\/tabla\/cestas-y-cuencos\/guzzini-set-de-3-recipientes-con-tapa\/","url":"https:\/\/www.erresse-shop.it\/es\/shop\/tabla\/cestas-y-cuencos\/guzzini-set-de-3-recipientes-con-tapa\/","name":"GUZZINI Set de 3 recipientes con tapa - Erresse Shop","isPartOf":{"@id":"https:\/\/www.erresse-shop.it\/es\/#website"},"datePublished":"2024-10-25T08:47:13+00:00","dateModified":"2024-10-25T09:00:53+00:00","description":"Tres recipientes con tapa pr\u00e1cticos y vers\u00e1tiles para preparar, almacenar y servir alimentos en cualquier lugar y todos los d\u00edas. Apto para lavavajillas","breadcrumb":{"@id":"https:\/\/www.erresse-shop.it\/es\/shop\/tabla\/cestas-y-cuencos\/guzzini-set-de-3-recipientes-con-tapa\/#breadcrumb"},"inLanguage":"es","potentialAction":[{"@type":"ReadAction","target":["https:\/\/www.erresse-shop.it\/es\/shop\/tabla\/cestas-y-cuencos\/guzzini-set-de-3-recipientes-con-tapa\/"]}]},{"@type":"BreadcrumbList","@id":"https:\/\/www.erresse-shop.it\/es\/shop\/tabla\/cestas-y-cuencos\/guzzini-set-de-3-recipientes-con-tapa\/#breadcrumb","itemListElement":[{"@type":"ListItem","position":1,"name":"Home","item":"https:\/\/www.erresse-shop.it\/es\/"},{"@type":"ListItem","position":2,"name":"Shop","item":"https:\/\/www.erresse-shop.it\/es\/shop\/"},{"@type":"ListItem","position":3,"name":"GUZZINI Set de 3 recipientes con tapa"}]},{"@type":"WebSite","@id":"https:\/\/www.erresse-shop.it\/es\/#website","url":"https:\/\/www.erresse-shop.it\/es\/","name":"Erresse Shop","description":"Articoli di qualit\u00e0 per la casa","potentialAction":[{"@type":"SearchAction","target":{"@type":"EntryPoint","urlTemplate":"https:\/\/www.erresse-shop.it\/es\/?s={search_term_string}"},"query-input":"required name=search_term_string"}],"inLanguage":"es"}]}},"df_price":26.95,"df_sale_price":26.95,"df_regular_price":44.5,"df_image_link":"https:\/\/www.erresse-shop.it\/wp-content\/uploads\/2024\/10\/GUZZINI-Set-3-Contenitori-con-Coperchio-300x300.jpg","_links":{"self":[{"href":"https:\/\/www.erresse-shop.it\/es\/wp-json\/wp\/v2\/product\/441679"}],"collection":[{"href":"https:\/\/www.erresse-shop.it\/es\/wp-json\/wp\/v2\/product"}],"about":[{"href":"https:\/\/www.erresse-shop.it\/es\/wp-json\/wp\/v2\/types\/product"}],"wp:featuredmedia":[{"embeddable":true,"href":"https:\/\/www.erresse-shop.it\/es\/wp-json\/wp\/v2\/media\/441700"}],"wp:attachment":[{"href":"https:\/\/www.erresse-shop.it\/es\/wp-json\/wp\/v2\/media?parent=441679"}],"wp:term":[{"taxonomy":"product_cat","embeddable":true,"href":"https:\/\/www.erresse-shop.it\/es\/wp-json\/wp\/v2\/product_cat?post=441679"},{"taxonomy":"product_tag","embeddable":true,"href":"https:\/\/www.erresse-shop.it\/es\/wp-json\/wp\/v2\/product_tag?post=441679"}],"curies":[{"name":"wp","href":"https:\/\/api.w.org\/{rel}","templated":true}]}}