{"id":441671,"date":"2024-10-25T08:22:59","date_gmt":"2024-10-25T08:23:01","guid":{"rendered":"https:\/\/www.erresse-shop.it\/?post_type=product&#038;p=441671"},"modified":"2024-10-25T08:41:16","modified_gmt":"2024-10-25T08:41:16","slug":"guzzini-dolcevita-riser-con-campana-rojo","status":"publish","type":"product","link":"https:\/\/www.erresse-shop.it\/es\/shop\/tabla\/soportes-para-tartas\/guzzini-dolcevita-riser-con-campana-rojo\/","title":{"rendered":"GUZZINI Dolcevita Riser con campana Rojo"},"content":{"rendered":"<p>Soporte elegante y funcional con campana fabricado en material biol\u00f3gico.<\/p>\n<p>El producto est\u00e1 fabricado en un 60% de pl\u00e1stico de origen biol\u00f3gico. Se puede rastrear el pl\u00e1stico hasta el material de desecho biol\u00f3gico atribuido a este producto mediante el enfoque de balance de masa del ISCC.<\/p>\n<ul>\n<li>Ideal para sabrosos aperitivos, bocadillos o sabrosos pasteles mignon<\/li>\n<li>Cubierta antipolvo y protector de frescura<\/li>\n<li>La campana totalmente transparente te permite ver el contenido<\/li>\n<li>Hecho de pl\u00e1stico de origen biol\u00f3gico y 100% reciclable<\/li>\n<\/ul>\n<p>Dimensiones: \u00d831 x Alto 27 cm<br \/>\nMaterial: SMMA<br \/>\nDise\u00f1ador: Pio&#038;Tito Toso<br \/>\nHecho en Italia<\/p>\n","protected":false},"excerpt":{"rendered":"<p>Soporte elegante y funcional con campana fabricado en material biol\u00f3gico. El producto est\u00e1 fabricado en un 60% de pl\u00e1stico de<\/p>\n","protected":false},"featured_media":441677,"template":"","meta":{"_acf_changed":false,"inline_featured_image":false},"product_cat":[16039,16027],"product_tag":[16748,20540],"acf":[],"yoast_head":"<!-- This site is optimized with the Yoast SEO Premium plugin v18.6 (Yoast SEO v19.13) - https:\/\/yoast.com\/wordpress\/plugins\/seo\/ -->\n<title>GUZZINI Dolcevita Riser con campana Rojo - Erresse Shop<\/title>\n<meta name=\"description\" content=\"Soporte elegante y funcional con campana fabricado en material biol\u00f3gico. El producto est\u00e1 fabricado en un 60% de pl\u00e1stico de origen biol\u00f3gico. Se puede\" \/>\n<meta name=\"robots\" content=\"index, follow, max-snippet:-1, max-image-preview:large, max-video-preview:-1\" \/>\n<link rel=\"canonical\" href=\"https:\/\/www.erresse-shop.it\/es\/shop\/tabla\/soportes-para-tartas\/guzzini-dolcevita-riser-con-campana-rojo\/\" \/>\n<meta property=\"og:locale\" content=\"es_ES\" \/>\n<meta property=\"og:type\" content=\"article\" \/>\n<meta property=\"og:title\" content=\"GUZZINI Dolcevita Riser con campana Rojo\" \/>\n<meta property=\"og:description\" content=\"Soporte elegante y funcional con campana fabricado en material biol\u00f3gico. El producto est\u00e1 fabricado en un 60% de pl\u00e1stico de origen biol\u00f3gico. Se puede\" \/>\n<meta property=\"og:url\" content=\"https:\/\/www.erresse-shop.it\/es\/shop\/tabla\/soportes-para-tartas\/guzzini-dolcevita-riser-con-campana-rojo\/\" \/>\n<meta property=\"og:site_name\" content=\"Erresse Shop\" \/>\n<meta property=\"article:modified_time\" content=\"2024-10-25T08:41:16+00:00\" \/>\n<meta property=\"og:image\" content=\"https:\/\/www.erresse-shop.it\/wp-content\/uploads\/2024\/10\/GUZZINI-Dolcevita-Alzata-con-Campana-Rosso.jpg\" \/>\n\t<meta property=\"og:image:width\" content=\"1200\" \/>\n\t<meta property=\"og:image:height\" content=\"1200\" \/>\n\t<meta property=\"og:image:type\" content=\"image\/jpeg\" \/>\n<meta name=\"twitter:card\" content=\"summary_large_image\" \/>\n<script type=\"application\/ld+json\" class=\"yoast-schema-graph\">{\"@context\":\"https:\/\/schema.org\",\"@graph\":[{\"@type\":\"WebPage\",\"@id\":\"https:\/\/www.erresse-shop.it\/es\/shop\/tabla\/soportes-para-tartas\/guzzini-dolcevita-riser-con-campana-rojo\/\",\"url\":\"https:\/\/www.erresse-shop.it\/es\/shop\/tabla\/soportes-para-tartas\/guzzini-dolcevita-riser-con-campana-rojo\/\",\"name\":\"GUZZINI Dolcevita Riser con campana Rojo - Erresse Shop\",\"isPartOf\":{\"@id\":\"https:\/\/www.erresse-shop.it\/es\/#website\"},\"datePublished\":\"2024-10-25T08:23:01+00:00\",\"dateModified\":\"2024-10-25T08:41:16+00:00\",\"description\":\"Soporte elegante y funcional con campana fabricado en material biol\u00f3gico. El producto est\u00e1 fabricado en un 60% de pl\u00e1stico de origen biol\u00f3gico. Se puede\",\"breadcrumb\":{\"@id\":\"https:\/\/www.erresse-shop.it\/es\/shop\/tabla\/soportes-para-tartas\/guzzini-dolcevita-riser-con-campana-rojo\/#breadcrumb\"},\"inLanguage\":\"es\",\"potentialAction\":[{\"@type\":\"ReadAction\",\"target\":[\"https:\/\/www.erresse-shop.it\/es\/shop\/tabla\/soportes-para-tartas\/guzzini-dolcevita-riser-con-campana-rojo\/\"]}]},{\"@type\":\"BreadcrumbList\",\"@id\":\"https:\/\/www.erresse-shop.it\/es\/shop\/tabla\/soportes-para-tartas\/guzzini-dolcevita-riser-con-campana-rojo\/#breadcrumb\",\"itemListElement\":[{\"@type\":\"ListItem\",\"position\":1,\"name\":\"Home\",\"item\":\"https:\/\/www.erresse-shop.it\/es\/\"},{\"@type\":\"ListItem\",\"position\":2,\"name\":\"Shop\",\"item\":\"https:\/\/www.erresse-shop.it\/es\/shop\/\"},{\"@type\":\"ListItem\",\"position\":3,\"name\":\"GUZZINI Dolcevita Riser con campana Rojo\"}]},{\"@type\":\"WebSite\",\"@id\":\"https:\/\/www.erresse-shop.it\/es\/#website\",\"url\":\"https:\/\/www.erresse-shop.it\/es\/\",\"name\":\"Erresse Shop\",\"description\":\"Articoli di qualit\u00e0 per la casa\",\"potentialAction\":[{\"@type\":\"SearchAction\",\"target\":{\"@type\":\"EntryPoint\",\"urlTemplate\":\"https:\/\/www.erresse-shop.it\/es\/?s={search_term_string}\"},\"query-input\":\"required name=search_term_string\"}],\"inLanguage\":\"es\"}]}<\/script>\n<!-- \/ Yoast SEO Premium plugin. -->","yoast_head_json":{"title":"GUZZINI Dolcevita Riser con campana Rojo - Erresse Shop","description":"Soporte elegante y funcional con campana fabricado en material biol\u00f3gico. El producto est\u00e1 fabricado en un 60% de pl\u00e1stico de origen biol\u00f3gico. Se puede","robots":{"index":"index","follow":"follow","max-snippet":"max-snippet:-1","max-image-preview":"max-image-preview:large","max-video-preview":"max-video-preview:-1"},"canonical":"https:\/\/www.erresse-shop.it\/es\/shop\/tabla\/soportes-para-tartas\/guzzini-dolcevita-riser-con-campana-rojo\/","og_locale":"es_ES","og_type":"article","og_title":"GUZZINI Dolcevita Riser con campana Rojo","og_description":"Soporte elegante y funcional con campana fabricado en material biol\u00f3gico. El producto est\u00e1 fabricado en un 60% de pl\u00e1stico de origen biol\u00f3gico. Se puede","og_url":"https:\/\/www.erresse-shop.it\/es\/shop\/tabla\/soportes-para-tartas\/guzzini-dolcevita-riser-con-campana-rojo\/","og_site_name":"Erresse Shop","article_modified_time":"2024-10-25T08:41:16+00:00","og_image":[{"width":1200,"height":1200,"url":"https:\/\/www.erresse-shop.it\/wp-content\/uploads\/2024\/10\/GUZZINI-Dolcevita-Alzata-con-Campana-Rosso.jpg","type":"image\/jpeg"}],"twitter_card":"summary_large_image","schema":{"@context":"https:\/\/schema.org","@graph":[{"@type":"WebPage","@id":"https:\/\/www.erresse-shop.it\/es\/shop\/tabla\/soportes-para-tartas\/guzzini-dolcevita-riser-con-campana-rojo\/","url":"https:\/\/www.erresse-shop.it\/es\/shop\/tabla\/soportes-para-tartas\/guzzini-dolcevita-riser-con-campana-rojo\/","name":"GUZZINI Dolcevita Riser con campana Rojo - Erresse Shop","isPartOf":{"@id":"https:\/\/www.erresse-shop.it\/es\/#website"},"datePublished":"2024-10-25T08:23:01+00:00","dateModified":"2024-10-25T08:41:16+00:00","description":"Soporte elegante y funcional con campana fabricado en material biol\u00f3gico. El producto est\u00e1 fabricado en un 60% de pl\u00e1stico de origen biol\u00f3gico. Se puede","breadcrumb":{"@id":"https:\/\/www.erresse-shop.it\/es\/shop\/tabla\/soportes-para-tartas\/guzzini-dolcevita-riser-con-campana-rojo\/#breadcrumb"},"inLanguage":"es","potentialAction":[{"@type":"ReadAction","target":["https:\/\/www.erresse-shop.it\/es\/shop\/tabla\/soportes-para-tartas\/guzzini-dolcevita-riser-con-campana-rojo\/"]}]},{"@type":"BreadcrumbList","@id":"https:\/\/www.erresse-shop.it\/es\/shop\/tabla\/soportes-para-tartas\/guzzini-dolcevita-riser-con-campana-rojo\/#breadcrumb","itemListElement":[{"@type":"ListItem","position":1,"name":"Home","item":"https:\/\/www.erresse-shop.it\/es\/"},{"@type":"ListItem","position":2,"name":"Shop","item":"https:\/\/www.erresse-shop.it\/es\/shop\/"},{"@type":"ListItem","position":3,"name":"GUZZINI Dolcevita Riser con campana Rojo"}]},{"@type":"WebSite","@id":"https:\/\/www.erresse-shop.it\/es\/#website","url":"https:\/\/www.erresse-shop.it\/es\/","name":"Erresse Shop","description":"Articoli di qualit\u00e0 per la casa","potentialAction":[{"@type":"SearchAction","target":{"@type":"EntryPoint","urlTemplate":"https:\/\/www.erresse-shop.it\/es\/?s={search_term_string}"},"query-input":"required name=search_term_string"}],"inLanguage":"es"}]}},"df_price":34.95,"df_sale_price":34.95,"df_regular_price":49.9,"df_image_link":"https:\/\/www.erresse-shop.it\/wp-content\/uploads\/2024\/10\/GUZZINI-Dolcevita-Alzata-con-Campana-Rosso-300x300.jpg","_links":{"self":[{"href":"https:\/\/www.erresse-shop.it\/es\/wp-json\/wp\/v2\/product\/441671"}],"collection":[{"href":"https:\/\/www.erresse-shop.it\/es\/wp-json\/wp\/v2\/product"}],"about":[{"href":"https:\/\/www.erresse-shop.it\/es\/wp-json\/wp\/v2\/types\/product"}],"wp:featuredmedia":[{"embeddable":true,"href":"https:\/\/www.erresse-shop.it\/es\/wp-json\/wp\/v2\/media\/441677"}],"wp:attachment":[{"href":"https:\/\/www.erresse-shop.it\/es\/wp-json\/wp\/v2\/media?parent=441671"}],"wp:term":[{"taxonomy":"product_cat","embeddable":true,"href":"https:\/\/www.erresse-shop.it\/es\/wp-json\/wp\/v2\/product_cat?post=441671"},{"taxonomy":"product_tag","embeddable":true,"href":"https:\/\/www.erresse-shop.it\/es\/wp-json\/wp\/v2\/product_tag?post=441671"}],"curies":[{"name":"wp","href":"https:\/\/api.w.org\/{rel}","templated":true}]}}