{"id":441544,"date":"2024-10-25T07:41:25","date_gmt":"2024-10-25T07:41:26","guid":{"rendered":"https:\/\/www.erresse-shop.it\/?post_type=product&#038;p=441544"},"modified":"2026-02-03T09:28:36","modified_gmt":"2026-02-03T09:28:36","slug":"galbiati-milano-eden-set-de-mesa-de-18-piezas-2","status":"publish","type":"product","link":"https:\/\/www.erresse-shop.it\/es\/shop\/tabla\/platos\/galbiati-milano-eden-set-de-mesa-de-18-piezas-2\/","title":{"rendered":"GALBIATI MILANO Eden Set de mesa de 18 piezas"},"content":{"rendered":"<p>A\u00f1ade un toque de magia y elegancia a tu mesa con el set &#8220;Eden&#8221;, una refinada colecci\u00f3n navide\u00f1a que combina funcionalidad y dise\u00f1o. Compuesto por 18 piezas coordinadas, este set es perfecto para crear un ambiente festivo y acogedor durante tus cenas y celebraciones navide\u00f1as.<\/p>\n<p><strong>Caracter\u00edsticas principales:<\/strong><\/p>\n<ul>\n<li><strong>Dise\u00f1o elegante y festivo<\/strong>: El conjunto est\u00e1 adornado con un delicado motivo de plantas navide\u00f1as, que evoca el ambiente c\u00e1lido y acogedor de la Navidad. Ideal para vacaciones, pero tambi\u00e9n vers\u00e1til para ocasiones especiales durante todo el a\u00f1o.<\/li>\n<li><strong>Materiales de Alta Calidad<\/strong>: Cada pieza est\u00e1 elaborada con materiales resistentes y f\u00e1ciles de limpiar, garantizando durabilidad y practicidad en el uso diario.<\/li>\n<li><strong>Composici\u00f3n completa<\/strong>: El set incluye todo lo necesario para una mesa completa y bien organizada, desde el aperitivo hasta el postre, con especial atenci\u00f3n al detalle.<\/li>\n<\/ul>\n<p><strong>Qu\u00e9 incluye el set:<\/strong><\/p>\n<ul>\n<li>6 platos hondos<\/li>\n<li>6 platos llanos<\/li>\n<li>6 platos de postre<\/li>\n<\/ul>\n","protected":false},"excerpt":{"rendered":"<p>A\u00f1ade un toque de magia y elegancia a tu mesa con el set &#8220;Eden&#8221;, una refinada colecci\u00f3n navide\u00f1a que combina<\/p>\n","protected":false},"featured_media":455705,"template":"","meta":{"_acf_changed":false,"inline_featured_image":false},"product_cat":[16031,16027],"product_tag":[21333,16718,16405,17245],"acf":[],"yoast_head":"<!-- This site is optimized with the Yoast SEO Premium plugin v18.6 (Yoast SEO v19.13) - https:\/\/yoast.com\/wordpress\/plugins\/seo\/ -->\n<title>GALBIATI MILANO Eden Set de mesa de 18 piezas - Erresse Shop<\/title>\n<meta name=\"description\" content=\"A\u00f1ade un toque de magia y elegancia a tu mesa con el set &quot;Eden&quot;, una refinada colecci\u00f3n navide\u00f1a que combina funcionalidad y dise\u00f1o. Compuesto por 18\" \/>\n<meta name=\"robots\" content=\"index, follow, max-snippet:-1, max-image-preview:large, max-video-preview:-1\" \/>\n<link rel=\"canonical\" href=\"https:\/\/www.erresse-shop.it\/es\/shop\/tabla\/platos\/galbiati-milano-eden-set-de-mesa-de-18-piezas-2\/\" \/>\n<meta property=\"og:locale\" content=\"es_ES\" \/>\n<meta property=\"og:type\" content=\"article\" \/>\n<meta property=\"og:title\" content=\"GALBIATI MILANO Eden Set de mesa de 18 piezas\" \/>\n<meta property=\"og:description\" content=\"A\u00f1ade un toque de magia y elegancia a tu mesa con el set &quot;Eden&quot;, una refinada colecci\u00f3n navide\u00f1a que combina funcionalidad y dise\u00f1o. Compuesto por 18\" \/>\n<meta property=\"og:url\" content=\"https:\/\/www.erresse-shop.it\/es\/shop\/tabla\/platos\/galbiati-milano-eden-set-de-mesa-de-18-piezas-2\/\" \/>\n<meta property=\"og:site_name\" content=\"Erresse Shop\" \/>\n<meta property=\"article:modified_time\" content=\"2026-02-03T09:28:36+00:00\" \/>\n<meta property=\"og:image\" content=\"https:\/\/www.erresse-shop.it\/wp-content\/uploads\/2024\/10\/Galbiati-milano-piatti-eden.jpg\" \/>\n\t<meta property=\"og:image:width\" content=\"1200\" \/>\n\t<meta property=\"og:image:height\" content=\"1200\" \/>\n\t<meta property=\"og:image:type\" content=\"image\/jpeg\" \/>\n<meta name=\"twitter:card\" content=\"summary_large_image\" \/>\n<script type=\"application\/ld+json\" class=\"yoast-schema-graph\">{\"@context\":\"https:\/\/schema.org\",\"@graph\":[{\"@type\":\"WebPage\",\"@id\":\"https:\/\/www.erresse-shop.it\/es\/shop\/tabla\/platos\/galbiati-milano-eden-set-de-mesa-de-18-piezas-2\/\",\"url\":\"https:\/\/www.erresse-shop.it\/es\/shop\/tabla\/platos\/galbiati-milano-eden-set-de-mesa-de-18-piezas-2\/\",\"name\":\"GALBIATI MILANO Eden Set de mesa de 18 piezas - Erresse Shop\",\"isPartOf\":{\"@id\":\"https:\/\/www.erresse-shop.it\/es\/#website\"},\"datePublished\":\"2024-10-25T07:41:26+00:00\",\"dateModified\":\"2026-02-03T09:28:36+00:00\",\"description\":\"A\u00f1ade un toque de magia y elegancia a tu mesa con el set \\\"Eden\\\", una refinada colecci\u00f3n navide\u00f1a que combina funcionalidad y dise\u00f1o. Compuesto por 18\",\"breadcrumb\":{\"@id\":\"https:\/\/www.erresse-shop.it\/es\/shop\/tabla\/platos\/galbiati-milano-eden-set-de-mesa-de-18-piezas-2\/#breadcrumb\"},\"inLanguage\":\"es\",\"potentialAction\":[{\"@type\":\"ReadAction\",\"target\":[\"https:\/\/www.erresse-shop.it\/es\/shop\/tabla\/platos\/galbiati-milano-eden-set-de-mesa-de-18-piezas-2\/\"]}]},{\"@type\":\"BreadcrumbList\",\"@id\":\"https:\/\/www.erresse-shop.it\/es\/shop\/tabla\/platos\/galbiati-milano-eden-set-de-mesa-de-18-piezas-2\/#breadcrumb\",\"itemListElement\":[{\"@type\":\"ListItem\",\"position\":1,\"name\":\"Home\",\"item\":\"https:\/\/www.erresse-shop.it\/es\/\"},{\"@type\":\"ListItem\",\"position\":2,\"name\":\"Shop\",\"item\":\"https:\/\/www.erresse-shop.it\/es\/shop\/\"},{\"@type\":\"ListItem\",\"position\":3,\"name\":\"GALBIATI MILANO Eden Set de mesa de 18 piezas\"}]},{\"@type\":\"WebSite\",\"@id\":\"https:\/\/www.erresse-shop.it\/es\/#website\",\"url\":\"https:\/\/www.erresse-shop.it\/es\/\",\"name\":\"Erresse Shop\",\"description\":\"Articoli di qualit\u00e0 per la casa\",\"potentialAction\":[{\"@type\":\"SearchAction\",\"target\":{\"@type\":\"EntryPoint\",\"urlTemplate\":\"https:\/\/www.erresse-shop.it\/es\/?s={search_term_string}\"},\"query-input\":\"required name=search_term_string\"}],\"inLanguage\":\"es\"}]}<\/script>\n<!-- \/ Yoast SEO Premium plugin. -->","yoast_head_json":{"title":"GALBIATI MILANO Eden Set de mesa de 18 piezas - Erresse Shop","description":"A\u00f1ade un toque de magia y elegancia a tu mesa con el set \"Eden\", una refinada colecci\u00f3n navide\u00f1a que combina funcionalidad y dise\u00f1o. Compuesto por 18","robots":{"index":"index","follow":"follow","max-snippet":"max-snippet:-1","max-image-preview":"max-image-preview:large","max-video-preview":"max-video-preview:-1"},"canonical":"https:\/\/www.erresse-shop.it\/es\/shop\/tabla\/platos\/galbiati-milano-eden-set-de-mesa-de-18-piezas-2\/","og_locale":"es_ES","og_type":"article","og_title":"GALBIATI MILANO Eden Set de mesa de 18 piezas","og_description":"A\u00f1ade un toque de magia y elegancia a tu mesa con el set \"Eden\", una refinada colecci\u00f3n navide\u00f1a que combina funcionalidad y dise\u00f1o. Compuesto por 18","og_url":"https:\/\/www.erresse-shop.it\/es\/shop\/tabla\/platos\/galbiati-milano-eden-set-de-mesa-de-18-piezas-2\/","og_site_name":"Erresse Shop","article_modified_time":"2026-02-03T09:28:36+00:00","og_image":[{"width":1200,"height":1200,"url":"https:\/\/www.erresse-shop.it\/wp-content\/uploads\/2024\/10\/Galbiati-milano-piatti-eden.jpg","type":"image\/jpeg"}],"twitter_card":"summary_large_image","schema":{"@context":"https:\/\/schema.org","@graph":[{"@type":"WebPage","@id":"https:\/\/www.erresse-shop.it\/es\/shop\/tabla\/platos\/galbiati-milano-eden-set-de-mesa-de-18-piezas-2\/","url":"https:\/\/www.erresse-shop.it\/es\/shop\/tabla\/platos\/galbiati-milano-eden-set-de-mesa-de-18-piezas-2\/","name":"GALBIATI MILANO Eden Set de mesa de 18 piezas - Erresse Shop","isPartOf":{"@id":"https:\/\/www.erresse-shop.it\/es\/#website"},"datePublished":"2024-10-25T07:41:26+00:00","dateModified":"2026-02-03T09:28:36+00:00","description":"A\u00f1ade un toque de magia y elegancia a tu mesa con el set \"Eden\", una refinada colecci\u00f3n navide\u00f1a que combina funcionalidad y dise\u00f1o. Compuesto por 18","breadcrumb":{"@id":"https:\/\/www.erresse-shop.it\/es\/shop\/tabla\/platos\/galbiati-milano-eden-set-de-mesa-de-18-piezas-2\/#breadcrumb"},"inLanguage":"es","potentialAction":[{"@type":"ReadAction","target":["https:\/\/www.erresse-shop.it\/es\/shop\/tabla\/platos\/galbiati-milano-eden-set-de-mesa-de-18-piezas-2\/"]}]},{"@type":"BreadcrumbList","@id":"https:\/\/www.erresse-shop.it\/es\/shop\/tabla\/platos\/galbiati-milano-eden-set-de-mesa-de-18-piezas-2\/#breadcrumb","itemListElement":[{"@type":"ListItem","position":1,"name":"Home","item":"https:\/\/www.erresse-shop.it\/es\/"},{"@type":"ListItem","position":2,"name":"Shop","item":"https:\/\/www.erresse-shop.it\/es\/shop\/"},{"@type":"ListItem","position":3,"name":"GALBIATI MILANO Eden Set de mesa de 18 piezas"}]},{"@type":"WebSite","@id":"https:\/\/www.erresse-shop.it\/es\/#website","url":"https:\/\/www.erresse-shop.it\/es\/","name":"Erresse Shop","description":"Articoli di qualit\u00e0 per la casa","potentialAction":[{"@type":"SearchAction","target":{"@type":"EntryPoint","urlTemplate":"https:\/\/www.erresse-shop.it\/es\/?s={search_term_string}"},"query-input":"required name=search_term_string"}],"inLanguage":"es"}]}},"df_price":69.95,"df_sale_price":69.95,"df_regular_price":125,"df_image_link":"https:\/\/www.erresse-shop.it\/wp-content\/uploads\/2024\/10\/Galbiati-milano-piatti-eden-300x300.jpg","_links":{"self":[{"href":"https:\/\/www.erresse-shop.it\/es\/wp-json\/wp\/v2\/product\/441544"}],"collection":[{"href":"https:\/\/www.erresse-shop.it\/es\/wp-json\/wp\/v2\/product"}],"about":[{"href":"https:\/\/www.erresse-shop.it\/es\/wp-json\/wp\/v2\/types\/product"}],"wp:featuredmedia":[{"embeddable":true,"href":"https:\/\/www.erresse-shop.it\/es\/wp-json\/wp\/v2\/media\/455705"}],"wp:attachment":[{"href":"https:\/\/www.erresse-shop.it\/es\/wp-json\/wp\/v2\/media?parent=441544"}],"wp:term":[{"taxonomy":"product_cat","embeddable":true,"href":"https:\/\/www.erresse-shop.it\/es\/wp-json\/wp\/v2\/product_cat?post=441544"},{"taxonomy":"product_tag","embeddable":true,"href":"https:\/\/www.erresse-shop.it\/es\/wp-json\/wp\/v2\/product_tag?post=441544"}],"curies":[{"name":"wp","href":"https:\/\/api.w.org\/{rel}","templated":true}]}}