{"id":441271,"date":"2024-10-25T06:37:20","date_gmt":"2024-10-25T06:37:22","guid":{"rendered":"https:\/\/www.erresse-shop.it\/?post_type=product&#038;p=441271"},"modified":"2024-12-23T07:33:00","modified_gmt":"2024-12-23T07:33:00","slug":"galbiati-milano-eden-set-de-mesa-de-18-piezas","status":"publish","type":"product","link":"https:\/\/www.erresse-shop.it\/es\/shop\/tabla\/platos\/galbiati-milano-eden-set-de-mesa-de-18-piezas\/","title":{"rendered":"GALBIATI MILANO Winter Garden Set de mesa de 18 piezas"},"content":{"rendered":"<p>Transforme sus cenas y momentos especiales con nuestro exclusivo juego de mesa Winter Garden, una combinaci\u00f3n perfecta de elegancia y funcionalidad.<\/p>\n<p>Este completo juego de 18 piezas es ideal para cualquier ocasi\u00f3n, desde celebraciones familiares hasta cenas m\u00e1s \u00edntimas.<\/p>\n<p><strong>El juego incluye:<\/strong><\/p>\n<ul>\n<li>6 platos hondos<\/li>\n<li>6 platos llanos<\/li>\n<li>6 platos de postre<\/li>\n<\/ul>\n<p>El juego Winter Garden combina materiales de alta calidad y un dise\u00f1o elegante, perfecto para hacer de cada comida un momento especial. Con delicados detalles y un estilo refinado, es ideal para aquellos a los que les gusta ser anfitriones y crear ambientes acogedores. No pierda la oportunidad de llevarse a casa este exclusivo juego y haga de cada comida una experiencia inolvidable.<\/p>\n","protected":false},"excerpt":{"rendered":"<p>Transforme sus cenas y momentos especiales con nuestro exclusivo juego de mesa Winter Garden, una combinaci\u00f3n perfecta de elegancia y<\/p>\n","protected":false},"featured_media":455633,"template":"","meta":{"_acf_changed":false,"inline_featured_image":false},"product_cat":[16031,16027],"product_tag":[16377,16877,21333,16718,16405,20540,17245,16574,17518],"acf":[],"yoast_head":"<!-- This site is optimized with the Yoast SEO Premium plugin v18.6 (Yoast SEO v19.13) - https:\/\/yoast.com\/wordpress\/plugins\/seo\/ -->\n<title>GALBIATI MILANO Winter Garden Set de mesa de 18 piezas - Erresse Shop<\/title>\n<meta name=\"description\" content=\"Transforme sus cenas y momentos especiales con nuestro exclusivo juego de mesa Winter Garden, una combinaci\u00f3n perfecta de elegancia y funcionalidad. Este\" \/>\n<meta name=\"robots\" content=\"index, follow, max-snippet:-1, max-image-preview:large, max-video-preview:-1\" \/>\n<link rel=\"canonical\" href=\"https:\/\/www.erresse-shop.it\/es\/shop\/tabla\/platos\/galbiati-milano-eden-set-de-mesa-de-18-piezas\/\" \/>\n<meta property=\"og:locale\" content=\"es_ES\" \/>\n<meta property=\"og:type\" content=\"article\" \/>\n<meta property=\"og:title\" content=\"GALBIATI MILANO Winter Garden Set de mesa de 18 piezas\" \/>\n<meta property=\"og:description\" content=\"Transforme sus cenas y momentos especiales con nuestro exclusivo juego de mesa Winter Garden, una combinaci\u00f3n perfecta de elegancia y funcionalidad. Este\" \/>\n<meta property=\"og:url\" content=\"https:\/\/www.erresse-shop.it\/es\/shop\/tabla\/platos\/galbiati-milano-eden-set-de-mesa-de-18-piezas\/\" \/>\n<meta property=\"og:site_name\" content=\"Erresse Shop\" \/>\n<meta property=\"article:modified_time\" content=\"2024-12-23T07:33:00+00:00\" \/>\n<meta property=\"og:image\" content=\"https:\/\/www.erresse-shop.it\/wp-content\/uploads\/2024\/10\/Galbiati-Milano-winter-3.jpg\" \/>\n\t<meta property=\"og:image:width\" content=\"1200\" \/>\n\t<meta property=\"og:image:height\" content=\"1200\" \/>\n\t<meta property=\"og:image:type\" content=\"image\/jpeg\" \/>\n<meta name=\"twitter:card\" content=\"summary_large_image\" \/>\n<script type=\"application\/ld+json\" class=\"yoast-schema-graph\">{\"@context\":\"https:\/\/schema.org\",\"@graph\":[{\"@type\":\"WebPage\",\"@id\":\"https:\/\/www.erresse-shop.it\/es\/shop\/tabla\/platos\/galbiati-milano-eden-set-de-mesa-de-18-piezas\/\",\"url\":\"https:\/\/www.erresse-shop.it\/es\/shop\/tabla\/platos\/galbiati-milano-eden-set-de-mesa-de-18-piezas\/\",\"name\":\"GALBIATI MILANO Winter Garden Set de mesa de 18 piezas - Erresse Shop\",\"isPartOf\":{\"@id\":\"https:\/\/www.erresse-shop.it\/es\/#website\"},\"datePublished\":\"2024-10-25T06:37:22+00:00\",\"dateModified\":\"2024-12-23T07:33:00+00:00\",\"description\":\"Transforme sus cenas y momentos especiales con nuestro exclusivo juego de mesa Winter Garden, una combinaci\u00f3n perfecta de elegancia y funcionalidad. Este\",\"breadcrumb\":{\"@id\":\"https:\/\/www.erresse-shop.it\/es\/shop\/tabla\/platos\/galbiati-milano-eden-set-de-mesa-de-18-piezas\/#breadcrumb\"},\"inLanguage\":\"es\",\"potentialAction\":[{\"@type\":\"ReadAction\",\"target\":[\"https:\/\/www.erresse-shop.it\/es\/shop\/tabla\/platos\/galbiati-milano-eden-set-de-mesa-de-18-piezas\/\"]}]},{\"@type\":\"BreadcrumbList\",\"@id\":\"https:\/\/www.erresse-shop.it\/es\/shop\/tabla\/platos\/galbiati-milano-eden-set-de-mesa-de-18-piezas\/#breadcrumb\",\"itemListElement\":[{\"@type\":\"ListItem\",\"position\":1,\"name\":\"Home\",\"item\":\"https:\/\/www.erresse-shop.it\/es\/\"},{\"@type\":\"ListItem\",\"position\":2,\"name\":\"Shop\",\"item\":\"https:\/\/www.erresse-shop.it\/es\/shop\/\"},{\"@type\":\"ListItem\",\"position\":3,\"name\":\"GALBIATI MILANO Winter Garden Set de mesa de 18 piezas\"}]},{\"@type\":\"WebSite\",\"@id\":\"https:\/\/www.erresse-shop.it\/es\/#website\",\"url\":\"https:\/\/www.erresse-shop.it\/es\/\",\"name\":\"Erresse Shop\",\"description\":\"Articoli di qualit\u00e0 per la casa\",\"potentialAction\":[{\"@type\":\"SearchAction\",\"target\":{\"@type\":\"EntryPoint\",\"urlTemplate\":\"https:\/\/www.erresse-shop.it\/es\/?s={search_term_string}\"},\"query-input\":\"required name=search_term_string\"}],\"inLanguage\":\"es\"}]}<\/script>\n<!-- \/ Yoast SEO Premium plugin. -->","yoast_head_json":{"title":"GALBIATI MILANO Winter Garden Set de mesa de 18 piezas - Erresse Shop","description":"Transforme sus cenas y momentos especiales con nuestro exclusivo juego de mesa Winter Garden, una combinaci\u00f3n perfecta de elegancia y funcionalidad. Este","robots":{"index":"index","follow":"follow","max-snippet":"max-snippet:-1","max-image-preview":"max-image-preview:large","max-video-preview":"max-video-preview:-1"},"canonical":"https:\/\/www.erresse-shop.it\/es\/shop\/tabla\/platos\/galbiati-milano-eden-set-de-mesa-de-18-piezas\/","og_locale":"es_ES","og_type":"article","og_title":"GALBIATI MILANO Winter Garden Set de mesa de 18 piezas","og_description":"Transforme sus cenas y momentos especiales con nuestro exclusivo juego de mesa Winter Garden, una combinaci\u00f3n perfecta de elegancia y funcionalidad. Este","og_url":"https:\/\/www.erresse-shop.it\/es\/shop\/tabla\/platos\/galbiati-milano-eden-set-de-mesa-de-18-piezas\/","og_site_name":"Erresse Shop","article_modified_time":"2024-12-23T07:33:00+00:00","og_image":[{"width":1200,"height":1200,"url":"https:\/\/www.erresse-shop.it\/wp-content\/uploads\/2024\/10\/Galbiati-Milano-winter-3.jpg","type":"image\/jpeg"}],"twitter_card":"summary_large_image","schema":{"@context":"https:\/\/schema.org","@graph":[{"@type":"WebPage","@id":"https:\/\/www.erresse-shop.it\/es\/shop\/tabla\/platos\/galbiati-milano-eden-set-de-mesa-de-18-piezas\/","url":"https:\/\/www.erresse-shop.it\/es\/shop\/tabla\/platos\/galbiati-milano-eden-set-de-mesa-de-18-piezas\/","name":"GALBIATI MILANO Winter Garden Set de mesa de 18 piezas - Erresse Shop","isPartOf":{"@id":"https:\/\/www.erresse-shop.it\/es\/#website"},"datePublished":"2024-10-25T06:37:22+00:00","dateModified":"2024-12-23T07:33:00+00:00","description":"Transforme sus cenas y momentos especiales con nuestro exclusivo juego de mesa Winter Garden, una combinaci\u00f3n perfecta de elegancia y funcionalidad. Este","breadcrumb":{"@id":"https:\/\/www.erresse-shop.it\/es\/shop\/tabla\/platos\/galbiati-milano-eden-set-de-mesa-de-18-piezas\/#breadcrumb"},"inLanguage":"es","potentialAction":[{"@type":"ReadAction","target":["https:\/\/www.erresse-shop.it\/es\/shop\/tabla\/platos\/galbiati-milano-eden-set-de-mesa-de-18-piezas\/"]}]},{"@type":"BreadcrumbList","@id":"https:\/\/www.erresse-shop.it\/es\/shop\/tabla\/platos\/galbiati-milano-eden-set-de-mesa-de-18-piezas\/#breadcrumb","itemListElement":[{"@type":"ListItem","position":1,"name":"Home","item":"https:\/\/www.erresse-shop.it\/es\/"},{"@type":"ListItem","position":2,"name":"Shop","item":"https:\/\/www.erresse-shop.it\/es\/shop\/"},{"@type":"ListItem","position":3,"name":"GALBIATI MILANO Winter Garden Set de mesa de 18 piezas"}]},{"@type":"WebSite","@id":"https:\/\/www.erresse-shop.it\/es\/#website","url":"https:\/\/www.erresse-shop.it\/es\/","name":"Erresse Shop","description":"Articoli di qualit\u00e0 per la casa","potentialAction":[{"@type":"SearchAction","target":{"@type":"EntryPoint","urlTemplate":"https:\/\/www.erresse-shop.it\/es\/?s={search_term_string}"},"query-input":"required name=search_term_string"}],"inLanguage":"es"}]}},"df_price":62.5,"df_sale_price":62.5,"df_regular_price":125,"df_image_link":"https:\/\/www.erresse-shop.it\/wp-content\/uploads\/2024\/10\/Galbiati-Milano-winter-3-300x300.jpg","_links":{"self":[{"href":"https:\/\/www.erresse-shop.it\/es\/wp-json\/wp\/v2\/product\/441271"}],"collection":[{"href":"https:\/\/www.erresse-shop.it\/es\/wp-json\/wp\/v2\/product"}],"about":[{"href":"https:\/\/www.erresse-shop.it\/es\/wp-json\/wp\/v2\/types\/product"}],"wp:featuredmedia":[{"embeddable":true,"href":"https:\/\/www.erresse-shop.it\/es\/wp-json\/wp\/v2\/media\/455633"}],"wp:attachment":[{"href":"https:\/\/www.erresse-shop.it\/es\/wp-json\/wp\/v2\/media?parent=441271"}],"wp:term":[{"taxonomy":"product_cat","embeddable":true,"href":"https:\/\/www.erresse-shop.it\/es\/wp-json\/wp\/v2\/product_cat?post=441271"},{"taxonomy":"product_tag","embeddable":true,"href":"https:\/\/www.erresse-shop.it\/es\/wp-json\/wp\/v2\/product_tag?post=441271"}],"curies":[{"name":"wp","href":"https:\/\/api.w.org\/{rel}","templated":true}]}}