{"id":441257,"date":"2024-10-25T05:59:29","date_gmt":"2024-10-25T05:59:31","guid":{"rendered":"https:\/\/www.erresse-shop.it\/?post_type=product&#038;p=441257"},"modified":"2024-11-04T15:43:11","modified_gmt":"2024-11-04T15:43:11","slug":"galbiati-milano-wool-set-4-tazas-surtidas-navidad","status":"publish","type":"product","link":"https:\/\/www.erresse-shop.it\/es\/shop\/tabla\/tazas\/galbiati-milano-wool-set-4-tazas-surtidas-navidad\/","title":{"rendered":"GALBIATI MILANO Wool Set 4 Tazas Surtidas Navidad"},"content":{"rendered":"<p>Haz que tu Navidad sea a\u00fan m\u00e1s especial con el set de 4 tazas surtidas de la colecci\u00f3n Wool. Cada taza es una obra de arte que celebra la magia de las fiestas con dise\u00f1os \u00fanicos y llamativos.<\/p>\n<p><strong>Caracter\u00edsticas del producto:<\/strong><\/p>\n<ul>\n<li><strong>Dise\u00f1o festivo:<\/strong> Cada taza presenta un tema navide\u00f1o diferente, inspirado en c\u00e1lidos ambientes invernales, como copos de nieve, \u00e1rboles de Navidad y simp\u00e1ticos renos.<\/li>\n<li><strong>Material de alta calidad:<\/strong> Hechas de cer\u00e1mica duradera, estas tazas son perfectas para caf\u00e9, t\u00e9 o chocolate caliente, y se pueden utilizar tanto en casa como durante las fiestas.<\/li>\n<li><strong>Capacidad ideal:<\/strong> Cada taza tiene una capacidad perfecta para sorber tus bebidas favoritas, por lo que son imprescindibles para tus desayunos y meriendas de invierno.<\/li>\n<\/ul>\n<p>Saca una sonrisa a tus seres queridos con estas encantadoras tazas, perfectas para intercambios de regalos o como complemento de tu colecci\u00f3n navide\u00f1a. La colecci\u00f3n Wool es ideal para crear momentos de convivencia durante las fiestas y hacer de cada sorbo una experiencia m\u00e1gica. \u00a1No pierdas la oportunidad de llevarte a casa un pedazo de esp\u00edritu navide\u00f1o!<\/p>\n","protected":false},"excerpt":{"rendered":"<p>Haz que tu Navidad sea a\u00fan m\u00e1s especial con el set de 4 tazas surtidas de la colecci\u00f3n Wool. Cada<\/p>\n","protected":false},"featured_media":441265,"template":"","meta":{"_acf_changed":false,"inline_featured_image":false},"product_cat":[16027,16034],"product_tag":[21333,17245,17518],"acf":[],"yoast_head":"<!-- This site is optimized with the Yoast SEO Premium plugin v18.6 (Yoast SEO v19.13) - https:\/\/yoast.com\/wordpress\/plugins\/seo\/ -->\n<title>GALBIATI MILANO Wool Set 4 Tazas Surtidas Navidad - Erresse Shop<\/title>\n<meta name=\"description\" content=\"Haz que tu Navidad sea a\u00fan m\u00e1s especial con el set de 4 tazas surtidas de la colecci\u00f3n Wool. Cada taza es una obra de arte que celebra la magia de las\" \/>\n<meta name=\"robots\" content=\"index, follow, max-snippet:-1, max-image-preview:large, max-video-preview:-1\" \/>\n<link rel=\"canonical\" href=\"https:\/\/www.erresse-shop.it\/es\/shop\/tabla\/tazas\/galbiati-milano-wool-set-4-tazas-surtidas-navidad\/\" \/>\n<meta property=\"og:locale\" content=\"es_ES\" \/>\n<meta property=\"og:type\" content=\"article\" \/>\n<meta property=\"og:title\" content=\"GALBIATI MILANO Wool Set 4 Tazas Surtidas Navidad\" \/>\n<meta property=\"og:description\" content=\"Haz que tu Navidad sea a\u00fan m\u00e1s especial con el set de 4 tazas surtidas de la colecci\u00f3n Wool. Cada taza es una obra de arte que celebra la magia de las\" \/>\n<meta property=\"og:url\" content=\"https:\/\/www.erresse-shop.it\/es\/shop\/tabla\/tazas\/galbiati-milano-wool-set-4-tazas-surtidas-navidad\/\" \/>\n<meta property=\"og:site_name\" content=\"Erresse Shop\" \/>\n<meta property=\"article:modified_time\" content=\"2024-11-04T15:43:11+00:00\" \/>\n<meta property=\"og:image\" content=\"https:\/\/www.erresse-shop.it\/wp-content\/uploads\/2024\/10\/GALBIATI-MILANO-Wool-Set-4-Tazze-Assortite-Natale.jpg\" \/>\n\t<meta property=\"og:image:width\" content=\"1200\" \/>\n\t<meta property=\"og:image:height\" content=\"1200\" \/>\n\t<meta property=\"og:image:type\" content=\"image\/jpeg\" \/>\n<meta name=\"twitter:card\" content=\"summary_large_image\" \/>\n<script type=\"application\/ld+json\" class=\"yoast-schema-graph\">{\"@context\":\"https:\/\/schema.org\",\"@graph\":[{\"@type\":\"WebPage\",\"@id\":\"https:\/\/www.erresse-shop.it\/es\/shop\/tabla\/tazas\/galbiati-milano-wool-set-4-tazas-surtidas-navidad\/\",\"url\":\"https:\/\/www.erresse-shop.it\/es\/shop\/tabla\/tazas\/galbiati-milano-wool-set-4-tazas-surtidas-navidad\/\",\"name\":\"GALBIATI MILANO Wool Set 4 Tazas Surtidas Navidad - Erresse Shop\",\"isPartOf\":{\"@id\":\"https:\/\/www.erresse-shop.it\/es\/#website\"},\"datePublished\":\"2024-10-25T05:59:31+00:00\",\"dateModified\":\"2024-11-04T15:43:11+00:00\",\"description\":\"Haz que tu Navidad sea a\u00fan m\u00e1s especial con el set de 4 tazas surtidas de la colecci\u00f3n Wool. Cada taza es una obra de arte que celebra la magia de las\",\"breadcrumb\":{\"@id\":\"https:\/\/www.erresse-shop.it\/es\/shop\/tabla\/tazas\/galbiati-milano-wool-set-4-tazas-surtidas-navidad\/#breadcrumb\"},\"inLanguage\":\"es\",\"potentialAction\":[{\"@type\":\"ReadAction\",\"target\":[\"https:\/\/www.erresse-shop.it\/es\/shop\/tabla\/tazas\/galbiati-milano-wool-set-4-tazas-surtidas-navidad\/\"]}]},{\"@type\":\"BreadcrumbList\",\"@id\":\"https:\/\/www.erresse-shop.it\/es\/shop\/tabla\/tazas\/galbiati-milano-wool-set-4-tazas-surtidas-navidad\/#breadcrumb\",\"itemListElement\":[{\"@type\":\"ListItem\",\"position\":1,\"name\":\"Home\",\"item\":\"https:\/\/www.erresse-shop.it\/es\/\"},{\"@type\":\"ListItem\",\"position\":2,\"name\":\"Shop\",\"item\":\"https:\/\/www.erresse-shop.it\/es\/shop\/\"},{\"@type\":\"ListItem\",\"position\":3,\"name\":\"GALBIATI MILANO Wool Set 4 Tazas Surtidas Navidad\"}]},{\"@type\":\"WebSite\",\"@id\":\"https:\/\/www.erresse-shop.it\/es\/#website\",\"url\":\"https:\/\/www.erresse-shop.it\/es\/\",\"name\":\"Erresse Shop\",\"description\":\"Articoli di qualit\u00e0 per la casa\",\"potentialAction\":[{\"@type\":\"SearchAction\",\"target\":{\"@type\":\"EntryPoint\",\"urlTemplate\":\"https:\/\/www.erresse-shop.it\/es\/?s={search_term_string}\"},\"query-input\":\"required name=search_term_string\"}],\"inLanguage\":\"es\"}]}<\/script>\n<!-- \/ Yoast SEO Premium plugin. -->","yoast_head_json":{"title":"GALBIATI MILANO Wool Set 4 Tazas Surtidas Navidad - Erresse Shop","description":"Haz que tu Navidad sea a\u00fan m\u00e1s especial con el set de 4 tazas surtidas de la colecci\u00f3n Wool. Cada taza es una obra de arte que celebra la magia de las","robots":{"index":"index","follow":"follow","max-snippet":"max-snippet:-1","max-image-preview":"max-image-preview:large","max-video-preview":"max-video-preview:-1"},"canonical":"https:\/\/www.erresse-shop.it\/es\/shop\/tabla\/tazas\/galbiati-milano-wool-set-4-tazas-surtidas-navidad\/","og_locale":"es_ES","og_type":"article","og_title":"GALBIATI MILANO Wool Set 4 Tazas Surtidas Navidad","og_description":"Haz que tu Navidad sea a\u00fan m\u00e1s especial con el set de 4 tazas surtidas de la colecci\u00f3n Wool. Cada taza es una obra de arte que celebra la magia de las","og_url":"https:\/\/www.erresse-shop.it\/es\/shop\/tabla\/tazas\/galbiati-milano-wool-set-4-tazas-surtidas-navidad\/","og_site_name":"Erresse Shop","article_modified_time":"2024-11-04T15:43:11+00:00","og_image":[{"width":1200,"height":1200,"url":"https:\/\/www.erresse-shop.it\/wp-content\/uploads\/2024\/10\/GALBIATI-MILANO-Wool-Set-4-Tazze-Assortite-Natale.jpg","type":"image\/jpeg"}],"twitter_card":"summary_large_image","schema":{"@context":"https:\/\/schema.org","@graph":[{"@type":"WebPage","@id":"https:\/\/www.erresse-shop.it\/es\/shop\/tabla\/tazas\/galbiati-milano-wool-set-4-tazas-surtidas-navidad\/","url":"https:\/\/www.erresse-shop.it\/es\/shop\/tabla\/tazas\/galbiati-milano-wool-set-4-tazas-surtidas-navidad\/","name":"GALBIATI MILANO Wool Set 4 Tazas Surtidas Navidad - Erresse Shop","isPartOf":{"@id":"https:\/\/www.erresse-shop.it\/es\/#website"},"datePublished":"2024-10-25T05:59:31+00:00","dateModified":"2024-11-04T15:43:11+00:00","description":"Haz que tu Navidad sea a\u00fan m\u00e1s especial con el set de 4 tazas surtidas de la colecci\u00f3n Wool. Cada taza es una obra de arte que celebra la magia de las","breadcrumb":{"@id":"https:\/\/www.erresse-shop.it\/es\/shop\/tabla\/tazas\/galbiati-milano-wool-set-4-tazas-surtidas-navidad\/#breadcrumb"},"inLanguage":"es","potentialAction":[{"@type":"ReadAction","target":["https:\/\/www.erresse-shop.it\/es\/shop\/tabla\/tazas\/galbiati-milano-wool-set-4-tazas-surtidas-navidad\/"]}]},{"@type":"BreadcrumbList","@id":"https:\/\/www.erresse-shop.it\/es\/shop\/tabla\/tazas\/galbiati-milano-wool-set-4-tazas-surtidas-navidad\/#breadcrumb","itemListElement":[{"@type":"ListItem","position":1,"name":"Home","item":"https:\/\/www.erresse-shop.it\/es\/"},{"@type":"ListItem","position":2,"name":"Shop","item":"https:\/\/www.erresse-shop.it\/es\/shop\/"},{"@type":"ListItem","position":3,"name":"GALBIATI MILANO Wool Set 4 Tazas Surtidas Navidad"}]},{"@type":"WebSite","@id":"https:\/\/www.erresse-shop.it\/es\/#website","url":"https:\/\/www.erresse-shop.it\/es\/","name":"Erresse Shop","description":"Articoli di qualit\u00e0 per la casa","potentialAction":[{"@type":"SearchAction","target":{"@type":"EntryPoint","urlTemplate":"https:\/\/www.erresse-shop.it\/es\/?s={search_term_string}"},"query-input":"required name=search_term_string"}],"inLanguage":"es"}]}},"df_price":18.83,"df_sale_price":18.83,"df_regular_price":26.9,"df_image_link":"https:\/\/www.erresse-shop.it\/wp-content\/uploads\/2024\/10\/GALBIATI-MILANO-Wool-Set-4-Tazze-Assortite-Natale-300x300.jpg","_links":{"self":[{"href":"https:\/\/www.erresse-shop.it\/es\/wp-json\/wp\/v2\/product\/441257"}],"collection":[{"href":"https:\/\/www.erresse-shop.it\/es\/wp-json\/wp\/v2\/product"}],"about":[{"href":"https:\/\/www.erresse-shop.it\/es\/wp-json\/wp\/v2\/types\/product"}],"wp:featuredmedia":[{"embeddable":true,"href":"https:\/\/www.erresse-shop.it\/es\/wp-json\/wp\/v2\/media\/441265"}],"wp:attachment":[{"href":"https:\/\/www.erresse-shop.it\/es\/wp-json\/wp\/v2\/media?parent=441257"}],"wp:term":[{"taxonomy":"product_cat","embeddable":true,"href":"https:\/\/www.erresse-shop.it\/es\/wp-json\/wp\/v2\/product_cat?post=441257"},{"taxonomy":"product_tag","embeddable":true,"href":"https:\/\/www.erresse-shop.it\/es\/wp-json\/wp\/v2\/product_tag?post=441257"}],"curies":[{"name":"wp","href":"https:\/\/api.w.org\/{rel}","templated":true}]}}