{"id":439139,"date":"2024-10-14T07:00:07","date_gmt":"2024-10-14T07:00:10","guid":{"rendered":"https:\/\/www.erresse-shop.it\/?post_type=product&#038;p=439139"},"modified":"2024-10-16T06:25:18","modified_gmt":"2024-10-16T06:25:18","slug":"staub-cocotte-calabaza-canela-15-cm","status":"publish","type":"product","link":"https:\/\/www.erresse-shop.it\/es\/shop\/sartenes-y-ollas\/marmitas-y-cocottes\/staub-cocotte-calabaza-canela-15-cm\/","title":{"rendered":"STAUB Cocotte Calabaza Canela 15 cm"},"content":{"rendered":"<p>La elegancia y funcionalidad de la cer\u00e1mica Staub le acompa\u00f1an desde el frigor\u00edfico hasta la mesa, pasando por el horno. El acabado de porcelana vitrificada combina con el hierro fundido Staub en una mezcla perfecta en la mesa. Resistente en el horno y grill hasta una temperatura de 300\u00b0C, la cer\u00e1mica tambi\u00e9n puede utilizarse en el microondas y es apta para el lavavajillas. Muy resistente a ara\u00f1azos, golpes y choques t\u00e9rmicos.<\/p>\n<ul>\n<li>Dise\u00f1o art\u00edstico de calabaza &#8211; inspirado en la naturaleza<\/li>\n<li>Artesan\u00eda tradicional combinada con la m\u00e1s alta calidad, acabada a mano<\/li>\n<li>Servicio elegante e innovador<\/li>\n<li>Fabricada en gres &#8211; ideal para cocinar con autenticidad y obtener sabrosos resultados<\/li>\n<li>Puede utilizarse en el horno y en el microondas<\/li>\n<\/ul>\n<p>Marca: Staub<br \/>\nMaterial: Cer\u00e1mica<br \/>\nColor: Naranja &#8211; Canela<br \/>\nDimensiones: 18.20 x 14.60 x 11.50<br \/>\nPeso: 0.90 kg<\/p>\n","protected":false},"excerpt":{"rendered":"<p>La elegancia y funcionalidad de la cer\u00e1mica Staub le acompa\u00f1an desde el frigor\u00edfico hasta la mesa, pasando por el horno.<\/p>\n","protected":false},"featured_media":439145,"template":"","meta":{"_acf_changed":false,"inline_featured_image":false},"product_cat":[16065,16058],"product_tag":[25090,16781,20719,16158,16654],"acf":[],"yoast_head":"<!-- This site is optimized with the Yoast SEO Premium plugin v18.6 (Yoast SEO v19.13) - https:\/\/yoast.com\/wordpress\/plugins\/seo\/ -->\n<title>STAUB Cocotte Calabaza Canela 15 cm - Erresse Shop<\/title>\n<meta name=\"description\" content=\"La elegancia y funcionalidad de la cer\u00e1mica Staub le acompa\u00f1an desde el frigor\u00edfico hasta la mesa, pasando por el horno. El acabado de porcelana\" \/>\n<meta name=\"robots\" content=\"index, follow, max-snippet:-1, max-image-preview:large, max-video-preview:-1\" \/>\n<link rel=\"canonical\" href=\"https:\/\/www.erresse-shop.it\/es\/shop\/sartenes-y-ollas\/marmitas-y-cocottes\/staub-cocotte-calabaza-canela-15-cm\/\" \/>\n<meta property=\"og:locale\" content=\"es_ES\" \/>\n<meta property=\"og:type\" content=\"article\" \/>\n<meta property=\"og:title\" content=\"STAUB Cocotte Calabaza Canela 15 cm\" \/>\n<meta property=\"og:description\" content=\"La elegancia y funcionalidad de la cer\u00e1mica Staub le acompa\u00f1an desde el frigor\u00edfico hasta la mesa, pasando por el horno. El acabado de porcelana\" \/>\n<meta property=\"og:url\" content=\"https:\/\/www.erresse-shop.it\/es\/shop\/sartenes-y-ollas\/marmitas-y-cocottes\/staub-cocotte-calabaza-canela-15-cm\/\" \/>\n<meta property=\"og:site_name\" content=\"Erresse Shop\" \/>\n<meta property=\"article:modified_time\" content=\"2024-10-16T06:25:18+00:00\" \/>\n<meta property=\"og:image\" content=\"https:\/\/www.erresse-shop.it\/wp-content\/uploads\/2024\/10\/STAUB-Cocotte-Zucca-Cannella-15-cm.jpg\" \/>\n\t<meta property=\"og:image:width\" content=\"1200\" \/>\n\t<meta property=\"og:image:height\" content=\"1200\" \/>\n\t<meta property=\"og:image:type\" content=\"image\/jpeg\" \/>\n<meta name=\"twitter:card\" content=\"summary_large_image\" \/>\n<script type=\"application\/ld+json\" class=\"yoast-schema-graph\">{\"@context\":\"https:\/\/schema.org\",\"@graph\":[{\"@type\":\"WebPage\",\"@id\":\"https:\/\/www.erresse-shop.it\/es\/shop\/sartenes-y-ollas\/marmitas-y-cocottes\/staub-cocotte-calabaza-canela-15-cm\/\",\"url\":\"https:\/\/www.erresse-shop.it\/es\/shop\/sartenes-y-ollas\/marmitas-y-cocottes\/staub-cocotte-calabaza-canela-15-cm\/\",\"name\":\"STAUB Cocotte Calabaza Canela 15 cm - Erresse Shop\",\"isPartOf\":{\"@id\":\"https:\/\/www.erresse-shop.it\/es\/#website\"},\"datePublished\":\"2024-10-14T07:00:10+00:00\",\"dateModified\":\"2024-10-16T06:25:18+00:00\",\"description\":\"La elegancia y funcionalidad de la cer\u00e1mica Staub le acompa\u00f1an desde el frigor\u00edfico hasta la mesa, pasando por el horno. El acabado de porcelana\",\"breadcrumb\":{\"@id\":\"https:\/\/www.erresse-shop.it\/es\/shop\/sartenes-y-ollas\/marmitas-y-cocottes\/staub-cocotte-calabaza-canela-15-cm\/#breadcrumb\"},\"inLanguage\":\"es\",\"potentialAction\":[{\"@type\":\"ReadAction\",\"target\":[\"https:\/\/www.erresse-shop.it\/es\/shop\/sartenes-y-ollas\/marmitas-y-cocottes\/staub-cocotte-calabaza-canela-15-cm\/\"]}]},{\"@type\":\"BreadcrumbList\",\"@id\":\"https:\/\/www.erresse-shop.it\/es\/shop\/sartenes-y-ollas\/marmitas-y-cocottes\/staub-cocotte-calabaza-canela-15-cm\/#breadcrumb\",\"itemListElement\":[{\"@type\":\"ListItem\",\"position\":1,\"name\":\"Home\",\"item\":\"https:\/\/www.erresse-shop.it\/es\/\"},{\"@type\":\"ListItem\",\"position\":2,\"name\":\"Shop\",\"item\":\"https:\/\/www.erresse-shop.it\/es\/shop\/\"},{\"@type\":\"ListItem\",\"position\":3,\"name\":\"STAUB Cocotte Calabaza Canela 15 cm\"}]},{\"@type\":\"WebSite\",\"@id\":\"https:\/\/www.erresse-shop.it\/es\/#website\",\"url\":\"https:\/\/www.erresse-shop.it\/es\/\",\"name\":\"Erresse Shop\",\"description\":\"Articoli di qualit\u00e0 per la casa\",\"potentialAction\":[{\"@type\":\"SearchAction\",\"target\":{\"@type\":\"EntryPoint\",\"urlTemplate\":\"https:\/\/www.erresse-shop.it\/es\/?s={search_term_string}\"},\"query-input\":\"required name=search_term_string\"}],\"inLanguage\":\"es\"}]}<\/script>\n<!-- \/ Yoast SEO Premium plugin. -->","yoast_head_json":{"title":"STAUB Cocotte Calabaza Canela 15 cm - Erresse Shop","description":"La elegancia y funcionalidad de la cer\u00e1mica Staub le acompa\u00f1an desde el frigor\u00edfico hasta la mesa, pasando por el horno. El acabado de porcelana","robots":{"index":"index","follow":"follow","max-snippet":"max-snippet:-1","max-image-preview":"max-image-preview:large","max-video-preview":"max-video-preview:-1"},"canonical":"https:\/\/www.erresse-shop.it\/es\/shop\/sartenes-y-ollas\/marmitas-y-cocottes\/staub-cocotte-calabaza-canela-15-cm\/","og_locale":"es_ES","og_type":"article","og_title":"STAUB Cocotte Calabaza Canela 15 cm","og_description":"La elegancia y funcionalidad de la cer\u00e1mica Staub le acompa\u00f1an desde el frigor\u00edfico hasta la mesa, pasando por el horno. El acabado de porcelana","og_url":"https:\/\/www.erresse-shop.it\/es\/shop\/sartenes-y-ollas\/marmitas-y-cocottes\/staub-cocotte-calabaza-canela-15-cm\/","og_site_name":"Erresse Shop","article_modified_time":"2024-10-16T06:25:18+00:00","og_image":[{"width":1200,"height":1200,"url":"https:\/\/www.erresse-shop.it\/wp-content\/uploads\/2024\/10\/STAUB-Cocotte-Zucca-Cannella-15-cm.jpg","type":"image\/jpeg"}],"twitter_card":"summary_large_image","schema":{"@context":"https:\/\/schema.org","@graph":[{"@type":"WebPage","@id":"https:\/\/www.erresse-shop.it\/es\/shop\/sartenes-y-ollas\/marmitas-y-cocottes\/staub-cocotte-calabaza-canela-15-cm\/","url":"https:\/\/www.erresse-shop.it\/es\/shop\/sartenes-y-ollas\/marmitas-y-cocottes\/staub-cocotte-calabaza-canela-15-cm\/","name":"STAUB Cocotte Calabaza Canela 15 cm - Erresse Shop","isPartOf":{"@id":"https:\/\/www.erresse-shop.it\/es\/#website"},"datePublished":"2024-10-14T07:00:10+00:00","dateModified":"2024-10-16T06:25:18+00:00","description":"La elegancia y funcionalidad de la cer\u00e1mica Staub le acompa\u00f1an desde el frigor\u00edfico hasta la mesa, pasando por el horno. El acabado de porcelana","breadcrumb":{"@id":"https:\/\/www.erresse-shop.it\/es\/shop\/sartenes-y-ollas\/marmitas-y-cocottes\/staub-cocotte-calabaza-canela-15-cm\/#breadcrumb"},"inLanguage":"es","potentialAction":[{"@type":"ReadAction","target":["https:\/\/www.erresse-shop.it\/es\/shop\/sartenes-y-ollas\/marmitas-y-cocottes\/staub-cocotte-calabaza-canela-15-cm\/"]}]},{"@type":"BreadcrumbList","@id":"https:\/\/www.erresse-shop.it\/es\/shop\/sartenes-y-ollas\/marmitas-y-cocottes\/staub-cocotte-calabaza-canela-15-cm\/#breadcrumb","itemListElement":[{"@type":"ListItem","position":1,"name":"Home","item":"https:\/\/www.erresse-shop.it\/es\/"},{"@type":"ListItem","position":2,"name":"Shop","item":"https:\/\/www.erresse-shop.it\/es\/shop\/"},{"@type":"ListItem","position":3,"name":"STAUB Cocotte Calabaza Canela 15 cm"}]},{"@type":"WebSite","@id":"https:\/\/www.erresse-shop.it\/es\/#website","url":"https:\/\/www.erresse-shop.it\/es\/","name":"Erresse Shop","description":"Articoli di qualit\u00e0 per la casa","potentialAction":[{"@type":"SearchAction","target":{"@type":"EntryPoint","urlTemplate":"https:\/\/www.erresse-shop.it\/es\/?s={search_term_string}"},"query-input":"required name=search_term_string"}],"inLanguage":"es"}]}},"df_price":14.975,"df_sale_price":14.975,"df_regular_price":29.95,"df_image_link":"https:\/\/www.erresse-shop.it\/wp-content\/uploads\/2024\/10\/STAUB-Cocotte-Zucca-Cannella-15-cm-300x300.jpg","_links":{"self":[{"href":"https:\/\/www.erresse-shop.it\/es\/wp-json\/wp\/v2\/product\/439139"}],"collection":[{"href":"https:\/\/www.erresse-shop.it\/es\/wp-json\/wp\/v2\/product"}],"about":[{"href":"https:\/\/www.erresse-shop.it\/es\/wp-json\/wp\/v2\/types\/product"}],"wp:featuredmedia":[{"embeddable":true,"href":"https:\/\/www.erresse-shop.it\/es\/wp-json\/wp\/v2\/media\/439145"}],"wp:attachment":[{"href":"https:\/\/www.erresse-shop.it\/es\/wp-json\/wp\/v2\/media?parent=439139"}],"wp:term":[{"taxonomy":"product_cat","embeddable":true,"href":"https:\/\/www.erresse-shop.it\/es\/wp-json\/wp\/v2\/product_cat?post=439139"},{"taxonomy":"product_tag","embeddable":true,"href":"https:\/\/www.erresse-shop.it\/es\/wp-json\/wp\/v2\/product_tag?post=439139"}],"curies":[{"name":"wp","href":"https:\/\/api.w.org\/{rel}","templated":true}]}}