{"id":439021,"date":"2024-10-14T05:50:26","date_gmt":"2024-10-14T05:50:28","guid":{"rendered":"https:\/\/www.erresse-shop.it\/?post_type=product&#038;p=439021"},"modified":"2024-10-16T06:26:31","modified_gmt":"2024-10-16T06:26:31","slug":"staub-cocotte-calabaza-negra-12-cm","status":"publish","type":"product","link":"https:\/\/www.erresse-shop.it\/es\/shop\/sartenes-y-ollas\/marmitas-y-cocottes\/staub-cocotte-calabaza-negra-12-cm\/","title":{"rendered":"STAUB Cocotte Calabaza Negra 12 cm"},"content":{"rendered":"<p>Con sus ra\u00edces en la herencia culinaria francesa, Staub es una marca apreciada tanto por profesionales como por cocineros aficionados por su calidad de fabricaci\u00f3n, su excepcional rendimiento y su belleza atemporal. La cocotte de cer\u00e1mica Zucca de Staub a\u00f1ade un toque de estilo a su mesa. Haga alarde de sus sopas, guisos y platos de verduras: cada plato tendr\u00e1 algo extra cuando se presente en esta deliciosa calabaza. Esta cocotte va elegantemente y sin esfuerzo del horno a la mesa sin necesidad de platos adicionales. La cer\u00e1mica Staub ofrece un rendimiento, una durabilidad y un dise\u00f1o inigualables. Las piezas se cuecen dos veces a temperaturas muy altas, lo que las hace especialmente resistentes a los golpes y al choque t\u00e9rmico; como resultado, pueden pasar del congelador al horno y a la mesa sin problemas. La capa de porcelana esmaltada evita la absorci\u00f3n de humedad durante la cocci\u00f3n.<\/p>\n<ul>\n<li>Acabado de porcelana esmaltada<\/li>\n<li>Del horno a la mesa, complementa la colecci\u00f3n de hierro fundido Staub<\/li>\n<li>Resistente al horno hasta 300 grados<\/li>\n<li>Altamente resistente a los ara\u00f1azos<\/li>\n<li>Altamente resistente a impactos y choques t\u00e9rmicos<\/li>\n<li>Se puede utilizar tanto en un horno convencional como en el microondas<\/li>\n<\/ul>\n<p>Marca: Staub<br \/>\nMaterial: Cer\u00e1mica<br \/>\nColor: Negro<br \/>\nDimensiones: 16.30 x 12.50 x 10.40<br \/>\nPeso: 0.62 kg<\/p>\n","protected":false},"excerpt":{"rendered":"<p>Con sus ra\u00edces en la herencia culinaria francesa, Staub es una marca apreciada tanto por profesionales como por cocineros aficionados<\/p>\n","protected":false},"featured_media":439095,"template":"","meta":{"_acf_changed":false,"inline_featured_image":false},"product_cat":[16065,16058],"product_tag":[25090,16781,20719,16158,16654],"acf":[],"yoast_head":"<!-- This site is optimized with the Yoast SEO Premium plugin v18.6 (Yoast SEO v19.13) - https:\/\/yoast.com\/wordpress\/plugins\/seo\/ -->\n<title>STAUB Cocotte Calabaza Negra 12 cm - Erresse Shop<\/title>\n<meta name=\"description\" content=\"Con sus ra\u00edces en la herencia culinaria francesa, Staub es una marca apreciada tanto por profesionales como por cocineros aficionados por su calidad de\" \/>\n<meta name=\"robots\" content=\"index, follow, max-snippet:-1, max-image-preview:large, max-video-preview:-1\" \/>\n<link rel=\"canonical\" href=\"https:\/\/www.erresse-shop.it\/es\/shop\/sartenes-y-ollas\/marmitas-y-cocottes\/staub-cocotte-calabaza-negra-12-cm\/\" \/>\n<meta property=\"og:locale\" content=\"es_ES\" \/>\n<meta property=\"og:type\" content=\"article\" \/>\n<meta property=\"og:title\" content=\"STAUB Cocotte Calabaza Negra 12 cm\" \/>\n<meta property=\"og:description\" content=\"Con sus ra\u00edces en la herencia culinaria francesa, Staub es una marca apreciada tanto por profesionales como por cocineros aficionados por su calidad de\" \/>\n<meta property=\"og:url\" content=\"https:\/\/www.erresse-shop.it\/es\/shop\/sartenes-y-ollas\/marmitas-y-cocottes\/staub-cocotte-calabaza-negra-12-cm\/\" \/>\n<meta property=\"og:site_name\" content=\"Erresse Shop\" \/>\n<meta property=\"article:modified_time\" content=\"2024-10-16T06:26:31+00:00\" \/>\n<meta property=\"og:image\" content=\"https:\/\/www.erresse-shop.it\/wp-content\/uploads\/2024\/10\/STAUB-Cocotte-Zucca-Nero-12-cm.jpg\" \/>\n\t<meta property=\"og:image:width\" content=\"1200\" \/>\n\t<meta property=\"og:image:height\" content=\"1200\" \/>\n\t<meta property=\"og:image:type\" content=\"image\/jpeg\" \/>\n<meta name=\"twitter:card\" content=\"summary_large_image\" \/>\n<script type=\"application\/ld+json\" class=\"yoast-schema-graph\">{\"@context\":\"https:\/\/schema.org\",\"@graph\":[{\"@type\":\"WebPage\",\"@id\":\"https:\/\/www.erresse-shop.it\/es\/shop\/sartenes-y-ollas\/marmitas-y-cocottes\/staub-cocotte-calabaza-negra-12-cm\/\",\"url\":\"https:\/\/www.erresse-shop.it\/es\/shop\/sartenes-y-ollas\/marmitas-y-cocottes\/staub-cocotte-calabaza-negra-12-cm\/\",\"name\":\"STAUB Cocotte Calabaza Negra 12 cm - Erresse Shop\",\"isPartOf\":{\"@id\":\"https:\/\/www.erresse-shop.it\/es\/#website\"},\"datePublished\":\"2024-10-14T05:50:28+00:00\",\"dateModified\":\"2024-10-16T06:26:31+00:00\",\"description\":\"Con sus ra\u00edces en la herencia culinaria francesa, Staub es una marca apreciada tanto por profesionales como por cocineros aficionados por su calidad de\",\"breadcrumb\":{\"@id\":\"https:\/\/www.erresse-shop.it\/es\/shop\/sartenes-y-ollas\/marmitas-y-cocottes\/staub-cocotte-calabaza-negra-12-cm\/#breadcrumb\"},\"inLanguage\":\"es\",\"potentialAction\":[{\"@type\":\"ReadAction\",\"target\":[\"https:\/\/www.erresse-shop.it\/es\/shop\/sartenes-y-ollas\/marmitas-y-cocottes\/staub-cocotte-calabaza-negra-12-cm\/\"]}]},{\"@type\":\"BreadcrumbList\",\"@id\":\"https:\/\/www.erresse-shop.it\/es\/shop\/sartenes-y-ollas\/marmitas-y-cocottes\/staub-cocotte-calabaza-negra-12-cm\/#breadcrumb\",\"itemListElement\":[{\"@type\":\"ListItem\",\"position\":1,\"name\":\"Home\",\"item\":\"https:\/\/www.erresse-shop.it\/es\/\"},{\"@type\":\"ListItem\",\"position\":2,\"name\":\"Shop\",\"item\":\"https:\/\/www.erresse-shop.it\/es\/shop\/\"},{\"@type\":\"ListItem\",\"position\":3,\"name\":\"STAUB Cocotte Calabaza Negra 12 cm\"}]},{\"@type\":\"WebSite\",\"@id\":\"https:\/\/www.erresse-shop.it\/es\/#website\",\"url\":\"https:\/\/www.erresse-shop.it\/es\/\",\"name\":\"Erresse Shop\",\"description\":\"Articoli di qualit\u00e0 per la casa\",\"potentialAction\":[{\"@type\":\"SearchAction\",\"target\":{\"@type\":\"EntryPoint\",\"urlTemplate\":\"https:\/\/www.erresse-shop.it\/es\/?s={search_term_string}\"},\"query-input\":\"required name=search_term_string\"}],\"inLanguage\":\"es\"}]}<\/script>\n<!-- \/ Yoast SEO Premium plugin. -->","yoast_head_json":{"title":"STAUB Cocotte Calabaza Negra 12 cm - Erresse Shop","description":"Con sus ra\u00edces en la herencia culinaria francesa, Staub es una marca apreciada tanto por profesionales como por cocineros aficionados por su calidad de","robots":{"index":"index","follow":"follow","max-snippet":"max-snippet:-1","max-image-preview":"max-image-preview:large","max-video-preview":"max-video-preview:-1"},"canonical":"https:\/\/www.erresse-shop.it\/es\/shop\/sartenes-y-ollas\/marmitas-y-cocottes\/staub-cocotte-calabaza-negra-12-cm\/","og_locale":"es_ES","og_type":"article","og_title":"STAUB Cocotte Calabaza Negra 12 cm","og_description":"Con sus ra\u00edces en la herencia culinaria francesa, Staub es una marca apreciada tanto por profesionales como por cocineros aficionados por su calidad de","og_url":"https:\/\/www.erresse-shop.it\/es\/shop\/sartenes-y-ollas\/marmitas-y-cocottes\/staub-cocotte-calabaza-negra-12-cm\/","og_site_name":"Erresse Shop","article_modified_time":"2024-10-16T06:26:31+00:00","og_image":[{"width":1200,"height":1200,"url":"https:\/\/www.erresse-shop.it\/wp-content\/uploads\/2024\/10\/STAUB-Cocotte-Zucca-Nero-12-cm.jpg","type":"image\/jpeg"}],"twitter_card":"summary_large_image","schema":{"@context":"https:\/\/schema.org","@graph":[{"@type":"WebPage","@id":"https:\/\/www.erresse-shop.it\/es\/shop\/sartenes-y-ollas\/marmitas-y-cocottes\/staub-cocotte-calabaza-negra-12-cm\/","url":"https:\/\/www.erresse-shop.it\/es\/shop\/sartenes-y-ollas\/marmitas-y-cocottes\/staub-cocotte-calabaza-negra-12-cm\/","name":"STAUB Cocotte Calabaza Negra 12 cm - Erresse Shop","isPartOf":{"@id":"https:\/\/www.erresse-shop.it\/es\/#website"},"datePublished":"2024-10-14T05:50:28+00:00","dateModified":"2024-10-16T06:26:31+00:00","description":"Con sus ra\u00edces en la herencia culinaria francesa, Staub es una marca apreciada tanto por profesionales como por cocineros aficionados por su calidad de","breadcrumb":{"@id":"https:\/\/www.erresse-shop.it\/es\/shop\/sartenes-y-ollas\/marmitas-y-cocottes\/staub-cocotte-calabaza-negra-12-cm\/#breadcrumb"},"inLanguage":"es","potentialAction":[{"@type":"ReadAction","target":["https:\/\/www.erresse-shop.it\/es\/shop\/sartenes-y-ollas\/marmitas-y-cocottes\/staub-cocotte-calabaza-negra-12-cm\/"]}]},{"@type":"BreadcrumbList","@id":"https:\/\/www.erresse-shop.it\/es\/shop\/sartenes-y-ollas\/marmitas-y-cocottes\/staub-cocotte-calabaza-negra-12-cm\/#breadcrumb","itemListElement":[{"@type":"ListItem","position":1,"name":"Home","item":"https:\/\/www.erresse-shop.it\/es\/"},{"@type":"ListItem","position":2,"name":"Shop","item":"https:\/\/www.erresse-shop.it\/es\/shop\/"},{"@type":"ListItem","position":3,"name":"STAUB Cocotte Calabaza Negra 12 cm"}]},{"@type":"WebSite","@id":"https:\/\/www.erresse-shop.it\/es\/#website","url":"https:\/\/www.erresse-shop.it\/es\/","name":"Erresse Shop","description":"Articoli di qualit\u00e0 per la casa","potentialAction":[{"@type":"SearchAction","target":{"@type":"EntryPoint","urlTemplate":"https:\/\/www.erresse-shop.it\/es\/?s={search_term_string}"},"query-input":"required name=search_term_string"}],"inLanguage":"es"}]}},"df_price":12.475,"df_sale_price":12.475,"df_regular_price":24.95,"df_image_link":"https:\/\/www.erresse-shop.it\/wp-content\/uploads\/2024\/10\/STAUB-Cocotte-Zucca-Nero-12-cm-300x300.jpg","_links":{"self":[{"href":"https:\/\/www.erresse-shop.it\/es\/wp-json\/wp\/v2\/product\/439021"}],"collection":[{"href":"https:\/\/www.erresse-shop.it\/es\/wp-json\/wp\/v2\/product"}],"about":[{"href":"https:\/\/www.erresse-shop.it\/es\/wp-json\/wp\/v2\/types\/product"}],"wp:featuredmedia":[{"embeddable":true,"href":"https:\/\/www.erresse-shop.it\/es\/wp-json\/wp\/v2\/media\/439095"}],"wp:attachment":[{"href":"https:\/\/www.erresse-shop.it\/es\/wp-json\/wp\/v2\/media?parent=439021"}],"wp:term":[{"taxonomy":"product_cat","embeddable":true,"href":"https:\/\/www.erresse-shop.it\/es\/wp-json\/wp\/v2\/product_cat?post=439021"},{"taxonomy":"product_tag","embeddable":true,"href":"https:\/\/www.erresse-shop.it\/es\/wp-json\/wp\/v2\/product_tag?post=439021"}],"curies":[{"name":"wp","href":"https:\/\/api.w.org\/{rel}","templated":true}]}}