{"id":438885,"date":"2024-10-11T10:40:47","date_gmt":"2024-10-11T10:40:52","guid":{"rendered":"https:\/\/www.erresse-shop.it\/?post_type=product&#038;p=438885"},"modified":"2024-10-16T06:30:00","modified_gmt":"2024-10-16T06:30:00","slug":"portmeirion-christmas-tree-set-6-platos-hondos","status":"publish","type":"product","link":"https:\/\/www.erresse-shop.it\/es\/shop\/tabla\/platos\/portmeirion-christmas-tree-set-6-platos-hondos\/","title":{"rendered":"PORTMEIRION Christmas Tree Set 6 Platos Hondos"},"content":{"rendered":"<p>Qu\u00e9 mejor manera de empezar la cena de Navidad que con una sopa servida al m\u00e1s puro estilo festivo con este set de cuatro platos hondos. Un verdadero calentador de invierno que har\u00e1 que toda la familia est\u00e9 radiante de la cabeza a los pies. Parte de la colecci\u00f3n Christmas Tree de Spode, cada pieza presenta el cl\u00e1sico dise\u00f1o de un \u00e1rbol decorado con baratijas y rodeado de regalos, dibujado por primera vez en 1938. Este alegre dise\u00f1o ser\u00e1 tan memorable como su famosa receta de sopa.<\/p>\n<p><strong>Material<\/strong>: Gres<\/p>\n","protected":false},"excerpt":{"rendered":"<p>Qu\u00e9 mejor manera de empezar la cena de Navidad que con una sopa servida al m\u00e1s puro estilo festivo con<\/p>\n","protected":false},"featured_media":451617,"template":"","meta":{"_acf_changed":false,"inline_featured_image":false},"product_cat":[16031,16027],"product_tag":[19361,23912,16133,16405,24605,25023],"acf":[],"yoast_head":"<!-- This site is optimized with the Yoast SEO Premium plugin v18.6 (Yoast SEO v19.13) - https:\/\/yoast.com\/wordpress\/plugins\/seo\/ -->\n<title>PORTMEIRION Christmas Tree Set 6 Platos Hondos - Erresse Shop<\/title>\n<meta name=\"description\" content=\"Qu\u00e9 mejor manera de empezar la cena de Navidad que con una sopa servida al m\u00e1s puro estilo festivo con este set de cuatro platos hondos. Un verdadero\" \/>\n<meta name=\"robots\" content=\"index, follow, max-snippet:-1, max-image-preview:large, max-video-preview:-1\" \/>\n<link rel=\"canonical\" href=\"https:\/\/www.erresse-shop.it\/es\/shop\/tabla\/platos\/portmeirion-christmas-tree-set-6-platos-hondos\/\" \/>\n<meta property=\"og:locale\" content=\"es_ES\" \/>\n<meta property=\"og:type\" content=\"article\" \/>\n<meta property=\"og:title\" content=\"PORTMEIRION Christmas Tree Set 6 Platos Hondos\" \/>\n<meta property=\"og:description\" content=\"Qu\u00e9 mejor manera de empezar la cena de Navidad que con una sopa servida al m\u00e1s puro estilo festivo con este set de cuatro platos hondos. Un verdadero\" \/>\n<meta property=\"og:url\" content=\"https:\/\/www.erresse-shop.it\/es\/shop\/tabla\/platos\/portmeirion-christmas-tree-set-6-platos-hondos\/\" \/>\n<meta property=\"og:site_name\" content=\"Erresse Shop\" \/>\n<meta property=\"article:modified_time\" content=\"2024-10-16T06:30:00+00:00\" \/>\n<meta property=\"og:image\" content=\"https:\/\/www.erresse-shop.it\/wp-content\/uploads\/2024\/10\/PORTMEIRION-Christmas-Tree-Set-4-Piatti-Fondi.jpg\" \/>\n\t<meta property=\"og:image:width\" content=\"1200\" \/>\n\t<meta property=\"og:image:height\" content=\"1200\" \/>\n\t<meta property=\"og:image:type\" content=\"image\/jpeg\" \/>\n<meta name=\"twitter:card\" content=\"summary_large_image\" \/>\n<script type=\"application\/ld+json\" class=\"yoast-schema-graph\">{\"@context\":\"https:\/\/schema.org\",\"@graph\":[{\"@type\":\"WebPage\",\"@id\":\"https:\/\/www.erresse-shop.it\/es\/shop\/tabla\/platos\/portmeirion-christmas-tree-set-6-platos-hondos\/\",\"url\":\"https:\/\/www.erresse-shop.it\/es\/shop\/tabla\/platos\/portmeirion-christmas-tree-set-6-platos-hondos\/\",\"name\":\"PORTMEIRION Christmas Tree Set 6 Platos Hondos - Erresse Shop\",\"isPartOf\":{\"@id\":\"https:\/\/www.erresse-shop.it\/es\/#website\"},\"datePublished\":\"2024-10-11T10:40:52+00:00\",\"dateModified\":\"2024-10-16T06:30:00+00:00\",\"description\":\"Qu\u00e9 mejor manera de empezar la cena de Navidad que con una sopa servida al m\u00e1s puro estilo festivo con este set de cuatro platos hondos. Un verdadero\",\"breadcrumb\":{\"@id\":\"https:\/\/www.erresse-shop.it\/es\/shop\/tabla\/platos\/portmeirion-christmas-tree-set-6-platos-hondos\/#breadcrumb\"},\"inLanguage\":\"es\",\"potentialAction\":[{\"@type\":\"ReadAction\",\"target\":[\"https:\/\/www.erresse-shop.it\/es\/shop\/tabla\/platos\/portmeirion-christmas-tree-set-6-platos-hondos\/\"]}]},{\"@type\":\"BreadcrumbList\",\"@id\":\"https:\/\/www.erresse-shop.it\/es\/shop\/tabla\/platos\/portmeirion-christmas-tree-set-6-platos-hondos\/#breadcrumb\",\"itemListElement\":[{\"@type\":\"ListItem\",\"position\":1,\"name\":\"Home\",\"item\":\"https:\/\/www.erresse-shop.it\/es\/\"},{\"@type\":\"ListItem\",\"position\":2,\"name\":\"Shop\",\"item\":\"https:\/\/www.erresse-shop.it\/es\/shop\/\"},{\"@type\":\"ListItem\",\"position\":3,\"name\":\"PORTMEIRION Christmas Tree Set 6 Platos Hondos\"}]},{\"@type\":\"WebSite\",\"@id\":\"https:\/\/www.erresse-shop.it\/es\/#website\",\"url\":\"https:\/\/www.erresse-shop.it\/es\/\",\"name\":\"Erresse Shop\",\"description\":\"Articoli di qualit\u00e0 per la casa\",\"potentialAction\":[{\"@type\":\"SearchAction\",\"target\":{\"@type\":\"EntryPoint\",\"urlTemplate\":\"https:\/\/www.erresse-shop.it\/es\/?s={search_term_string}\"},\"query-input\":\"required name=search_term_string\"}],\"inLanguage\":\"es\"}]}<\/script>\n<!-- \/ Yoast SEO Premium plugin. -->","yoast_head_json":{"title":"PORTMEIRION Christmas Tree Set 6 Platos Hondos - Erresse Shop","description":"Qu\u00e9 mejor manera de empezar la cena de Navidad que con una sopa servida al m\u00e1s puro estilo festivo con este set de cuatro platos hondos. Un verdadero","robots":{"index":"index","follow":"follow","max-snippet":"max-snippet:-1","max-image-preview":"max-image-preview:large","max-video-preview":"max-video-preview:-1"},"canonical":"https:\/\/www.erresse-shop.it\/es\/shop\/tabla\/platos\/portmeirion-christmas-tree-set-6-platos-hondos\/","og_locale":"es_ES","og_type":"article","og_title":"PORTMEIRION Christmas Tree Set 6 Platos Hondos","og_description":"Qu\u00e9 mejor manera de empezar la cena de Navidad que con una sopa servida al m\u00e1s puro estilo festivo con este set de cuatro platos hondos. Un verdadero","og_url":"https:\/\/www.erresse-shop.it\/es\/shop\/tabla\/platos\/portmeirion-christmas-tree-set-6-platos-hondos\/","og_site_name":"Erresse Shop","article_modified_time":"2024-10-16T06:30:00+00:00","og_image":[{"width":1200,"height":1200,"url":"https:\/\/www.erresse-shop.it\/wp-content\/uploads\/2024\/10\/PORTMEIRION-Christmas-Tree-Set-4-Piatti-Fondi.jpg","type":"image\/jpeg"}],"twitter_card":"summary_large_image","schema":{"@context":"https:\/\/schema.org","@graph":[{"@type":"WebPage","@id":"https:\/\/www.erresse-shop.it\/es\/shop\/tabla\/platos\/portmeirion-christmas-tree-set-6-platos-hondos\/","url":"https:\/\/www.erresse-shop.it\/es\/shop\/tabla\/platos\/portmeirion-christmas-tree-set-6-platos-hondos\/","name":"PORTMEIRION Christmas Tree Set 6 Platos Hondos - Erresse Shop","isPartOf":{"@id":"https:\/\/www.erresse-shop.it\/es\/#website"},"datePublished":"2024-10-11T10:40:52+00:00","dateModified":"2024-10-16T06:30:00+00:00","description":"Qu\u00e9 mejor manera de empezar la cena de Navidad que con una sopa servida al m\u00e1s puro estilo festivo con este set de cuatro platos hondos. Un verdadero","breadcrumb":{"@id":"https:\/\/www.erresse-shop.it\/es\/shop\/tabla\/platos\/portmeirion-christmas-tree-set-6-platos-hondos\/#breadcrumb"},"inLanguage":"es","potentialAction":[{"@type":"ReadAction","target":["https:\/\/www.erresse-shop.it\/es\/shop\/tabla\/platos\/portmeirion-christmas-tree-set-6-platos-hondos\/"]}]},{"@type":"BreadcrumbList","@id":"https:\/\/www.erresse-shop.it\/es\/shop\/tabla\/platos\/portmeirion-christmas-tree-set-6-platos-hondos\/#breadcrumb","itemListElement":[{"@type":"ListItem","position":1,"name":"Home","item":"https:\/\/www.erresse-shop.it\/es\/"},{"@type":"ListItem","position":2,"name":"Shop","item":"https:\/\/www.erresse-shop.it\/es\/shop\/"},{"@type":"ListItem","position":3,"name":"PORTMEIRION Christmas Tree Set 6 Platos Hondos"}]},{"@type":"WebSite","@id":"https:\/\/www.erresse-shop.it\/es\/#website","url":"https:\/\/www.erresse-shop.it\/es\/","name":"Erresse Shop","description":"Articoli di qualit\u00e0 per la casa","potentialAction":[{"@type":"SearchAction","target":{"@type":"EntryPoint","urlTemplate":"https:\/\/www.erresse-shop.it\/es\/?s={search_term_string}"},"query-input":"required name=search_term_string"}],"inLanguage":"es"}]}},"df_price":105.69,"df_sale_price":105.69,"df_regular_price":162.6,"df_image_link":"https:\/\/www.erresse-shop.it\/wp-content\/uploads\/2024\/10\/PORTMEIRION-Christmas-Tree-Set-4-Piatti-Fondi-1-300x300.jpg","_links":{"self":[{"href":"https:\/\/www.erresse-shop.it\/es\/wp-json\/wp\/v2\/product\/438885"}],"collection":[{"href":"https:\/\/www.erresse-shop.it\/es\/wp-json\/wp\/v2\/product"}],"about":[{"href":"https:\/\/www.erresse-shop.it\/es\/wp-json\/wp\/v2\/types\/product"}],"wp:featuredmedia":[{"embeddable":true,"href":"https:\/\/www.erresse-shop.it\/es\/wp-json\/wp\/v2\/media\/451617"}],"wp:attachment":[{"href":"https:\/\/www.erresse-shop.it\/es\/wp-json\/wp\/v2\/media?parent=438885"}],"wp:term":[{"taxonomy":"product_cat","embeddable":true,"href":"https:\/\/www.erresse-shop.it\/es\/wp-json\/wp\/v2\/product_cat?post=438885"},{"taxonomy":"product_tag","embeddable":true,"href":"https:\/\/www.erresse-shop.it\/es\/wp-json\/wp\/v2\/product_tag?post=438885"}],"curies":[{"name":"wp","href":"https:\/\/api.w.org\/{rel}","templated":true}]}}