{"id":438793,"date":"2024-10-11T09:19:29","date_gmt":"2024-10-11T09:19:31","guid":{"rendered":"https:\/\/www.erresse-shop.it\/?post_type=product&#038;p=438793"},"modified":"2024-10-24T07:49:54","modified_gmt":"2024-10-24T07:49:54","slug":"sharp-microondas-25-l-plata","status":"publish","type":"product","link":"https:\/\/www.erresse-shop.it\/es\/shop\/pequenos-electrodomesticos\/hornos\/sharp-microondas-25-l-plata\/","title":{"rendered":"SHARP Microondas con grill 25 L Plata"},"content":{"rendered":"<p>Funcionamiento r\u00e1pido mediante botones con 6 programas de cocci\u00f3n autom\u00e1ticos. Dise\u00f1o cl\u00e1sico y estilizado.<br \/>\nControles t\u00e1ctiles f\u00e1ciles de usar<br \/>\nPantalla LED de f\u00e1cil lectura<br \/>\n8 opciones de men\u00fa autom\u00e1tico para simplificar la cocci\u00f3n<br \/>\nInicio autom\u00e1tico en un minuto para cocinar en el microondas con un solo toque<br \/>\n5 niveles de potencia<br \/>\n25L de capacidad<br \/>\nInterior pintado f\u00e1cil de limpiar<br \/>\nPr\u00e1ctico temporizador de 99 minutos<br \/>\nFunci\u00f3n de bloqueo para ni\u00f1os<br \/>\nMicroondas de 900W con grill de 1000W<\/p>\n<p>Dimensiones interiores (ancho x alto x fondo): 33 x 20,8 x 36,9<br \/>\nDimensiones exteriores (ancho x alto x fondo): 51,3 x 30,6 x 43<br \/>\nPeso: 15,1<\/p>\n<p><strong>No a la venta fuera de Europa<\/strong><\/p>\n","protected":false},"excerpt":{"rendered":"<p>Funcionamiento r\u00e1pido mediante botones con 6 programas de cocci\u00f3n autom\u00e1ticos. Dise\u00f1o cl\u00e1sico y estilizado. Controles t\u00e1ctiles f\u00e1ciles de usar Pantalla<\/p>\n","protected":false},"featured_media":439059,"template":"","meta":{"_acf_changed":false,"inline_featured_image":false},"product_cat":[16079,16073],"product_tag":[16259,21085,16168],"acf":[],"yoast_head":"<!-- This site is optimized with the Yoast SEO Premium plugin v18.6 (Yoast SEO v19.13) - https:\/\/yoast.com\/wordpress\/plugins\/seo\/ -->\n<title>SHARP Microondas con grill 25 L Plata - Erresse Shop<\/title>\n<meta name=\"description\" content=\"Funcionamiento r\u00e1pido mediante botones con 6 programas de cocci\u00f3n autom\u00e1ticos. Dise\u00f1o cl\u00e1sico y estilizado. Controles t\u00e1ctiles f\u00e1ciles de usar Pantalla\" \/>\n<meta name=\"robots\" content=\"index, follow, max-snippet:-1, max-image-preview:large, max-video-preview:-1\" \/>\n<link rel=\"canonical\" href=\"https:\/\/www.erresse-shop.it\/es\/shop\/pequenos-electrodomesticos\/hornos\/sharp-microondas-25-l-plata\/\" \/>\n<meta property=\"og:locale\" content=\"es_ES\" \/>\n<meta property=\"og:type\" content=\"article\" \/>\n<meta property=\"og:title\" content=\"SHARP Microondas con grill 25 L Plata\" \/>\n<meta property=\"og:description\" content=\"Funcionamiento r\u00e1pido mediante botones con 6 programas de cocci\u00f3n autom\u00e1ticos. Dise\u00f1o cl\u00e1sico y estilizado. Controles t\u00e1ctiles f\u00e1ciles de usar Pantalla\" \/>\n<meta property=\"og:url\" content=\"https:\/\/www.erresse-shop.it\/es\/shop\/pequenos-electrodomesticos\/hornos\/sharp-microondas-25-l-plata\/\" \/>\n<meta property=\"og:site_name\" content=\"Erresse Shop\" \/>\n<meta property=\"article:modified_time\" content=\"2024-10-24T07:49:54+00:00\" \/>\n<meta property=\"og:image\" content=\"https:\/\/www.erresse-shop.it\/wp-content\/uploads\/2024\/10\/SHARP-Microonde-25-L-Silver.jpg\" \/>\n\t<meta property=\"og:image:width\" content=\"1200\" \/>\n\t<meta property=\"og:image:height\" content=\"1200\" \/>\n\t<meta property=\"og:image:type\" content=\"image\/jpeg\" \/>\n<meta name=\"twitter:card\" content=\"summary_large_image\" \/>\n<script type=\"application\/ld+json\" class=\"yoast-schema-graph\">{\"@context\":\"https:\/\/schema.org\",\"@graph\":[{\"@type\":\"WebPage\",\"@id\":\"https:\/\/www.erresse-shop.it\/es\/shop\/pequenos-electrodomesticos\/hornos\/sharp-microondas-25-l-plata\/\",\"url\":\"https:\/\/www.erresse-shop.it\/es\/shop\/pequenos-electrodomesticos\/hornos\/sharp-microondas-25-l-plata\/\",\"name\":\"SHARP Microondas con grill 25 L Plata - Erresse Shop\",\"isPartOf\":{\"@id\":\"https:\/\/www.erresse-shop.it\/es\/#website\"},\"datePublished\":\"2024-10-11T09:19:31+00:00\",\"dateModified\":\"2024-10-24T07:49:54+00:00\",\"description\":\"Funcionamiento r\u00e1pido mediante botones con 6 programas de cocci\u00f3n autom\u00e1ticos. Dise\u00f1o cl\u00e1sico y estilizado. Controles t\u00e1ctiles f\u00e1ciles de usar Pantalla\",\"breadcrumb\":{\"@id\":\"https:\/\/www.erresse-shop.it\/es\/shop\/pequenos-electrodomesticos\/hornos\/sharp-microondas-25-l-plata\/#breadcrumb\"},\"inLanguage\":\"es\",\"potentialAction\":[{\"@type\":\"ReadAction\",\"target\":[\"https:\/\/www.erresse-shop.it\/es\/shop\/pequenos-electrodomesticos\/hornos\/sharp-microondas-25-l-plata\/\"]}]},{\"@type\":\"BreadcrumbList\",\"@id\":\"https:\/\/www.erresse-shop.it\/es\/shop\/pequenos-electrodomesticos\/hornos\/sharp-microondas-25-l-plata\/#breadcrumb\",\"itemListElement\":[{\"@type\":\"ListItem\",\"position\":1,\"name\":\"Home\",\"item\":\"https:\/\/www.erresse-shop.it\/es\/\"},{\"@type\":\"ListItem\",\"position\":2,\"name\":\"Shop\",\"item\":\"https:\/\/www.erresse-shop.it\/es\/shop\/\"},{\"@type\":\"ListItem\",\"position\":3,\"name\":\"SHARP Microondas con grill 25 L Plata\"}]},{\"@type\":\"WebSite\",\"@id\":\"https:\/\/www.erresse-shop.it\/es\/#website\",\"url\":\"https:\/\/www.erresse-shop.it\/es\/\",\"name\":\"Erresse Shop\",\"description\":\"Articoli di qualit\u00e0 per la casa\",\"potentialAction\":[{\"@type\":\"SearchAction\",\"target\":{\"@type\":\"EntryPoint\",\"urlTemplate\":\"https:\/\/www.erresse-shop.it\/es\/?s={search_term_string}\"},\"query-input\":\"required name=search_term_string\"}],\"inLanguage\":\"es\"}]}<\/script>\n<!-- \/ Yoast SEO Premium plugin. -->","yoast_head_json":{"title":"SHARP Microondas con grill 25 L Plata - Erresse Shop","description":"Funcionamiento r\u00e1pido mediante botones con 6 programas de cocci\u00f3n autom\u00e1ticos. Dise\u00f1o cl\u00e1sico y estilizado. Controles t\u00e1ctiles f\u00e1ciles de usar Pantalla","robots":{"index":"index","follow":"follow","max-snippet":"max-snippet:-1","max-image-preview":"max-image-preview:large","max-video-preview":"max-video-preview:-1"},"canonical":"https:\/\/www.erresse-shop.it\/es\/shop\/pequenos-electrodomesticos\/hornos\/sharp-microondas-25-l-plata\/","og_locale":"es_ES","og_type":"article","og_title":"SHARP Microondas con grill 25 L Plata","og_description":"Funcionamiento r\u00e1pido mediante botones con 6 programas de cocci\u00f3n autom\u00e1ticos. Dise\u00f1o cl\u00e1sico y estilizado. Controles t\u00e1ctiles f\u00e1ciles de usar Pantalla","og_url":"https:\/\/www.erresse-shop.it\/es\/shop\/pequenos-electrodomesticos\/hornos\/sharp-microondas-25-l-plata\/","og_site_name":"Erresse Shop","article_modified_time":"2024-10-24T07:49:54+00:00","og_image":[{"width":1200,"height":1200,"url":"https:\/\/www.erresse-shop.it\/wp-content\/uploads\/2024\/10\/SHARP-Microonde-25-L-Silver.jpg","type":"image\/jpeg"}],"twitter_card":"summary_large_image","schema":{"@context":"https:\/\/schema.org","@graph":[{"@type":"WebPage","@id":"https:\/\/www.erresse-shop.it\/es\/shop\/pequenos-electrodomesticos\/hornos\/sharp-microondas-25-l-plata\/","url":"https:\/\/www.erresse-shop.it\/es\/shop\/pequenos-electrodomesticos\/hornos\/sharp-microondas-25-l-plata\/","name":"SHARP Microondas con grill 25 L Plata - Erresse Shop","isPartOf":{"@id":"https:\/\/www.erresse-shop.it\/es\/#website"},"datePublished":"2024-10-11T09:19:31+00:00","dateModified":"2024-10-24T07:49:54+00:00","description":"Funcionamiento r\u00e1pido mediante botones con 6 programas de cocci\u00f3n autom\u00e1ticos. Dise\u00f1o cl\u00e1sico y estilizado. Controles t\u00e1ctiles f\u00e1ciles de usar Pantalla","breadcrumb":{"@id":"https:\/\/www.erresse-shop.it\/es\/shop\/pequenos-electrodomesticos\/hornos\/sharp-microondas-25-l-plata\/#breadcrumb"},"inLanguage":"es","potentialAction":[{"@type":"ReadAction","target":["https:\/\/www.erresse-shop.it\/es\/shop\/pequenos-electrodomesticos\/hornos\/sharp-microondas-25-l-plata\/"]}]},{"@type":"BreadcrumbList","@id":"https:\/\/www.erresse-shop.it\/es\/shop\/pequenos-electrodomesticos\/hornos\/sharp-microondas-25-l-plata\/#breadcrumb","itemListElement":[{"@type":"ListItem","position":1,"name":"Home","item":"https:\/\/www.erresse-shop.it\/es\/"},{"@type":"ListItem","position":2,"name":"Shop","item":"https:\/\/www.erresse-shop.it\/es\/shop\/"},{"@type":"ListItem","position":3,"name":"SHARP Microondas con grill 25 L Plata"}]},{"@type":"WebSite","@id":"https:\/\/www.erresse-shop.it\/es\/#website","url":"https:\/\/www.erresse-shop.it\/es\/","name":"Erresse Shop","description":"Articoli di qualit\u00e0 per la casa","potentialAction":[{"@type":"SearchAction","target":{"@type":"EntryPoint","urlTemplate":"https:\/\/www.erresse-shop.it\/es\/?s={search_term_string}"},"query-input":"required name=search_term_string"}],"inLanguage":"es"}]}},"df_price":94.95,"df_sale_price":94.95,"df_regular_price":169.95,"df_image_link":"https:\/\/www.erresse-shop.it\/wp-content\/uploads\/2024\/10\/SHARP-Microonde-25-L-Silver-300x300.jpg","_links":{"self":[{"href":"https:\/\/www.erresse-shop.it\/es\/wp-json\/wp\/v2\/product\/438793"}],"collection":[{"href":"https:\/\/www.erresse-shop.it\/es\/wp-json\/wp\/v2\/product"}],"about":[{"href":"https:\/\/www.erresse-shop.it\/es\/wp-json\/wp\/v2\/types\/product"}],"wp:featuredmedia":[{"embeddable":true,"href":"https:\/\/www.erresse-shop.it\/es\/wp-json\/wp\/v2\/media\/439059"}],"wp:attachment":[{"href":"https:\/\/www.erresse-shop.it\/es\/wp-json\/wp\/v2\/media?parent=438793"}],"wp:term":[{"taxonomy":"product_cat","embeddable":true,"href":"https:\/\/www.erresse-shop.it\/es\/wp-json\/wp\/v2\/product_cat?post=438793"},{"taxonomy":"product_tag","embeddable":true,"href":"https:\/\/www.erresse-shop.it\/es\/wp-json\/wp\/v2\/product_tag?post=438793"}],"curies":[{"name":"wp","href":"https:\/\/api.w.org\/{rel}","templated":true}]}}