{"id":438558,"date":"2024-10-09T14:16:48","date_gmt":"2024-10-09T14:16:50","guid":{"rendered":"https:\/\/www.erresse-shop.it\/?post_type=product&#038;p=438558"},"modified":"2025-02-17T13:29:36","modified_gmt":"2025-02-17T13:29:36","slug":"g3-ferrari-tiffany-maquina-de-cafe","status":"publish","type":"product","link":"https:\/\/www.erresse-shop.it\/es\/shop\/pequenos-electrodomesticos\/maquinas-de-cafe\/manual-es\/g3-ferrari-tiffany-maquina-de-cafe\/","title":{"rendered":"G3 FERRARI Tiffany M\u00e1quina de caf\u00e9"},"content":{"rendered":"<p><strong>Tiffany<\/strong> es la m\u00e1quina de caf\u00e9 espresso de dise\u00f1o moderno, elegante y refinado con cuerpo de acero. La estructura es compacta: s\u00f3lo 15 cm de ancho para caber en todos los rincones de la cocina, sin ocupar espacio para la encimera y otros electrodom\u00e9sticos.<br \/>\nLa presi\u00f3n de 15 bar y la potencia de 1350W est\u00e1n dise\u00f1adas para garantizar la mejor experiencia de sabor en tu pausa para el caf\u00e9, y si te gusta desayunar con un capuchino, podr\u00e1s prepararlo en unos segundos gracias a la boquilla de vapor. Adem\u00e1s, la funci\u00f3n &#8220;Stop&#8221; te permite personalizar la duraci\u00f3n de tu caf\u00e9.<br \/>\nGracias al men\u00fa de configuraci\u00f3n es posible decidir la duraci\u00f3n y temperatura del caf\u00e9 para tener siempre el mejor espresso, y si eres amante del t\u00e9, las infusiones y las tisanas, tambi\u00e9n podr\u00e1s obtener agua caliente con el dispensador suministrado.<br \/>\nLos 3 filtros de acero inoxidable te permiten elegir entre 1 y 2 tazas de caf\u00e9 molido, o utilizar las pr\u00e1cticas monodosis compostables. Tiffany tambi\u00e9n es f\u00e1cil de limpiar gracias a la bandeja de goteo y al tanque extra\u00edbles.<\/p>\n<p><strong>Especificaciones t\u00e9cnicas<\/strong><\/p>\n<ul clase=\"ul1\">\n<li class=\"li2\">15 bares, bomba ULKA<\/li>\n<li class=\"li2\">3 filtros de ACERO INOXIDABLE: vainas, polvo 1 o 2 tazas<\/li>\n<li class=\"li2\">Funci\u00f3n \u201cStop\u201d para personalizar la duraci\u00f3n del caf\u00e9<\/li>\n<li class=\"li2\">Capuchinador con posibilidad de dispensar agua caliente<\/li>\n<li class=\"li2\">Capacidad del tanque 1L<\/li>\n<li class=\"li2\">Calentamiento r\u00e1pido en 30 segundos<\/li>\n<li class=\"li2\">Funci\u00f3n de espera: mantenimiento de la temperatura durante 30 minutos<\/li>\n<li class=\"li2\">Funci\u00f3n \u201cSleep\u201d para ahorrar energ\u00eda<\/li>\n<li class=\"li2\">Calentador de tazas<\/li>\n<li class=\"li2\">F\u00e1cil limpieza: dep\u00f3sito, capuchinador, bandeja recogegotas extra\u00edble<\/li>\n<li class=\"li2\">Accesorios: portafiltros de aluminio, 3 filtros, vaso medidor con empujador<\/li>\n<li class=\"li2\">Fuente de alimentaci\u00f3n: CA 220-240 V ~ 50-60 Hz<\/li>\n<li class=\"li2\">Potencia: 1350W<\/li>\n<li class=\"li2\">Dimensiones (Largo x Alto x Fondo): 15 x 29,5 x 33 cm<\/li>\n<li class=\"li2\">Peso: 3,2 kg<\/li>\n<\/ul>\n<p><span style=\"text-decoration: underline;\"><strong>No est\u00e1 a la venta fuera de Europa<\/strong><\/span><\/p>\n","protected":false},"excerpt":{"rendered":"<p>Tiffany es la m\u00e1quina de caf\u00e9 espresso de dise\u00f1o moderno, elegante y refinado con cuerpo de acero. La estructura es<\/p>\n","protected":false},"featured_media":438592,"template":"","meta":{"_acf_changed":false,"inline_featured_image":false},"product_cat":[25367,16076,16073],"product_tag":[16353,16259,16874,16395,16398],"acf":[],"yoast_head":"<!-- This site is optimized with the Yoast SEO Premium plugin v18.6 (Yoast SEO v19.13) - https:\/\/yoast.com\/wordpress\/plugins\/seo\/ -->\n<title>G3 FERRARI Tiffany M\u00e1quina de caf\u00e9 - Erresse Shop<\/title>\n<meta name=\"description\" content=\"Tiffany es la m\u00e1quina de caf\u00e9 espresso de dise\u00f1o moderno, elegante y refinado con cuerpo de acero. La estructura es compacta: s\u00f3lo 15 cm de ancho para\" \/>\n<meta name=\"robots\" content=\"index, follow, max-snippet:-1, max-image-preview:large, max-video-preview:-1\" \/>\n<link rel=\"canonical\" href=\"https:\/\/www.erresse-shop.it\/es\/shop\/pequenos-electrodomesticos\/maquinas-de-cafe\/manual-es\/g3-ferrari-tiffany-maquina-de-cafe\/\" \/>\n<meta property=\"og:locale\" content=\"es_ES\" \/>\n<meta property=\"og:type\" content=\"article\" \/>\n<meta property=\"og:title\" content=\"G3 FERRARI Tiffany M\u00e1quina de caf\u00e9\" \/>\n<meta property=\"og:description\" content=\"Tiffany es la m\u00e1quina de caf\u00e9 espresso de dise\u00f1o moderno, elegante y refinado con cuerpo de acero. La estructura es compacta: s\u00f3lo 15 cm de ancho para\" \/>\n<meta property=\"og:url\" content=\"https:\/\/www.erresse-shop.it\/es\/shop\/pequenos-electrodomesticos\/maquinas-de-cafe\/manual-es\/g3-ferrari-tiffany-maquina-de-cafe\/\" \/>\n<meta property=\"og:site_name\" content=\"Erresse Shop\" \/>\n<meta property=\"article:modified_time\" content=\"2025-02-17T13:29:36+00:00\" \/>\n<meta property=\"og:image\" content=\"https:\/\/www.erresse-shop.it\/wp-content\/uploads\/2024\/10\/G3-FERRARI-Tiffany-Macchina-per-Caffe.jpg\" \/>\n\t<meta property=\"og:image:width\" content=\"1200\" \/>\n\t<meta property=\"og:image:height\" content=\"1200\" \/>\n\t<meta property=\"og:image:type\" content=\"image\/jpeg\" \/>\n<meta name=\"twitter:card\" content=\"summary_large_image\" \/>\n<script type=\"application\/ld+json\" class=\"yoast-schema-graph\">{\"@context\":\"https:\/\/schema.org\",\"@graph\":[{\"@type\":\"WebPage\",\"@id\":\"https:\/\/www.erresse-shop.it\/es\/shop\/pequenos-electrodomesticos\/maquinas-de-cafe\/manual-es\/g3-ferrari-tiffany-maquina-de-cafe\/\",\"url\":\"https:\/\/www.erresse-shop.it\/es\/shop\/pequenos-electrodomesticos\/maquinas-de-cafe\/manual-es\/g3-ferrari-tiffany-maquina-de-cafe\/\",\"name\":\"G3 FERRARI Tiffany M\u00e1quina de caf\u00e9 - Erresse Shop\",\"isPartOf\":{\"@id\":\"https:\/\/www.erresse-shop.it\/es\/#website\"},\"datePublished\":\"2024-10-09T14:16:50+00:00\",\"dateModified\":\"2025-02-17T13:29:36+00:00\",\"description\":\"Tiffany es la m\u00e1quina de caf\u00e9 espresso de dise\u00f1o moderno, elegante y refinado con cuerpo de acero. La estructura es compacta: s\u00f3lo 15 cm de ancho para\",\"breadcrumb\":{\"@id\":\"https:\/\/www.erresse-shop.it\/es\/shop\/pequenos-electrodomesticos\/maquinas-de-cafe\/manual-es\/g3-ferrari-tiffany-maquina-de-cafe\/#breadcrumb\"},\"inLanguage\":\"es\",\"potentialAction\":[{\"@type\":\"ReadAction\",\"target\":[\"https:\/\/www.erresse-shop.it\/es\/shop\/pequenos-electrodomesticos\/maquinas-de-cafe\/manual-es\/g3-ferrari-tiffany-maquina-de-cafe\/\"]}]},{\"@type\":\"BreadcrumbList\",\"@id\":\"https:\/\/www.erresse-shop.it\/es\/shop\/pequenos-electrodomesticos\/maquinas-de-cafe\/manual-es\/g3-ferrari-tiffany-maquina-de-cafe\/#breadcrumb\",\"itemListElement\":[{\"@type\":\"ListItem\",\"position\":1,\"name\":\"Home\",\"item\":\"https:\/\/www.erresse-shop.it\/es\/\"},{\"@type\":\"ListItem\",\"position\":2,\"name\":\"Shop\",\"item\":\"https:\/\/www.erresse-shop.it\/es\/shop\/\"},{\"@type\":\"ListItem\",\"position\":3,\"name\":\"G3 FERRARI Tiffany M\u00e1quina de caf\u00e9\"}]},{\"@type\":\"WebSite\",\"@id\":\"https:\/\/www.erresse-shop.it\/es\/#website\",\"url\":\"https:\/\/www.erresse-shop.it\/es\/\",\"name\":\"Erresse Shop\",\"description\":\"Articoli di qualit\u00e0 per la casa\",\"potentialAction\":[{\"@type\":\"SearchAction\",\"target\":{\"@type\":\"EntryPoint\",\"urlTemplate\":\"https:\/\/www.erresse-shop.it\/es\/?s={search_term_string}\"},\"query-input\":\"required name=search_term_string\"}],\"inLanguage\":\"es\"}]}<\/script>\n<!-- \/ Yoast SEO Premium plugin. -->","yoast_head_json":{"title":"G3 FERRARI Tiffany M\u00e1quina de caf\u00e9 - Erresse Shop","description":"Tiffany es la m\u00e1quina de caf\u00e9 espresso de dise\u00f1o moderno, elegante y refinado con cuerpo de acero. La estructura es compacta: s\u00f3lo 15 cm de ancho para","robots":{"index":"index","follow":"follow","max-snippet":"max-snippet:-1","max-image-preview":"max-image-preview:large","max-video-preview":"max-video-preview:-1"},"canonical":"https:\/\/www.erresse-shop.it\/es\/shop\/pequenos-electrodomesticos\/maquinas-de-cafe\/manual-es\/g3-ferrari-tiffany-maquina-de-cafe\/","og_locale":"es_ES","og_type":"article","og_title":"G3 FERRARI Tiffany M\u00e1quina de caf\u00e9","og_description":"Tiffany es la m\u00e1quina de caf\u00e9 espresso de dise\u00f1o moderno, elegante y refinado con cuerpo de acero. La estructura es compacta: s\u00f3lo 15 cm de ancho para","og_url":"https:\/\/www.erresse-shop.it\/es\/shop\/pequenos-electrodomesticos\/maquinas-de-cafe\/manual-es\/g3-ferrari-tiffany-maquina-de-cafe\/","og_site_name":"Erresse Shop","article_modified_time":"2025-02-17T13:29:36+00:00","og_image":[{"width":1200,"height":1200,"url":"https:\/\/www.erresse-shop.it\/wp-content\/uploads\/2024\/10\/G3-FERRARI-Tiffany-Macchina-per-Caffe.jpg","type":"image\/jpeg"}],"twitter_card":"summary_large_image","schema":{"@context":"https:\/\/schema.org","@graph":[{"@type":"WebPage","@id":"https:\/\/www.erresse-shop.it\/es\/shop\/pequenos-electrodomesticos\/maquinas-de-cafe\/manual-es\/g3-ferrari-tiffany-maquina-de-cafe\/","url":"https:\/\/www.erresse-shop.it\/es\/shop\/pequenos-electrodomesticos\/maquinas-de-cafe\/manual-es\/g3-ferrari-tiffany-maquina-de-cafe\/","name":"G3 FERRARI Tiffany M\u00e1quina de caf\u00e9 - Erresse Shop","isPartOf":{"@id":"https:\/\/www.erresse-shop.it\/es\/#website"},"datePublished":"2024-10-09T14:16:50+00:00","dateModified":"2025-02-17T13:29:36+00:00","description":"Tiffany es la m\u00e1quina de caf\u00e9 espresso de dise\u00f1o moderno, elegante y refinado con cuerpo de acero. La estructura es compacta: s\u00f3lo 15 cm de ancho para","breadcrumb":{"@id":"https:\/\/www.erresse-shop.it\/es\/shop\/pequenos-electrodomesticos\/maquinas-de-cafe\/manual-es\/g3-ferrari-tiffany-maquina-de-cafe\/#breadcrumb"},"inLanguage":"es","potentialAction":[{"@type":"ReadAction","target":["https:\/\/www.erresse-shop.it\/es\/shop\/pequenos-electrodomesticos\/maquinas-de-cafe\/manual-es\/g3-ferrari-tiffany-maquina-de-cafe\/"]}]},{"@type":"BreadcrumbList","@id":"https:\/\/www.erresse-shop.it\/es\/shop\/pequenos-electrodomesticos\/maquinas-de-cafe\/manual-es\/g3-ferrari-tiffany-maquina-de-cafe\/#breadcrumb","itemListElement":[{"@type":"ListItem","position":1,"name":"Home","item":"https:\/\/www.erresse-shop.it\/es\/"},{"@type":"ListItem","position":2,"name":"Shop","item":"https:\/\/www.erresse-shop.it\/es\/shop\/"},{"@type":"ListItem","position":3,"name":"G3 FERRARI Tiffany M\u00e1quina de caf\u00e9"}]},{"@type":"WebSite","@id":"https:\/\/www.erresse-shop.it\/es\/#website","url":"https:\/\/www.erresse-shop.it\/es\/","name":"Erresse Shop","description":"Articoli di qualit\u00e0 per la casa","potentialAction":[{"@type":"SearchAction","target":{"@type":"EntryPoint","urlTemplate":"https:\/\/www.erresse-shop.it\/es\/?s={search_term_string}"},"query-input":"required name=search_term_string"}],"inLanguage":"es"}]}},"df_price":138.9,"df_sale_price":138.9,"df_regular_price":138.9,"df_image_link":"https:\/\/www.erresse-shop.it\/wp-content\/uploads\/2024\/10\/G3-FERRARI-Tiffany-Macchina-per-Caffe-300x300.jpg","_links":{"self":[{"href":"https:\/\/www.erresse-shop.it\/es\/wp-json\/wp\/v2\/product\/438558"}],"collection":[{"href":"https:\/\/www.erresse-shop.it\/es\/wp-json\/wp\/v2\/product"}],"about":[{"href":"https:\/\/www.erresse-shop.it\/es\/wp-json\/wp\/v2\/types\/product"}],"wp:featuredmedia":[{"embeddable":true,"href":"https:\/\/www.erresse-shop.it\/es\/wp-json\/wp\/v2\/media\/438592"}],"wp:attachment":[{"href":"https:\/\/www.erresse-shop.it\/es\/wp-json\/wp\/v2\/media?parent=438558"}],"wp:term":[{"taxonomy":"product_cat","embeddable":true,"href":"https:\/\/www.erresse-shop.it\/es\/wp-json\/wp\/v2\/product_cat?post=438558"},{"taxonomy":"product_tag","embeddable":true,"href":"https:\/\/www.erresse-shop.it\/es\/wp-json\/wp\/v2\/product_tag?post=438558"}],"curies":[{"name":"wp","href":"https:\/\/api.w.org\/{rel}","templated":true}]}}