{"id":438459,"date":"2024-10-09T09:39:43","date_gmt":"2024-10-09T09:39:46","guid":{"rendered":"https:\/\/www.erresse-shop.it\/?post_type=product&#038;p=438459"},"modified":"2024-10-31T08:12:45","modified_gmt":"2024-10-31T08:12:45","slug":"foppapedretti-perchero-de-pared-appendialbero-natural","status":"publish","type":"product","link":"https:\/\/www.erresse-shop.it\/es\/shop\/mobiliario\/articulos-de-decoracion\/foppapedretti-perchero-de-pared-appendialbero-natural\/","title":{"rendered":"FOPPAPEDRETTI Perchero de pared Appendialbero Natural"},"content":{"rendered":"<p>El perchero de pared Apppendiarancio de Foppapedretti se compone de un m\u00f3dulo con tres pomos para colgar chaquetas y abrigos, que se puede montar como se desee colocando varios m\u00f3dulos uno al lado del otro que recuerdan la forma de las ramas de los \u00e1rboles.<\/p>\n<p><strong>Dimensiones: <\/strong>H 65 P 5 L 40 CM<\/p>\n<p><strong>Peso: <\/strong>1 kilo<\/p>\n","protected":false},"excerpt":{"rendered":"<p>El perchero de pared Apppendiarancio de Foppapedretti se compone de un m\u00f3dulo con tres pomos para colgar chaquetas y abrigos,<\/p>\n","protected":false},"featured_media":438468,"template":"","meta":{"_acf_changed":false,"inline_featured_image":false},"product_cat":[16026,16016],"product_tag":[18479,21823],"acf":[],"yoast_head":"<!-- This site is optimized with the Yoast SEO Premium plugin v18.6 (Yoast SEO v19.13) - https:\/\/yoast.com\/wordpress\/plugins\/seo\/ -->\n<title>FOPPAPEDRETTI Perchero de pared Appendialbero Natural - Erresse Shop<\/title>\n<meta name=\"description\" content=\"El perchero de pared Apppendiarancio de Foppapedretti se compone de un m\u00f3dulo con tres pomos para colgar chaquetas y abrigos, que se puede montar como se\" \/>\n<meta name=\"robots\" content=\"index, follow, max-snippet:-1, max-image-preview:large, max-video-preview:-1\" \/>\n<link rel=\"canonical\" href=\"https:\/\/www.erresse-shop.it\/es\/shop\/mobiliario\/articulos-de-decoracion\/foppapedretti-perchero-de-pared-appendialbero-natural\/\" \/>\n<meta property=\"og:locale\" content=\"es_ES\" \/>\n<meta property=\"og:type\" content=\"article\" \/>\n<meta property=\"og:title\" content=\"FOPPAPEDRETTI Perchero de pared Appendialbero Natural\" \/>\n<meta property=\"og:description\" content=\"El perchero de pared Apppendiarancio de Foppapedretti se compone de un m\u00f3dulo con tres pomos para colgar chaquetas y abrigos, que se puede montar como se\" \/>\n<meta property=\"og:url\" content=\"https:\/\/www.erresse-shop.it\/es\/shop\/mobiliario\/articulos-de-decoracion\/foppapedretti-perchero-de-pared-appendialbero-natural\/\" \/>\n<meta property=\"og:site_name\" content=\"Erresse Shop\" \/>\n<meta property=\"article:modified_time\" content=\"2024-10-31T08:12:45+00:00\" \/>\n<meta property=\"og:image\" content=\"https:\/\/www.erresse-shop.it\/wp-content\/uploads\/2024\/10\/FOPPAPEDRETTI-Appendiabiti-a-parete-Appendialbero-Naturale.jpg\" \/>\n\t<meta property=\"og:image:width\" content=\"1200\" \/>\n\t<meta property=\"og:image:height\" content=\"1200\" \/>\n\t<meta property=\"og:image:type\" content=\"image\/jpeg\" \/>\n<meta name=\"twitter:card\" content=\"summary_large_image\" \/>\n<script type=\"application\/ld+json\" class=\"yoast-schema-graph\">{\"@context\":\"https:\/\/schema.org\",\"@graph\":[{\"@type\":\"WebPage\",\"@id\":\"https:\/\/www.erresse-shop.it\/es\/shop\/mobiliario\/articulos-de-decoracion\/foppapedretti-perchero-de-pared-appendialbero-natural\/\",\"url\":\"https:\/\/www.erresse-shop.it\/es\/shop\/mobiliario\/articulos-de-decoracion\/foppapedretti-perchero-de-pared-appendialbero-natural\/\",\"name\":\"FOPPAPEDRETTI Perchero de pared Appendialbero Natural - Erresse Shop\",\"isPartOf\":{\"@id\":\"https:\/\/www.erresse-shop.it\/es\/#website\"},\"datePublished\":\"2024-10-09T09:39:46+00:00\",\"dateModified\":\"2024-10-31T08:12:45+00:00\",\"description\":\"El perchero de pared Apppendiarancio de Foppapedretti se compone de un m\u00f3dulo con tres pomos para colgar chaquetas y abrigos, que se puede montar como se\",\"breadcrumb\":{\"@id\":\"https:\/\/www.erresse-shop.it\/es\/shop\/mobiliario\/articulos-de-decoracion\/foppapedretti-perchero-de-pared-appendialbero-natural\/#breadcrumb\"},\"inLanguage\":\"es\",\"potentialAction\":[{\"@type\":\"ReadAction\",\"target\":[\"https:\/\/www.erresse-shop.it\/es\/shop\/mobiliario\/articulos-de-decoracion\/foppapedretti-perchero-de-pared-appendialbero-natural\/\"]}]},{\"@type\":\"BreadcrumbList\",\"@id\":\"https:\/\/www.erresse-shop.it\/es\/shop\/mobiliario\/articulos-de-decoracion\/foppapedretti-perchero-de-pared-appendialbero-natural\/#breadcrumb\",\"itemListElement\":[{\"@type\":\"ListItem\",\"position\":1,\"name\":\"Home\",\"item\":\"https:\/\/www.erresse-shop.it\/es\/\"},{\"@type\":\"ListItem\",\"position\":2,\"name\":\"Shop\",\"item\":\"https:\/\/www.erresse-shop.it\/es\/shop\/\"},{\"@type\":\"ListItem\",\"position\":3,\"name\":\"FOPPAPEDRETTI Perchero de pared Appendialbero Natural\"}]},{\"@type\":\"WebSite\",\"@id\":\"https:\/\/www.erresse-shop.it\/es\/#website\",\"url\":\"https:\/\/www.erresse-shop.it\/es\/\",\"name\":\"Erresse Shop\",\"description\":\"Articoli di qualit\u00e0 per la casa\",\"potentialAction\":[{\"@type\":\"SearchAction\",\"target\":{\"@type\":\"EntryPoint\",\"urlTemplate\":\"https:\/\/www.erresse-shop.it\/es\/?s={search_term_string}\"},\"query-input\":\"required name=search_term_string\"}],\"inLanguage\":\"es\"}]}<\/script>\n<!-- \/ Yoast SEO Premium plugin. -->","yoast_head_json":{"title":"FOPPAPEDRETTI Perchero de pared Appendialbero Natural - Erresse Shop","description":"El perchero de pared Apppendiarancio de Foppapedretti se compone de un m\u00f3dulo con tres pomos para colgar chaquetas y abrigos, que se puede montar como se","robots":{"index":"index","follow":"follow","max-snippet":"max-snippet:-1","max-image-preview":"max-image-preview:large","max-video-preview":"max-video-preview:-1"},"canonical":"https:\/\/www.erresse-shop.it\/es\/shop\/mobiliario\/articulos-de-decoracion\/foppapedretti-perchero-de-pared-appendialbero-natural\/","og_locale":"es_ES","og_type":"article","og_title":"FOPPAPEDRETTI Perchero de pared Appendialbero Natural","og_description":"El perchero de pared Apppendiarancio de Foppapedretti se compone de un m\u00f3dulo con tres pomos para colgar chaquetas y abrigos, que se puede montar como se","og_url":"https:\/\/www.erresse-shop.it\/es\/shop\/mobiliario\/articulos-de-decoracion\/foppapedretti-perchero-de-pared-appendialbero-natural\/","og_site_name":"Erresse Shop","article_modified_time":"2024-10-31T08:12:45+00:00","og_image":[{"width":1200,"height":1200,"url":"https:\/\/www.erresse-shop.it\/wp-content\/uploads\/2024\/10\/FOPPAPEDRETTI-Appendiabiti-a-parete-Appendialbero-Naturale.jpg","type":"image\/jpeg"}],"twitter_card":"summary_large_image","schema":{"@context":"https:\/\/schema.org","@graph":[{"@type":"WebPage","@id":"https:\/\/www.erresse-shop.it\/es\/shop\/mobiliario\/articulos-de-decoracion\/foppapedretti-perchero-de-pared-appendialbero-natural\/","url":"https:\/\/www.erresse-shop.it\/es\/shop\/mobiliario\/articulos-de-decoracion\/foppapedretti-perchero-de-pared-appendialbero-natural\/","name":"FOPPAPEDRETTI Perchero de pared Appendialbero Natural - Erresse Shop","isPartOf":{"@id":"https:\/\/www.erresse-shop.it\/es\/#website"},"datePublished":"2024-10-09T09:39:46+00:00","dateModified":"2024-10-31T08:12:45+00:00","description":"El perchero de pared Apppendiarancio de Foppapedretti se compone de un m\u00f3dulo con tres pomos para colgar chaquetas y abrigos, que se puede montar como se","breadcrumb":{"@id":"https:\/\/www.erresse-shop.it\/es\/shop\/mobiliario\/articulos-de-decoracion\/foppapedretti-perchero-de-pared-appendialbero-natural\/#breadcrumb"},"inLanguage":"es","potentialAction":[{"@type":"ReadAction","target":["https:\/\/www.erresse-shop.it\/es\/shop\/mobiliario\/articulos-de-decoracion\/foppapedretti-perchero-de-pared-appendialbero-natural\/"]}]},{"@type":"BreadcrumbList","@id":"https:\/\/www.erresse-shop.it\/es\/shop\/mobiliario\/articulos-de-decoracion\/foppapedretti-perchero-de-pared-appendialbero-natural\/#breadcrumb","itemListElement":[{"@type":"ListItem","position":1,"name":"Home","item":"https:\/\/www.erresse-shop.it\/es\/"},{"@type":"ListItem","position":2,"name":"Shop","item":"https:\/\/www.erresse-shop.it\/es\/shop\/"},{"@type":"ListItem","position":3,"name":"FOPPAPEDRETTI Perchero de pared Appendialbero Natural"}]},{"@type":"WebSite","@id":"https:\/\/www.erresse-shop.it\/es\/#website","url":"https:\/\/www.erresse-shop.it\/es\/","name":"Erresse Shop","description":"Articoli di qualit\u00e0 per la casa","potentialAction":[{"@type":"SearchAction","target":{"@type":"EntryPoint","urlTemplate":"https:\/\/www.erresse-shop.it\/es\/?s={search_term_string}"},"query-input":"required name=search_term_string"}],"inLanguage":"es"}]}},"df_price":61,"df_sale_price":61,"df_regular_price":61,"df_image_link":"https:\/\/www.erresse-shop.it\/wp-content\/uploads\/2024\/10\/FOPPAPEDRETTI-Appendiabiti-a-parete-Appendialbero-Naturale-300x300.jpg","_links":{"self":[{"href":"https:\/\/www.erresse-shop.it\/es\/wp-json\/wp\/v2\/product\/438459"}],"collection":[{"href":"https:\/\/www.erresse-shop.it\/es\/wp-json\/wp\/v2\/product"}],"about":[{"href":"https:\/\/www.erresse-shop.it\/es\/wp-json\/wp\/v2\/types\/product"}],"wp:featuredmedia":[{"embeddable":true,"href":"https:\/\/www.erresse-shop.it\/es\/wp-json\/wp\/v2\/media\/438468"}],"wp:attachment":[{"href":"https:\/\/www.erresse-shop.it\/es\/wp-json\/wp\/v2\/media?parent=438459"}],"wp:term":[{"taxonomy":"product_cat","embeddable":true,"href":"https:\/\/www.erresse-shop.it\/es\/wp-json\/wp\/v2\/product_cat?post=438459"},{"taxonomy":"product_tag","embeddable":true,"href":"https:\/\/www.erresse-shop.it\/es\/wp-json\/wp\/v2\/product_tag?post=438459"}],"curies":[{"name":"wp","href":"https:\/\/api.w.org\/{rel}","templated":true}]}}