{"id":438356,"date":"2024-10-09T08:45:32","date_gmt":"2024-10-09T08:45:34","guid":{"rendered":"https:\/\/www.erresse-shop.it\/?post_type=product&#038;p=438356"},"modified":"2025-07-29T09:55:43","modified_gmt":"2025-07-29T09:55:43","slug":"foppapedretti-tabla-de-planchar-assai-4-0-natural","status":"publish","type":"product","link":"https:\/\/www.erresse-shop.it\/es\/shop\/mobiliario\/tablas-de-planchar\/foppapedretti-tabla-de-planchar-assai-4-0-natural\/","title":{"rendered":"FOPPAPEDRETTI Tabla de planchar Assai 4.0 Natural"},"content":{"rendered":"<p>La nueva tabla de planchar de madera Assai 4.0 de Foppapedretti es una revisi\u00f3n, despu\u00e9s de 40 a\u00f1os de \u00e9xito, de nuestro best seller Assai con un dise\u00f1o contempor\u00e1neo y una carpinter\u00eda innovadora.<\/p>\n<p>Assai 4.0 tiene una estructura de madera maciza certificada FSC caracterizada por formas redondeadas y un nuevo estante de hierro con marco de madera y tapete de goma de silicona. Disponible en 4 variaciones de color con una nueva cubierta de eje gris oscuro incluida.<\/p>\n<p>Assai 4.0 es s\u00f3lido, pero al mismo tiempo ligero y f\u00e1cil de mover gracias a las pr\u00e1cticas ruedas antirrayas, y cuando est\u00e1 cerrado se sostiene solo, ocupa muy poco espacio y se puede colocar en cualquier lugar. Es muy pr\u00e1ctico y funcional, adapt\u00e1ndose a cada necesidad: la superficie de planchado, con orificios transpirables que evitan la condensaci\u00f3n, es regulable en tres alturas para garantizar el m\u00e1ximo confort. Dispone de un c\u00f3modo estante inferior para la colada.<\/p>\n<p><strong>Dimensiones abierto: <\/strong>H 85\/88\/91 P 50 L 123 cm<br \/>\n<strong>Dimensiones cerrado:<\/strong> A 115 P 50 L 14 cm<\/p>\n<p><strong>Peso: <\/strong>10\u00a0kg<\/p>\n","protected":false},"excerpt":{"rendered":"<p>La nueva tabla de planchar de madera Assai 4.0 de Foppapedretti es una revisi\u00f3n, despu\u00e9s de 40 a\u00f1os de \u00e9xito,<\/p>\n","protected":false},"featured_media":438386,"template":"","meta":{"_acf_changed":false,"inline_featured_image":false},"product_cat":[16016,18097],"product_tag":[18479,16134,21823],"acf":[],"yoast_head":"<!-- This site is optimized with the Yoast SEO Premium plugin v18.6 (Yoast SEO v19.13) - https:\/\/yoast.com\/wordpress\/plugins\/seo\/ -->\n<title>FOPPAPEDRETTI Tabla de planchar Assai 4.0 Natural - Erresse Shop<\/title>\n<meta name=\"description\" content=\"La nueva tabla de planchar de madera Assai 4.0 de Foppapedretti es una revisi\u00f3n, despu\u00e9s de 40 a\u00f1os de \u00e9xito, de nuestro best seller Assai con un dise\u00f1o\" \/>\n<meta name=\"robots\" content=\"index, follow, max-snippet:-1, max-image-preview:large, max-video-preview:-1\" \/>\n<link rel=\"canonical\" href=\"https:\/\/www.erresse-shop.it\/es\/shop\/mobiliario\/tablas-de-planchar\/foppapedretti-tabla-de-planchar-assai-4-0-natural\/\" \/>\n<meta property=\"og:locale\" content=\"es_ES\" \/>\n<meta property=\"og:type\" content=\"article\" \/>\n<meta property=\"og:title\" content=\"FOPPAPEDRETTI Tabla de planchar Assai 4.0 Natural\" \/>\n<meta property=\"og:description\" content=\"La nueva tabla de planchar de madera Assai 4.0 de Foppapedretti es una revisi\u00f3n, despu\u00e9s de 40 a\u00f1os de \u00e9xito, de nuestro best seller Assai con un dise\u00f1o\" \/>\n<meta property=\"og:url\" content=\"https:\/\/www.erresse-shop.it\/es\/shop\/mobiliario\/tablas-de-planchar\/foppapedretti-tabla-de-planchar-assai-4-0-natural\/\" \/>\n<meta property=\"og:site_name\" content=\"Erresse Shop\" \/>\n<meta property=\"article:modified_time\" content=\"2025-07-29T09:55:43+00:00\" \/>\n<meta property=\"og:image\" content=\"https:\/\/www.erresse-shop.it\/wp-content\/uploads\/2024\/10\/FOPPAPEDRETTI-Asse-da-Stiro-Assai-4.0-Naturale-1.jpg\" \/>\n\t<meta property=\"og:image:width\" content=\"1200\" \/>\n\t<meta property=\"og:image:height\" content=\"1200\" \/>\n\t<meta property=\"og:image:type\" content=\"image\/jpeg\" \/>\n<meta name=\"twitter:card\" content=\"summary_large_image\" \/>\n<script type=\"application\/ld+json\" class=\"yoast-schema-graph\">{\"@context\":\"https:\/\/schema.org\",\"@graph\":[{\"@type\":\"WebPage\",\"@id\":\"https:\/\/www.erresse-shop.it\/es\/shop\/mobiliario\/tablas-de-planchar\/foppapedretti-tabla-de-planchar-assai-4-0-natural\/\",\"url\":\"https:\/\/www.erresse-shop.it\/es\/shop\/mobiliario\/tablas-de-planchar\/foppapedretti-tabla-de-planchar-assai-4-0-natural\/\",\"name\":\"FOPPAPEDRETTI Tabla de planchar Assai 4.0 Natural - Erresse Shop\",\"isPartOf\":{\"@id\":\"https:\/\/www.erresse-shop.it\/es\/#website\"},\"datePublished\":\"2024-10-09T08:45:34+00:00\",\"dateModified\":\"2025-07-29T09:55:43+00:00\",\"description\":\"La nueva tabla de planchar de madera Assai 4.0 de Foppapedretti es una revisi\u00f3n, despu\u00e9s de 40 a\u00f1os de \u00e9xito, de nuestro best seller Assai con un dise\u00f1o\",\"breadcrumb\":{\"@id\":\"https:\/\/www.erresse-shop.it\/es\/shop\/mobiliario\/tablas-de-planchar\/foppapedretti-tabla-de-planchar-assai-4-0-natural\/#breadcrumb\"},\"inLanguage\":\"es\",\"potentialAction\":[{\"@type\":\"ReadAction\",\"target\":[\"https:\/\/www.erresse-shop.it\/es\/shop\/mobiliario\/tablas-de-planchar\/foppapedretti-tabla-de-planchar-assai-4-0-natural\/\"]}]},{\"@type\":\"BreadcrumbList\",\"@id\":\"https:\/\/www.erresse-shop.it\/es\/shop\/mobiliario\/tablas-de-planchar\/foppapedretti-tabla-de-planchar-assai-4-0-natural\/#breadcrumb\",\"itemListElement\":[{\"@type\":\"ListItem\",\"position\":1,\"name\":\"Home\",\"item\":\"https:\/\/www.erresse-shop.it\/es\/\"},{\"@type\":\"ListItem\",\"position\":2,\"name\":\"Shop\",\"item\":\"https:\/\/www.erresse-shop.it\/es\/shop\/\"},{\"@type\":\"ListItem\",\"position\":3,\"name\":\"FOPPAPEDRETTI Tabla de planchar Assai 4.0 Natural\"}]},{\"@type\":\"WebSite\",\"@id\":\"https:\/\/www.erresse-shop.it\/es\/#website\",\"url\":\"https:\/\/www.erresse-shop.it\/es\/\",\"name\":\"Erresse Shop\",\"description\":\"Articoli di qualit\u00e0 per la casa\",\"potentialAction\":[{\"@type\":\"SearchAction\",\"target\":{\"@type\":\"EntryPoint\",\"urlTemplate\":\"https:\/\/www.erresse-shop.it\/es\/?s={search_term_string}\"},\"query-input\":\"required name=search_term_string\"}],\"inLanguage\":\"es\"}]}<\/script>\n<!-- \/ Yoast SEO Premium plugin. -->","yoast_head_json":{"title":"FOPPAPEDRETTI Tabla de planchar Assai 4.0 Natural - Erresse Shop","description":"La nueva tabla de planchar de madera Assai 4.0 de Foppapedretti es una revisi\u00f3n, despu\u00e9s de 40 a\u00f1os de \u00e9xito, de nuestro best seller Assai con un dise\u00f1o","robots":{"index":"index","follow":"follow","max-snippet":"max-snippet:-1","max-image-preview":"max-image-preview:large","max-video-preview":"max-video-preview:-1"},"canonical":"https:\/\/www.erresse-shop.it\/es\/shop\/mobiliario\/tablas-de-planchar\/foppapedretti-tabla-de-planchar-assai-4-0-natural\/","og_locale":"es_ES","og_type":"article","og_title":"FOPPAPEDRETTI Tabla de planchar Assai 4.0 Natural","og_description":"La nueva tabla de planchar de madera Assai 4.0 de Foppapedretti es una revisi\u00f3n, despu\u00e9s de 40 a\u00f1os de \u00e9xito, de nuestro best seller Assai con un dise\u00f1o","og_url":"https:\/\/www.erresse-shop.it\/es\/shop\/mobiliario\/tablas-de-planchar\/foppapedretti-tabla-de-planchar-assai-4-0-natural\/","og_site_name":"Erresse Shop","article_modified_time":"2025-07-29T09:55:43+00:00","og_image":[{"width":1200,"height":1200,"url":"https:\/\/www.erresse-shop.it\/wp-content\/uploads\/2024\/10\/FOPPAPEDRETTI-Asse-da-Stiro-Assai-4.0-Naturale-1.jpg","type":"image\/jpeg"}],"twitter_card":"summary_large_image","schema":{"@context":"https:\/\/schema.org","@graph":[{"@type":"WebPage","@id":"https:\/\/www.erresse-shop.it\/es\/shop\/mobiliario\/tablas-de-planchar\/foppapedretti-tabla-de-planchar-assai-4-0-natural\/","url":"https:\/\/www.erresse-shop.it\/es\/shop\/mobiliario\/tablas-de-planchar\/foppapedretti-tabla-de-planchar-assai-4-0-natural\/","name":"FOPPAPEDRETTI Tabla de planchar Assai 4.0 Natural - Erresse Shop","isPartOf":{"@id":"https:\/\/www.erresse-shop.it\/es\/#website"},"datePublished":"2024-10-09T08:45:34+00:00","dateModified":"2025-07-29T09:55:43+00:00","description":"La nueva tabla de planchar de madera Assai 4.0 de Foppapedretti es una revisi\u00f3n, despu\u00e9s de 40 a\u00f1os de \u00e9xito, de nuestro best seller Assai con un dise\u00f1o","breadcrumb":{"@id":"https:\/\/www.erresse-shop.it\/es\/shop\/mobiliario\/tablas-de-planchar\/foppapedretti-tabla-de-planchar-assai-4-0-natural\/#breadcrumb"},"inLanguage":"es","potentialAction":[{"@type":"ReadAction","target":["https:\/\/www.erresse-shop.it\/es\/shop\/mobiliario\/tablas-de-planchar\/foppapedretti-tabla-de-planchar-assai-4-0-natural\/"]}]},{"@type":"BreadcrumbList","@id":"https:\/\/www.erresse-shop.it\/es\/shop\/mobiliario\/tablas-de-planchar\/foppapedretti-tabla-de-planchar-assai-4-0-natural\/#breadcrumb","itemListElement":[{"@type":"ListItem","position":1,"name":"Home","item":"https:\/\/www.erresse-shop.it\/es\/"},{"@type":"ListItem","position":2,"name":"Shop","item":"https:\/\/www.erresse-shop.it\/es\/shop\/"},{"@type":"ListItem","position":3,"name":"FOPPAPEDRETTI Tabla de planchar Assai 4.0 Natural"}]},{"@type":"WebSite","@id":"https:\/\/www.erresse-shop.it\/es\/#website","url":"https:\/\/www.erresse-shop.it\/es\/","name":"Erresse Shop","description":"Articoli di qualit\u00e0 per la casa","potentialAction":[{"@type":"SearchAction","target":{"@type":"EntryPoint","urlTemplate":"https:\/\/www.erresse-shop.it\/es\/?s={search_term_string}"},"query-input":"required name=search_term_string"}],"inLanguage":"es"}]}},"df_price":224,"df_sale_price":224,"df_regular_price":224,"df_image_link":"https:\/\/www.erresse-shop.it\/wp-content\/uploads\/2024\/10\/FOPPAPEDRETTI-Asse-da-Stiro-Assai-4.0-Naturale-1-300x300.jpg","_links":{"self":[{"href":"https:\/\/www.erresse-shop.it\/es\/wp-json\/wp\/v2\/product\/438356"}],"collection":[{"href":"https:\/\/www.erresse-shop.it\/es\/wp-json\/wp\/v2\/product"}],"about":[{"href":"https:\/\/www.erresse-shop.it\/es\/wp-json\/wp\/v2\/types\/product"}],"wp:featuredmedia":[{"embeddable":true,"href":"https:\/\/www.erresse-shop.it\/es\/wp-json\/wp\/v2\/media\/438386"}],"wp:attachment":[{"href":"https:\/\/www.erresse-shop.it\/es\/wp-json\/wp\/v2\/media?parent=438356"}],"wp:term":[{"taxonomy":"product_cat","embeddable":true,"href":"https:\/\/www.erresse-shop.it\/es\/wp-json\/wp\/v2\/product_cat?post=438356"},{"taxonomy":"product_tag","embeddable":true,"href":"https:\/\/www.erresse-shop.it\/es\/wp-json\/wp\/v2\/product_tag?post=438356"}],"curies":[{"name":"wp","href":"https:\/\/api.w.org\/{rel}","templated":true}]}}