{"id":436548,"date":"2024-10-07T06:15:28","date_gmt":"2024-10-07T06:15:29","guid":{"rendered":"https:\/\/www.erresse-shop.it\/?post_type=product&#038;p=436548"},"modified":"2024-10-16T06:55:24","modified_gmt":"2024-10-16T06:55:24","slug":"bordallo-pinheiro-cuenco-col-22-cm-blanco","status":"publish","type":"product","link":"https:\/\/www.erresse-shop.it\/es\/shop\/tabla\/cestas-y-cuencos\/bordallo-pinheiro-cuenco-col-22-cm-blanco\/","title":{"rendered":"BORDALLO PINHEIRO Cuenco Col 22 cm Blanco"},"content":{"rendered":"<p>La col, en su forma cruda y plana, podr\u00eda utilizarse como met\u00e1fora de las costumbres r\u00fasticas de Portugal, que Bordallo hab\u00eda caricaturizado tantas veces. Esta es una forma inteligente de honrarla, poni\u00e9ndola en las mesas de la burgues\u00eda, donde de otro modo nunca habr\u00eda estado presente.<\/p>\n<p><strong>Material<\/strong>: terracota<\/p>\n","protected":false},"excerpt":{"rendered":"<p>La col, en su forma cruda y plana, podr\u00eda utilizarse como met\u00e1fora de las costumbres r\u00fasticas de Portugal, que Bordallo<\/p>\n","protected":false},"featured_media":436556,"template":"","meta":{"_acf_changed":false,"inline_featured_image":false},"product_cat":[16037,16027],"product_tag":[25039,23912,21616,21613,16368,25023],"acf":[],"yoast_head":"<!-- This site is optimized with the Yoast SEO Premium plugin v18.6 (Yoast SEO v19.13) - https:\/\/yoast.com\/wordpress\/plugins\/seo\/ -->\n<title>BORDALLO PINHEIRO Cuenco Col 22 cm Blanco - Erresse Shop<\/title>\n<meta name=\"description\" content=\"La col, en su forma cruda y plana, podr\u00eda utilizarse como met\u00e1fora de las costumbres r\u00fasticas de Portugal, que Bordallo hab\u00eda caricaturizado tantas veces.\" \/>\n<meta name=\"robots\" content=\"index, follow, max-snippet:-1, max-image-preview:large, max-video-preview:-1\" \/>\n<link rel=\"canonical\" href=\"https:\/\/www.erresse-shop.it\/es\/shop\/tabla\/cestas-y-cuencos\/bordallo-pinheiro-cuenco-col-22-cm-blanco\/\" \/>\n<meta property=\"og:locale\" content=\"es_ES\" \/>\n<meta property=\"og:type\" content=\"article\" \/>\n<meta property=\"og:title\" content=\"BORDALLO PINHEIRO Cuenco Col 22 cm Blanco\" \/>\n<meta property=\"og:description\" content=\"La col, en su forma cruda y plana, podr\u00eda utilizarse como met\u00e1fora de las costumbres r\u00fasticas de Portugal, que Bordallo hab\u00eda caricaturizado tantas veces.\" \/>\n<meta property=\"og:url\" content=\"https:\/\/www.erresse-shop.it\/es\/shop\/tabla\/cestas-y-cuencos\/bordallo-pinheiro-cuenco-col-22-cm-blanco\/\" \/>\n<meta property=\"og:site_name\" content=\"Erresse Shop\" \/>\n<meta property=\"article:modified_time\" content=\"2024-10-16T06:55:24+00:00\" \/>\n<meta property=\"og:image\" content=\"https:\/\/www.erresse-shop.it\/wp-content\/uploads\/2024\/10\/BORDALLO-PINHEIRO-Ciotola-Cavolo-22-cm-Bianco.jpg\" \/>\n\t<meta property=\"og:image:width\" content=\"1200\" \/>\n\t<meta property=\"og:image:height\" content=\"1200\" \/>\n\t<meta property=\"og:image:type\" content=\"image\/jpeg\" \/>\n<meta name=\"twitter:card\" content=\"summary_large_image\" \/>\n<script type=\"application\/ld+json\" class=\"yoast-schema-graph\">{\"@context\":\"https:\/\/schema.org\",\"@graph\":[{\"@type\":\"WebPage\",\"@id\":\"https:\/\/www.erresse-shop.it\/es\/shop\/tabla\/cestas-y-cuencos\/bordallo-pinheiro-cuenco-col-22-cm-blanco\/\",\"url\":\"https:\/\/www.erresse-shop.it\/es\/shop\/tabla\/cestas-y-cuencos\/bordallo-pinheiro-cuenco-col-22-cm-blanco\/\",\"name\":\"BORDALLO PINHEIRO Cuenco Col 22 cm Blanco - Erresse Shop\",\"isPartOf\":{\"@id\":\"https:\/\/www.erresse-shop.it\/es\/#website\"},\"datePublished\":\"2024-10-07T06:15:29+00:00\",\"dateModified\":\"2024-10-16T06:55:24+00:00\",\"description\":\"La col, en su forma cruda y plana, podr\u00eda utilizarse como met\u00e1fora de las costumbres r\u00fasticas de Portugal, que Bordallo hab\u00eda caricaturizado tantas veces.\",\"breadcrumb\":{\"@id\":\"https:\/\/www.erresse-shop.it\/es\/shop\/tabla\/cestas-y-cuencos\/bordallo-pinheiro-cuenco-col-22-cm-blanco\/#breadcrumb\"},\"inLanguage\":\"es\",\"potentialAction\":[{\"@type\":\"ReadAction\",\"target\":[\"https:\/\/www.erresse-shop.it\/es\/shop\/tabla\/cestas-y-cuencos\/bordallo-pinheiro-cuenco-col-22-cm-blanco\/\"]}]},{\"@type\":\"BreadcrumbList\",\"@id\":\"https:\/\/www.erresse-shop.it\/es\/shop\/tabla\/cestas-y-cuencos\/bordallo-pinheiro-cuenco-col-22-cm-blanco\/#breadcrumb\",\"itemListElement\":[{\"@type\":\"ListItem\",\"position\":1,\"name\":\"Home\",\"item\":\"https:\/\/www.erresse-shop.it\/es\/\"},{\"@type\":\"ListItem\",\"position\":2,\"name\":\"Shop\",\"item\":\"https:\/\/www.erresse-shop.it\/es\/shop\/\"},{\"@type\":\"ListItem\",\"position\":3,\"name\":\"BORDALLO PINHEIRO Cuenco Col 22 cm Blanco\"}]},{\"@type\":\"WebSite\",\"@id\":\"https:\/\/www.erresse-shop.it\/es\/#website\",\"url\":\"https:\/\/www.erresse-shop.it\/es\/\",\"name\":\"Erresse Shop\",\"description\":\"Articoli di qualit\u00e0 per la casa\",\"potentialAction\":[{\"@type\":\"SearchAction\",\"target\":{\"@type\":\"EntryPoint\",\"urlTemplate\":\"https:\/\/www.erresse-shop.it\/es\/?s={search_term_string}\"},\"query-input\":\"required name=search_term_string\"}],\"inLanguage\":\"es\"}]}<\/script>\n<!-- \/ Yoast SEO Premium plugin. -->","yoast_head_json":{"title":"BORDALLO PINHEIRO Cuenco Col 22 cm Blanco - Erresse Shop","description":"La col, en su forma cruda y plana, podr\u00eda utilizarse como met\u00e1fora de las costumbres r\u00fasticas de Portugal, que Bordallo hab\u00eda caricaturizado tantas veces.","robots":{"index":"index","follow":"follow","max-snippet":"max-snippet:-1","max-image-preview":"max-image-preview:large","max-video-preview":"max-video-preview:-1"},"canonical":"https:\/\/www.erresse-shop.it\/es\/shop\/tabla\/cestas-y-cuencos\/bordallo-pinheiro-cuenco-col-22-cm-blanco\/","og_locale":"es_ES","og_type":"article","og_title":"BORDALLO PINHEIRO Cuenco Col 22 cm Blanco","og_description":"La col, en su forma cruda y plana, podr\u00eda utilizarse como met\u00e1fora de las costumbres r\u00fasticas de Portugal, que Bordallo hab\u00eda caricaturizado tantas veces.","og_url":"https:\/\/www.erresse-shop.it\/es\/shop\/tabla\/cestas-y-cuencos\/bordallo-pinheiro-cuenco-col-22-cm-blanco\/","og_site_name":"Erresse Shop","article_modified_time":"2024-10-16T06:55:24+00:00","og_image":[{"width":1200,"height":1200,"url":"https:\/\/www.erresse-shop.it\/wp-content\/uploads\/2024\/10\/BORDALLO-PINHEIRO-Ciotola-Cavolo-22-cm-Bianco.jpg","type":"image\/jpeg"}],"twitter_card":"summary_large_image","schema":{"@context":"https:\/\/schema.org","@graph":[{"@type":"WebPage","@id":"https:\/\/www.erresse-shop.it\/es\/shop\/tabla\/cestas-y-cuencos\/bordallo-pinheiro-cuenco-col-22-cm-blanco\/","url":"https:\/\/www.erresse-shop.it\/es\/shop\/tabla\/cestas-y-cuencos\/bordallo-pinheiro-cuenco-col-22-cm-blanco\/","name":"BORDALLO PINHEIRO Cuenco Col 22 cm Blanco - Erresse Shop","isPartOf":{"@id":"https:\/\/www.erresse-shop.it\/es\/#website"},"datePublished":"2024-10-07T06:15:29+00:00","dateModified":"2024-10-16T06:55:24+00:00","description":"La col, en su forma cruda y plana, podr\u00eda utilizarse como met\u00e1fora de las costumbres r\u00fasticas de Portugal, que Bordallo hab\u00eda caricaturizado tantas veces.","breadcrumb":{"@id":"https:\/\/www.erresse-shop.it\/es\/shop\/tabla\/cestas-y-cuencos\/bordallo-pinheiro-cuenco-col-22-cm-blanco\/#breadcrumb"},"inLanguage":"es","potentialAction":[{"@type":"ReadAction","target":["https:\/\/www.erresse-shop.it\/es\/shop\/tabla\/cestas-y-cuencos\/bordallo-pinheiro-cuenco-col-22-cm-blanco\/"]}]},{"@type":"BreadcrumbList","@id":"https:\/\/www.erresse-shop.it\/es\/shop\/tabla\/cestas-y-cuencos\/bordallo-pinheiro-cuenco-col-22-cm-blanco\/#breadcrumb","itemListElement":[{"@type":"ListItem","position":1,"name":"Home","item":"https:\/\/www.erresse-shop.it\/es\/"},{"@type":"ListItem","position":2,"name":"Shop","item":"https:\/\/www.erresse-shop.it\/es\/shop\/"},{"@type":"ListItem","position":3,"name":"BORDALLO PINHEIRO Cuenco Col 22 cm Blanco"}]},{"@type":"WebSite","@id":"https:\/\/www.erresse-shop.it\/es\/#website","url":"https:\/\/www.erresse-shop.it\/es\/","name":"Erresse Shop","description":"Articoli di qualit\u00e0 per la casa","potentialAction":[{"@type":"SearchAction","target":{"@type":"EntryPoint","urlTemplate":"https:\/\/www.erresse-shop.it\/es\/?s={search_term_string}"},"query-input":"required name=search_term_string"}],"inLanguage":"es"}]}},"df_price":24.95,"df_sale_price":24.95,"df_regular_price":30,"df_image_link":"https:\/\/www.erresse-shop.it\/wp-content\/uploads\/2024\/10\/BORDALLO-PINHEIRO-Ciotola-Cavolo-22-cm-Bianco-300x300.jpg","_links":{"self":[{"href":"https:\/\/www.erresse-shop.it\/es\/wp-json\/wp\/v2\/product\/436548"}],"collection":[{"href":"https:\/\/www.erresse-shop.it\/es\/wp-json\/wp\/v2\/product"}],"about":[{"href":"https:\/\/www.erresse-shop.it\/es\/wp-json\/wp\/v2\/types\/product"}],"wp:featuredmedia":[{"embeddable":true,"href":"https:\/\/www.erresse-shop.it\/es\/wp-json\/wp\/v2\/media\/436556"}],"wp:attachment":[{"href":"https:\/\/www.erresse-shop.it\/es\/wp-json\/wp\/v2\/media?parent=436548"}],"wp:term":[{"taxonomy":"product_cat","embeddable":true,"href":"https:\/\/www.erresse-shop.it\/es\/wp-json\/wp\/v2\/product_cat?post=436548"},{"taxonomy":"product_tag","embeddable":true,"href":"https:\/\/www.erresse-shop.it\/es\/wp-json\/wp\/v2\/product_tag?post=436548"}],"curies":[{"name":"wp","href":"https:\/\/api.w.org\/{rel}","templated":true}]}}