{"id":436392,"date":"2024-10-04T14:06:40","date_gmt":"2024-10-04T14:06:42","guid":{"rendered":"https:\/\/www.erresse-shop.it\/?post_type=product&#038;p=436392"},"modified":"2024-10-15T10:36:19","modified_gmt":"2024-10-15T10:36:19","slug":"villeroy-boch-set-4-tazas-de-te-toys-delight","status":"publish","type":"product","link":"https:\/\/www.erresse-shop.it\/es\/shop\/tabla\/tazas\/villeroy-boch-set-4-tazas-de-te-toys-delight\/","title":{"rendered":"VILLEROY &#038; BOCH Set 4 tazas de t\u00e9 Toy&#8217;s Delight"},"content":{"rendered":"<p class=\"p1\"><strong>Para tu bebida favorita en invierno<\/strong><br \/>\nCon la colecci\u00f3n Toy&#8217;s Delight traer\u00e1s un ambiente navide\u00f1o nost\u00e1lgico a tu hogar. La porcelana est\u00e1 decorada con bonitos motivos rojos, verdes y blancos y evoca recuerdos de la infancia. Para combinar, coleccionar y regalar. La taza de caf\u00e9 es adecuada para t\u00e9 caliente o chocolate caliente. Especialmente durante la \u00e9poca navide\u00f1a, tambi\u00e9n se pueden utilizar para preparar un delicioso vino caliente o un ponche. Saboree un agradable sorbo de calidez y bienvenida.<\/p>\n<p><strong>Material:<\/strong> Porcelana de primera calidad<br \/>\n<strong>Volumen:<\/strong> aprox. 170ml<br \/>\n<strong>Apto para lavavajillas:<\/strong> s\u00ed<br \/>\n<strong>Apto para microondas:<\/strong> s\u00ed<\/p>\n","protected":false},"excerpt":{"rendered":"<p>Para tu bebida favorita en invierno Con la colecci\u00f3n Toy&#8217;s Delight traer\u00e1s un ambiente navide\u00f1o nost\u00e1lgico a tu hogar. La<\/p>\n","protected":false},"featured_media":436400,"template":"","meta":{"_acf_changed":false,"inline_featured_image":false},"product_cat":[16027,16034],"product_tag":[25029,23574,24399,21333,21941,16354,16355,16475,22679,16909,17518,21940,25023],"acf":[],"yoast_head":"<!-- This site is optimized with the Yoast SEO Premium plugin v18.6 (Yoast SEO v19.13) - https:\/\/yoast.com\/wordpress\/plugins\/seo\/ -->\n<title>VILLEROY &amp; BOCH Set 4 tazas de t\u00e9 Toy&#039;s Delight - Erresse Shop<\/title>\n<meta name=\"description\" content=\"Para tu bebida favorita en invierno Con la colecci\u00f3n Toy&#039;s Delight traer\u00e1s un ambiente navide\u00f1o nost\u00e1lgico a tu hogar. La porcelana est\u00e1 decorada con\" \/>\n<meta name=\"robots\" content=\"index, follow, max-snippet:-1, max-image-preview:large, max-video-preview:-1\" \/>\n<link rel=\"canonical\" href=\"https:\/\/www.erresse-shop.it\/es\/shop\/tabla\/tazas\/villeroy-boch-set-4-tazas-de-te-toys-delight\/\" \/>\n<meta property=\"og:locale\" content=\"es_ES\" \/>\n<meta property=\"og:type\" content=\"article\" \/>\n<meta property=\"og:title\" content=\"VILLEROY &amp; BOCH Set 4 tazas de t\u00e9 Toy&#039;s Delight\" \/>\n<meta property=\"og:description\" content=\"Para tu bebida favorita en invierno Con la colecci\u00f3n Toy&#039;s Delight traer\u00e1s un ambiente navide\u00f1o nost\u00e1lgico a tu hogar. La porcelana est\u00e1 decorada con\" \/>\n<meta property=\"og:url\" content=\"https:\/\/www.erresse-shop.it\/es\/shop\/tabla\/tazas\/villeroy-boch-set-4-tazas-de-te-toys-delight\/\" \/>\n<meta property=\"og:site_name\" content=\"Erresse Shop\" \/>\n<meta property=\"article:modified_time\" content=\"2024-10-15T10:36:19+00:00\" \/>\n<meta property=\"og:image\" content=\"https:\/\/www.erresse-shop.it\/wp-content\/uploads\/2024\/10\/VILLEROY-BOCH-Set-6-Tazze-Caffe-Toys-Delight.jpg\" \/>\n\t<meta property=\"og:image:width\" content=\"1200\" \/>\n\t<meta property=\"og:image:height\" content=\"1200\" \/>\n\t<meta property=\"og:image:type\" content=\"image\/jpeg\" \/>\n<meta name=\"twitter:card\" content=\"summary_large_image\" \/>\n<script type=\"application\/ld+json\" class=\"yoast-schema-graph\">{\"@context\":\"https:\/\/schema.org\",\"@graph\":[{\"@type\":\"WebPage\",\"@id\":\"https:\/\/www.erresse-shop.it\/es\/shop\/tabla\/tazas\/villeroy-boch-set-4-tazas-de-te-toys-delight\/\",\"url\":\"https:\/\/www.erresse-shop.it\/es\/shop\/tabla\/tazas\/villeroy-boch-set-4-tazas-de-te-toys-delight\/\",\"name\":\"VILLEROY & BOCH Set 4 tazas de t\u00e9 Toy's Delight - Erresse Shop\",\"isPartOf\":{\"@id\":\"https:\/\/www.erresse-shop.it\/es\/#website\"},\"datePublished\":\"2024-10-04T14:06:42+00:00\",\"dateModified\":\"2024-10-15T10:36:19+00:00\",\"description\":\"Para tu bebida favorita en invierno Con la colecci\u00f3n Toy's Delight traer\u00e1s un ambiente navide\u00f1o nost\u00e1lgico a tu hogar. La porcelana est\u00e1 decorada con\",\"breadcrumb\":{\"@id\":\"https:\/\/www.erresse-shop.it\/es\/shop\/tabla\/tazas\/villeroy-boch-set-4-tazas-de-te-toys-delight\/#breadcrumb\"},\"inLanguage\":\"es\",\"potentialAction\":[{\"@type\":\"ReadAction\",\"target\":[\"https:\/\/www.erresse-shop.it\/es\/shop\/tabla\/tazas\/villeroy-boch-set-4-tazas-de-te-toys-delight\/\"]}]},{\"@type\":\"BreadcrumbList\",\"@id\":\"https:\/\/www.erresse-shop.it\/es\/shop\/tabla\/tazas\/villeroy-boch-set-4-tazas-de-te-toys-delight\/#breadcrumb\",\"itemListElement\":[{\"@type\":\"ListItem\",\"position\":1,\"name\":\"Home\",\"item\":\"https:\/\/www.erresse-shop.it\/es\/\"},{\"@type\":\"ListItem\",\"position\":2,\"name\":\"Shop\",\"item\":\"https:\/\/www.erresse-shop.it\/es\/shop\/\"},{\"@type\":\"ListItem\",\"position\":3,\"name\":\"VILLEROY &#038; BOCH Set 4 tazas de t\u00e9 Toy&#8217;s Delight\"}]},{\"@type\":\"WebSite\",\"@id\":\"https:\/\/www.erresse-shop.it\/es\/#website\",\"url\":\"https:\/\/www.erresse-shop.it\/es\/\",\"name\":\"Erresse Shop\",\"description\":\"Articoli di qualit\u00e0 per la casa\",\"potentialAction\":[{\"@type\":\"SearchAction\",\"target\":{\"@type\":\"EntryPoint\",\"urlTemplate\":\"https:\/\/www.erresse-shop.it\/es\/?s={search_term_string}\"},\"query-input\":\"required name=search_term_string\"}],\"inLanguage\":\"es\"}]}<\/script>\n<!-- \/ Yoast SEO Premium plugin. -->","yoast_head_json":{"title":"VILLEROY & BOCH Set 4 tazas de t\u00e9 Toy's Delight - Erresse Shop","description":"Para tu bebida favorita en invierno Con la colecci\u00f3n Toy's Delight traer\u00e1s un ambiente navide\u00f1o nost\u00e1lgico a tu hogar. La porcelana est\u00e1 decorada con","robots":{"index":"index","follow":"follow","max-snippet":"max-snippet:-1","max-image-preview":"max-image-preview:large","max-video-preview":"max-video-preview:-1"},"canonical":"https:\/\/www.erresse-shop.it\/es\/shop\/tabla\/tazas\/villeroy-boch-set-4-tazas-de-te-toys-delight\/","og_locale":"es_ES","og_type":"article","og_title":"VILLEROY & BOCH Set 4 tazas de t\u00e9 Toy's Delight","og_description":"Para tu bebida favorita en invierno Con la colecci\u00f3n Toy's Delight traer\u00e1s un ambiente navide\u00f1o nost\u00e1lgico a tu hogar. La porcelana est\u00e1 decorada con","og_url":"https:\/\/www.erresse-shop.it\/es\/shop\/tabla\/tazas\/villeroy-boch-set-4-tazas-de-te-toys-delight\/","og_site_name":"Erresse Shop","article_modified_time":"2024-10-15T10:36:19+00:00","og_image":[{"width":1200,"height":1200,"url":"https:\/\/www.erresse-shop.it\/wp-content\/uploads\/2024\/10\/VILLEROY-BOCH-Set-6-Tazze-Caffe-Toys-Delight.jpg","type":"image\/jpeg"}],"twitter_card":"summary_large_image","schema":{"@context":"https:\/\/schema.org","@graph":[{"@type":"WebPage","@id":"https:\/\/www.erresse-shop.it\/es\/shop\/tabla\/tazas\/villeroy-boch-set-4-tazas-de-te-toys-delight\/","url":"https:\/\/www.erresse-shop.it\/es\/shop\/tabla\/tazas\/villeroy-boch-set-4-tazas-de-te-toys-delight\/","name":"VILLEROY & BOCH Set 4 tazas de t\u00e9 Toy's Delight - Erresse Shop","isPartOf":{"@id":"https:\/\/www.erresse-shop.it\/es\/#website"},"datePublished":"2024-10-04T14:06:42+00:00","dateModified":"2024-10-15T10:36:19+00:00","description":"Para tu bebida favorita en invierno Con la colecci\u00f3n Toy's Delight traer\u00e1s un ambiente navide\u00f1o nost\u00e1lgico a tu hogar. La porcelana est\u00e1 decorada con","breadcrumb":{"@id":"https:\/\/www.erresse-shop.it\/es\/shop\/tabla\/tazas\/villeroy-boch-set-4-tazas-de-te-toys-delight\/#breadcrumb"},"inLanguage":"es","potentialAction":[{"@type":"ReadAction","target":["https:\/\/www.erresse-shop.it\/es\/shop\/tabla\/tazas\/villeroy-boch-set-4-tazas-de-te-toys-delight\/"]}]},{"@type":"BreadcrumbList","@id":"https:\/\/www.erresse-shop.it\/es\/shop\/tabla\/tazas\/villeroy-boch-set-4-tazas-de-te-toys-delight\/#breadcrumb","itemListElement":[{"@type":"ListItem","position":1,"name":"Home","item":"https:\/\/www.erresse-shop.it\/es\/"},{"@type":"ListItem","position":2,"name":"Shop","item":"https:\/\/www.erresse-shop.it\/es\/shop\/"},{"@type":"ListItem","position":3,"name":"VILLEROY &#038; BOCH Set 4 tazas de t\u00e9 Toy&#8217;s Delight"}]},{"@type":"WebSite","@id":"https:\/\/www.erresse-shop.it\/es\/#website","url":"https:\/\/www.erresse-shop.it\/es\/","name":"Erresse Shop","description":"Articoli di qualit\u00e0 per la casa","potentialAction":[{"@type":"SearchAction","target":{"@type":"EntryPoint","urlTemplate":"https:\/\/www.erresse-shop.it\/es\/?s={search_term_string}"},"query-input":"required name=search_term_string"}],"inLanguage":"es"}]}},"df_price":39.8,"df_sale_price":39.8,"df_regular_price":79.6,"df_image_link":"https:\/\/www.erresse-shop.it\/wp-content\/uploads\/2024\/10\/VILLEROY-BOCH-Set-6-Tazze-Caffe-Toys-Delight-300x300.jpg","_links":{"self":[{"href":"https:\/\/www.erresse-shop.it\/es\/wp-json\/wp\/v2\/product\/436392"}],"collection":[{"href":"https:\/\/www.erresse-shop.it\/es\/wp-json\/wp\/v2\/product"}],"about":[{"href":"https:\/\/www.erresse-shop.it\/es\/wp-json\/wp\/v2\/types\/product"}],"wp:featuredmedia":[{"embeddable":true,"href":"https:\/\/www.erresse-shop.it\/es\/wp-json\/wp\/v2\/media\/436400"}],"wp:attachment":[{"href":"https:\/\/www.erresse-shop.it\/es\/wp-json\/wp\/v2\/media?parent=436392"}],"wp:term":[{"taxonomy":"product_cat","embeddable":true,"href":"https:\/\/www.erresse-shop.it\/es\/wp-json\/wp\/v2\/product_cat?post=436392"},{"taxonomy":"product_tag","embeddable":true,"href":"https:\/\/www.erresse-shop.it\/es\/wp-json\/wp\/v2\/product_tag?post=436392"}],"curies":[{"name":"wp","href":"https:\/\/api.w.org\/{rel}","templated":true}]}}