{"id":436307,"date":"2024-10-04T12:40:52","date_gmt":"2024-10-04T12:40:53","guid":{"rendered":"https:\/\/www.erresse-shop.it\/?post_type=product&#038;p=436307"},"modified":"2024-10-28T10:51:48","modified_gmt":"2024-10-28T10:51:48","slug":"emile-henry-piedra-refractaria-grand-cru-pizza","status":"publish","type":"product","link":"https:\/\/www.erresse-shop.it\/es\/shop\/sartenes-y-ollas\/ollas-y-bandejas-de-horno\/emile-henry-piedra-refractaria-grand-cru-pizza\/","title":{"rendered":"EMILE HENRY Piedra refractaria Grand Cru Pizza"},"content":{"rendered":"<p>Emile Henry se fund\u00f3 en 1850.<br \/>\nLas cer\u00e1micas Emile Henry permiten distribuir el calor gradualmente para cocinar los alimentos a baja temperatura y preservar as\u00ed los sabores y aromas, as\u00ed como los elementos naturales de los alimentos.<br \/>\nLa saludable cocci\u00f3n a baja temperatura de las cer\u00e1micas Emile Henry mantiene los sabores, preserva las vitaminas y las cualidades nutritivas.<br \/>\nLos productos Emile Henry se fabrican con componentes naturales: arcilla no tratada para la mezcla, arena, agua filtrada, \u00f3xidos minerales naturales para los colores. Los metales pesados nocivos para la salud est\u00e1n ausentes de los productos Emile Henry: no contienen plomo, cadmio ni n\u00edquel.<br \/>\nLos productos Emile Henry son resistentes a los golpes y pueden utilizarse con grandes oscilaciones de temperatura. Se pueden utilizar en el lavavajillas.<\/p>\n<p>Nuestra Piedra para Pizza lisa es una bandeja de horno \u00fanica fabricada en cer\u00e1mica refractaria. Le permite preparar deliciosas pizzas con una corteza dorada y crujiente.<\/p>\n<p>Su pizza quedar\u00e1 perfectamente cocinada, como en un horno tradicional.<br \/>\nLa superficie lisa es ideal para amasar y estirar la masa, as\u00ed como para decorar la pizza. S\u00f3lo queda meterla en el horno para obtener una bonita corteza crujiente.<\/p>\n<p>Las grandes asas hacen que la Piedra para Pizza sea f\u00e1cil de sacar del horno y servir en la mesa.<br \/>\nPr\u00e1ctica, mantendr\u00e1 la pizza caliente durante toda la comida y podr\u00e1 cortar porciones directamente sobre la superficie de cer\u00e1mica.<\/p>\n<p>Todos los productos Emile Henry se fabrican en Francia y tienen diez a\u00f1os de garant\u00eda.<\/p>\n<p>Longitud \/ Di\u00e1metro &#8211; cm 40 x 40 x 3 cm<br \/>\nPeso &#8211; KG 2,4<br \/>\nTemperatura m\u00e1xima &#8211; \u00b0C 450 \u00b0C<br \/>\nTemperatura m\u00ednima &#8211; \u00b0C -20 \u00b0C<\/p>\n","protected":false},"excerpt":{"rendered":"<p>Emile Henry se fund\u00f3 en 1850. Las cer\u00e1micas Emile Henry permiten distribuir el calor gradualmente para cocinar los alimentos a<\/p>\n","protected":false},"featured_media":436313,"template":"","meta":{"_acf_changed":false,"inline_featured_image":false},"product_cat":[16068,16058],"product_tag":[25090,18045,25023],"acf":[],"yoast_head":"<!-- This site is optimized with the Yoast SEO Premium plugin v18.6 (Yoast SEO v19.13) - https:\/\/yoast.com\/wordpress\/plugins\/seo\/ -->\n<title>EMILE HENRY Piedra refractaria Grand Cru Pizza - Erresse Shop<\/title>\n<meta name=\"description\" content=\"Emile Henry se fund\u00f3 en 1850. Las cer\u00e1micas Emile Henry permiten distribuir el calor gradualmente para cocinar los alimentos a baja temperatura y\" \/>\n<meta name=\"robots\" content=\"index, follow, max-snippet:-1, max-image-preview:large, max-video-preview:-1\" \/>\n<link rel=\"canonical\" href=\"https:\/\/www.erresse-shop.it\/es\/shop\/sartenes-y-ollas\/ollas-y-bandejas-de-horno\/emile-henry-piedra-refractaria-grand-cru-pizza\/\" \/>\n<meta property=\"og:locale\" content=\"es_ES\" \/>\n<meta property=\"og:type\" content=\"article\" \/>\n<meta property=\"og:title\" content=\"EMILE HENRY Piedra refractaria Grand Cru Pizza\" \/>\n<meta property=\"og:description\" content=\"Emile Henry se fund\u00f3 en 1850. Las cer\u00e1micas Emile Henry permiten distribuir el calor gradualmente para cocinar los alimentos a baja temperatura y\" \/>\n<meta property=\"og:url\" content=\"https:\/\/www.erresse-shop.it\/es\/shop\/sartenes-y-ollas\/ollas-y-bandejas-de-horno\/emile-henry-piedra-refractaria-grand-cru-pizza\/\" \/>\n<meta property=\"og:site_name\" content=\"Erresse Shop\" \/>\n<meta property=\"article:modified_time\" content=\"2024-10-28T10:51:48+00:00\" \/>\n<meta property=\"og:image\" content=\"https:\/\/www.erresse-shop.it\/wp-content\/uploads\/2024\/10\/EMILE-HENRY-Pietra-Refrattaria-per-Pizza-Grand-Cru.jpg\" \/>\n\t<meta property=\"og:image:width\" content=\"1200\" \/>\n\t<meta property=\"og:image:height\" content=\"1200\" \/>\n\t<meta property=\"og:image:type\" content=\"image\/jpeg\" \/>\n<meta name=\"twitter:card\" content=\"summary_large_image\" \/>\n<script type=\"application\/ld+json\" class=\"yoast-schema-graph\">{\"@context\":\"https:\/\/schema.org\",\"@graph\":[{\"@type\":\"WebPage\",\"@id\":\"https:\/\/www.erresse-shop.it\/es\/shop\/sartenes-y-ollas\/ollas-y-bandejas-de-horno\/emile-henry-piedra-refractaria-grand-cru-pizza\/\",\"url\":\"https:\/\/www.erresse-shop.it\/es\/shop\/sartenes-y-ollas\/ollas-y-bandejas-de-horno\/emile-henry-piedra-refractaria-grand-cru-pizza\/\",\"name\":\"EMILE HENRY Piedra refractaria Grand Cru Pizza - Erresse Shop\",\"isPartOf\":{\"@id\":\"https:\/\/www.erresse-shop.it\/es\/#website\"},\"datePublished\":\"2024-10-04T12:40:53+00:00\",\"dateModified\":\"2024-10-28T10:51:48+00:00\",\"description\":\"Emile Henry se fund\u00f3 en 1850. Las cer\u00e1micas Emile Henry permiten distribuir el calor gradualmente para cocinar los alimentos a baja temperatura y\",\"breadcrumb\":{\"@id\":\"https:\/\/www.erresse-shop.it\/es\/shop\/sartenes-y-ollas\/ollas-y-bandejas-de-horno\/emile-henry-piedra-refractaria-grand-cru-pizza\/#breadcrumb\"},\"inLanguage\":\"es\",\"potentialAction\":[{\"@type\":\"ReadAction\",\"target\":[\"https:\/\/www.erresse-shop.it\/es\/shop\/sartenes-y-ollas\/ollas-y-bandejas-de-horno\/emile-henry-piedra-refractaria-grand-cru-pizza\/\"]}]},{\"@type\":\"BreadcrumbList\",\"@id\":\"https:\/\/www.erresse-shop.it\/es\/shop\/sartenes-y-ollas\/ollas-y-bandejas-de-horno\/emile-henry-piedra-refractaria-grand-cru-pizza\/#breadcrumb\",\"itemListElement\":[{\"@type\":\"ListItem\",\"position\":1,\"name\":\"Home\",\"item\":\"https:\/\/www.erresse-shop.it\/es\/\"},{\"@type\":\"ListItem\",\"position\":2,\"name\":\"Shop\",\"item\":\"https:\/\/www.erresse-shop.it\/es\/shop\/\"},{\"@type\":\"ListItem\",\"position\":3,\"name\":\"EMILE HENRY Piedra refractaria Grand Cru Pizza\"}]},{\"@type\":\"WebSite\",\"@id\":\"https:\/\/www.erresse-shop.it\/es\/#website\",\"url\":\"https:\/\/www.erresse-shop.it\/es\/\",\"name\":\"Erresse Shop\",\"description\":\"Articoli di qualit\u00e0 per la casa\",\"potentialAction\":[{\"@type\":\"SearchAction\",\"target\":{\"@type\":\"EntryPoint\",\"urlTemplate\":\"https:\/\/www.erresse-shop.it\/es\/?s={search_term_string}\"},\"query-input\":\"required name=search_term_string\"}],\"inLanguage\":\"es\"}]}<\/script>\n<!-- \/ Yoast SEO Premium plugin. -->","yoast_head_json":{"title":"EMILE HENRY Piedra refractaria Grand Cru Pizza - Erresse Shop","description":"Emile Henry se fund\u00f3 en 1850. Las cer\u00e1micas Emile Henry permiten distribuir el calor gradualmente para cocinar los alimentos a baja temperatura y","robots":{"index":"index","follow":"follow","max-snippet":"max-snippet:-1","max-image-preview":"max-image-preview:large","max-video-preview":"max-video-preview:-1"},"canonical":"https:\/\/www.erresse-shop.it\/es\/shop\/sartenes-y-ollas\/ollas-y-bandejas-de-horno\/emile-henry-piedra-refractaria-grand-cru-pizza\/","og_locale":"es_ES","og_type":"article","og_title":"EMILE HENRY Piedra refractaria Grand Cru Pizza","og_description":"Emile Henry se fund\u00f3 en 1850. Las cer\u00e1micas Emile Henry permiten distribuir el calor gradualmente para cocinar los alimentos a baja temperatura y","og_url":"https:\/\/www.erresse-shop.it\/es\/shop\/sartenes-y-ollas\/ollas-y-bandejas-de-horno\/emile-henry-piedra-refractaria-grand-cru-pizza\/","og_site_name":"Erresse Shop","article_modified_time":"2024-10-28T10:51:48+00:00","og_image":[{"width":1200,"height":1200,"url":"https:\/\/www.erresse-shop.it\/wp-content\/uploads\/2024\/10\/EMILE-HENRY-Pietra-Refrattaria-per-Pizza-Grand-Cru.jpg","type":"image\/jpeg"}],"twitter_card":"summary_large_image","schema":{"@context":"https:\/\/schema.org","@graph":[{"@type":"WebPage","@id":"https:\/\/www.erresse-shop.it\/es\/shop\/sartenes-y-ollas\/ollas-y-bandejas-de-horno\/emile-henry-piedra-refractaria-grand-cru-pizza\/","url":"https:\/\/www.erresse-shop.it\/es\/shop\/sartenes-y-ollas\/ollas-y-bandejas-de-horno\/emile-henry-piedra-refractaria-grand-cru-pizza\/","name":"EMILE HENRY Piedra refractaria Grand Cru Pizza - Erresse Shop","isPartOf":{"@id":"https:\/\/www.erresse-shop.it\/es\/#website"},"datePublished":"2024-10-04T12:40:53+00:00","dateModified":"2024-10-28T10:51:48+00:00","description":"Emile Henry se fund\u00f3 en 1850. Las cer\u00e1micas Emile Henry permiten distribuir el calor gradualmente para cocinar los alimentos a baja temperatura y","breadcrumb":{"@id":"https:\/\/www.erresse-shop.it\/es\/shop\/sartenes-y-ollas\/ollas-y-bandejas-de-horno\/emile-henry-piedra-refractaria-grand-cru-pizza\/#breadcrumb"},"inLanguage":"es","potentialAction":[{"@type":"ReadAction","target":["https:\/\/www.erresse-shop.it\/es\/shop\/sartenes-y-ollas\/ollas-y-bandejas-de-horno\/emile-henry-piedra-refractaria-grand-cru-pizza\/"]}]},{"@type":"BreadcrumbList","@id":"https:\/\/www.erresse-shop.it\/es\/shop\/sartenes-y-ollas\/ollas-y-bandejas-de-horno\/emile-henry-piedra-refractaria-grand-cru-pizza\/#breadcrumb","itemListElement":[{"@type":"ListItem","position":1,"name":"Home","item":"https:\/\/www.erresse-shop.it\/es\/"},{"@type":"ListItem","position":2,"name":"Shop","item":"https:\/\/www.erresse-shop.it\/es\/shop\/"},{"@type":"ListItem","position":3,"name":"EMILE HENRY Piedra refractaria Grand Cru Pizza"}]},{"@type":"WebSite","@id":"https:\/\/www.erresse-shop.it\/es\/#website","url":"https:\/\/www.erresse-shop.it\/es\/","name":"Erresse Shop","description":"Articoli di qualit\u00e0 per la casa","potentialAction":[{"@type":"SearchAction","target":{"@type":"EntryPoint","urlTemplate":"https:\/\/www.erresse-shop.it\/es\/?s={search_term_string}"},"query-input":"required name=search_term_string"}],"inLanguage":"es"}]}},"df_price":64.95,"df_sale_price":64.95,"df_regular_price":89.9,"df_image_link":"https:\/\/www.erresse-shop.it\/wp-content\/uploads\/2024\/10\/EMILE-HENRY-Pietra-Refrattaria-per-Pizza-Grand-Cru-300x300.jpg","_links":{"self":[{"href":"https:\/\/www.erresse-shop.it\/es\/wp-json\/wp\/v2\/product\/436307"}],"collection":[{"href":"https:\/\/www.erresse-shop.it\/es\/wp-json\/wp\/v2\/product"}],"about":[{"href":"https:\/\/www.erresse-shop.it\/es\/wp-json\/wp\/v2\/types\/product"}],"wp:featuredmedia":[{"embeddable":true,"href":"https:\/\/www.erresse-shop.it\/es\/wp-json\/wp\/v2\/media\/436313"}],"wp:attachment":[{"href":"https:\/\/www.erresse-shop.it\/es\/wp-json\/wp\/v2\/media?parent=436307"}],"wp:term":[{"taxonomy":"product_cat","embeddable":true,"href":"https:\/\/www.erresse-shop.it\/es\/wp-json\/wp\/v2\/product_cat?post=436307"},{"taxonomy":"product_tag","embeddable":true,"href":"https:\/\/www.erresse-shop.it\/es\/wp-json\/wp\/v2\/product_tag?post=436307"}],"curies":[{"name":"wp","href":"https:\/\/api.w.org\/{rel}","templated":true}]}}