{"id":436236,"date":"2024-10-04T12:17:06","date_gmt":"2024-10-04T12:17:07","guid":{"rendered":"https:\/\/www.erresse-shop.it\/?post_type=product&#038;p=436236"},"modified":"2024-10-28T11:03:06","modified_gmt":"2024-10-28T11:03:06","slug":"sambonet-bloom-antique-6-tenedores-de-postre-2","status":"publish","type":"product","link":"https:\/\/www.erresse-shop.it\/es\/shop\/tabla\/cubiertos\/sambonet-bloom-antique-6-tenedores-de-postre-2\/","title":{"rendered":"SAMBONET Bloom Antique 6 Tenedores de Postre"},"content":{"rendered":"<p><strong>BLOOM<\/strong><br \/>\nUna mesa que huele a primavera La nueva cuberter\u00eda Bloom aporta un deseo de sencillez y romanticismo a la puesta en escena. Su forma suave pero elegante a\u00f1ade un detalle de estilo que combina a la perfecci\u00f3n con cualquier servicio de mesa. Un servicio de mesa minimalista para una comida r\u00e1pida de diario, o un servicio de mesa sofisticado y chabby-chic para una velada de ensue\u00f1o. Con esta cuberter\u00eda Sambonet, la convivencia est\u00e1 lista&#8230; \u00a1para florecer!<\/p>\n<ul>\n<li>Cada pieza de cuberter\u00eda est\u00e1 fabricada en acero inoxidable 18\/10 y destaca por su caracter\u00edstico filo y su ligero y sinuoso mango.<\/li>\n<li>Perfecto para los que quieren aportar estilo, sofisticaci\u00f3n y alta calidad a la mesa.<\/li>\n<li>Juego de postres para 6 personas. Incluye 6 tenedores de tres puntas de 14 cm de longitud, ideales para disfrutar de los postres en el plato.<\/li>\n<li>Propuesto en un refinado envase, una elecci\u00f3n perfecta tambi\u00e9n como idea de regalo. Los cubiertos son aptos para el lavavajillas.<\/li>\n<\/ul>\n<p><strong>ANTES Y DESPU\u00c9S DE CADA USO<\/strong><br \/>\nLavar con detergentes adecuados evitando el cloro y la lej\u00eda, aclarar y secar bien. A continuaci\u00f3n, gu\u00e1rdelo en un lugar seco. No utilice esponjas o pa\u00f1os abrasivos ni estropajos met\u00e1licos. Elimine inmediatamente los restos de sal, lim\u00f3n, vinagre, salsas a base de tomate, etc. Si utiliza un lavavajillas, aseg\u00farese de que el tratamiento incluye un perfecto secado y pulido y, si no, h\u00e1galo manualmente. Las hojas de los cuchillos est\u00e1n hechas de acero inoxidable martens\u00edtico 420 endurecido, lo que garantiza la durabilidad del afilado pero hace que el material sea m\u00e1s sensible al ataque corrosivo. Es esencial que los cuchillos se limpien, se laven y se sequen correctamente inmediatamente despu\u00e9s de su uso.<\/p>\n","protected":false},"excerpt":{"rendered":"<p>BLOOM Una mesa que huele a primavera La nueva cuberter\u00eda Bloom aporta un deseo de sencillez y romanticismo a la<\/p>\n","protected":false},"featured_media":436244,"template":"","meta":{"_acf_changed":false,"inline_featured_image":false},"product_cat":[16033,16027],"product_tag":[23912,23692,17199,23662,24399,24430,16307,17200,17211,21823],"acf":[],"yoast_head":"<!-- This site is optimized with the Yoast SEO Premium plugin v18.6 (Yoast SEO v19.13) - https:\/\/yoast.com\/wordpress\/plugins\/seo\/ -->\n<title>SAMBONET Bloom Antique 6 Tenedores de Postre - Erresse Shop<\/title>\n<meta name=\"description\" content=\"BLOOM Una mesa que huele a primavera La nueva cuberter\u00eda Bloom aporta un deseo de sencillez y romanticismo a la puesta en escena. Su forma suave pero\" \/>\n<meta name=\"robots\" content=\"index, follow, max-snippet:-1, max-image-preview:large, max-video-preview:-1\" \/>\n<link rel=\"canonical\" href=\"https:\/\/www.erresse-shop.it\/es\/shop\/tabla\/cubiertos\/sambonet-bloom-antique-6-tenedores-de-postre-2\/\" \/>\n<meta property=\"og:locale\" content=\"es_ES\" \/>\n<meta property=\"og:type\" content=\"article\" \/>\n<meta property=\"og:title\" content=\"SAMBONET Bloom Antique 6 Tenedores de Postre\" \/>\n<meta property=\"og:description\" content=\"BLOOM Una mesa que huele a primavera La nueva cuberter\u00eda Bloom aporta un deseo de sencillez y romanticismo a la puesta en escena. Su forma suave pero\" \/>\n<meta property=\"og:url\" content=\"https:\/\/www.erresse-shop.it\/es\/shop\/tabla\/cubiertos\/sambonet-bloom-antique-6-tenedores-de-postre-2\/\" \/>\n<meta property=\"og:site_name\" content=\"Erresse Shop\" \/>\n<meta property=\"article:modified_time\" content=\"2024-10-28T11:03:06+00:00\" \/>\n<meta property=\"og:image\" content=\"https:\/\/www.erresse-shop.it\/wp-content\/uploads\/2024\/10\/SAMBONET-Bloom-Antique-6-Forchette-Dolce-Opache.jpg\" \/>\n\t<meta property=\"og:image:width\" content=\"1200\" \/>\n\t<meta property=\"og:image:height\" content=\"1200\" \/>\n\t<meta property=\"og:image:type\" content=\"image\/jpeg\" \/>\n<meta name=\"twitter:card\" content=\"summary_large_image\" \/>\n<script type=\"application\/ld+json\" class=\"yoast-schema-graph\">{\"@context\":\"https:\/\/schema.org\",\"@graph\":[{\"@type\":\"WebPage\",\"@id\":\"https:\/\/www.erresse-shop.it\/es\/shop\/tabla\/cubiertos\/sambonet-bloom-antique-6-tenedores-de-postre-2\/\",\"url\":\"https:\/\/www.erresse-shop.it\/es\/shop\/tabla\/cubiertos\/sambonet-bloom-antique-6-tenedores-de-postre-2\/\",\"name\":\"SAMBONET Bloom Antique 6 Tenedores de Postre - Erresse Shop\",\"isPartOf\":{\"@id\":\"https:\/\/www.erresse-shop.it\/es\/#website\"},\"datePublished\":\"2024-10-04T12:17:07+00:00\",\"dateModified\":\"2024-10-28T11:03:06+00:00\",\"description\":\"BLOOM Una mesa que huele a primavera La nueva cuberter\u00eda Bloom aporta un deseo de sencillez y romanticismo a la puesta en escena. Su forma suave pero\",\"breadcrumb\":{\"@id\":\"https:\/\/www.erresse-shop.it\/es\/shop\/tabla\/cubiertos\/sambonet-bloom-antique-6-tenedores-de-postre-2\/#breadcrumb\"},\"inLanguage\":\"es\",\"potentialAction\":[{\"@type\":\"ReadAction\",\"target\":[\"https:\/\/www.erresse-shop.it\/es\/shop\/tabla\/cubiertos\/sambonet-bloom-antique-6-tenedores-de-postre-2\/\"]}]},{\"@type\":\"BreadcrumbList\",\"@id\":\"https:\/\/www.erresse-shop.it\/es\/shop\/tabla\/cubiertos\/sambonet-bloom-antique-6-tenedores-de-postre-2\/#breadcrumb\",\"itemListElement\":[{\"@type\":\"ListItem\",\"position\":1,\"name\":\"Home\",\"item\":\"https:\/\/www.erresse-shop.it\/es\/\"},{\"@type\":\"ListItem\",\"position\":2,\"name\":\"Shop\",\"item\":\"https:\/\/www.erresse-shop.it\/es\/shop\/\"},{\"@type\":\"ListItem\",\"position\":3,\"name\":\"SAMBONET Bloom Antique 6 Tenedores de Postre\"}]},{\"@type\":\"WebSite\",\"@id\":\"https:\/\/www.erresse-shop.it\/es\/#website\",\"url\":\"https:\/\/www.erresse-shop.it\/es\/\",\"name\":\"Erresse Shop\",\"description\":\"Articoli di qualit\u00e0 per la casa\",\"potentialAction\":[{\"@type\":\"SearchAction\",\"target\":{\"@type\":\"EntryPoint\",\"urlTemplate\":\"https:\/\/www.erresse-shop.it\/es\/?s={search_term_string}\"},\"query-input\":\"required name=search_term_string\"}],\"inLanguage\":\"es\"}]}<\/script>\n<!-- \/ Yoast SEO Premium plugin. -->","yoast_head_json":{"title":"SAMBONET Bloom Antique 6 Tenedores de Postre - Erresse Shop","description":"BLOOM Una mesa que huele a primavera La nueva cuberter\u00eda Bloom aporta un deseo de sencillez y romanticismo a la puesta en escena. Su forma suave pero","robots":{"index":"index","follow":"follow","max-snippet":"max-snippet:-1","max-image-preview":"max-image-preview:large","max-video-preview":"max-video-preview:-1"},"canonical":"https:\/\/www.erresse-shop.it\/es\/shop\/tabla\/cubiertos\/sambonet-bloom-antique-6-tenedores-de-postre-2\/","og_locale":"es_ES","og_type":"article","og_title":"SAMBONET Bloom Antique 6 Tenedores de Postre","og_description":"BLOOM Una mesa que huele a primavera La nueva cuberter\u00eda Bloom aporta un deseo de sencillez y romanticismo a la puesta en escena. Su forma suave pero","og_url":"https:\/\/www.erresse-shop.it\/es\/shop\/tabla\/cubiertos\/sambonet-bloom-antique-6-tenedores-de-postre-2\/","og_site_name":"Erresse Shop","article_modified_time":"2024-10-28T11:03:06+00:00","og_image":[{"width":1200,"height":1200,"url":"https:\/\/www.erresse-shop.it\/wp-content\/uploads\/2024\/10\/SAMBONET-Bloom-Antique-6-Forchette-Dolce-Opache.jpg","type":"image\/jpeg"}],"twitter_card":"summary_large_image","schema":{"@context":"https:\/\/schema.org","@graph":[{"@type":"WebPage","@id":"https:\/\/www.erresse-shop.it\/es\/shop\/tabla\/cubiertos\/sambonet-bloom-antique-6-tenedores-de-postre-2\/","url":"https:\/\/www.erresse-shop.it\/es\/shop\/tabla\/cubiertos\/sambonet-bloom-antique-6-tenedores-de-postre-2\/","name":"SAMBONET Bloom Antique 6 Tenedores de Postre - Erresse Shop","isPartOf":{"@id":"https:\/\/www.erresse-shop.it\/es\/#website"},"datePublished":"2024-10-04T12:17:07+00:00","dateModified":"2024-10-28T11:03:06+00:00","description":"BLOOM Una mesa que huele a primavera La nueva cuberter\u00eda Bloom aporta un deseo de sencillez y romanticismo a la puesta en escena. Su forma suave pero","breadcrumb":{"@id":"https:\/\/www.erresse-shop.it\/es\/shop\/tabla\/cubiertos\/sambonet-bloom-antique-6-tenedores-de-postre-2\/#breadcrumb"},"inLanguage":"es","potentialAction":[{"@type":"ReadAction","target":["https:\/\/www.erresse-shop.it\/es\/shop\/tabla\/cubiertos\/sambonet-bloom-antique-6-tenedores-de-postre-2\/"]}]},{"@type":"BreadcrumbList","@id":"https:\/\/www.erresse-shop.it\/es\/shop\/tabla\/cubiertos\/sambonet-bloom-antique-6-tenedores-de-postre-2\/#breadcrumb","itemListElement":[{"@type":"ListItem","position":1,"name":"Home","item":"https:\/\/www.erresse-shop.it\/es\/"},{"@type":"ListItem","position":2,"name":"Shop","item":"https:\/\/www.erresse-shop.it\/es\/shop\/"},{"@type":"ListItem","position":3,"name":"SAMBONET Bloom Antique 6 Tenedores de Postre"}]},{"@type":"WebSite","@id":"https:\/\/www.erresse-shop.it\/es\/#website","url":"https:\/\/www.erresse-shop.it\/es\/","name":"Erresse Shop","description":"Articoli di qualit\u00e0 per la casa","potentialAction":[{"@type":"SearchAction","target":{"@type":"EntryPoint","urlTemplate":"https:\/\/www.erresse-shop.it\/es\/?s={search_term_string}"},"query-input":"required name=search_term_string"}],"inLanguage":"es"}]}},"df_price":16.995,"df_sale_price":16.995,"df_regular_price":30.9,"df_image_link":"https:\/\/www.erresse-shop.it\/wp-content\/uploads\/2024\/10\/SAMBONET-Bloom-Antique-6-Forchette-Dolce-Opache-300x300.jpg","_links":{"self":[{"href":"https:\/\/www.erresse-shop.it\/es\/wp-json\/wp\/v2\/product\/436236"}],"collection":[{"href":"https:\/\/www.erresse-shop.it\/es\/wp-json\/wp\/v2\/product"}],"about":[{"href":"https:\/\/www.erresse-shop.it\/es\/wp-json\/wp\/v2\/types\/product"}],"wp:featuredmedia":[{"embeddable":true,"href":"https:\/\/www.erresse-shop.it\/es\/wp-json\/wp\/v2\/media\/436244"}],"wp:attachment":[{"href":"https:\/\/www.erresse-shop.it\/es\/wp-json\/wp\/v2\/media?parent=436236"}],"wp:term":[{"taxonomy":"product_cat","embeddable":true,"href":"https:\/\/www.erresse-shop.it\/es\/wp-json\/wp\/v2\/product_cat?post=436236"},{"taxonomy":"product_tag","embeddable":true,"href":"https:\/\/www.erresse-shop.it\/es\/wp-json\/wp\/v2\/product_tag?post=436236"}],"curies":[{"name":"wp","href":"https:\/\/api.w.org\/{rel}","templated":true}]}}