{"id":436231,"date":"2024-10-04T12:08:35","date_gmt":"2024-10-04T12:08:38","guid":{"rendered":"https:\/\/www.erresse-shop.it\/?post_type=product&#038;p=436231"},"modified":"2024-10-28T11:07:02","modified_gmt":"2024-10-28T11:07:02","slug":"emile-henry-molde-para-baguette-grand-cru","status":"publish","type":"product","link":"https:\/\/www.erresse-shop.it\/es\/shop\/sartenes-y-ollas\/cocina-de-pan\/emile-henry-molde-para-baguette-grand-cru\/","title":{"rendered":"EMILE HENRY Molde para Baguette Grand Cru"},"content":{"rendered":"<p>Imposible no es una palabra francesa, as\u00ed que pensamos en un molde para baguette para que puedas crear el tuyo propio.<br \/>\n\u00a1Oler\u00e1s el aroma del pan caliente que despierta suavemente la casa, y los canap\u00e9s con la corteza fina y crujiente y la miga suave ba\u00f1ados en el caf\u00e9 y la leche de la ma\u00f1ana!<br \/>\nAdecuado para tu horno, nuestro molde de cer\u00e1mica para Baguette te permite hornear baguettes en la cocina, como en una panader\u00eda real. Gracias a su cer\u00e1mica refractaria garantiza una cocci\u00f3n perfecta y uniforme y aporta a la masa su silueta inconfundible.<br \/>\nPero si la forma es \u00fanica, tus baguettes pueden variar su sabor infinitamente: mezclas de harinas con y sin gluten, baguettes con semillas, pan brioche con frutas confitadas o pepitas de chocolate&#8230; \u00a1El \u00fanico l\u00edmite es el deseo de la gula!<br \/>\nCada tanda te dar\u00e1 la satisfacci\u00f3n de amasar la masa de tus baguettes, de verlas crecer, de olerlas durante la cocci\u00f3n y de mordisquearlas nada m\u00e1s salir del horno, calientes y crujientes&#8230; En una palabra, de dando vida al arte un poco de pan franc\u00e9s en tu casa.<br \/>\nNuestro consejo: si te gustan las baguettes bien horneadas, recuerda quitar la tapa del molde para baguettes unos minutos antes de que finalice la cocci\u00f3n. Las asas integradas te permitir\u00e1n manipularlo f\u00e1cilmente.<\/p>\n<p><strong>Largo\/Di\u00e1metro:<\/strong> 39,5 cm<br \/>\n<strong>Ancho:<\/strong> 23 cm<br \/>\n<strong>Altura:<\/strong> 10 cm<br \/>\n<strong>Largo interior \/ Di\u00e1metro:<\/strong> 36,5 cm<br \/>\n<strong>Altura interior:<\/strong> 2,5 cm<br \/>\n<strong>Capacidad \u00fatil:<\/strong> 0,5 L<br \/>\n<strong>Peso &#8211; KG:<\/strong> 3,36 KG<br \/>\n<strong>Temperatura m\u00e1xima:<\/strong> 270 \u00b0C<br \/>\n<strong>Temperatura m\u00ednima:<\/strong> -20 \u00b0C<\/p>\n","protected":false},"excerpt":{"rendered":"<p>Imposible no es una palabra francesa, as\u00ed que pensamos en un molde para baguette para que puedas crear el tuyo<\/p>\n","protected":false},"featured_media":436272,"template":"","meta":{"_acf_changed":false,"inline_featured_image":false},"product_cat":[26049,16058],"product_tag":[25090,23912,16467,16442,16466,19944,16465,25023],"acf":[],"yoast_head":"<!-- This site is optimized with the Yoast SEO Premium plugin v18.6 (Yoast SEO v19.13) - https:\/\/yoast.com\/wordpress\/plugins\/seo\/ -->\n<title>EMILE HENRY Molde para Baguette Grand Cru - Erresse Shop<\/title>\n<meta name=\"description\" content=\"Imposible no es una palabra francesa, as\u00ed que pensamos en un molde para baguette para que puedas crear el tuyo propio. \u00a1Oler\u00e1s el aroma del pan caliente\" \/>\n<meta name=\"robots\" content=\"index, follow, max-snippet:-1, max-image-preview:large, max-video-preview:-1\" \/>\n<link rel=\"canonical\" href=\"https:\/\/www.erresse-shop.it\/es\/shop\/sartenes-y-ollas\/cocina-de-pan\/emile-henry-molde-para-baguette-grand-cru\/\" \/>\n<meta property=\"og:locale\" content=\"es_ES\" \/>\n<meta property=\"og:type\" content=\"article\" \/>\n<meta property=\"og:title\" content=\"EMILE HENRY Molde para Baguette Grand Cru\" \/>\n<meta property=\"og:description\" content=\"Imposible no es una palabra francesa, as\u00ed que pensamos en un molde para baguette para que puedas crear el tuyo propio. \u00a1Oler\u00e1s el aroma del pan caliente\" \/>\n<meta property=\"og:url\" content=\"https:\/\/www.erresse-shop.it\/es\/shop\/sartenes-y-ollas\/cocina-de-pan\/emile-henry-molde-para-baguette-grand-cru\/\" \/>\n<meta property=\"og:site_name\" content=\"Erresse Shop\" \/>\n<meta property=\"article:modified_time\" content=\"2024-10-28T11:07:02+00:00\" \/>\n<meta property=\"og:image\" content=\"https:\/\/www.erresse-shop.it\/wp-content\/uploads\/2024\/10\/EMILE-HENRY-Stampo-Per-Baguette-Grand-Cru.jpg\" \/>\n\t<meta property=\"og:image:width\" content=\"1200\" \/>\n\t<meta property=\"og:image:height\" content=\"1200\" \/>\n\t<meta property=\"og:image:type\" content=\"image\/jpeg\" \/>\n<meta name=\"twitter:card\" content=\"summary_large_image\" \/>\n<script type=\"application\/ld+json\" class=\"yoast-schema-graph\">{\"@context\":\"https:\/\/schema.org\",\"@graph\":[{\"@type\":\"WebPage\",\"@id\":\"https:\/\/www.erresse-shop.it\/es\/shop\/sartenes-y-ollas\/cocina-de-pan\/emile-henry-molde-para-baguette-grand-cru\/\",\"url\":\"https:\/\/www.erresse-shop.it\/es\/shop\/sartenes-y-ollas\/cocina-de-pan\/emile-henry-molde-para-baguette-grand-cru\/\",\"name\":\"EMILE HENRY Molde para Baguette Grand Cru - Erresse Shop\",\"isPartOf\":{\"@id\":\"https:\/\/www.erresse-shop.it\/es\/#website\"},\"datePublished\":\"2024-10-04T12:08:38+00:00\",\"dateModified\":\"2024-10-28T11:07:02+00:00\",\"description\":\"Imposible no es una palabra francesa, as\u00ed que pensamos en un molde para baguette para que puedas crear el tuyo propio. \u00a1Oler\u00e1s el aroma del pan caliente\",\"breadcrumb\":{\"@id\":\"https:\/\/www.erresse-shop.it\/es\/shop\/sartenes-y-ollas\/cocina-de-pan\/emile-henry-molde-para-baguette-grand-cru\/#breadcrumb\"},\"inLanguage\":\"es\",\"potentialAction\":[{\"@type\":\"ReadAction\",\"target\":[\"https:\/\/www.erresse-shop.it\/es\/shop\/sartenes-y-ollas\/cocina-de-pan\/emile-henry-molde-para-baguette-grand-cru\/\"]}]},{\"@type\":\"BreadcrumbList\",\"@id\":\"https:\/\/www.erresse-shop.it\/es\/shop\/sartenes-y-ollas\/cocina-de-pan\/emile-henry-molde-para-baguette-grand-cru\/#breadcrumb\",\"itemListElement\":[{\"@type\":\"ListItem\",\"position\":1,\"name\":\"Home\",\"item\":\"https:\/\/www.erresse-shop.it\/es\/\"},{\"@type\":\"ListItem\",\"position\":2,\"name\":\"Shop\",\"item\":\"https:\/\/www.erresse-shop.it\/es\/shop\/\"},{\"@type\":\"ListItem\",\"position\":3,\"name\":\"EMILE HENRY Molde para Baguette Grand Cru\"}]},{\"@type\":\"WebSite\",\"@id\":\"https:\/\/www.erresse-shop.it\/es\/#website\",\"url\":\"https:\/\/www.erresse-shop.it\/es\/\",\"name\":\"Erresse Shop\",\"description\":\"Articoli di qualit\u00e0 per la casa\",\"potentialAction\":[{\"@type\":\"SearchAction\",\"target\":{\"@type\":\"EntryPoint\",\"urlTemplate\":\"https:\/\/www.erresse-shop.it\/es\/?s={search_term_string}\"},\"query-input\":\"required name=search_term_string\"}],\"inLanguage\":\"es\"}]}<\/script>\n<!-- \/ Yoast SEO Premium plugin. -->","yoast_head_json":{"title":"EMILE HENRY Molde para Baguette Grand Cru - Erresse Shop","description":"Imposible no es una palabra francesa, as\u00ed que pensamos en un molde para baguette para que puedas crear el tuyo propio. \u00a1Oler\u00e1s el aroma del pan caliente","robots":{"index":"index","follow":"follow","max-snippet":"max-snippet:-1","max-image-preview":"max-image-preview:large","max-video-preview":"max-video-preview:-1"},"canonical":"https:\/\/www.erresse-shop.it\/es\/shop\/sartenes-y-ollas\/cocina-de-pan\/emile-henry-molde-para-baguette-grand-cru\/","og_locale":"es_ES","og_type":"article","og_title":"EMILE HENRY Molde para Baguette Grand Cru","og_description":"Imposible no es una palabra francesa, as\u00ed que pensamos en un molde para baguette para que puedas crear el tuyo propio. \u00a1Oler\u00e1s el aroma del pan caliente","og_url":"https:\/\/www.erresse-shop.it\/es\/shop\/sartenes-y-ollas\/cocina-de-pan\/emile-henry-molde-para-baguette-grand-cru\/","og_site_name":"Erresse Shop","article_modified_time":"2024-10-28T11:07:02+00:00","og_image":[{"width":1200,"height":1200,"url":"https:\/\/www.erresse-shop.it\/wp-content\/uploads\/2024\/10\/EMILE-HENRY-Stampo-Per-Baguette-Grand-Cru.jpg","type":"image\/jpeg"}],"twitter_card":"summary_large_image","schema":{"@context":"https:\/\/schema.org","@graph":[{"@type":"WebPage","@id":"https:\/\/www.erresse-shop.it\/es\/shop\/sartenes-y-ollas\/cocina-de-pan\/emile-henry-molde-para-baguette-grand-cru\/","url":"https:\/\/www.erresse-shop.it\/es\/shop\/sartenes-y-ollas\/cocina-de-pan\/emile-henry-molde-para-baguette-grand-cru\/","name":"EMILE HENRY Molde para Baguette Grand Cru - Erresse Shop","isPartOf":{"@id":"https:\/\/www.erresse-shop.it\/es\/#website"},"datePublished":"2024-10-04T12:08:38+00:00","dateModified":"2024-10-28T11:07:02+00:00","description":"Imposible no es una palabra francesa, as\u00ed que pensamos en un molde para baguette para que puedas crear el tuyo propio. \u00a1Oler\u00e1s el aroma del pan caliente","breadcrumb":{"@id":"https:\/\/www.erresse-shop.it\/es\/shop\/sartenes-y-ollas\/cocina-de-pan\/emile-henry-molde-para-baguette-grand-cru\/#breadcrumb"},"inLanguage":"es","potentialAction":[{"@type":"ReadAction","target":["https:\/\/www.erresse-shop.it\/es\/shop\/sartenes-y-ollas\/cocina-de-pan\/emile-henry-molde-para-baguette-grand-cru\/"]}]},{"@type":"BreadcrumbList","@id":"https:\/\/www.erresse-shop.it\/es\/shop\/sartenes-y-ollas\/cocina-de-pan\/emile-henry-molde-para-baguette-grand-cru\/#breadcrumb","itemListElement":[{"@type":"ListItem","position":1,"name":"Home","item":"https:\/\/www.erresse-shop.it\/es\/"},{"@type":"ListItem","position":2,"name":"Shop","item":"https:\/\/www.erresse-shop.it\/es\/shop\/"},{"@type":"ListItem","position":3,"name":"EMILE HENRY Molde para Baguette Grand Cru"}]},{"@type":"WebSite","@id":"https:\/\/www.erresse-shop.it\/es\/#website","url":"https:\/\/www.erresse-shop.it\/es\/","name":"Erresse Shop","description":"Articoli di qualit\u00e0 per la casa","potentialAction":[{"@type":"SearchAction","target":{"@type":"EntryPoint","urlTemplate":"https:\/\/www.erresse-shop.it\/es\/?s={search_term_string}"},"query-input":"required name=search_term_string"}],"inLanguage":"es"}]}},"df_price":105.22200000000001,"df_sale_price":105.22200000000001,"df_regular_price":134.9,"df_image_link":"https:\/\/www.erresse-shop.it\/wp-content\/uploads\/2024\/10\/EMILE-HENRY-Stampo-Per-Baguette-Grand-Cru-300x300.jpg","_links":{"self":[{"href":"https:\/\/www.erresse-shop.it\/es\/wp-json\/wp\/v2\/product\/436231"}],"collection":[{"href":"https:\/\/www.erresse-shop.it\/es\/wp-json\/wp\/v2\/product"}],"about":[{"href":"https:\/\/www.erresse-shop.it\/es\/wp-json\/wp\/v2\/types\/product"}],"wp:featuredmedia":[{"embeddable":true,"href":"https:\/\/www.erresse-shop.it\/es\/wp-json\/wp\/v2\/media\/436272"}],"wp:attachment":[{"href":"https:\/\/www.erresse-shop.it\/es\/wp-json\/wp\/v2\/media?parent=436231"}],"wp:term":[{"taxonomy":"product_cat","embeddable":true,"href":"https:\/\/www.erresse-shop.it\/es\/wp-json\/wp\/v2\/product_cat?post=436231"},{"taxonomy":"product_tag","embeddable":true,"href":"https:\/\/www.erresse-shop.it\/es\/wp-json\/wp\/v2\/product_tag?post=436231"}],"curies":[{"name":"wp","href":"https:\/\/api.w.org\/{rel}","templated":true}]}}