{"id":436209,"date":"2024-10-04T10:24:57","date_gmt":"2024-10-04T10:24:58","guid":{"rendered":"https:\/\/www.erresse-shop.it\/?post_type=product&#038;p=436209"},"modified":"2024-10-15T10:39:32","modified_gmt":"2024-10-15T10:39:32","slug":"villeroy-boch-marcadores-de-posicion-toys-delight-specials-30-cm","status":"publish","type":"product","link":"https:\/\/www.erresse-shop.it\/es\/shop\/tabla\/platos\/villeroy-boch-marcadores-de-posicion-toys-delight-specials-30-cm\/","title":{"rendered":"VILLEROY &#038; BOCH Marcadores de posici\u00f3n Toy&#8217;s Delight Specials 30 cm"},"content":{"rendered":"<p><strong>APTO PARA LAVAVAJILLAS<br \/>\nMaterial:<\/strong>porcelana de primera calidad<\/p>\n<p><strong>Mantel individual especial con adornos navide\u00f1os retro<\/strong><br \/>\nCon la colecci\u00f3n Toy&#8217;s Delight traer\u00e1s un ambiente navide\u00f1o nost\u00e1lgico a tu hogar. Esta porcelana est\u00e1 decorada con bonitos motivos rojos, verdes y blancos y evoca recuerdos de la infancia. Con su detallada decoraci\u00f3n, el plato marcador de posici\u00f3n a\u00f1ade un toque especial e inolvidable a cualquier mesa navide\u00f1a. Fabricado en Alemania: Decora tu hogar y tu mesa con estilo para celebraciones de grandes y peque\u00f1os.<\/p>\n","protected":false},"excerpt":{"rendered":"<p>APTO PARA LAVAVAJILLAS Material:porcelana de primera calidad Mantel individual especial con adornos navide\u00f1os retro Con la colecci\u00f3n Toy&#8217;s Delight traer\u00e1s<\/p>\n","protected":false},"featured_media":436217,"template":"","meta":{"_acf_changed":false,"inline_featured_image":false},"product_cat":[16031,16027],"product_tag":[16133,16409],"acf":[],"yoast_head":"<!-- This site is optimized with the Yoast SEO Premium plugin v18.6 (Yoast SEO v19.13) - https:\/\/yoast.com\/wordpress\/plugins\/seo\/ -->\n<title>VILLEROY &amp; BOCH Marcadores de posici\u00f3n Toy&#039;s Delight Specials 30 cm - Erresse Shop<\/title>\n<meta name=\"description\" content=\"APTO PARA LAVAVAJILLAS Material:porcelana de primera calidad Mantel individual especial con adornos navide\u00f1os retro Con la colecci\u00f3n Toy&#039;s Delight traer\u00e1s\" \/>\n<meta name=\"robots\" content=\"index, follow, max-snippet:-1, max-image-preview:large, max-video-preview:-1\" \/>\n<link rel=\"canonical\" href=\"https:\/\/www.erresse-shop.it\/es\/shop\/tabla\/platos\/villeroy-boch-marcadores-de-posicion-toys-delight-specials-30-cm\/\" \/>\n<meta property=\"og:locale\" content=\"es_ES\" \/>\n<meta property=\"og:type\" content=\"article\" \/>\n<meta property=\"og:title\" content=\"VILLEROY &amp; BOCH Marcadores de posici\u00f3n Toy&#039;s Delight Specials 30 cm\" \/>\n<meta property=\"og:description\" content=\"APTO PARA LAVAVAJILLAS Material:porcelana de primera calidad Mantel individual especial con adornos navide\u00f1os retro Con la colecci\u00f3n Toy&#039;s Delight traer\u00e1s\" \/>\n<meta property=\"og:url\" content=\"https:\/\/www.erresse-shop.it\/es\/shop\/tabla\/platos\/villeroy-boch-marcadores-de-posicion-toys-delight-specials-30-cm\/\" \/>\n<meta property=\"og:site_name\" content=\"Erresse Shop\" \/>\n<meta property=\"article:modified_time\" content=\"2024-10-15T10:39:32+00:00\" \/>\n<meta property=\"og:image\" content=\"https:\/\/www.erresse-shop.it\/wp-content\/uploads\/2024\/10\/VILLEROY-BOCH-Piatto-Segnaposto-Toys-Delight-Specials-30-cm.jpg\" \/>\n\t<meta property=\"og:image:width\" content=\"1200\" \/>\n\t<meta property=\"og:image:height\" content=\"1200\" \/>\n\t<meta property=\"og:image:type\" content=\"image\/jpeg\" \/>\n<meta name=\"twitter:card\" content=\"summary_large_image\" \/>\n<script type=\"application\/ld+json\" class=\"yoast-schema-graph\">{\"@context\":\"https:\/\/schema.org\",\"@graph\":[{\"@type\":\"WebPage\",\"@id\":\"https:\/\/www.erresse-shop.it\/es\/shop\/tabla\/platos\/villeroy-boch-marcadores-de-posicion-toys-delight-specials-30-cm\/\",\"url\":\"https:\/\/www.erresse-shop.it\/es\/shop\/tabla\/platos\/villeroy-boch-marcadores-de-posicion-toys-delight-specials-30-cm\/\",\"name\":\"VILLEROY & BOCH Marcadores de posici\u00f3n Toy's Delight Specials 30 cm - Erresse Shop\",\"isPartOf\":{\"@id\":\"https:\/\/www.erresse-shop.it\/es\/#website\"},\"datePublished\":\"2024-10-04T10:24:58+00:00\",\"dateModified\":\"2024-10-15T10:39:32+00:00\",\"description\":\"APTO PARA LAVAVAJILLAS Material:porcelana de primera calidad Mantel individual especial con adornos navide\u00f1os retro Con la colecci\u00f3n Toy's Delight traer\u00e1s\",\"breadcrumb\":{\"@id\":\"https:\/\/www.erresse-shop.it\/es\/shop\/tabla\/platos\/villeroy-boch-marcadores-de-posicion-toys-delight-specials-30-cm\/#breadcrumb\"},\"inLanguage\":\"es\",\"potentialAction\":[{\"@type\":\"ReadAction\",\"target\":[\"https:\/\/www.erresse-shop.it\/es\/shop\/tabla\/platos\/villeroy-boch-marcadores-de-posicion-toys-delight-specials-30-cm\/\"]}]},{\"@type\":\"BreadcrumbList\",\"@id\":\"https:\/\/www.erresse-shop.it\/es\/shop\/tabla\/platos\/villeroy-boch-marcadores-de-posicion-toys-delight-specials-30-cm\/#breadcrumb\",\"itemListElement\":[{\"@type\":\"ListItem\",\"position\":1,\"name\":\"Home\",\"item\":\"https:\/\/www.erresse-shop.it\/es\/\"},{\"@type\":\"ListItem\",\"position\":2,\"name\":\"Shop\",\"item\":\"https:\/\/www.erresse-shop.it\/es\/shop\/\"},{\"@type\":\"ListItem\",\"position\":3,\"name\":\"VILLEROY &#038; BOCH Marcadores de posici\u00f3n Toy&#8217;s Delight Specials 30 cm\"}]},{\"@type\":\"WebSite\",\"@id\":\"https:\/\/www.erresse-shop.it\/es\/#website\",\"url\":\"https:\/\/www.erresse-shop.it\/es\/\",\"name\":\"Erresse Shop\",\"description\":\"Articoli di qualit\u00e0 per la casa\",\"potentialAction\":[{\"@type\":\"SearchAction\",\"target\":{\"@type\":\"EntryPoint\",\"urlTemplate\":\"https:\/\/www.erresse-shop.it\/es\/?s={search_term_string}\"},\"query-input\":\"required name=search_term_string\"}],\"inLanguage\":\"es\"}]}<\/script>\n<!-- \/ Yoast SEO Premium plugin. -->","yoast_head_json":{"title":"VILLEROY & BOCH Marcadores de posici\u00f3n Toy's Delight Specials 30 cm - Erresse Shop","description":"APTO PARA LAVAVAJILLAS Material:porcelana de primera calidad Mantel individual especial con adornos navide\u00f1os retro Con la colecci\u00f3n Toy's Delight traer\u00e1s","robots":{"index":"index","follow":"follow","max-snippet":"max-snippet:-1","max-image-preview":"max-image-preview:large","max-video-preview":"max-video-preview:-1"},"canonical":"https:\/\/www.erresse-shop.it\/es\/shop\/tabla\/platos\/villeroy-boch-marcadores-de-posicion-toys-delight-specials-30-cm\/","og_locale":"es_ES","og_type":"article","og_title":"VILLEROY & BOCH Marcadores de posici\u00f3n Toy's Delight Specials 30 cm","og_description":"APTO PARA LAVAVAJILLAS Material:porcelana de primera calidad Mantel individual especial con adornos navide\u00f1os retro Con la colecci\u00f3n Toy's Delight traer\u00e1s","og_url":"https:\/\/www.erresse-shop.it\/es\/shop\/tabla\/platos\/villeroy-boch-marcadores-de-posicion-toys-delight-specials-30-cm\/","og_site_name":"Erresse Shop","article_modified_time":"2024-10-15T10:39:32+00:00","og_image":[{"width":1200,"height":1200,"url":"https:\/\/www.erresse-shop.it\/wp-content\/uploads\/2024\/10\/VILLEROY-BOCH-Piatto-Segnaposto-Toys-Delight-Specials-30-cm.jpg","type":"image\/jpeg"}],"twitter_card":"summary_large_image","schema":{"@context":"https:\/\/schema.org","@graph":[{"@type":"WebPage","@id":"https:\/\/www.erresse-shop.it\/es\/shop\/tabla\/platos\/villeroy-boch-marcadores-de-posicion-toys-delight-specials-30-cm\/","url":"https:\/\/www.erresse-shop.it\/es\/shop\/tabla\/platos\/villeroy-boch-marcadores-de-posicion-toys-delight-specials-30-cm\/","name":"VILLEROY & BOCH Marcadores de posici\u00f3n Toy's Delight Specials 30 cm - Erresse Shop","isPartOf":{"@id":"https:\/\/www.erresse-shop.it\/es\/#website"},"datePublished":"2024-10-04T10:24:58+00:00","dateModified":"2024-10-15T10:39:32+00:00","description":"APTO PARA LAVAVAJILLAS Material:porcelana de primera calidad Mantel individual especial con adornos navide\u00f1os retro Con la colecci\u00f3n Toy's Delight traer\u00e1s","breadcrumb":{"@id":"https:\/\/www.erresse-shop.it\/es\/shop\/tabla\/platos\/villeroy-boch-marcadores-de-posicion-toys-delight-specials-30-cm\/#breadcrumb"},"inLanguage":"es","potentialAction":[{"@type":"ReadAction","target":["https:\/\/www.erresse-shop.it\/es\/shop\/tabla\/platos\/villeroy-boch-marcadores-de-posicion-toys-delight-specials-30-cm\/"]}]},{"@type":"BreadcrumbList","@id":"https:\/\/www.erresse-shop.it\/es\/shop\/tabla\/platos\/villeroy-boch-marcadores-de-posicion-toys-delight-specials-30-cm\/#breadcrumb","itemListElement":[{"@type":"ListItem","position":1,"name":"Home","item":"https:\/\/www.erresse-shop.it\/es\/"},{"@type":"ListItem","position":2,"name":"Shop","item":"https:\/\/www.erresse-shop.it\/es\/shop\/"},{"@type":"ListItem","position":3,"name":"VILLEROY &#038; BOCH Marcadores de posici\u00f3n Toy&#8217;s Delight Specials 30 cm"}]},{"@type":"WebSite","@id":"https:\/\/www.erresse-shop.it\/es\/#website","url":"https:\/\/www.erresse-shop.it\/es\/","name":"Erresse Shop","description":"Articoli di qualit\u00e0 per la casa","potentialAction":[{"@type":"SearchAction","target":{"@type":"EntryPoint","urlTemplate":"https:\/\/www.erresse-shop.it\/es\/?s={search_term_string}"},"query-input":"required name=search_term_string"}],"inLanguage":"es"}]}},"df_price":19.95,"df_sale_price":19.95,"df_regular_price":39.9,"df_image_link":"https:\/\/www.erresse-shop.it\/wp-content\/uploads\/2024\/10\/VILLEROY-BOCH-Piatto-Segnaposto-Toys-Delight-Specials-30-cm-300x300.jpg","_links":{"self":[{"href":"https:\/\/www.erresse-shop.it\/es\/wp-json\/wp\/v2\/product\/436209"}],"collection":[{"href":"https:\/\/www.erresse-shop.it\/es\/wp-json\/wp\/v2\/product"}],"about":[{"href":"https:\/\/www.erresse-shop.it\/es\/wp-json\/wp\/v2\/types\/product"}],"wp:featuredmedia":[{"embeddable":true,"href":"https:\/\/www.erresse-shop.it\/es\/wp-json\/wp\/v2\/media\/436217"}],"wp:attachment":[{"href":"https:\/\/www.erresse-shop.it\/es\/wp-json\/wp\/v2\/media?parent=436209"}],"wp:term":[{"taxonomy":"product_cat","embeddable":true,"href":"https:\/\/www.erresse-shop.it\/es\/wp-json\/wp\/v2\/product_cat?post=436209"},{"taxonomy":"product_tag","embeddable":true,"href":"https:\/\/www.erresse-shop.it\/es\/wp-json\/wp\/v2\/product_tag?post=436209"}],"curies":[{"name":"wp","href":"https:\/\/api.w.org\/{rel}","templated":true}]}}