{"id":436182,"date":"2024-10-04T10:04:41","date_gmt":"2024-10-04T10:04:42","guid":{"rendered":"https:\/\/www.erresse-shop.it\/?post_type=product&#038;p=436182"},"modified":"2024-11-18T00:00:05","modified_gmt":"2024-11-18T00:00:05","slug":"villeroy-boch-toys-delight-la-petite-boule","status":"publish","type":"product","link":"https:\/\/www.erresse-shop.it\/es\/shop\/tabla\/platos\/villeroy-boch-toys-delight-la-petite-boule\/","title":{"rendered":"VILLEROY &#038; BOCH Toy&#8217;s Delight La Petite Boule"},"content":{"rendered":"<p><strong>APTO PARA LAVAVAJILLAS<br \/>\nMaterial:<\/strong>porcelana de primera calidad<\/p>\n<p><strong>Aperitivos y muebles en una combinaci\u00f3n elegante<\/strong><br \/>\nLa Boule es un objeto de dise\u00f1o ya profundamente arraigado en el ADN de Villeroy &amp; Boch e combina la fuerza de la marca V&#038;B con el saber hacer cer\u00e1mico y un dise\u00f1o ic\u00f3nico. Continuamos la historia de \u00e9xito con una &#8220;Familia ic\u00f3nica&#8221;: Toy&#8217;s Delight La petite Boule es la versi\u00f3n m\u00e1s peque\u00f1a de nuestros art\u00edculos de \u00e9xito La Boule memphis, black&amp;white, white and black y Toy&#8217;s Delight. A diferencia de La Boule, que combina comedor y mobiliario, la versi\u00f3n peque\u00f1a combina peque\u00f1os snacks y mobiliario. Adem\u00e1s de ser una exquisita pieza de colecci\u00f3n, Toy&#8217;s Delight La petite Boule es tambi\u00e9n la elecci\u00f3n perfecta para los conocedores del gusto refinado que buscan un regalo ideal para Navidad. Esta sofisticada creaci\u00f3n combina una funcionalidad de primera clase con un dise\u00f1o ic\u00f3nico y no s\u00f3lo atrae todas las miradas en la mesa navide\u00f1a, sino que tambi\u00e9n se convierte en un elemento destacado en cualquier decoraci\u00f3n navide\u00f1a con estilo. La peculiaridad de este juego de mesa es su f\u00e1cil transformaci\u00f3n en un \u00e1mbito art\u00edstico. El juego incluye cinco piezas, incluidos cuatro cuencos y un plato central, y est\u00e1 fabricado en porcelana de alta calidad fabricada en Alemania. Toy&#8217;s Delight La petite Boule encarna una elegancia atemporal y una calidad de primer nivel. \u00a1Consigue ya el innovador set de snacks! El conjunto consta de:<\/p>\n<p>2x Bol para salsa, 60 ml<br \/>\n2x Taz\u00f3n para servir, 220 ml<br \/>\n1x platillo<\/p>\n","protected":false},"excerpt":{"rendered":"<p>APTO PARA LAVAVAJILLAS Material:porcelana de primera calidad Aperitivos y muebles en una combinaci\u00f3n elegante La Boule es un objeto de<\/p>\n","protected":false},"featured_media":436190,"template":"","meta":{"_acf_changed":false,"inline_featured_image":false},"product_cat":[16031,16027],"product_tag":[17528,16133,16407],"acf":[],"yoast_head":"<!-- This site is optimized with the Yoast SEO Premium plugin v18.6 (Yoast SEO v19.13) - https:\/\/yoast.com\/wordpress\/plugins\/seo\/ -->\n<title>VILLEROY &amp; BOCH Toy&#039;s Delight La Petite Boule - Erresse Shop<\/title>\n<meta name=\"description\" content=\"APTO PARA LAVAVAJILLAS Material:porcelana de primera calidad Aperitivos y muebles en una combinaci\u00f3n elegante La Boule es un objeto de dise\u00f1o ya\" \/>\n<meta name=\"robots\" content=\"index, follow, max-snippet:-1, max-image-preview:large, max-video-preview:-1\" \/>\n<link rel=\"canonical\" href=\"https:\/\/www.erresse-shop.it\/es\/shop\/tabla\/platos\/villeroy-boch-toys-delight-la-petite-boule\/\" \/>\n<meta property=\"og:locale\" content=\"es_ES\" \/>\n<meta property=\"og:type\" content=\"article\" \/>\n<meta property=\"og:title\" content=\"VILLEROY &amp; BOCH Toy&#039;s Delight La Petite Boule\" \/>\n<meta property=\"og:description\" content=\"APTO PARA LAVAVAJILLAS Material:porcelana de primera calidad Aperitivos y muebles en una combinaci\u00f3n elegante La Boule es un objeto de dise\u00f1o ya\" \/>\n<meta property=\"og:url\" content=\"https:\/\/www.erresse-shop.it\/es\/shop\/tabla\/platos\/villeroy-boch-toys-delight-la-petite-boule\/\" \/>\n<meta property=\"og:site_name\" content=\"Erresse Shop\" \/>\n<meta property=\"article:modified_time\" content=\"2024-11-18T00:00:05+00:00\" \/>\n<meta property=\"og:image\" content=\"https:\/\/www.erresse-shop.it\/wp-content\/uploads\/2024\/10\/VILLEROY-BOCH-Toys-Delight-La-Petite-Boule.jpg\" \/>\n\t<meta property=\"og:image:width\" content=\"1200\" \/>\n\t<meta property=\"og:image:height\" content=\"1200\" \/>\n\t<meta property=\"og:image:type\" content=\"image\/jpeg\" \/>\n<meta name=\"twitter:card\" content=\"summary_large_image\" \/>\n<script type=\"application\/ld+json\" class=\"yoast-schema-graph\">{\"@context\":\"https:\/\/schema.org\",\"@graph\":[{\"@type\":\"WebPage\",\"@id\":\"https:\/\/www.erresse-shop.it\/es\/shop\/tabla\/platos\/villeroy-boch-toys-delight-la-petite-boule\/\",\"url\":\"https:\/\/www.erresse-shop.it\/es\/shop\/tabla\/platos\/villeroy-boch-toys-delight-la-petite-boule\/\",\"name\":\"VILLEROY & BOCH Toy's Delight La Petite Boule - Erresse Shop\",\"isPartOf\":{\"@id\":\"https:\/\/www.erresse-shop.it\/es\/#website\"},\"datePublished\":\"2024-10-04T10:04:42+00:00\",\"dateModified\":\"2024-11-18T00:00:05+00:00\",\"description\":\"APTO PARA LAVAVAJILLAS Material:porcelana de primera calidad Aperitivos y muebles en una combinaci\u00f3n elegante La Boule es un objeto de dise\u00f1o ya\",\"breadcrumb\":{\"@id\":\"https:\/\/www.erresse-shop.it\/es\/shop\/tabla\/platos\/villeroy-boch-toys-delight-la-petite-boule\/#breadcrumb\"},\"inLanguage\":\"es\",\"potentialAction\":[{\"@type\":\"ReadAction\",\"target\":[\"https:\/\/www.erresse-shop.it\/es\/shop\/tabla\/platos\/villeroy-boch-toys-delight-la-petite-boule\/\"]}]},{\"@type\":\"BreadcrumbList\",\"@id\":\"https:\/\/www.erresse-shop.it\/es\/shop\/tabla\/platos\/villeroy-boch-toys-delight-la-petite-boule\/#breadcrumb\",\"itemListElement\":[{\"@type\":\"ListItem\",\"position\":1,\"name\":\"Home\",\"item\":\"https:\/\/www.erresse-shop.it\/es\/\"},{\"@type\":\"ListItem\",\"position\":2,\"name\":\"Shop\",\"item\":\"https:\/\/www.erresse-shop.it\/es\/shop\/\"},{\"@type\":\"ListItem\",\"position\":3,\"name\":\"VILLEROY &#038; BOCH Toy&#8217;s Delight La Petite Boule\"}]},{\"@type\":\"WebSite\",\"@id\":\"https:\/\/www.erresse-shop.it\/es\/#website\",\"url\":\"https:\/\/www.erresse-shop.it\/es\/\",\"name\":\"Erresse Shop\",\"description\":\"Articoli di qualit\u00e0 per la casa\",\"potentialAction\":[{\"@type\":\"SearchAction\",\"target\":{\"@type\":\"EntryPoint\",\"urlTemplate\":\"https:\/\/www.erresse-shop.it\/es\/?s={search_term_string}\"},\"query-input\":\"required name=search_term_string\"}],\"inLanguage\":\"es\"}]}<\/script>\n<!-- \/ Yoast SEO Premium plugin. -->","yoast_head_json":{"title":"VILLEROY & BOCH Toy's Delight La Petite Boule - Erresse Shop","description":"APTO PARA LAVAVAJILLAS Material:porcelana de primera calidad Aperitivos y muebles en una combinaci\u00f3n elegante La Boule es un objeto de dise\u00f1o ya","robots":{"index":"index","follow":"follow","max-snippet":"max-snippet:-1","max-image-preview":"max-image-preview:large","max-video-preview":"max-video-preview:-1"},"canonical":"https:\/\/www.erresse-shop.it\/es\/shop\/tabla\/platos\/villeroy-boch-toys-delight-la-petite-boule\/","og_locale":"es_ES","og_type":"article","og_title":"VILLEROY & BOCH Toy's Delight La Petite Boule","og_description":"APTO PARA LAVAVAJILLAS Material:porcelana de primera calidad Aperitivos y muebles en una combinaci\u00f3n elegante La Boule es un objeto de dise\u00f1o ya","og_url":"https:\/\/www.erresse-shop.it\/es\/shop\/tabla\/platos\/villeroy-boch-toys-delight-la-petite-boule\/","og_site_name":"Erresse Shop","article_modified_time":"2024-11-18T00:00:05+00:00","og_image":[{"width":1200,"height":1200,"url":"https:\/\/www.erresse-shop.it\/wp-content\/uploads\/2024\/10\/VILLEROY-BOCH-Toys-Delight-La-Petite-Boule.jpg","type":"image\/jpeg"}],"twitter_card":"summary_large_image","schema":{"@context":"https:\/\/schema.org","@graph":[{"@type":"WebPage","@id":"https:\/\/www.erresse-shop.it\/es\/shop\/tabla\/platos\/villeroy-boch-toys-delight-la-petite-boule\/","url":"https:\/\/www.erresse-shop.it\/es\/shop\/tabla\/platos\/villeroy-boch-toys-delight-la-petite-boule\/","name":"VILLEROY & BOCH Toy's Delight La Petite Boule - Erresse Shop","isPartOf":{"@id":"https:\/\/www.erresse-shop.it\/es\/#website"},"datePublished":"2024-10-04T10:04:42+00:00","dateModified":"2024-11-18T00:00:05+00:00","description":"APTO PARA LAVAVAJILLAS Material:porcelana de primera calidad Aperitivos y muebles en una combinaci\u00f3n elegante La Boule es un objeto de dise\u00f1o ya","breadcrumb":{"@id":"https:\/\/www.erresse-shop.it\/es\/shop\/tabla\/platos\/villeroy-boch-toys-delight-la-petite-boule\/#breadcrumb"},"inLanguage":"es","potentialAction":[{"@type":"ReadAction","target":["https:\/\/www.erresse-shop.it\/es\/shop\/tabla\/platos\/villeroy-boch-toys-delight-la-petite-boule\/"]}]},{"@type":"BreadcrumbList","@id":"https:\/\/www.erresse-shop.it\/es\/shop\/tabla\/platos\/villeroy-boch-toys-delight-la-petite-boule\/#breadcrumb","itemListElement":[{"@type":"ListItem","position":1,"name":"Home","item":"https:\/\/www.erresse-shop.it\/es\/"},{"@type":"ListItem","position":2,"name":"Shop","item":"https:\/\/www.erresse-shop.it\/es\/shop\/"},{"@type":"ListItem","position":3,"name":"VILLEROY &#038; BOCH Toy&#8217;s Delight La Petite Boule"}]},{"@type":"WebSite","@id":"https:\/\/www.erresse-shop.it\/es\/#website","url":"https:\/\/www.erresse-shop.it\/es\/","name":"Erresse Shop","description":"Articoli di qualit\u00e0 per la casa","potentialAction":[{"@type":"SearchAction","target":{"@type":"EntryPoint","urlTemplate":"https:\/\/www.erresse-shop.it\/es\/?s={search_term_string}"},"query-input":"required name=search_term_string"}],"inLanguage":"es"}]}},"df_price":99.5,"df_sale_price":99.5,"df_regular_price":199,"df_image_link":"https:\/\/www.erresse-shop.it\/wp-content\/uploads\/2024\/10\/VILLEROY-BOCH-Toys-Delight-La-Petite-Boule-300x300.jpg","_links":{"self":[{"href":"https:\/\/www.erresse-shop.it\/es\/wp-json\/wp\/v2\/product\/436182"}],"collection":[{"href":"https:\/\/www.erresse-shop.it\/es\/wp-json\/wp\/v2\/product"}],"about":[{"href":"https:\/\/www.erresse-shop.it\/es\/wp-json\/wp\/v2\/types\/product"}],"wp:featuredmedia":[{"embeddable":true,"href":"https:\/\/www.erresse-shop.it\/es\/wp-json\/wp\/v2\/media\/436190"}],"wp:attachment":[{"href":"https:\/\/www.erresse-shop.it\/es\/wp-json\/wp\/v2\/media?parent=436182"}],"wp:term":[{"taxonomy":"product_cat","embeddable":true,"href":"https:\/\/www.erresse-shop.it\/es\/wp-json\/wp\/v2\/product_cat?post=436182"},{"taxonomy":"product_tag","embeddable":true,"href":"https:\/\/www.erresse-shop.it\/es\/wp-json\/wp\/v2\/product_tag?post=436182"}],"curies":[{"name":"wp","href":"https:\/\/api.w.org\/{rel}","templated":true}]}}