{"id":436162,"date":"2024-10-04T09:52:07","date_gmt":"2024-10-04T09:52:08","guid":{"rendered":"https:\/\/www.erresse-shop.it\/?post_type=product&#038;p=436162"},"modified":"2024-11-21T10:10:31","modified_gmt":"2024-11-21T10:10:31","slug":"villeroy-boch-set-de-6-platos-llanos-toys-delight-specials-23-cm-blanco","status":"publish","type":"product","link":"https:\/\/www.erresse-shop.it\/es\/shop\/tabla\/platos\/villeroy-boch-set-de-6-platos-llanos-toys-delight-specials-23-cm-blanco\/","title":{"rendered":"LES JARDINS DE LA COMTESSE Set de 4 platos de postre Capri de 23 cm"},"content":{"rendered":"<div>\u00bfBuscas platos bonitos para presentar aperitivos y postres? Opte por la c\u00e1lida colecci\u00f3n de melamina &#8220;Capri&#8221;.<\/div>\n<div>Inspirados en la belleza de un jard\u00edn de la costa mediterr\u00e1nea, estos peque\u00f1os platos de colores brillantes alegrar\u00e1n tu mesa y aportar\u00e1n un poco de sol a tus comidas.<\/div>\n<div>Tan hermoso como una vajilla de cer\u00e1mica, este plato redondo de 23 cm est\u00e1 hecho de melamina pura, por lo que es muy resistente a los impactos. Estos platos peque\u00f1os son ideales para llevar de picnic.<\/div>\n<div>La colecci\u00f3n MelARTmine te ofrece toda una gama de vajillas con un dise\u00f1o original y colorido y formas modernas para embellecer tus mesas.<\/div>\n<div><\/div>\n<div>Puedes lavar el plato a mano o en el lavavajillas.<\/div>\n<div>Para conservarlo el mayor tiempo posible, es preferible no utilizar cuchillos con dientes afilados para evitar rayar el material.<\/div>\n<div>Plancha alisadora sin BPA garantizada<\/div>\n<div><\/div>\n<div>Material: 100% melamina<\/div>\n","protected":false},"excerpt":{"rendered":"<p>\u00bfBuscas platos bonitos para presentar aperitivos y postres? Opte por la c\u00e1lida colecci\u00f3n de melamina &#8220;Capri&#8221;. Inspirados en la belleza<\/p>\n","protected":false},"featured_media":450143,"template":"","meta":{"_acf_changed":false,"inline_featured_image":false},"product_cat":[16031,16027],"product_tag":[20878,21972,16133,16718,16444,19362,16403],"acf":[],"yoast_head":"<!-- This site is optimized with the Yoast SEO Premium plugin v18.6 (Yoast SEO v19.13) - https:\/\/yoast.com\/wordpress\/plugins\/seo\/ -->\n<title>LES JARDINS DE LA COMTESSE Set de 4 platos de postre Capri de 23 cm - Erresse Shop<\/title>\n<meta name=\"description\" content=\"\u00bfBuscas platos bonitos para presentar aperitivos y postres? Opte por la c\u00e1lida colecci\u00f3n de melamina &quot;Capri&quot;. Inspirados en la belleza de un jard\u00edn de la\" \/>\n<meta name=\"robots\" content=\"index, follow, max-snippet:-1, max-image-preview:large, max-video-preview:-1\" \/>\n<link rel=\"canonical\" href=\"https:\/\/www.erresse-shop.it\/es\/shop\/tabla\/platos\/villeroy-boch-set-de-6-platos-llanos-toys-delight-specials-23-cm-blanco\/\" \/>\n<meta property=\"og:locale\" content=\"es_ES\" \/>\n<meta property=\"og:type\" content=\"article\" \/>\n<meta property=\"og:title\" content=\"LES JARDINS DE LA COMTESSE Set de 4 platos de postre Capri de 23 cm\" \/>\n<meta property=\"og:description\" content=\"\u00bfBuscas platos bonitos para presentar aperitivos y postres? Opte por la c\u00e1lida colecci\u00f3n de melamina &quot;Capri&quot;. Inspirados en la belleza de un jard\u00edn de la\" \/>\n<meta property=\"og:url\" content=\"https:\/\/www.erresse-shop.it\/es\/shop\/tabla\/platos\/villeroy-boch-set-de-6-platos-llanos-toys-delight-specials-23-cm-blanco\/\" \/>\n<meta property=\"og:site_name\" content=\"Erresse Shop\" \/>\n<meta property=\"article:modified_time\" content=\"2024-11-21T10:10:31+00:00\" \/>\n<meta property=\"og:image\" content=\"https:\/\/www.erresse-shop.it\/wp-content\/uploads\/2024\/10\/LES-JARDINS-DE-LA-COMTESSE-Set-4-Piatti-Dessert-Capri-23-cm.jpg\" \/>\n\t<meta property=\"og:image:width\" content=\"1200\" \/>\n\t<meta property=\"og:image:height\" content=\"1200\" \/>\n\t<meta property=\"og:image:type\" content=\"image\/jpeg\" \/>\n<meta name=\"twitter:card\" content=\"summary_large_image\" \/>\n<script type=\"application\/ld+json\" class=\"yoast-schema-graph\">{\"@context\":\"https:\/\/schema.org\",\"@graph\":[{\"@type\":\"WebPage\",\"@id\":\"https:\/\/www.erresse-shop.it\/es\/shop\/tabla\/platos\/villeroy-boch-set-de-6-platos-llanos-toys-delight-specials-23-cm-blanco\/\",\"url\":\"https:\/\/www.erresse-shop.it\/es\/shop\/tabla\/platos\/villeroy-boch-set-de-6-platos-llanos-toys-delight-specials-23-cm-blanco\/\",\"name\":\"LES JARDINS DE LA COMTESSE Set de 4 platos de postre Capri de 23 cm - Erresse Shop\",\"isPartOf\":{\"@id\":\"https:\/\/www.erresse-shop.it\/es\/#website\"},\"datePublished\":\"2024-10-04T09:52:08+00:00\",\"dateModified\":\"2024-11-21T10:10:31+00:00\",\"description\":\"\u00bfBuscas platos bonitos para presentar aperitivos y postres? Opte por la c\u00e1lida colecci\u00f3n de melamina \\\"Capri\\\". Inspirados en la belleza de un jard\u00edn de la\",\"breadcrumb\":{\"@id\":\"https:\/\/www.erresse-shop.it\/es\/shop\/tabla\/platos\/villeroy-boch-set-de-6-platos-llanos-toys-delight-specials-23-cm-blanco\/#breadcrumb\"},\"inLanguage\":\"es\",\"potentialAction\":[{\"@type\":\"ReadAction\",\"target\":[\"https:\/\/www.erresse-shop.it\/es\/shop\/tabla\/platos\/villeroy-boch-set-de-6-platos-llanos-toys-delight-specials-23-cm-blanco\/\"]}]},{\"@type\":\"BreadcrumbList\",\"@id\":\"https:\/\/www.erresse-shop.it\/es\/shop\/tabla\/platos\/villeroy-boch-set-de-6-platos-llanos-toys-delight-specials-23-cm-blanco\/#breadcrumb\",\"itemListElement\":[{\"@type\":\"ListItem\",\"position\":1,\"name\":\"Home\",\"item\":\"https:\/\/www.erresse-shop.it\/es\/\"},{\"@type\":\"ListItem\",\"position\":2,\"name\":\"Shop\",\"item\":\"https:\/\/www.erresse-shop.it\/es\/shop\/\"},{\"@type\":\"ListItem\",\"position\":3,\"name\":\"LES JARDINS DE LA COMTESSE Set de 4 platos de postre Capri de 23 cm\"}]},{\"@type\":\"WebSite\",\"@id\":\"https:\/\/www.erresse-shop.it\/es\/#website\",\"url\":\"https:\/\/www.erresse-shop.it\/es\/\",\"name\":\"Erresse Shop\",\"description\":\"Articoli di qualit\u00e0 per la casa\",\"potentialAction\":[{\"@type\":\"SearchAction\",\"target\":{\"@type\":\"EntryPoint\",\"urlTemplate\":\"https:\/\/www.erresse-shop.it\/es\/?s={search_term_string}\"},\"query-input\":\"required name=search_term_string\"}],\"inLanguage\":\"es\"}]}<\/script>\n<!-- \/ Yoast SEO Premium plugin. -->","yoast_head_json":{"title":"LES JARDINS DE LA COMTESSE Set de 4 platos de postre Capri de 23 cm - Erresse Shop","description":"\u00bfBuscas platos bonitos para presentar aperitivos y postres? Opte por la c\u00e1lida colecci\u00f3n de melamina \"Capri\". Inspirados en la belleza de un jard\u00edn de la","robots":{"index":"index","follow":"follow","max-snippet":"max-snippet:-1","max-image-preview":"max-image-preview:large","max-video-preview":"max-video-preview:-1"},"canonical":"https:\/\/www.erresse-shop.it\/es\/shop\/tabla\/platos\/villeroy-boch-set-de-6-platos-llanos-toys-delight-specials-23-cm-blanco\/","og_locale":"es_ES","og_type":"article","og_title":"LES JARDINS DE LA COMTESSE Set de 4 platos de postre Capri de 23 cm","og_description":"\u00bfBuscas platos bonitos para presentar aperitivos y postres? Opte por la c\u00e1lida colecci\u00f3n de melamina \"Capri\". Inspirados en la belleza de un jard\u00edn de la","og_url":"https:\/\/www.erresse-shop.it\/es\/shop\/tabla\/platos\/villeroy-boch-set-de-6-platos-llanos-toys-delight-specials-23-cm-blanco\/","og_site_name":"Erresse Shop","article_modified_time":"2024-11-21T10:10:31+00:00","og_image":[{"width":1200,"height":1200,"url":"https:\/\/www.erresse-shop.it\/wp-content\/uploads\/2024\/10\/LES-JARDINS-DE-LA-COMTESSE-Set-4-Piatti-Dessert-Capri-23-cm.jpg","type":"image\/jpeg"}],"twitter_card":"summary_large_image","schema":{"@context":"https:\/\/schema.org","@graph":[{"@type":"WebPage","@id":"https:\/\/www.erresse-shop.it\/es\/shop\/tabla\/platos\/villeroy-boch-set-de-6-platos-llanos-toys-delight-specials-23-cm-blanco\/","url":"https:\/\/www.erresse-shop.it\/es\/shop\/tabla\/platos\/villeroy-boch-set-de-6-platos-llanos-toys-delight-specials-23-cm-blanco\/","name":"LES JARDINS DE LA COMTESSE Set de 4 platos de postre Capri de 23 cm - Erresse Shop","isPartOf":{"@id":"https:\/\/www.erresse-shop.it\/es\/#website"},"datePublished":"2024-10-04T09:52:08+00:00","dateModified":"2024-11-21T10:10:31+00:00","description":"\u00bfBuscas platos bonitos para presentar aperitivos y postres? Opte por la c\u00e1lida colecci\u00f3n de melamina \"Capri\". Inspirados en la belleza de un jard\u00edn de la","breadcrumb":{"@id":"https:\/\/www.erresse-shop.it\/es\/shop\/tabla\/platos\/villeroy-boch-set-de-6-platos-llanos-toys-delight-specials-23-cm-blanco\/#breadcrumb"},"inLanguage":"es","potentialAction":[{"@type":"ReadAction","target":["https:\/\/www.erresse-shop.it\/es\/shop\/tabla\/platos\/villeroy-boch-set-de-6-platos-llanos-toys-delight-specials-23-cm-blanco\/"]}]},{"@type":"BreadcrumbList","@id":"https:\/\/www.erresse-shop.it\/es\/shop\/tabla\/platos\/villeroy-boch-set-de-6-platos-llanos-toys-delight-specials-23-cm-blanco\/#breadcrumb","itemListElement":[{"@type":"ListItem","position":1,"name":"Home","item":"https:\/\/www.erresse-shop.it\/es\/"},{"@type":"ListItem","position":2,"name":"Shop","item":"https:\/\/www.erresse-shop.it\/es\/shop\/"},{"@type":"ListItem","position":3,"name":"LES JARDINS DE LA COMTESSE Set de 4 platos de postre Capri de 23 cm"}]},{"@type":"WebSite","@id":"https:\/\/www.erresse-shop.it\/es\/#website","url":"https:\/\/www.erresse-shop.it\/es\/","name":"Erresse Shop","description":"Articoli di qualit\u00e0 per la casa","potentialAction":[{"@type":"SearchAction","target":{"@type":"EntryPoint","urlTemplate":"https:\/\/www.erresse-shop.it\/es\/?s={search_term_string}"},"query-input":"required name=search_term_string"}],"inLanguage":"es"}]}},"df_price":32.95,"df_sale_price":32.95,"df_regular_price":42.72,"df_image_link":"https:\/\/www.erresse-shop.it\/wp-content\/uploads\/2024\/10\/LES-JARDINS-DE-LA-COMTESSE-Set-4-Piatti-Dessert-Capri-23-cm-300x300.jpg","_links":{"self":[{"href":"https:\/\/www.erresse-shop.it\/es\/wp-json\/wp\/v2\/product\/436162"}],"collection":[{"href":"https:\/\/www.erresse-shop.it\/es\/wp-json\/wp\/v2\/product"}],"about":[{"href":"https:\/\/www.erresse-shop.it\/es\/wp-json\/wp\/v2\/types\/product"}],"wp:featuredmedia":[{"embeddable":true,"href":"https:\/\/www.erresse-shop.it\/es\/wp-json\/wp\/v2\/media\/450143"}],"wp:attachment":[{"href":"https:\/\/www.erresse-shop.it\/es\/wp-json\/wp\/v2\/media?parent=436162"}],"wp:term":[{"taxonomy":"product_cat","embeddable":true,"href":"https:\/\/www.erresse-shop.it\/es\/wp-json\/wp\/v2\/product_cat?post=436162"},{"taxonomy":"product_tag","embeddable":true,"href":"https:\/\/www.erresse-shop.it\/es\/wp-json\/wp\/v2\/product_tag?post=436162"}],"curies":[{"name":"wp","href":"https:\/\/api.w.org\/{rel}","templated":true}]}}