{"id":436129,"date":"2024-10-04T09:13:01","date_gmt":"2024-10-04T09:13:02","guid":{"rendered":"https:\/\/www.erresse-shop.it\/?post_type=product&#038;p=436129"},"modified":"2024-10-17T06:44:57","modified_gmt":"2024-10-17T06:44:57","slug":"joseph-joseph-eco-liners-iw5-bolsas-de-basura-de-40-litros","status":"publish","type":"product","link":"https:\/\/www.erresse-shop.it\/es\/shop\/mobiliario\/cubos-de-basura\/joseph-joseph-eco-liners-iw5-bolsas-de-basura-de-40-litros\/","title":{"rendered":"JOSEPH JOSEPH ECO Liners IW5 Bolsas de basura de 40 litros"},"content":{"rendered":"<p>Estas fundas hechas a medida est\u00e1n fabricadas con un m\u00ednimo de 70 % de pl\u00e1stico reciclado procedente de residuos posconsumo. Tienen una estructura muy resistente y est\u00e1n equipadas con cordones para facilitar el cierre. Al elegirlas en lugar de las bolsas de pl\u00e1stico normales, obtendr\u00e1s la opci\u00f3n perfecta para tu contenedor IntelligentWaste, ayudar\u00e1s a limitar el uso de combustibles f\u00f3siles y reducir\u00e1s la cantidad de pl\u00e1stico virgen que acaba en los vertederos. Dise\u00f1ado para usarse con los siguientes contenedores Joseph Joseph: Titan 20 y Porta\u2122.<\/p>\n<ul>\n<li>Dise\u00f1ado para Titan 20 y Porta\u2122<\/li>\n<li>Fabricado con un m\u00ednimo de 70 % de pl\u00e1stico reciclado procedente de residuos posconsumo<\/li>\n<li>Estructura extra resistente<\/li>\n<li>Cord\u00f3n para un f\u00e1cil cierre<\/li>\n<li>Capacidad: 40 litros (10,6 galones estadounidenses). Puede contener hasta 60 litros de residuos compactados con un compactador Titan 20.<\/li>\n<li>Un solo paquete incluye 20 bolsas<\/li>\n<\/ul>\n<p><strong>Cuidado y uso:<\/strong><\/p>\n<ul>\n<li>Advertencia: Las bolsas de pl\u00e1stico pueden ser peligrosas. Para evitar el riesgo de asfixia, mantenga las bolsas fuera del alcance de beb\u00e9s y ni\u00f1os.<\/li>\n<\/ul>\n<p>&nbsp;<\/p>\n","protected":false},"excerpt":{"rendered":"<p>Estas fundas hechas a medida est\u00e1n fabricadas con un m\u00ednimo de 70 % de pl\u00e1stico reciclado procedente de residuos posconsumo.<\/p>\n","protected":false},"featured_media":436137,"template":"","meta":{"_acf_changed":false,"inline_featured_image":false},"product_cat":[16021,16016],"product_tag":[25029,21557,21560,21559,21232,21233,21230],"acf":[],"yoast_head":"<!-- This site is optimized with the Yoast SEO Premium plugin v18.6 (Yoast SEO v19.13) - https:\/\/yoast.com\/wordpress\/plugins\/seo\/ -->\n<title>JOSEPH JOSEPH ECO Liners IW5 Bolsas de basura de 40 litros - Erresse Shop<\/title>\n<meta name=\"description\" content=\"Estas fundas hechas a medida est\u00e1n fabricadas con un m\u00ednimo de 70 % de pl\u00e1stico reciclado procedente de residuos posconsumo. Tienen una estructura muy\" \/>\n<meta name=\"robots\" content=\"index, follow, max-snippet:-1, max-image-preview:large, max-video-preview:-1\" \/>\n<link rel=\"canonical\" href=\"https:\/\/www.erresse-shop.it\/es\/shop\/mobiliario\/cubos-de-basura\/joseph-joseph-eco-liners-iw5-bolsas-de-basura-de-40-litros\/\" \/>\n<meta property=\"og:locale\" content=\"es_ES\" \/>\n<meta property=\"og:type\" content=\"article\" \/>\n<meta property=\"og:title\" content=\"JOSEPH JOSEPH ECO Liners IW5 Bolsas de basura de 40 litros\" \/>\n<meta property=\"og:description\" content=\"Estas fundas hechas a medida est\u00e1n fabricadas con un m\u00ednimo de 70 % de pl\u00e1stico reciclado procedente de residuos posconsumo. Tienen una estructura muy\" \/>\n<meta property=\"og:url\" content=\"https:\/\/www.erresse-shop.it\/es\/shop\/mobiliario\/cubos-de-basura\/joseph-joseph-eco-liners-iw5-bolsas-de-basura-de-40-litros\/\" \/>\n<meta property=\"og:site_name\" content=\"Erresse Shop\" \/>\n<meta property=\"article:modified_time\" content=\"2024-10-17T06:44:57+00:00\" \/>\n<meta property=\"og:image\" content=\"https:\/\/www.erresse-shop.it\/wp-content\/uploads\/2024\/10\/JOSEPH-JOSEPH-ECO-Liners-Sacchi-per-Rifiuti-IW5-da-40-litri.jpg\" \/>\n\t<meta property=\"og:image:width\" content=\"1200\" \/>\n\t<meta property=\"og:image:height\" content=\"1200\" \/>\n\t<meta property=\"og:image:type\" content=\"image\/jpeg\" \/>\n<meta name=\"twitter:card\" content=\"summary_large_image\" \/>\n<script type=\"application\/ld+json\" class=\"yoast-schema-graph\">{\"@context\":\"https:\/\/schema.org\",\"@graph\":[{\"@type\":\"WebPage\",\"@id\":\"https:\/\/www.erresse-shop.it\/es\/shop\/mobiliario\/cubos-de-basura\/joseph-joseph-eco-liners-iw5-bolsas-de-basura-de-40-litros\/\",\"url\":\"https:\/\/www.erresse-shop.it\/es\/shop\/mobiliario\/cubos-de-basura\/joseph-joseph-eco-liners-iw5-bolsas-de-basura-de-40-litros\/\",\"name\":\"JOSEPH JOSEPH ECO Liners IW5 Bolsas de basura de 40 litros - Erresse Shop\",\"isPartOf\":{\"@id\":\"https:\/\/www.erresse-shop.it\/es\/#website\"},\"datePublished\":\"2024-10-04T09:13:02+00:00\",\"dateModified\":\"2024-10-17T06:44:57+00:00\",\"description\":\"Estas fundas hechas a medida est\u00e1n fabricadas con un m\u00ednimo de 70 % de pl\u00e1stico reciclado procedente de residuos posconsumo. Tienen una estructura muy\",\"breadcrumb\":{\"@id\":\"https:\/\/www.erresse-shop.it\/es\/shop\/mobiliario\/cubos-de-basura\/joseph-joseph-eco-liners-iw5-bolsas-de-basura-de-40-litros\/#breadcrumb\"},\"inLanguage\":\"es\",\"potentialAction\":[{\"@type\":\"ReadAction\",\"target\":[\"https:\/\/www.erresse-shop.it\/es\/shop\/mobiliario\/cubos-de-basura\/joseph-joseph-eco-liners-iw5-bolsas-de-basura-de-40-litros\/\"]}]},{\"@type\":\"BreadcrumbList\",\"@id\":\"https:\/\/www.erresse-shop.it\/es\/shop\/mobiliario\/cubos-de-basura\/joseph-joseph-eco-liners-iw5-bolsas-de-basura-de-40-litros\/#breadcrumb\",\"itemListElement\":[{\"@type\":\"ListItem\",\"position\":1,\"name\":\"Home\",\"item\":\"https:\/\/www.erresse-shop.it\/es\/\"},{\"@type\":\"ListItem\",\"position\":2,\"name\":\"Shop\",\"item\":\"https:\/\/www.erresse-shop.it\/es\/shop\/\"},{\"@type\":\"ListItem\",\"position\":3,\"name\":\"JOSEPH JOSEPH ECO Liners IW5 Bolsas de basura de 40 litros\"}]},{\"@type\":\"WebSite\",\"@id\":\"https:\/\/www.erresse-shop.it\/es\/#website\",\"url\":\"https:\/\/www.erresse-shop.it\/es\/\",\"name\":\"Erresse Shop\",\"description\":\"Articoli di qualit\u00e0 per la casa\",\"potentialAction\":[{\"@type\":\"SearchAction\",\"target\":{\"@type\":\"EntryPoint\",\"urlTemplate\":\"https:\/\/www.erresse-shop.it\/es\/?s={search_term_string}\"},\"query-input\":\"required name=search_term_string\"}],\"inLanguage\":\"es\"}]}<\/script>\n<!-- \/ Yoast SEO Premium plugin. -->","yoast_head_json":{"title":"JOSEPH JOSEPH ECO Liners IW5 Bolsas de basura de 40 litros - Erresse Shop","description":"Estas fundas hechas a medida est\u00e1n fabricadas con un m\u00ednimo de 70 % de pl\u00e1stico reciclado procedente de residuos posconsumo. Tienen una estructura muy","robots":{"index":"index","follow":"follow","max-snippet":"max-snippet:-1","max-image-preview":"max-image-preview:large","max-video-preview":"max-video-preview:-1"},"canonical":"https:\/\/www.erresse-shop.it\/es\/shop\/mobiliario\/cubos-de-basura\/joseph-joseph-eco-liners-iw5-bolsas-de-basura-de-40-litros\/","og_locale":"es_ES","og_type":"article","og_title":"JOSEPH JOSEPH ECO Liners IW5 Bolsas de basura de 40 litros","og_description":"Estas fundas hechas a medida est\u00e1n fabricadas con un m\u00ednimo de 70 % de pl\u00e1stico reciclado procedente de residuos posconsumo. Tienen una estructura muy","og_url":"https:\/\/www.erresse-shop.it\/es\/shop\/mobiliario\/cubos-de-basura\/joseph-joseph-eco-liners-iw5-bolsas-de-basura-de-40-litros\/","og_site_name":"Erresse Shop","article_modified_time":"2024-10-17T06:44:57+00:00","og_image":[{"width":1200,"height":1200,"url":"https:\/\/www.erresse-shop.it\/wp-content\/uploads\/2024\/10\/JOSEPH-JOSEPH-ECO-Liners-Sacchi-per-Rifiuti-IW5-da-40-litri.jpg","type":"image\/jpeg"}],"twitter_card":"summary_large_image","schema":{"@context":"https:\/\/schema.org","@graph":[{"@type":"WebPage","@id":"https:\/\/www.erresse-shop.it\/es\/shop\/mobiliario\/cubos-de-basura\/joseph-joseph-eco-liners-iw5-bolsas-de-basura-de-40-litros\/","url":"https:\/\/www.erresse-shop.it\/es\/shop\/mobiliario\/cubos-de-basura\/joseph-joseph-eco-liners-iw5-bolsas-de-basura-de-40-litros\/","name":"JOSEPH JOSEPH ECO Liners IW5 Bolsas de basura de 40 litros - Erresse Shop","isPartOf":{"@id":"https:\/\/www.erresse-shop.it\/es\/#website"},"datePublished":"2024-10-04T09:13:02+00:00","dateModified":"2024-10-17T06:44:57+00:00","description":"Estas fundas hechas a medida est\u00e1n fabricadas con un m\u00ednimo de 70 % de pl\u00e1stico reciclado procedente de residuos posconsumo. Tienen una estructura muy","breadcrumb":{"@id":"https:\/\/www.erresse-shop.it\/es\/shop\/mobiliario\/cubos-de-basura\/joseph-joseph-eco-liners-iw5-bolsas-de-basura-de-40-litros\/#breadcrumb"},"inLanguage":"es","potentialAction":[{"@type":"ReadAction","target":["https:\/\/www.erresse-shop.it\/es\/shop\/mobiliario\/cubos-de-basura\/joseph-joseph-eco-liners-iw5-bolsas-de-basura-de-40-litros\/"]}]},{"@type":"BreadcrumbList","@id":"https:\/\/www.erresse-shop.it\/es\/shop\/mobiliario\/cubos-de-basura\/joseph-joseph-eco-liners-iw5-bolsas-de-basura-de-40-litros\/#breadcrumb","itemListElement":[{"@type":"ListItem","position":1,"name":"Home","item":"https:\/\/www.erresse-shop.it\/es\/"},{"@type":"ListItem","position":2,"name":"Shop","item":"https:\/\/www.erresse-shop.it\/es\/shop\/"},{"@type":"ListItem","position":3,"name":"JOSEPH JOSEPH ECO Liners IW5 Bolsas de basura de 40 litros"}]},{"@type":"WebSite","@id":"https:\/\/www.erresse-shop.it\/es\/#website","url":"https:\/\/www.erresse-shop.it\/es\/","name":"Erresse Shop","description":"Articoli di qualit\u00e0 per la casa","potentialAction":[{"@type":"SearchAction","target":{"@type":"EntryPoint","urlTemplate":"https:\/\/www.erresse-shop.it\/es\/?s={search_term_string}"},"query-input":"required name=search_term_string"}],"inLanguage":"es"}]}},"df_price":10.95,"df_sale_price":10.95,"df_regular_price":11.99,"df_image_link":"https:\/\/www.erresse-shop.it\/wp-content\/uploads\/2024\/10\/JOSEPH-JOSEPH-ECO-Liners-Sacchi-per-Rifiuti-IW5-da-40-litri-300x300.jpg","_links":{"self":[{"href":"https:\/\/www.erresse-shop.it\/es\/wp-json\/wp\/v2\/product\/436129"}],"collection":[{"href":"https:\/\/www.erresse-shop.it\/es\/wp-json\/wp\/v2\/product"}],"about":[{"href":"https:\/\/www.erresse-shop.it\/es\/wp-json\/wp\/v2\/types\/product"}],"wp:featuredmedia":[{"embeddable":true,"href":"https:\/\/www.erresse-shop.it\/es\/wp-json\/wp\/v2\/media\/436137"}],"wp:attachment":[{"href":"https:\/\/www.erresse-shop.it\/es\/wp-json\/wp\/v2\/media?parent=436129"}],"wp:term":[{"taxonomy":"product_cat","embeddable":true,"href":"https:\/\/www.erresse-shop.it\/es\/wp-json\/wp\/v2\/product_cat?post=436129"},{"taxonomy":"product_tag","embeddable":true,"href":"https:\/\/www.erresse-shop.it\/es\/wp-json\/wp\/v2\/product_tag?post=436129"}],"curies":[{"name":"wp","href":"https:\/\/api.w.org\/{rel}","templated":true}]}}