{"id":436109,"date":"2024-10-04T08:56:20","date_gmt":"2024-10-04T08:56:22","guid":{"rendered":"https:\/\/www.erresse-shop.it\/?post_type=product&#038;p=436109"},"modified":"2024-10-17T06:52:58","modified_gmt":"2024-10-17T06:52:58","slug":"joseph-joseph-eco-liners-iw9-bolsas-de-basura-de-5-litros","status":"publish","type":"product","link":"https:\/\/www.erresse-shop.it\/es\/shop\/mobiliario\/cubos-de-basura\/joseph-joseph-eco-liners-iw9-bolsas-de-basura-de-5-litros\/","title":{"rendered":"JOSEPH JOSEPH ECO Liners IW9 Bolsas de basura de 5 litros"},"content":{"rendered":"<p>Extrafuerte, hecho a medida y con un m\u00ednimo de 70 % de pl\u00e1stico reciclado posconsumo: el revestimiento perfecto para su contenedor EasyStore\u2122.<\/p>\n<ul>\n<li>Fabricado con un m\u00ednimo de 70 % de pl\u00e1stico reciclado posconsumo.<\/li>\n<li>Ayuda a limitar el uso de combustibles f\u00f3siles y reducir la cantidad de pl\u00e1stico virgen enviado a los vertederos.<\/li>\n<li>Con una estructura extrafuerte que reduce el riesgo de desgarros.<\/li>\n<li>Capacidad: 5 litros (1,3 galones estadounidenses).<\/li>\n<li>Cordones con cord\u00f3n para un f\u00e1cil cierre.<\/li>\n<li>Un solo paquete incluye 20 bolsas<\/li>\n<\/ul>\n<p><strong>Cuidado y uso:<\/strong><\/p>\n<ul>\n<li>Advertencia: Las bolsas de pl\u00e1stico pueden ser peligrosas. Para evitar el riesgo de asfixia, mantenga las bolsas fuera del alcance de beb\u00e9s y ni\u00f1os.<\/li>\n<\/ul>\n<p>&nbsp;<\/p>\n","protected":false},"excerpt":{"rendered":"<p>Extrafuerte, hecho a medida y con un m\u00ednimo de 70 % de pl\u00e1stico reciclado posconsumo: el revestimiento perfecto para su<\/p>\n","protected":false},"featured_media":436117,"template":"","meta":{"_acf_changed":false,"inline_featured_image":false},"product_cat":[16021,16016],"product_tag":[25029,21557,21560,21559,21232,21233,21230],"acf":[],"yoast_head":"<!-- This site is optimized with the Yoast SEO Premium plugin v18.6 (Yoast SEO v19.13) - https:\/\/yoast.com\/wordpress\/plugins\/seo\/ -->\n<title>JOSEPH JOSEPH ECO Liners IW9 Bolsas de basura de 5 litros - Erresse Shop<\/title>\n<meta name=\"description\" content=\"Extrafuerte, hecho a medida y con un m\u00ednimo de 70 % de pl\u00e1stico reciclado posconsumo: el revestimiento perfecto para su contenedor EasyStore\u2122. Fabricado\" \/>\n<meta name=\"robots\" content=\"index, follow, max-snippet:-1, max-image-preview:large, max-video-preview:-1\" \/>\n<link rel=\"canonical\" href=\"https:\/\/www.erresse-shop.it\/es\/shop\/mobiliario\/cubos-de-basura\/joseph-joseph-eco-liners-iw9-bolsas-de-basura-de-5-litros\/\" \/>\n<meta property=\"og:locale\" content=\"es_ES\" \/>\n<meta property=\"og:type\" content=\"article\" \/>\n<meta property=\"og:title\" content=\"JOSEPH JOSEPH ECO Liners IW9 Bolsas de basura de 5 litros\" \/>\n<meta property=\"og:description\" content=\"Extrafuerte, hecho a medida y con un m\u00ednimo de 70 % de pl\u00e1stico reciclado posconsumo: el revestimiento perfecto para su contenedor EasyStore\u2122. Fabricado\" \/>\n<meta property=\"og:url\" content=\"https:\/\/www.erresse-shop.it\/es\/shop\/mobiliario\/cubos-de-basura\/joseph-joseph-eco-liners-iw9-bolsas-de-basura-de-5-litros\/\" \/>\n<meta property=\"og:site_name\" content=\"Erresse Shop\" \/>\n<meta property=\"article:modified_time\" content=\"2024-10-17T06:52:58+00:00\" \/>\n<meta property=\"og:image\" content=\"https:\/\/www.erresse-shop.it\/wp-content\/uploads\/2024\/10\/JOSEPH-JOSEPH-Sacchi-per-Rifiuti-IW8-da-5-litri.jpg\" \/>\n\t<meta property=\"og:image:width\" content=\"1200\" \/>\n\t<meta property=\"og:image:height\" content=\"1200\" \/>\n\t<meta property=\"og:image:type\" content=\"image\/jpeg\" \/>\n<meta name=\"twitter:card\" content=\"summary_large_image\" \/>\n<script type=\"application\/ld+json\" class=\"yoast-schema-graph\">{\"@context\":\"https:\/\/schema.org\",\"@graph\":[{\"@type\":\"WebPage\",\"@id\":\"https:\/\/www.erresse-shop.it\/es\/shop\/mobiliario\/cubos-de-basura\/joseph-joseph-eco-liners-iw9-bolsas-de-basura-de-5-litros\/\",\"url\":\"https:\/\/www.erresse-shop.it\/es\/shop\/mobiliario\/cubos-de-basura\/joseph-joseph-eco-liners-iw9-bolsas-de-basura-de-5-litros\/\",\"name\":\"JOSEPH JOSEPH ECO Liners IW9 Bolsas de basura de 5 litros - Erresse Shop\",\"isPartOf\":{\"@id\":\"https:\/\/www.erresse-shop.it\/es\/#website\"},\"datePublished\":\"2024-10-04T08:56:22+00:00\",\"dateModified\":\"2024-10-17T06:52:58+00:00\",\"description\":\"Extrafuerte, hecho a medida y con un m\u00ednimo de 70 % de pl\u00e1stico reciclado posconsumo: el revestimiento perfecto para su contenedor EasyStore\u2122. Fabricado\",\"breadcrumb\":{\"@id\":\"https:\/\/www.erresse-shop.it\/es\/shop\/mobiliario\/cubos-de-basura\/joseph-joseph-eco-liners-iw9-bolsas-de-basura-de-5-litros\/#breadcrumb\"},\"inLanguage\":\"es\",\"potentialAction\":[{\"@type\":\"ReadAction\",\"target\":[\"https:\/\/www.erresse-shop.it\/es\/shop\/mobiliario\/cubos-de-basura\/joseph-joseph-eco-liners-iw9-bolsas-de-basura-de-5-litros\/\"]}]},{\"@type\":\"BreadcrumbList\",\"@id\":\"https:\/\/www.erresse-shop.it\/es\/shop\/mobiliario\/cubos-de-basura\/joseph-joseph-eco-liners-iw9-bolsas-de-basura-de-5-litros\/#breadcrumb\",\"itemListElement\":[{\"@type\":\"ListItem\",\"position\":1,\"name\":\"Home\",\"item\":\"https:\/\/www.erresse-shop.it\/es\/\"},{\"@type\":\"ListItem\",\"position\":2,\"name\":\"Shop\",\"item\":\"https:\/\/www.erresse-shop.it\/es\/shop\/\"},{\"@type\":\"ListItem\",\"position\":3,\"name\":\"JOSEPH JOSEPH ECO Liners IW9 Bolsas de basura de 5 litros\"}]},{\"@type\":\"WebSite\",\"@id\":\"https:\/\/www.erresse-shop.it\/es\/#website\",\"url\":\"https:\/\/www.erresse-shop.it\/es\/\",\"name\":\"Erresse Shop\",\"description\":\"Articoli di qualit\u00e0 per la casa\",\"potentialAction\":[{\"@type\":\"SearchAction\",\"target\":{\"@type\":\"EntryPoint\",\"urlTemplate\":\"https:\/\/www.erresse-shop.it\/es\/?s={search_term_string}\"},\"query-input\":\"required name=search_term_string\"}],\"inLanguage\":\"es\"}]}<\/script>\n<!-- \/ Yoast SEO Premium plugin. -->","yoast_head_json":{"title":"JOSEPH JOSEPH ECO Liners IW9 Bolsas de basura de 5 litros - Erresse Shop","description":"Extrafuerte, hecho a medida y con un m\u00ednimo de 70 % de pl\u00e1stico reciclado posconsumo: el revestimiento perfecto para su contenedor EasyStore\u2122. Fabricado","robots":{"index":"index","follow":"follow","max-snippet":"max-snippet:-1","max-image-preview":"max-image-preview:large","max-video-preview":"max-video-preview:-1"},"canonical":"https:\/\/www.erresse-shop.it\/es\/shop\/mobiliario\/cubos-de-basura\/joseph-joseph-eco-liners-iw9-bolsas-de-basura-de-5-litros\/","og_locale":"es_ES","og_type":"article","og_title":"JOSEPH JOSEPH ECO Liners IW9 Bolsas de basura de 5 litros","og_description":"Extrafuerte, hecho a medida y con un m\u00ednimo de 70 % de pl\u00e1stico reciclado posconsumo: el revestimiento perfecto para su contenedor EasyStore\u2122. Fabricado","og_url":"https:\/\/www.erresse-shop.it\/es\/shop\/mobiliario\/cubos-de-basura\/joseph-joseph-eco-liners-iw9-bolsas-de-basura-de-5-litros\/","og_site_name":"Erresse Shop","article_modified_time":"2024-10-17T06:52:58+00:00","og_image":[{"width":1200,"height":1200,"url":"https:\/\/www.erresse-shop.it\/wp-content\/uploads\/2024\/10\/JOSEPH-JOSEPH-Sacchi-per-Rifiuti-IW8-da-5-litri.jpg","type":"image\/jpeg"}],"twitter_card":"summary_large_image","schema":{"@context":"https:\/\/schema.org","@graph":[{"@type":"WebPage","@id":"https:\/\/www.erresse-shop.it\/es\/shop\/mobiliario\/cubos-de-basura\/joseph-joseph-eco-liners-iw9-bolsas-de-basura-de-5-litros\/","url":"https:\/\/www.erresse-shop.it\/es\/shop\/mobiliario\/cubos-de-basura\/joseph-joseph-eco-liners-iw9-bolsas-de-basura-de-5-litros\/","name":"JOSEPH JOSEPH ECO Liners IW9 Bolsas de basura de 5 litros - Erresse Shop","isPartOf":{"@id":"https:\/\/www.erresse-shop.it\/es\/#website"},"datePublished":"2024-10-04T08:56:22+00:00","dateModified":"2024-10-17T06:52:58+00:00","description":"Extrafuerte, hecho a medida y con un m\u00ednimo de 70 % de pl\u00e1stico reciclado posconsumo: el revestimiento perfecto para su contenedor EasyStore\u2122. Fabricado","breadcrumb":{"@id":"https:\/\/www.erresse-shop.it\/es\/shop\/mobiliario\/cubos-de-basura\/joseph-joseph-eco-liners-iw9-bolsas-de-basura-de-5-litros\/#breadcrumb"},"inLanguage":"es","potentialAction":[{"@type":"ReadAction","target":["https:\/\/www.erresse-shop.it\/es\/shop\/mobiliario\/cubos-de-basura\/joseph-joseph-eco-liners-iw9-bolsas-de-basura-de-5-litros\/"]}]},{"@type":"BreadcrumbList","@id":"https:\/\/www.erresse-shop.it\/es\/shop\/mobiliario\/cubos-de-basura\/joseph-joseph-eco-liners-iw9-bolsas-de-basura-de-5-litros\/#breadcrumb","itemListElement":[{"@type":"ListItem","position":1,"name":"Home","item":"https:\/\/www.erresse-shop.it\/es\/"},{"@type":"ListItem","position":2,"name":"Shop","item":"https:\/\/www.erresse-shop.it\/es\/shop\/"},{"@type":"ListItem","position":3,"name":"JOSEPH JOSEPH ECO Liners IW9 Bolsas de basura de 5 litros"}]},{"@type":"WebSite","@id":"https:\/\/www.erresse-shop.it\/es\/#website","url":"https:\/\/www.erresse-shop.it\/es\/","name":"Erresse Shop","description":"Articoli di qualit\u00e0 per la casa","potentialAction":[{"@type":"SearchAction","target":{"@type":"EntryPoint","urlTemplate":"https:\/\/www.erresse-shop.it\/es\/?s={search_term_string}"},"query-input":"required name=search_term_string"}],"inLanguage":"es"}]}},"df_price":10.995,"df_sale_price":10.995,"df_regular_price":21.99,"df_image_link":"https:\/\/www.erresse-shop.it\/wp-content\/uploads\/2024\/10\/JOSEPH-JOSEPH-Sacchi-per-Rifiuti-IW8-da-5-litri-300x300.jpg","_links":{"self":[{"href":"https:\/\/www.erresse-shop.it\/es\/wp-json\/wp\/v2\/product\/436109"}],"collection":[{"href":"https:\/\/www.erresse-shop.it\/es\/wp-json\/wp\/v2\/product"}],"about":[{"href":"https:\/\/www.erresse-shop.it\/es\/wp-json\/wp\/v2\/types\/product"}],"wp:featuredmedia":[{"embeddable":true,"href":"https:\/\/www.erresse-shop.it\/es\/wp-json\/wp\/v2\/media\/436117"}],"wp:attachment":[{"href":"https:\/\/www.erresse-shop.it\/es\/wp-json\/wp\/v2\/media?parent=436109"}],"wp:term":[{"taxonomy":"product_cat","embeddable":true,"href":"https:\/\/www.erresse-shop.it\/es\/wp-json\/wp\/v2\/product_cat?post=436109"},{"taxonomy":"product_tag","embeddable":true,"href":"https:\/\/www.erresse-shop.it\/es\/wp-json\/wp\/v2\/product_tag?post=436109"}],"curies":[{"name":"wp","href":"https:\/\/api.w.org\/{rel}","templated":true}]}}