{"id":436061,"date":"2024-10-04T08:19:35","date_gmt":"2024-10-04T08:19:37","guid":{"rendered":"https:\/\/www.erresse-shop.it\/?post_type=product&#038;p=436061"},"modified":"2024-10-15T14:33:16","modified_gmt":"2024-10-15T14:33:16","slug":"joseph-joseph-easystore-luxe-portacepillos-de-dientes-de-acero-inoxidable-grande","status":"publish","type":"product","link":"https:\/\/www.erresse-shop.it\/es\/shop\/mobiliario\/cuarto-de-bano\/joseph-joseph-easystore-luxe-portacepillos-de-dientes-de-acero-inoxidable-grande\/","title":{"rendered":"JOSEPH JOSEPH EasyStore Luxe Portacepillos de dientes de acero inoxidable Grande"},"content":{"rendered":"<p>Este gran soporte para cepillos de dientes de acero inoxidable pulido proporciona almacenamiento organizado para cepillos de dientes y tubos de pasta de dientes. Se desmonta para facilitar la limpieza.<\/p>\n<ul>\n<li>Acabado en acero inoxidable pulido<\/li>\n<li>Adecuado para cepillos de dientes el\u00e9ctricos y tubos de pasta de dientes<\/li>\n<li>Divisor para almacenamiento organizado<\/li>\n<li>Perfecto para guardar junto al fregadero<\/li>\n<li>Se desmonta para facilitar la limpieza<\/li>\n<\/ul>\n<p><strong>Cuidado y uso:<\/strong><\/p>\n<ul>\n<li>Limpiar con un pa\u00f1o h\u00famedo y secar con un pa\u00f1o suave y seco.<\/li>\n<li>No utilice pa\u00f1os abrasivos ni limpiadores qu\u00edmicos fuertes.<\/li>\n<\/ul>\n<p><strong>Dimensiones:<\/strong><\/p>\n<p>Alto 11,7 x Ancho 17,5 x Fondo 9,4 cm (Al 4\u00bd x Ancho 7 x Fondo 3\u00be pulgadas)<\/p>\n<p>&nbsp;<\/p>\n","protected":false},"excerpt":{"rendered":"<p>Este gran soporte para cepillos de dientes de acero inoxidable pulido proporciona almacenamiento organizado para cepillos de dientes y tubos<\/p>\n","protected":false},"featured_media":436070,"template":"","meta":{"_acf_changed":false,"inline_featured_image":false},"product_cat":[19017,16016],"product_tag":[25029,21373],"acf":[],"yoast_head":"<!-- This site is optimized with the Yoast SEO Premium plugin v18.6 (Yoast SEO v19.13) - https:\/\/yoast.com\/wordpress\/plugins\/seo\/ -->\n<title>JOSEPH JOSEPH EasyStore Luxe Portacepillos de dientes de acero inoxidable Grande - Erresse Shop<\/title>\n<meta name=\"description\" content=\"Este gran soporte para cepillos de dientes de acero inoxidable pulido proporciona almacenamiento organizado para cepillos de dientes y tubos de pasta de\" \/>\n<meta name=\"robots\" content=\"index, follow, max-snippet:-1, max-image-preview:large, max-video-preview:-1\" \/>\n<link rel=\"canonical\" href=\"https:\/\/www.erresse-shop.it\/es\/shop\/mobiliario\/cuarto-de-bano\/joseph-joseph-easystore-luxe-portacepillos-de-dientes-de-acero-inoxidable-grande\/\" \/>\n<meta property=\"og:locale\" content=\"es_ES\" \/>\n<meta property=\"og:type\" content=\"article\" \/>\n<meta property=\"og:title\" content=\"JOSEPH JOSEPH EasyStore Luxe Portacepillos de dientes de acero inoxidable Grande\" \/>\n<meta property=\"og:description\" content=\"Este gran soporte para cepillos de dientes de acero inoxidable pulido proporciona almacenamiento organizado para cepillos de dientes y tubos de pasta de\" \/>\n<meta property=\"og:url\" content=\"https:\/\/www.erresse-shop.it\/es\/shop\/mobiliario\/cuarto-de-bano\/joseph-joseph-easystore-luxe-portacepillos-de-dientes-de-acero-inoxidable-grande\/\" \/>\n<meta property=\"og:site_name\" content=\"Erresse Shop\" \/>\n<meta property=\"article:modified_time\" content=\"2024-10-15T14:33:16+00:00\" \/>\n<meta property=\"og:image\" content=\"https:\/\/www.erresse-shop.it\/wp-content\/uploads\/2024\/10\/JOSEPH-JOSEPH-EasyStore-Luxe-Portaspazzolini-in-acciaio-inox-Grande.jpg\" \/>\n\t<meta property=\"og:image:width\" content=\"1200\" \/>\n\t<meta property=\"og:image:height\" content=\"1200\" \/>\n\t<meta property=\"og:image:type\" content=\"image\/jpeg\" \/>\n<meta name=\"twitter:card\" content=\"summary_large_image\" \/>\n<script type=\"application\/ld+json\" class=\"yoast-schema-graph\">{\"@context\":\"https:\/\/schema.org\",\"@graph\":[{\"@type\":\"WebPage\",\"@id\":\"https:\/\/www.erresse-shop.it\/es\/shop\/mobiliario\/cuarto-de-bano\/joseph-joseph-easystore-luxe-portacepillos-de-dientes-de-acero-inoxidable-grande\/\",\"url\":\"https:\/\/www.erresse-shop.it\/es\/shop\/mobiliario\/cuarto-de-bano\/joseph-joseph-easystore-luxe-portacepillos-de-dientes-de-acero-inoxidable-grande\/\",\"name\":\"JOSEPH JOSEPH EasyStore Luxe Portacepillos de dientes de acero inoxidable Grande - Erresse Shop\",\"isPartOf\":{\"@id\":\"https:\/\/www.erresse-shop.it\/es\/#website\"},\"datePublished\":\"2024-10-04T08:19:37+00:00\",\"dateModified\":\"2024-10-15T14:33:16+00:00\",\"description\":\"Este gran soporte para cepillos de dientes de acero inoxidable pulido proporciona almacenamiento organizado para cepillos de dientes y tubos de pasta de\",\"breadcrumb\":{\"@id\":\"https:\/\/www.erresse-shop.it\/es\/shop\/mobiliario\/cuarto-de-bano\/joseph-joseph-easystore-luxe-portacepillos-de-dientes-de-acero-inoxidable-grande\/#breadcrumb\"},\"inLanguage\":\"es\",\"potentialAction\":[{\"@type\":\"ReadAction\",\"target\":[\"https:\/\/www.erresse-shop.it\/es\/shop\/mobiliario\/cuarto-de-bano\/joseph-joseph-easystore-luxe-portacepillos-de-dientes-de-acero-inoxidable-grande\/\"]}]},{\"@type\":\"BreadcrumbList\",\"@id\":\"https:\/\/www.erresse-shop.it\/es\/shop\/mobiliario\/cuarto-de-bano\/joseph-joseph-easystore-luxe-portacepillos-de-dientes-de-acero-inoxidable-grande\/#breadcrumb\",\"itemListElement\":[{\"@type\":\"ListItem\",\"position\":1,\"name\":\"Home\",\"item\":\"https:\/\/www.erresse-shop.it\/es\/\"},{\"@type\":\"ListItem\",\"position\":2,\"name\":\"Shop\",\"item\":\"https:\/\/www.erresse-shop.it\/es\/shop\/\"},{\"@type\":\"ListItem\",\"position\":3,\"name\":\"JOSEPH JOSEPH EasyStore Luxe Portacepillos de dientes de acero inoxidable Grande\"}]},{\"@type\":\"WebSite\",\"@id\":\"https:\/\/www.erresse-shop.it\/es\/#website\",\"url\":\"https:\/\/www.erresse-shop.it\/es\/\",\"name\":\"Erresse Shop\",\"description\":\"Articoli di qualit\u00e0 per la casa\",\"potentialAction\":[{\"@type\":\"SearchAction\",\"target\":{\"@type\":\"EntryPoint\",\"urlTemplate\":\"https:\/\/www.erresse-shop.it\/es\/?s={search_term_string}\"},\"query-input\":\"required name=search_term_string\"}],\"inLanguage\":\"es\"}]}<\/script>\n<!-- \/ Yoast SEO Premium plugin. -->","yoast_head_json":{"title":"JOSEPH JOSEPH EasyStore Luxe Portacepillos de dientes de acero inoxidable Grande - Erresse Shop","description":"Este gran soporte para cepillos de dientes de acero inoxidable pulido proporciona almacenamiento organizado para cepillos de dientes y tubos de pasta de","robots":{"index":"index","follow":"follow","max-snippet":"max-snippet:-1","max-image-preview":"max-image-preview:large","max-video-preview":"max-video-preview:-1"},"canonical":"https:\/\/www.erresse-shop.it\/es\/shop\/mobiliario\/cuarto-de-bano\/joseph-joseph-easystore-luxe-portacepillos-de-dientes-de-acero-inoxidable-grande\/","og_locale":"es_ES","og_type":"article","og_title":"JOSEPH JOSEPH EasyStore Luxe Portacepillos de dientes de acero inoxidable Grande","og_description":"Este gran soporte para cepillos de dientes de acero inoxidable pulido proporciona almacenamiento organizado para cepillos de dientes y tubos de pasta de","og_url":"https:\/\/www.erresse-shop.it\/es\/shop\/mobiliario\/cuarto-de-bano\/joseph-joseph-easystore-luxe-portacepillos-de-dientes-de-acero-inoxidable-grande\/","og_site_name":"Erresse Shop","article_modified_time":"2024-10-15T14:33:16+00:00","og_image":[{"width":1200,"height":1200,"url":"https:\/\/www.erresse-shop.it\/wp-content\/uploads\/2024\/10\/JOSEPH-JOSEPH-EasyStore-Luxe-Portaspazzolini-in-acciaio-inox-Grande.jpg","type":"image\/jpeg"}],"twitter_card":"summary_large_image","schema":{"@context":"https:\/\/schema.org","@graph":[{"@type":"WebPage","@id":"https:\/\/www.erresse-shop.it\/es\/shop\/mobiliario\/cuarto-de-bano\/joseph-joseph-easystore-luxe-portacepillos-de-dientes-de-acero-inoxidable-grande\/","url":"https:\/\/www.erresse-shop.it\/es\/shop\/mobiliario\/cuarto-de-bano\/joseph-joseph-easystore-luxe-portacepillos-de-dientes-de-acero-inoxidable-grande\/","name":"JOSEPH JOSEPH EasyStore Luxe Portacepillos de dientes de acero inoxidable Grande - Erresse Shop","isPartOf":{"@id":"https:\/\/www.erresse-shop.it\/es\/#website"},"datePublished":"2024-10-04T08:19:37+00:00","dateModified":"2024-10-15T14:33:16+00:00","description":"Este gran soporte para cepillos de dientes de acero inoxidable pulido proporciona almacenamiento organizado para cepillos de dientes y tubos de pasta de","breadcrumb":{"@id":"https:\/\/www.erresse-shop.it\/es\/shop\/mobiliario\/cuarto-de-bano\/joseph-joseph-easystore-luxe-portacepillos-de-dientes-de-acero-inoxidable-grande\/#breadcrumb"},"inLanguage":"es","potentialAction":[{"@type":"ReadAction","target":["https:\/\/www.erresse-shop.it\/es\/shop\/mobiliario\/cuarto-de-bano\/joseph-joseph-easystore-luxe-portacepillos-de-dientes-de-acero-inoxidable-grande\/"]}]},{"@type":"BreadcrumbList","@id":"https:\/\/www.erresse-shop.it\/es\/shop\/mobiliario\/cuarto-de-bano\/joseph-joseph-easystore-luxe-portacepillos-de-dientes-de-acero-inoxidable-grande\/#breadcrumb","itemListElement":[{"@type":"ListItem","position":1,"name":"Home","item":"https:\/\/www.erresse-shop.it\/es\/"},{"@type":"ListItem","position":2,"name":"Shop","item":"https:\/\/www.erresse-shop.it\/es\/shop\/"},{"@type":"ListItem","position":3,"name":"JOSEPH JOSEPH EasyStore Luxe Portacepillos de dientes de acero inoxidable Grande"}]},{"@type":"WebSite","@id":"https:\/\/www.erresse-shop.it\/es\/#website","url":"https:\/\/www.erresse-shop.it\/es\/","name":"Erresse Shop","description":"Articoli di qualit\u00e0 per la casa","potentialAction":[{"@type":"SearchAction","target":{"@type":"EntryPoint","urlTemplate":"https:\/\/www.erresse-shop.it\/es\/?s={search_term_string}"},"query-input":"required name=search_term_string"}],"inLanguage":"es"}]}},"df_price":28.95,"df_sale_price":28.95,"df_regular_price":34.99,"df_image_link":"https:\/\/www.erresse-shop.it\/wp-content\/uploads\/2024\/10\/JOSEPH-JOSEPH-EasyStore-Luxe-Portaspazzolini-in-acciaio-inox-Grande-300x300.jpg","_links":{"self":[{"href":"https:\/\/www.erresse-shop.it\/es\/wp-json\/wp\/v2\/product\/436061"}],"collection":[{"href":"https:\/\/www.erresse-shop.it\/es\/wp-json\/wp\/v2\/product"}],"about":[{"href":"https:\/\/www.erresse-shop.it\/es\/wp-json\/wp\/v2\/types\/product"}],"wp:featuredmedia":[{"embeddable":true,"href":"https:\/\/www.erresse-shop.it\/es\/wp-json\/wp\/v2\/media\/436070"}],"wp:attachment":[{"href":"https:\/\/www.erresse-shop.it\/es\/wp-json\/wp\/v2\/media?parent=436061"}],"wp:term":[{"taxonomy":"product_cat","embeddable":true,"href":"https:\/\/www.erresse-shop.it\/es\/wp-json\/wp\/v2\/product_cat?post=436061"},{"taxonomy":"product_tag","embeddable":true,"href":"https:\/\/www.erresse-shop.it\/es\/wp-json\/wp\/v2\/product_tag?post=436061"}],"curies":[{"name":"wp","href":"https:\/\/api.w.org\/{rel}","templated":true}]}}