{"id":436033,"date":"2024-10-04T07:52:15","date_gmt":"2024-10-04T07:52:16","guid":{"rendered":"https:\/\/www.erresse-shop.it\/?post_type=product&#038;p=436033"},"modified":"2024-10-15T14:38:34","modified_gmt":"2024-10-15T14:38:34","slug":"joseph-joseph-flex-360-luxe-escobillero-acero-inoxidable-copia","status":"publish","type":"product","link":"https:\/\/www.erresse-shop.it\/es\/shop\/mobiliario\/cuarto-de-bano\/joseph-joseph-flex-360-luxe-escobillero-acero-inoxidable-copia\/","title":{"rendered":"JOSEPH JOSEPH EasyStore Plus Portarrollos de papel higi\u00e9nico con escobilla de acero inoxidable"},"content":{"rendered":"<p>Este juego de portarrollos y escobilla para inodoro incluye un portarrollos EasyStore\u2122 Plus independiente con un estante de doble uso y una escobilla para inodoro Flex\u2122 Steel que se guarda ordenadamente en la base.<\/p>\n<ul>\n<li>Compartimento discreto para guardar art\u00edculos sanitarios<\/li>\n<li>Pr\u00e1ctico estante para objetos peque\u00f1os como tel\u00e9fonos m\u00f3viles o toallitas h\u00famedas<\/li>\n<li>El portarrollos con agarre de fricci\u00f3n evita que el papel higi\u00e9nico se desenrolle<\/li>\n<li>Base ponderada para mayor estabilidad<\/li>\n<li>Incluye una escobilla de ba\u00f1o Flex\u2122 de acero<\/li>\n<\/ul>\n<p><strong>Cuidado y uso:<\/strong><\/p>\n<ul>\n<li>Soportes y soportes portaescobillas &#8211; limpiar con un pa\u00f1o h\u00famedo<\/li>\n<li>No utilice pa\u00f1os abrasivos ni limpiadores qu\u00edmicos fuertes<\/li>\n<li>Cepillo: limpiar con lej\u00eda o agua caliente y jab\u00f3n<\/li>\n<li>Si usa lej\u00eda, evite el contacto prolongado con el eje de acero inoxidable<\/li>\n<li>Para evitar rayones, tenga cuidado al colocar objetos met\u00e1licos en el estante<\/li>\n<li>Sin BPA<\/li>\n<\/ul>\n<p><strong>Dimensiones:<\/strong><\/p>\n<p>Alto 74 x Ancho 23,5 x Fondo 17,5 cm (Al 29 x Ancho 9\u00bc x Fondo 6\u00bd pulgadas)<\/p>\n<p>&nbsp;<\/p>\n","protected":false},"excerpt":{"rendered":"<p>Este juego de portarrollos y escobilla para inodoro incluye un portarrollos EasyStore\u2122 Plus independiente con un estante de doble uso<\/p>\n","protected":false},"featured_media":500603,"template":"","meta":{"_acf_changed":false,"inline_featured_image":false},"product_cat":[19017,16016],"product_tag":[25029,21373],"acf":[],"yoast_head":"<!-- This site is optimized with the Yoast SEO Premium plugin v18.6 (Yoast SEO v19.13) - https:\/\/yoast.com\/wordpress\/plugins\/seo\/ -->\n<title>JOSEPH JOSEPH EasyStore Plus Portarrollos de papel higi\u00e9nico con escobilla de acero inoxidable - Erresse Shop<\/title>\n<meta name=\"description\" content=\"Este juego de portarrollos y escobilla para inodoro incluye un portarrollos EasyStore\u2122 Plus independiente con un estante de doble uso y una escobilla para\" \/>\n<meta name=\"robots\" content=\"index, follow, max-snippet:-1, max-image-preview:large, max-video-preview:-1\" \/>\n<link rel=\"canonical\" href=\"https:\/\/www.erresse-shop.it\/es\/shop\/mobiliario\/cuarto-de-bano\/joseph-joseph-flex-360-luxe-escobillero-acero-inoxidable-copia\/\" \/>\n<meta property=\"og:locale\" content=\"es_ES\" \/>\n<meta property=\"og:type\" content=\"article\" \/>\n<meta property=\"og:title\" content=\"JOSEPH JOSEPH EasyStore Plus Portarrollos de papel higi\u00e9nico con escobilla de acero inoxidable\" \/>\n<meta property=\"og:description\" content=\"Este juego de portarrollos y escobilla para inodoro incluye un portarrollos EasyStore\u2122 Plus independiente con un estante de doble uso y una escobilla para\" \/>\n<meta property=\"og:url\" content=\"https:\/\/www.erresse-shop.it\/es\/shop\/mobiliario\/cuarto-de-bano\/joseph-joseph-flex-360-luxe-escobillero-acero-inoxidable-copia\/\" \/>\n<meta property=\"og:site_name\" content=\"Erresse Shop\" \/>\n<meta property=\"article:modified_time\" content=\"2024-10-15T14:38:34+00:00\" \/>\n<meta property=\"og:image\" content=\"https:\/\/www.erresse-shop.it\/wp-content\/uploads\/2024\/10\/JOSEPH-JOSEPH-EasyStore\u2122-Plus-Porta-Rotolo-di-Carta-Igienica-con-Spazzola-per-WC-Acciaio-Inox.jpg\" \/>\n\t<meta property=\"og:image:width\" content=\"1200\" \/>\n\t<meta property=\"og:image:height\" content=\"1200\" \/>\n\t<meta property=\"og:image:type\" content=\"image\/jpeg\" \/>\n<meta name=\"twitter:card\" content=\"summary_large_image\" \/>\n<script type=\"application\/ld+json\" class=\"yoast-schema-graph\">{\"@context\":\"https:\/\/schema.org\",\"@graph\":[{\"@type\":\"WebPage\",\"@id\":\"https:\/\/www.erresse-shop.it\/es\/shop\/mobiliario\/cuarto-de-bano\/joseph-joseph-flex-360-luxe-escobillero-acero-inoxidable-copia\/\",\"url\":\"https:\/\/www.erresse-shop.it\/es\/shop\/mobiliario\/cuarto-de-bano\/joseph-joseph-flex-360-luxe-escobillero-acero-inoxidable-copia\/\",\"name\":\"JOSEPH JOSEPH EasyStore Plus Portarrollos de papel higi\u00e9nico con escobilla de acero inoxidable - Erresse Shop\",\"isPartOf\":{\"@id\":\"https:\/\/www.erresse-shop.it\/es\/#website\"},\"datePublished\":\"2024-10-04T07:52:16+00:00\",\"dateModified\":\"2024-10-15T14:38:34+00:00\",\"description\":\"Este juego de portarrollos y escobilla para inodoro incluye un portarrollos EasyStore\u2122 Plus independiente con un estante de doble uso y una escobilla para\",\"breadcrumb\":{\"@id\":\"https:\/\/www.erresse-shop.it\/es\/shop\/mobiliario\/cuarto-de-bano\/joseph-joseph-flex-360-luxe-escobillero-acero-inoxidable-copia\/#breadcrumb\"},\"inLanguage\":\"es\",\"potentialAction\":[{\"@type\":\"ReadAction\",\"target\":[\"https:\/\/www.erresse-shop.it\/es\/shop\/mobiliario\/cuarto-de-bano\/joseph-joseph-flex-360-luxe-escobillero-acero-inoxidable-copia\/\"]}]},{\"@type\":\"BreadcrumbList\",\"@id\":\"https:\/\/www.erresse-shop.it\/es\/shop\/mobiliario\/cuarto-de-bano\/joseph-joseph-flex-360-luxe-escobillero-acero-inoxidable-copia\/#breadcrumb\",\"itemListElement\":[{\"@type\":\"ListItem\",\"position\":1,\"name\":\"Home\",\"item\":\"https:\/\/www.erresse-shop.it\/es\/\"},{\"@type\":\"ListItem\",\"position\":2,\"name\":\"Shop\",\"item\":\"https:\/\/www.erresse-shop.it\/es\/shop\/\"},{\"@type\":\"ListItem\",\"position\":3,\"name\":\"JOSEPH JOSEPH EasyStore Plus Portarrollos de papel higi\u00e9nico con escobilla de acero inoxidable\"}]},{\"@type\":\"WebSite\",\"@id\":\"https:\/\/www.erresse-shop.it\/es\/#website\",\"url\":\"https:\/\/www.erresse-shop.it\/es\/\",\"name\":\"Erresse Shop\",\"description\":\"Articoli di qualit\u00e0 per la casa\",\"potentialAction\":[{\"@type\":\"SearchAction\",\"target\":{\"@type\":\"EntryPoint\",\"urlTemplate\":\"https:\/\/www.erresse-shop.it\/es\/?s={search_term_string}\"},\"query-input\":\"required name=search_term_string\"}],\"inLanguage\":\"es\"}]}<\/script>\n<!-- \/ Yoast SEO Premium plugin. -->","yoast_head_json":{"title":"JOSEPH JOSEPH EasyStore Plus Portarrollos de papel higi\u00e9nico con escobilla de acero inoxidable - Erresse Shop","description":"Este juego de portarrollos y escobilla para inodoro incluye un portarrollos EasyStore\u2122 Plus independiente con un estante de doble uso y una escobilla para","robots":{"index":"index","follow":"follow","max-snippet":"max-snippet:-1","max-image-preview":"max-image-preview:large","max-video-preview":"max-video-preview:-1"},"canonical":"https:\/\/www.erresse-shop.it\/es\/shop\/mobiliario\/cuarto-de-bano\/joseph-joseph-flex-360-luxe-escobillero-acero-inoxidable-copia\/","og_locale":"es_ES","og_type":"article","og_title":"JOSEPH JOSEPH EasyStore Plus Portarrollos de papel higi\u00e9nico con escobilla de acero inoxidable","og_description":"Este juego de portarrollos y escobilla para inodoro incluye un portarrollos EasyStore\u2122 Plus independiente con un estante de doble uso y una escobilla para","og_url":"https:\/\/www.erresse-shop.it\/es\/shop\/mobiliario\/cuarto-de-bano\/joseph-joseph-flex-360-luxe-escobillero-acero-inoxidable-copia\/","og_site_name":"Erresse Shop","article_modified_time":"2024-10-15T14:38:34+00:00","og_image":[{"width":1200,"height":1200,"url":"https:\/\/www.erresse-shop.it\/wp-content\/uploads\/2024\/10\/JOSEPH-JOSEPH-EasyStore\u2122-Plus-Porta-Rotolo-di-Carta-Igienica-con-Spazzola-per-WC-Acciaio-Inox.jpg","type":"image\/jpeg"}],"twitter_card":"summary_large_image","schema":{"@context":"https:\/\/schema.org","@graph":[{"@type":"WebPage","@id":"https:\/\/www.erresse-shop.it\/es\/shop\/mobiliario\/cuarto-de-bano\/joseph-joseph-flex-360-luxe-escobillero-acero-inoxidable-copia\/","url":"https:\/\/www.erresse-shop.it\/es\/shop\/mobiliario\/cuarto-de-bano\/joseph-joseph-flex-360-luxe-escobillero-acero-inoxidable-copia\/","name":"JOSEPH JOSEPH EasyStore Plus Portarrollos de papel higi\u00e9nico con escobilla de acero inoxidable - Erresse Shop","isPartOf":{"@id":"https:\/\/www.erresse-shop.it\/es\/#website"},"datePublished":"2024-10-04T07:52:16+00:00","dateModified":"2024-10-15T14:38:34+00:00","description":"Este juego de portarrollos y escobilla para inodoro incluye un portarrollos EasyStore\u2122 Plus independiente con un estante de doble uso y una escobilla para","breadcrumb":{"@id":"https:\/\/www.erresse-shop.it\/es\/shop\/mobiliario\/cuarto-de-bano\/joseph-joseph-flex-360-luxe-escobillero-acero-inoxidable-copia\/#breadcrumb"},"inLanguage":"es","potentialAction":[{"@type":"ReadAction","target":["https:\/\/www.erresse-shop.it\/es\/shop\/mobiliario\/cuarto-de-bano\/joseph-joseph-flex-360-luxe-escobillero-acero-inoxidable-copia\/"]}]},{"@type":"BreadcrumbList","@id":"https:\/\/www.erresse-shop.it\/es\/shop\/mobiliario\/cuarto-de-bano\/joseph-joseph-flex-360-luxe-escobillero-acero-inoxidable-copia\/#breadcrumb","itemListElement":[{"@type":"ListItem","position":1,"name":"Home","item":"https:\/\/www.erresse-shop.it\/es\/"},{"@type":"ListItem","position":2,"name":"Shop","item":"https:\/\/www.erresse-shop.it\/es\/shop\/"},{"@type":"ListItem","position":3,"name":"JOSEPH JOSEPH EasyStore Plus Portarrollos de papel higi\u00e9nico con escobilla de acero inoxidable"}]},{"@type":"WebSite","@id":"https:\/\/www.erresse-shop.it\/es\/#website","url":"https:\/\/www.erresse-shop.it\/es\/","name":"Erresse Shop","description":"Articoli di qualit\u00e0 per la casa","potentialAction":[{"@type":"SearchAction","target":{"@type":"EntryPoint","urlTemplate":"https:\/\/www.erresse-shop.it\/es\/?s={search_term_string}"},"query-input":"required name=search_term_string"}],"inLanguage":"es"}]}},"df_price":39,"df_sale_price":39,"df_regular_price":79.99,"df_image_link":"https:\/\/www.erresse-shop.it\/wp-content\/uploads\/2024\/10\/JOSEPH-JOSEPH-Porta-Rotolo-Carta-Igienica-con-Spazzola-WC-Acciaio-Inox-300x300.jpg","_links":{"self":[{"href":"https:\/\/www.erresse-shop.it\/es\/wp-json\/wp\/v2\/product\/436033"}],"collection":[{"href":"https:\/\/www.erresse-shop.it\/es\/wp-json\/wp\/v2\/product"}],"about":[{"href":"https:\/\/www.erresse-shop.it\/es\/wp-json\/wp\/v2\/types\/product"}],"wp:featuredmedia":[{"embeddable":true,"href":"https:\/\/www.erresse-shop.it\/es\/wp-json\/wp\/v2\/media\/500603"}],"wp:attachment":[{"href":"https:\/\/www.erresse-shop.it\/es\/wp-json\/wp\/v2\/media?parent=436033"}],"wp:term":[{"taxonomy":"product_cat","embeddable":true,"href":"https:\/\/www.erresse-shop.it\/es\/wp-json\/wp\/v2\/product_cat?post=436033"},{"taxonomy":"product_tag","embeddable":true,"href":"https:\/\/www.erresse-shop.it\/es\/wp-json\/wp\/v2\/product_tag?post=436033"}],"curies":[{"name":"wp","href":"https:\/\/api.w.org\/{rel}","templated":true}]}}