{"id":435930,"date":"2024-10-04T06:28:00","date_gmt":"2024-10-04T06:28:02","guid":{"rendered":"https:\/\/www.erresse-shop.it\/?post_type=product&#038;p=435930"},"modified":"2024-10-15T14:52:45","modified_gmt":"2024-10-15T14:52:45","slug":"joseph-joseph-arc-easy-push-cubo-de-pedal-de-acero-inoxidable-30l","status":"publish","type":"product","link":"https:\/\/www.erresse-shop.it\/es\/shop\/mobiliario\/cubos-de-basura\/joseph-joseph-arc-easy-push-cubo-de-pedal-de-acero-inoxidable-30l\/","title":{"rendered":"JOSEPH JOSEPH Arc Easy-Push Cubo de pedal de acero inoxidable 30L"},"content":{"rendered":"<p>Este elegante contenedor circular cuenta con un pedal grande que encaja perfectamente en el espacio del dise\u00f1o, ahorrando valioso espacio en el piso. Adem\u00e1s, cuenta con un compartimento de almacenamiento incorporado en la parte posterior para las fundas, lo que las hace f\u00e1cilmente accesibles cuando sea necesario. Acabado en elegante acero inoxidable, tiene una capacidad de 30 litros (7,9 galones estadounidenses).<\/p>\n<ul>\n<li>Pedal grande y f\u00e1cil de presionar que se adapta perfectamente al tama\u00f1o del contenedor.<\/li>\n<li>Los rollos de papel higi\u00e9nico se pueden guardar de forma segura en el compartimento de f\u00e1cil acceso.<\/li>\n<li>Tapa de cierre suave con revestimiento antihuellas.<\/li>\n<li>Cubo extra\u00edble y f\u00e1cil de vaciar.<\/li>\n<li>Compatible con revestimientos personalizados Joseph Joseph IW5.<\/li>\n<\/ul>\n<p><strong>Cuidado y uso:<\/strong><\/p>\n<ul>\n<li>Para usar con revestimientos personalizados Joseph Joseph IW5. Tambi\u00e9n se puede usar con revestimientos est\u00e1ndar.<\/li>\n<li>Superficies externas: limpiar con un pa\u00f1o h\u00famedo y secar con un pa\u00f1o suave y seco. No utilice pa\u00f1os abrasivos ni limpiadores qu\u00edmicos fuertes. Balde: ret\u00edrelo de la unidad y l\u00edmpielo con agua tibia y jab\u00f3n. Para eliminar los olores desagradables, puede utilizar una soluci\u00f3n de levadura en polvo y agua. S\u00e9quelo antes de volver a colocarlo en la unidad.<\/li>\n<li>Filtro de olores: para un rendimiento \u00f3ptimo, se recomienda reemplazar el filtro de olores cada 3 meses.<\/li>\n<\/ul>\n<p><strong>Dimensiones:<\/strong><\/p>\n<p>Alto 71,5 x ancho 33,5 x profundidad 34 cm (alto 28,2 x ancho 13,2 x profundidad 13,4 pulgadas)<\/p>\n<p><strong>Peso:<\/strong><\/p>\n<p>5,45 kg<\/p>\n<p>&nbsp;<\/p>\n","protected":false},"excerpt":{"rendered":"<p>Este elegante contenedor circular cuenta con un pedal grande que encaja perfectamente en el espacio del dise\u00f1o, ahorrando valioso espacio<\/p>\n","protected":false},"featured_media":435940,"template":"","meta":{"_acf_changed":false,"inline_featured_image":false},"product_cat":[16021,16016],"product_tag":[25029,16225,16130,21231,21233,21230],"acf":[],"yoast_head":"<!-- This site is optimized with the Yoast SEO Premium plugin v18.6 (Yoast SEO v19.13) - https:\/\/yoast.com\/wordpress\/plugins\/seo\/ -->\n<title>JOSEPH JOSEPH Arc Easy-Push Cubo de pedal de acero inoxidable 30L - Erresse Shop<\/title>\n<meta name=\"description\" content=\"Este elegante contenedor circular cuenta con un pedal grande que encaja perfectamente en el espacio del dise\u00f1o, ahorrando valioso espacio en el piso.\" \/>\n<meta name=\"robots\" content=\"index, follow, max-snippet:-1, max-image-preview:large, max-video-preview:-1\" \/>\n<link rel=\"canonical\" href=\"https:\/\/www.erresse-shop.it\/es\/shop\/mobiliario\/cubos-de-basura\/joseph-joseph-arc-easy-push-cubo-de-pedal-de-acero-inoxidable-30l\/\" \/>\n<meta property=\"og:locale\" content=\"es_ES\" \/>\n<meta property=\"og:type\" content=\"article\" \/>\n<meta property=\"og:title\" content=\"JOSEPH JOSEPH Arc Easy-Push Cubo de pedal de acero inoxidable 30L\" \/>\n<meta property=\"og:description\" content=\"Este elegante contenedor circular cuenta con un pedal grande que encaja perfectamente en el espacio del dise\u00f1o, ahorrando valioso espacio en el piso.\" \/>\n<meta property=\"og:url\" content=\"https:\/\/www.erresse-shop.it\/es\/shop\/mobiliario\/cubos-de-basura\/joseph-joseph-arc-easy-push-cubo-de-pedal-de-acero-inoxidable-30l\/\" \/>\n<meta property=\"og:site_name\" content=\"Erresse Shop\" \/>\n<meta property=\"article:modified_time\" content=\"2024-10-15T14:52:45+00:00\" \/>\n<meta property=\"og:image\" content=\"https:\/\/www.erresse-shop.it\/wp-content\/uploads\/2024\/10\/JOSEPH-JOSEPH-Arc-Easy-Push-Cestino-a-Pedale-Acciaio-inox-30L.jpg\" \/>\n\t<meta property=\"og:image:width\" content=\"1200\" \/>\n\t<meta property=\"og:image:height\" content=\"1200\" \/>\n\t<meta property=\"og:image:type\" content=\"image\/jpeg\" \/>\n<meta name=\"twitter:card\" content=\"summary_large_image\" \/>\n<script type=\"application\/ld+json\" class=\"yoast-schema-graph\">{\"@context\":\"https:\/\/schema.org\",\"@graph\":[{\"@type\":\"WebPage\",\"@id\":\"https:\/\/www.erresse-shop.it\/es\/shop\/mobiliario\/cubos-de-basura\/joseph-joseph-arc-easy-push-cubo-de-pedal-de-acero-inoxidable-30l\/\",\"url\":\"https:\/\/www.erresse-shop.it\/es\/shop\/mobiliario\/cubos-de-basura\/joseph-joseph-arc-easy-push-cubo-de-pedal-de-acero-inoxidable-30l\/\",\"name\":\"JOSEPH JOSEPH Arc Easy-Push Cubo de pedal de acero inoxidable 30L - Erresse Shop\",\"isPartOf\":{\"@id\":\"https:\/\/www.erresse-shop.it\/es\/#website\"},\"datePublished\":\"2024-10-04T06:28:02+00:00\",\"dateModified\":\"2024-10-15T14:52:45+00:00\",\"description\":\"Este elegante contenedor circular cuenta con un pedal grande que encaja perfectamente en el espacio del dise\u00f1o, ahorrando valioso espacio en el piso.\",\"breadcrumb\":{\"@id\":\"https:\/\/www.erresse-shop.it\/es\/shop\/mobiliario\/cubos-de-basura\/joseph-joseph-arc-easy-push-cubo-de-pedal-de-acero-inoxidable-30l\/#breadcrumb\"},\"inLanguage\":\"es\",\"potentialAction\":[{\"@type\":\"ReadAction\",\"target\":[\"https:\/\/www.erresse-shop.it\/es\/shop\/mobiliario\/cubos-de-basura\/joseph-joseph-arc-easy-push-cubo-de-pedal-de-acero-inoxidable-30l\/\"]}]},{\"@type\":\"BreadcrumbList\",\"@id\":\"https:\/\/www.erresse-shop.it\/es\/shop\/mobiliario\/cubos-de-basura\/joseph-joseph-arc-easy-push-cubo-de-pedal-de-acero-inoxidable-30l\/#breadcrumb\",\"itemListElement\":[{\"@type\":\"ListItem\",\"position\":1,\"name\":\"Home\",\"item\":\"https:\/\/www.erresse-shop.it\/es\/\"},{\"@type\":\"ListItem\",\"position\":2,\"name\":\"Shop\",\"item\":\"https:\/\/www.erresse-shop.it\/es\/shop\/\"},{\"@type\":\"ListItem\",\"position\":3,\"name\":\"JOSEPH JOSEPH Arc Easy-Push Cubo de pedal de acero inoxidable 30L\"}]},{\"@type\":\"WebSite\",\"@id\":\"https:\/\/www.erresse-shop.it\/es\/#website\",\"url\":\"https:\/\/www.erresse-shop.it\/es\/\",\"name\":\"Erresse Shop\",\"description\":\"Articoli di qualit\u00e0 per la casa\",\"potentialAction\":[{\"@type\":\"SearchAction\",\"target\":{\"@type\":\"EntryPoint\",\"urlTemplate\":\"https:\/\/www.erresse-shop.it\/es\/?s={search_term_string}\"},\"query-input\":\"required name=search_term_string\"}],\"inLanguage\":\"es\"}]}<\/script>\n<!-- \/ Yoast SEO Premium plugin. -->","yoast_head_json":{"title":"JOSEPH JOSEPH Arc Easy-Push Cubo de pedal de acero inoxidable 30L - Erresse Shop","description":"Este elegante contenedor circular cuenta con un pedal grande que encaja perfectamente en el espacio del dise\u00f1o, ahorrando valioso espacio en el piso.","robots":{"index":"index","follow":"follow","max-snippet":"max-snippet:-1","max-image-preview":"max-image-preview:large","max-video-preview":"max-video-preview:-1"},"canonical":"https:\/\/www.erresse-shop.it\/es\/shop\/mobiliario\/cubos-de-basura\/joseph-joseph-arc-easy-push-cubo-de-pedal-de-acero-inoxidable-30l\/","og_locale":"es_ES","og_type":"article","og_title":"JOSEPH JOSEPH Arc Easy-Push Cubo de pedal de acero inoxidable 30L","og_description":"Este elegante contenedor circular cuenta con un pedal grande que encaja perfectamente en el espacio del dise\u00f1o, ahorrando valioso espacio en el piso.","og_url":"https:\/\/www.erresse-shop.it\/es\/shop\/mobiliario\/cubos-de-basura\/joseph-joseph-arc-easy-push-cubo-de-pedal-de-acero-inoxidable-30l\/","og_site_name":"Erresse Shop","article_modified_time":"2024-10-15T14:52:45+00:00","og_image":[{"width":1200,"height":1200,"url":"https:\/\/www.erresse-shop.it\/wp-content\/uploads\/2024\/10\/JOSEPH-JOSEPH-Arc-Easy-Push-Cestino-a-Pedale-Acciaio-inox-30L.jpg","type":"image\/jpeg"}],"twitter_card":"summary_large_image","schema":{"@context":"https:\/\/schema.org","@graph":[{"@type":"WebPage","@id":"https:\/\/www.erresse-shop.it\/es\/shop\/mobiliario\/cubos-de-basura\/joseph-joseph-arc-easy-push-cubo-de-pedal-de-acero-inoxidable-30l\/","url":"https:\/\/www.erresse-shop.it\/es\/shop\/mobiliario\/cubos-de-basura\/joseph-joseph-arc-easy-push-cubo-de-pedal-de-acero-inoxidable-30l\/","name":"JOSEPH JOSEPH Arc Easy-Push Cubo de pedal de acero inoxidable 30L - Erresse Shop","isPartOf":{"@id":"https:\/\/www.erresse-shop.it\/es\/#website"},"datePublished":"2024-10-04T06:28:02+00:00","dateModified":"2024-10-15T14:52:45+00:00","description":"Este elegante contenedor circular cuenta con un pedal grande que encaja perfectamente en el espacio del dise\u00f1o, ahorrando valioso espacio en el piso.","breadcrumb":{"@id":"https:\/\/www.erresse-shop.it\/es\/shop\/mobiliario\/cubos-de-basura\/joseph-joseph-arc-easy-push-cubo-de-pedal-de-acero-inoxidable-30l\/#breadcrumb"},"inLanguage":"es","potentialAction":[{"@type":"ReadAction","target":["https:\/\/www.erresse-shop.it\/es\/shop\/mobiliario\/cubos-de-basura\/joseph-joseph-arc-easy-push-cubo-de-pedal-de-acero-inoxidable-30l\/"]}]},{"@type":"BreadcrumbList","@id":"https:\/\/www.erresse-shop.it\/es\/shop\/mobiliario\/cubos-de-basura\/joseph-joseph-arc-easy-push-cubo-de-pedal-de-acero-inoxidable-30l\/#breadcrumb","itemListElement":[{"@type":"ListItem","position":1,"name":"Home","item":"https:\/\/www.erresse-shop.it\/es\/"},{"@type":"ListItem","position":2,"name":"Shop","item":"https:\/\/www.erresse-shop.it\/es\/shop\/"},{"@type":"ListItem","position":3,"name":"JOSEPH JOSEPH Arc Easy-Push Cubo de pedal de acero inoxidable 30L"}]},{"@type":"WebSite","@id":"https:\/\/www.erresse-shop.it\/es\/#website","url":"https:\/\/www.erresse-shop.it\/es\/","name":"Erresse Shop","description":"Articoli di qualit\u00e0 per la casa","potentialAction":[{"@type":"SearchAction","target":{"@type":"EntryPoint","urlTemplate":"https:\/\/www.erresse-shop.it\/es\/?s={search_term_string}"},"query-input":"required name=search_term_string"}],"inLanguage":"es"}]}},"df_price":89,"df_sale_price":89,"df_regular_price":179.99,"df_image_link":"https:\/\/www.erresse-shop.it\/wp-content\/uploads\/2024\/10\/JOSEPH-JOSEPH-Arc-Easy-Push-Cestino-a-Pedale-Acciaio-inox-30L-300x300.jpg","_links":{"self":[{"href":"https:\/\/www.erresse-shop.it\/es\/wp-json\/wp\/v2\/product\/435930"}],"collection":[{"href":"https:\/\/www.erresse-shop.it\/es\/wp-json\/wp\/v2\/product"}],"about":[{"href":"https:\/\/www.erresse-shop.it\/es\/wp-json\/wp\/v2\/types\/product"}],"wp:featuredmedia":[{"embeddable":true,"href":"https:\/\/www.erresse-shop.it\/es\/wp-json\/wp\/v2\/media\/435940"}],"wp:attachment":[{"href":"https:\/\/www.erresse-shop.it\/es\/wp-json\/wp\/v2\/media?parent=435930"}],"wp:term":[{"taxonomy":"product_cat","embeddable":true,"href":"https:\/\/www.erresse-shop.it\/es\/wp-json\/wp\/v2\/product_cat?post=435930"},{"taxonomy":"product_tag","embeddable":true,"href":"https:\/\/www.erresse-shop.it\/es\/wp-json\/wp\/v2\/product_tag?post=435930"}],"curies":[{"name":"wp","href":"https:\/\/api.w.org\/{rel}","templated":true}]}}