{"id":432555,"date":"2024-09-24T13:54:24","date_gmt":"2024-09-24T13:54:25","guid":{"rendered":"https:\/\/www.erresse-shop.it\/?post_type=product&#038;p=432555"},"modified":"2025-12-04T13:53:35","modified_gmt":"2025-12-04T13:53:35","slug":"cookut-sarten-la-fabuleuse-24-cm-rubi","status":"publish","type":"product","link":"https:\/\/www.erresse-shop.it\/es\/shop\/sartenes-y-ollas\/sartenes\/cookut-sarten-la-fabuleuse-24-cm-rubi\/","title":{"rendered":"COOKUT Sart\u00e9n &#8220;La Fabuleuse&#8221; 24 cm Rub\u00ed"},"content":{"rendered":"<p>DIE FABULOSA, DIE ALLES-PFANNE, DIE 8 WERKZEUGE ERSETZT: F\u00c4CHER, PFANNE, KASSEROLLE, COCOTTE, DAMPFKOCHER, FRITEUSE, GRILL, KUCHENFORM<\/p>\n<p>Spiegeleier, Brath\u00e4hnchen, ged\u00fcnstetes Gem\u00fcse, Kalbsblanquette, Pommes frites, Gratins, Kuchen, Pizza&#8230; Alles ist m\u00f6glich!<\/p>\n<ul>\n<li>100 % recyceltes Metallgeh\u00e4use*<\/li>\n<li>Hochleistungs-Antihaftbeschichtung<\/li>\n<li>Leichtgewicht: 1,4 kg<\/li>\n<li>Abnehmbare Griffe<\/li>\n<li>Deckel mit selbstbegie\u00dfendem Fleischsystem<\/li>\n<li>K\u00fchler Griff oben auf dem Deckel<\/li>\n<li>Alle W\u00e4rmequellen, sogar der Ofen<\/li>\n<li>Sp\u00fclmaschinenfest<\/li>\n<li>Ohne PFOA**<\/li>\n<\/ul>\n<p>Im Lieferumfang enthalten: 2 abnehmbare Griffe (einer lang und einer kurz), ein Dampfkorb und ein Holzspatel.<\/p>\n<p><strong>24 cm &#8211; 3,5 Liter<\/strong><\/p>\n","protected":false},"excerpt":{"rendered":"<p>DIE FABULOSA, DIE ALLES-PFANNE, DIE 8 WERKZEUGE ERSETZT: F\u00c4CHER, PFANNE, KASSEROLLE, COCOTTE, DAMPFKOCHER, FRITEUSE, GRILL, KUCHENFORM Spiegeleier, Brath\u00e4hnchen, ged\u00fcnstetes Gem\u00fcse,<\/p>\n","protected":false},"featured_media":495996,"template":"","meta":{"_acf_changed":false,"inline_featured_image":false},"product_cat":[16066,16058],"product_tag":[24605,16160,22928],"acf":[],"yoast_head":"<!-- This site is optimized with the Yoast SEO Premium plugin v18.6 (Yoast SEO v19.13) - https:\/\/yoast.com\/wordpress\/plugins\/seo\/ -->\n<title>COOKUT Sart\u00e9n &quot;La Fabuleuse&quot; 24 cm Rub\u00ed - Erresse Shop<\/title>\n<meta name=\"description\" content=\"DIE FABULOSA, DIE ALLES-PFANNE, DIE 8 WERKZEUGE ERSETZT: F\u00c4CHER, PFANNE, KASSEROLLE, COCOTTE, DAMPFKOCHER, FRITEUSE, GRILL, KUCHENFORM Spiegeleier,\" \/>\n<meta name=\"robots\" content=\"index, follow, max-snippet:-1, max-image-preview:large, max-video-preview:-1\" \/>\n<link rel=\"canonical\" href=\"https:\/\/www.erresse-shop.it\/es\/shop\/sartenes-y-ollas\/sartenes\/cookut-sarten-la-fabuleuse-24-cm-rubi\/\" \/>\n<meta property=\"og:locale\" content=\"es_ES\" \/>\n<meta property=\"og:type\" content=\"article\" \/>\n<meta property=\"og:title\" content=\"COOKUT Sart\u00e9n &quot;La Fabuleuse&quot; 24 cm Rub\u00ed\" \/>\n<meta property=\"og:description\" content=\"DIE FABULOSA, DIE ALLES-PFANNE, DIE 8 WERKZEUGE ERSETZT: F\u00c4CHER, PFANNE, KASSEROLLE, COCOTTE, DAMPFKOCHER, FRITEUSE, GRILL, KUCHENFORM Spiegeleier,\" \/>\n<meta property=\"og:url\" content=\"https:\/\/www.erresse-shop.it\/es\/shop\/sartenes-y-ollas\/sartenes\/cookut-sarten-la-fabuleuse-24-cm-rubi\/\" \/>\n<meta property=\"og:site_name\" content=\"Erresse Shop\" \/>\n<meta property=\"article:modified_time\" content=\"2025-12-04T13:53:35+00:00\" \/>\n<meta property=\"og:image\" content=\"https:\/\/www.erresse-shop.it\/wp-content\/uploads\/2024\/09\/COOKUT-Padella-24-cm-Rubino.webp\" \/>\n\t<meta property=\"og:image:width\" content=\"1200\" \/>\n\t<meta property=\"og:image:height\" content=\"1200\" \/>\n\t<meta property=\"og:image:type\" content=\"image\/webp\" \/>\n<meta name=\"twitter:card\" content=\"summary_large_image\" \/>\n<script type=\"application\/ld+json\" class=\"yoast-schema-graph\">{\"@context\":\"https:\/\/schema.org\",\"@graph\":[{\"@type\":\"WebPage\",\"@id\":\"https:\/\/www.erresse-shop.it\/es\/shop\/sartenes-y-ollas\/sartenes\/cookut-sarten-la-fabuleuse-24-cm-rubi\/\",\"url\":\"https:\/\/www.erresse-shop.it\/es\/shop\/sartenes-y-ollas\/sartenes\/cookut-sarten-la-fabuleuse-24-cm-rubi\/\",\"name\":\"COOKUT Sart\u00e9n \\\"La Fabuleuse\\\" 24 cm Rub\u00ed - Erresse Shop\",\"isPartOf\":{\"@id\":\"https:\/\/www.erresse-shop.it\/es\/#website\"},\"datePublished\":\"2024-09-24T13:54:25+00:00\",\"dateModified\":\"2025-12-04T13:53:35+00:00\",\"description\":\"DIE FABULOSA, DIE ALLES-PFANNE, DIE 8 WERKZEUGE ERSETZT: F\u00c4CHER, PFANNE, KASSEROLLE, COCOTTE, DAMPFKOCHER, FRITEUSE, GRILL, KUCHENFORM Spiegeleier,\",\"breadcrumb\":{\"@id\":\"https:\/\/www.erresse-shop.it\/es\/shop\/sartenes-y-ollas\/sartenes\/cookut-sarten-la-fabuleuse-24-cm-rubi\/#breadcrumb\"},\"inLanguage\":\"es\",\"potentialAction\":[{\"@type\":\"ReadAction\",\"target\":[\"https:\/\/www.erresse-shop.it\/es\/shop\/sartenes-y-ollas\/sartenes\/cookut-sarten-la-fabuleuse-24-cm-rubi\/\"]}]},{\"@type\":\"BreadcrumbList\",\"@id\":\"https:\/\/www.erresse-shop.it\/es\/shop\/sartenes-y-ollas\/sartenes\/cookut-sarten-la-fabuleuse-24-cm-rubi\/#breadcrumb\",\"itemListElement\":[{\"@type\":\"ListItem\",\"position\":1,\"name\":\"Home\",\"item\":\"https:\/\/www.erresse-shop.it\/es\/\"},{\"@type\":\"ListItem\",\"position\":2,\"name\":\"Shop\",\"item\":\"https:\/\/www.erresse-shop.it\/es\/shop\/\"},{\"@type\":\"ListItem\",\"position\":3,\"name\":\"COOKUT Sart\u00e9n &#8220;La Fabuleuse&#8221; 24 cm Rub\u00ed\"}]},{\"@type\":\"WebSite\",\"@id\":\"https:\/\/www.erresse-shop.it\/es\/#website\",\"url\":\"https:\/\/www.erresse-shop.it\/es\/\",\"name\":\"Erresse Shop\",\"description\":\"Articoli di qualit\u00e0 per la casa\",\"potentialAction\":[{\"@type\":\"SearchAction\",\"target\":{\"@type\":\"EntryPoint\",\"urlTemplate\":\"https:\/\/www.erresse-shop.it\/es\/?s={search_term_string}\"},\"query-input\":\"required name=search_term_string\"}],\"inLanguage\":\"es\"}]}<\/script>\n<!-- \/ Yoast SEO Premium plugin. -->","yoast_head_json":{"title":"COOKUT Sart\u00e9n \"La Fabuleuse\" 24 cm Rub\u00ed - Erresse Shop","description":"DIE FABULOSA, DIE ALLES-PFANNE, DIE 8 WERKZEUGE ERSETZT: F\u00c4CHER, PFANNE, KASSEROLLE, COCOTTE, DAMPFKOCHER, FRITEUSE, GRILL, KUCHENFORM Spiegeleier,","robots":{"index":"index","follow":"follow","max-snippet":"max-snippet:-1","max-image-preview":"max-image-preview:large","max-video-preview":"max-video-preview:-1"},"canonical":"https:\/\/www.erresse-shop.it\/es\/shop\/sartenes-y-ollas\/sartenes\/cookut-sarten-la-fabuleuse-24-cm-rubi\/","og_locale":"es_ES","og_type":"article","og_title":"COOKUT Sart\u00e9n \"La Fabuleuse\" 24 cm Rub\u00ed","og_description":"DIE FABULOSA, DIE ALLES-PFANNE, DIE 8 WERKZEUGE ERSETZT: F\u00c4CHER, PFANNE, KASSEROLLE, COCOTTE, DAMPFKOCHER, FRITEUSE, GRILL, KUCHENFORM Spiegeleier,","og_url":"https:\/\/www.erresse-shop.it\/es\/shop\/sartenes-y-ollas\/sartenes\/cookut-sarten-la-fabuleuse-24-cm-rubi\/","og_site_name":"Erresse Shop","article_modified_time":"2025-12-04T13:53:35+00:00","og_image":[{"width":1200,"height":1200,"url":"https:\/\/www.erresse-shop.it\/wp-content\/uploads\/2024\/09\/COOKUT-Padella-24-cm-Rubino.webp","type":"image\/webp"}],"twitter_card":"summary_large_image","schema":{"@context":"https:\/\/schema.org","@graph":[{"@type":"WebPage","@id":"https:\/\/www.erresse-shop.it\/es\/shop\/sartenes-y-ollas\/sartenes\/cookut-sarten-la-fabuleuse-24-cm-rubi\/","url":"https:\/\/www.erresse-shop.it\/es\/shop\/sartenes-y-ollas\/sartenes\/cookut-sarten-la-fabuleuse-24-cm-rubi\/","name":"COOKUT Sart\u00e9n \"La Fabuleuse\" 24 cm Rub\u00ed - Erresse Shop","isPartOf":{"@id":"https:\/\/www.erresse-shop.it\/es\/#website"},"datePublished":"2024-09-24T13:54:25+00:00","dateModified":"2025-12-04T13:53:35+00:00","description":"DIE FABULOSA, DIE ALLES-PFANNE, DIE 8 WERKZEUGE ERSETZT: F\u00c4CHER, PFANNE, KASSEROLLE, COCOTTE, DAMPFKOCHER, FRITEUSE, GRILL, KUCHENFORM Spiegeleier,","breadcrumb":{"@id":"https:\/\/www.erresse-shop.it\/es\/shop\/sartenes-y-ollas\/sartenes\/cookut-sarten-la-fabuleuse-24-cm-rubi\/#breadcrumb"},"inLanguage":"es","potentialAction":[{"@type":"ReadAction","target":["https:\/\/www.erresse-shop.it\/es\/shop\/sartenes-y-ollas\/sartenes\/cookut-sarten-la-fabuleuse-24-cm-rubi\/"]}]},{"@type":"BreadcrumbList","@id":"https:\/\/www.erresse-shop.it\/es\/shop\/sartenes-y-ollas\/sartenes\/cookut-sarten-la-fabuleuse-24-cm-rubi\/#breadcrumb","itemListElement":[{"@type":"ListItem","position":1,"name":"Home","item":"https:\/\/www.erresse-shop.it\/es\/"},{"@type":"ListItem","position":2,"name":"Shop","item":"https:\/\/www.erresse-shop.it\/es\/shop\/"},{"@type":"ListItem","position":3,"name":"COOKUT Sart\u00e9n &#8220;La Fabuleuse&#8221; 24 cm Rub\u00ed"}]},{"@type":"WebSite","@id":"https:\/\/www.erresse-shop.it\/es\/#website","url":"https:\/\/www.erresse-shop.it\/es\/","name":"Erresse Shop","description":"Articoli di qualit\u00e0 per la casa","potentialAction":[{"@type":"SearchAction","target":{"@type":"EntryPoint","urlTemplate":"https:\/\/www.erresse-shop.it\/es\/?s={search_term_string}"},"query-input":"required name=search_term_string"}],"inLanguage":"es"}]}},"df_price":76.94500000000001,"df_sale_price":76.94500000000001,"df_regular_price":139.9,"df_image_link":"https:\/\/www.erresse-shop.it\/wp-content\/uploads\/2024\/09\/COOKUT-Padella-_La-Favolosa_-24-cm-Rubino-300x300.jpg","_links":{"self":[{"href":"https:\/\/www.erresse-shop.it\/es\/wp-json\/wp\/v2\/product\/432555"}],"collection":[{"href":"https:\/\/www.erresse-shop.it\/es\/wp-json\/wp\/v2\/product"}],"about":[{"href":"https:\/\/www.erresse-shop.it\/es\/wp-json\/wp\/v2\/types\/product"}],"wp:featuredmedia":[{"embeddable":true,"href":"https:\/\/www.erresse-shop.it\/es\/wp-json\/wp\/v2\/media\/495996"}],"wp:attachment":[{"href":"https:\/\/www.erresse-shop.it\/es\/wp-json\/wp\/v2\/media?parent=432555"}],"wp:term":[{"taxonomy":"product_cat","embeddable":true,"href":"https:\/\/www.erresse-shop.it\/es\/wp-json\/wp\/v2\/product_cat?post=432555"},{"taxonomy":"product_tag","embeddable":true,"href":"https:\/\/www.erresse-shop.it\/es\/wp-json\/wp\/v2\/product_tag?post=432555"}],"curies":[{"name":"wp","href":"https:\/\/api.w.org\/{rel}","templated":true}]}}