{"id":432039,"date":"2024-09-19T12:28:33","date_gmt":"2024-09-19T12:28:35","guid":{"rendered":"https:\/\/www.erresse-shop.it\/?post_type=product&#038;p=432039"},"modified":"2025-05-04T09:00:08","modified_gmt":"2025-05-04T09:00:08","slug":"les-jardins-de-la-comtesse-cesta-picnic-4-personas-campos-eliseos-verde","status":"publish","type":"product","link":"https:\/\/www.erresse-shop.it\/es\/shop\/tabla\/cestas-de-picnic\/les-jardins-de-la-comtesse-cesta-picnic-4-personas-campos-eliseos-verde\/","title":{"rendered":"LES JARDINS DE LA COMTESSE Cesta Picnic 4 Personas Campos El\u00edseos Verde"},"content":{"rendered":"<p>Esta cesta de picnic de cuero genuino con flores cosidas, con platos de porcelana y tejido con monograma, el m\u00e1s hermoso de nuestros ba\u00fales de picnic de mimbre de cuero y color miel para regalar o para regalarse en picnics ultra chic. Este cofre fue creado para los amantes de los picnics chic a quienes les gusta reunirse con muchos amigos o familiares para compartir un momento m\u00e1gico y familiar. El particular color miel se obtuvo mediante un doble tratamiento con vapor, un proceso utilizado durante milenios. Lujo, tradici\u00f3n, refinamiento se unen para un verdadero art de vivre franc\u00e9s&#8230; Este ba\u00fal fue hecho a mano con madera de sauce. Se cierra con 2 grandes correas de cuero cosidas, con dobladillo y metal para cierre. Un asa grande de cuero cosido le permite transportar f\u00e1cilmente el ba\u00fal. En la parte superior lleva cosidas dos tiras de cuero para meter la manta de picnic. Abre el ba\u00fal y descubre el interior revestido con una tela de algod\u00f3n verde oscuro con monograma. Los platos est\u00e1n hechos de aut\u00e9ntica porcelana. Las copas se guardan ordenadas en su compartimento de mimbre y la botella de vino se sujeta con dos correas de cuero. Y los cubiertos son de acero inoxidable pulido. El bolsillo aislado para alimentos es lo suficientemente largo como para contener una botella.<br \/>\nSus platos, vasos, cubiertos y accesorios son aptos para lavavajillas.<\/p>\n<ul>\n<li>4 platos (20 cm) de aut\u00e9ntica porcelana fina con el monograma del escudo de armas de Les Jardins de la Comtesse. Las placas se sujetan mediante correas de cuero cosidas a ambos lados.<\/li>\n<li>4 copas de vino grandes (18 cl) dispuestas en compartimentos individuales de mimbre y sujetas por una correa de cuero.<\/li>\n<li>4 juegos completos de cubiertos de dise\u00f1o en acero inoxidable 18\/0 compuestos por 4 cuchillos, 4 tenedores y 4 cucharillas sujetos por correas de cuero cosidas.<\/li>\n<li>\u00a0Salero y pimentero de metal guardados en un bolsillo de cuero.<\/li>\n<li>Un sacacorchos, un sacacorchos y un abridor de botellas, guardados en un bolsillo de cuero.<\/li>\n<li>1 tabla de cortar de madera con cuchillo a juego, sujeta por correas de cuero.<\/li>\n<li>2 correas de cuero para sujetar una botella<\/li>\n<li>1 compartimento isot\u00e9rmico grande (34 x 18 x 15 cm) para guardar comida y una botella de vino.<\/li>\n<li>4 servilletas de tela con monograma verde oscuro 30 x 30 cm<\/li>\n<li>1 lona revestida impermeable verde oscuro 140 x 140 cm<\/li>\n<li>1 bolsa peque\u00f1a para guardar platos sucios<\/li>\n<\/ul>\n<p>&#8211; Largo: 60cm<br \/>\n&#8211; Ancho: 38cm<br \/>\n&#8211; Altura: 23cm<br \/>\n&#8211; Peso: 7,06 kg<\/p>\n","protected":false},"excerpt":{"rendered":"<p>Esta cesta de picnic de cuero genuino con flores cosidas, con platos de porcelana y tejido con monograma, el m\u00e1s<\/p>\n","protected":false},"featured_media":436876,"template":"","meta":{"_acf_changed":false,"inline_featured_image":false},"product_cat":[16038,16027],"product_tag":[25039,16167,16225,24399,16261,24605,25023],"acf":[],"yoast_head":"<!-- This site is optimized with the Yoast SEO Premium plugin v18.6 (Yoast SEO v19.13) - https:\/\/yoast.com\/wordpress\/plugins\/seo\/ -->\n<title>LES JARDINS DE LA COMTESSE Cesta Picnic 4 Personas Campos El\u00edseos Verde - Erresse Shop<\/title>\n<meta name=\"description\" content=\"Esta cesta de picnic de cuero genuino con flores cosidas, con platos de porcelana y tejido con monograma, el m\u00e1s hermoso de nuestros ba\u00fales de picnic de\" \/>\n<meta name=\"robots\" content=\"index, follow, max-snippet:-1, max-image-preview:large, max-video-preview:-1\" \/>\n<link rel=\"canonical\" href=\"https:\/\/www.erresse-shop.it\/es\/shop\/tabla\/cestas-de-picnic\/les-jardins-de-la-comtesse-cesta-picnic-4-personas-campos-eliseos-verde\/\" \/>\n<meta property=\"og:locale\" content=\"es_ES\" \/>\n<meta property=\"og:type\" content=\"article\" \/>\n<meta property=\"og:title\" content=\"LES JARDINS DE LA COMTESSE Cesta Picnic 4 Personas Campos El\u00edseos Verde\" \/>\n<meta property=\"og:description\" content=\"Esta cesta de picnic de cuero genuino con flores cosidas, con platos de porcelana y tejido con monograma, el m\u00e1s hermoso de nuestros ba\u00fales de picnic de\" \/>\n<meta property=\"og:url\" content=\"https:\/\/www.erresse-shop.it\/es\/shop\/tabla\/cestas-de-picnic\/les-jardins-de-la-comtesse-cesta-picnic-4-personas-campos-eliseos-verde\/\" \/>\n<meta property=\"og:site_name\" content=\"Erresse Shop\" \/>\n<meta property=\"article:modified_time\" content=\"2025-05-04T09:00:08+00:00\" \/>\n<meta property=\"og:image\" content=\"https:\/\/www.erresse-shop.it\/wp-content\/uploads\/2024\/09\/LES-JARDINS-DE-LA-COMTESSE-Cestino-Picnic-4-Persone-Champs-Elysees-verde.jpg\" \/>\n\t<meta property=\"og:image:width\" content=\"1200\" \/>\n\t<meta property=\"og:image:height\" content=\"1200\" \/>\n\t<meta property=\"og:image:type\" content=\"image\/jpeg\" \/>\n<meta name=\"twitter:card\" content=\"summary_large_image\" \/>\n<script type=\"application\/ld+json\" class=\"yoast-schema-graph\">{\"@context\":\"https:\/\/schema.org\",\"@graph\":[{\"@type\":\"WebPage\",\"@id\":\"https:\/\/www.erresse-shop.it\/es\/shop\/tabla\/cestas-de-picnic\/les-jardins-de-la-comtesse-cesta-picnic-4-personas-campos-eliseos-verde\/\",\"url\":\"https:\/\/www.erresse-shop.it\/es\/shop\/tabla\/cestas-de-picnic\/les-jardins-de-la-comtesse-cesta-picnic-4-personas-campos-eliseos-verde\/\",\"name\":\"LES JARDINS DE LA COMTESSE Cesta Picnic 4 Personas Campos El\u00edseos Verde - Erresse Shop\",\"isPartOf\":{\"@id\":\"https:\/\/www.erresse-shop.it\/es\/#website\"},\"datePublished\":\"2024-09-19T12:28:35+00:00\",\"dateModified\":\"2025-05-04T09:00:08+00:00\",\"description\":\"Esta cesta de picnic de cuero genuino con flores cosidas, con platos de porcelana y tejido con monograma, el m\u00e1s hermoso de nuestros ba\u00fales de picnic de\",\"breadcrumb\":{\"@id\":\"https:\/\/www.erresse-shop.it\/es\/shop\/tabla\/cestas-de-picnic\/les-jardins-de-la-comtesse-cesta-picnic-4-personas-campos-eliseos-verde\/#breadcrumb\"},\"inLanguage\":\"es\",\"potentialAction\":[{\"@type\":\"ReadAction\",\"target\":[\"https:\/\/www.erresse-shop.it\/es\/shop\/tabla\/cestas-de-picnic\/les-jardins-de-la-comtesse-cesta-picnic-4-personas-campos-eliseos-verde\/\"]}]},{\"@type\":\"BreadcrumbList\",\"@id\":\"https:\/\/www.erresse-shop.it\/es\/shop\/tabla\/cestas-de-picnic\/les-jardins-de-la-comtesse-cesta-picnic-4-personas-campos-eliseos-verde\/#breadcrumb\",\"itemListElement\":[{\"@type\":\"ListItem\",\"position\":1,\"name\":\"Home\",\"item\":\"https:\/\/www.erresse-shop.it\/es\/\"},{\"@type\":\"ListItem\",\"position\":2,\"name\":\"Shop\",\"item\":\"https:\/\/www.erresse-shop.it\/es\/shop\/\"},{\"@type\":\"ListItem\",\"position\":3,\"name\":\"LES JARDINS DE LA COMTESSE Cesta Picnic 4 Personas Campos El\u00edseos Verde\"}]},{\"@type\":\"WebSite\",\"@id\":\"https:\/\/www.erresse-shop.it\/es\/#website\",\"url\":\"https:\/\/www.erresse-shop.it\/es\/\",\"name\":\"Erresse Shop\",\"description\":\"Articoli di qualit\u00e0 per la casa\",\"potentialAction\":[{\"@type\":\"SearchAction\",\"target\":{\"@type\":\"EntryPoint\",\"urlTemplate\":\"https:\/\/www.erresse-shop.it\/es\/?s={search_term_string}\"},\"query-input\":\"required name=search_term_string\"}],\"inLanguage\":\"es\"}]}<\/script>\n<!-- \/ Yoast SEO Premium plugin. -->","yoast_head_json":{"title":"LES JARDINS DE LA COMTESSE Cesta Picnic 4 Personas Campos El\u00edseos Verde - Erresse Shop","description":"Esta cesta de picnic de cuero genuino con flores cosidas, con platos de porcelana y tejido con monograma, el m\u00e1s hermoso de nuestros ba\u00fales de picnic de","robots":{"index":"index","follow":"follow","max-snippet":"max-snippet:-1","max-image-preview":"max-image-preview:large","max-video-preview":"max-video-preview:-1"},"canonical":"https:\/\/www.erresse-shop.it\/es\/shop\/tabla\/cestas-de-picnic\/les-jardins-de-la-comtesse-cesta-picnic-4-personas-campos-eliseos-verde\/","og_locale":"es_ES","og_type":"article","og_title":"LES JARDINS DE LA COMTESSE Cesta Picnic 4 Personas Campos El\u00edseos Verde","og_description":"Esta cesta de picnic de cuero genuino con flores cosidas, con platos de porcelana y tejido con monograma, el m\u00e1s hermoso de nuestros ba\u00fales de picnic de","og_url":"https:\/\/www.erresse-shop.it\/es\/shop\/tabla\/cestas-de-picnic\/les-jardins-de-la-comtesse-cesta-picnic-4-personas-campos-eliseos-verde\/","og_site_name":"Erresse Shop","article_modified_time":"2025-05-04T09:00:08+00:00","og_image":[{"width":1200,"height":1200,"url":"https:\/\/www.erresse-shop.it\/wp-content\/uploads\/2024\/09\/LES-JARDINS-DE-LA-COMTESSE-Cestino-Picnic-4-Persone-Champs-Elysees-verde.jpg","type":"image\/jpeg"}],"twitter_card":"summary_large_image","schema":{"@context":"https:\/\/schema.org","@graph":[{"@type":"WebPage","@id":"https:\/\/www.erresse-shop.it\/es\/shop\/tabla\/cestas-de-picnic\/les-jardins-de-la-comtesse-cesta-picnic-4-personas-campos-eliseos-verde\/","url":"https:\/\/www.erresse-shop.it\/es\/shop\/tabla\/cestas-de-picnic\/les-jardins-de-la-comtesse-cesta-picnic-4-personas-campos-eliseos-verde\/","name":"LES JARDINS DE LA COMTESSE Cesta Picnic 4 Personas Campos El\u00edseos Verde - Erresse Shop","isPartOf":{"@id":"https:\/\/www.erresse-shop.it\/es\/#website"},"datePublished":"2024-09-19T12:28:35+00:00","dateModified":"2025-05-04T09:00:08+00:00","description":"Esta cesta de picnic de cuero genuino con flores cosidas, con platos de porcelana y tejido con monograma, el m\u00e1s hermoso de nuestros ba\u00fales de picnic de","breadcrumb":{"@id":"https:\/\/www.erresse-shop.it\/es\/shop\/tabla\/cestas-de-picnic\/les-jardins-de-la-comtesse-cesta-picnic-4-personas-campos-eliseos-verde\/#breadcrumb"},"inLanguage":"es","potentialAction":[{"@type":"ReadAction","target":["https:\/\/www.erresse-shop.it\/es\/shop\/tabla\/cestas-de-picnic\/les-jardins-de-la-comtesse-cesta-picnic-4-personas-campos-eliseos-verde\/"]}]},{"@type":"BreadcrumbList","@id":"https:\/\/www.erresse-shop.it\/es\/shop\/tabla\/cestas-de-picnic\/les-jardins-de-la-comtesse-cesta-picnic-4-personas-campos-eliseos-verde\/#breadcrumb","itemListElement":[{"@type":"ListItem","position":1,"name":"Home","item":"https:\/\/www.erresse-shop.it\/es\/"},{"@type":"ListItem","position":2,"name":"Shop","item":"https:\/\/www.erresse-shop.it\/es\/shop\/"},{"@type":"ListItem","position":3,"name":"LES JARDINS DE LA COMTESSE Cesta Picnic 4 Personas Campos El\u00edseos Verde"}]},{"@type":"WebSite","@id":"https:\/\/www.erresse-shop.it\/es\/#website","url":"https:\/\/www.erresse-shop.it\/es\/","name":"Erresse Shop","description":"Articoli di qualit\u00e0 per la casa","potentialAction":[{"@type":"SearchAction","target":{"@type":"EntryPoint","urlTemplate":"https:\/\/www.erresse-shop.it\/es\/?s={search_term_string}"},"query-input":"required name=search_term_string"}],"inLanguage":"es"}]}},"df_price":156.20000000000002,"df_sale_price":156.20000000000002,"df_regular_price":284,"df_image_link":"https:\/\/www.erresse-shop.it\/wp-content\/uploads\/2024\/09\/LES-JARDINS-DE-LA-COMTESSE-Cestino-Picnic-4-Persone-Champs-Elysees-verde-300x300.jpg","_links":{"self":[{"href":"https:\/\/www.erresse-shop.it\/es\/wp-json\/wp\/v2\/product\/432039"}],"collection":[{"href":"https:\/\/www.erresse-shop.it\/es\/wp-json\/wp\/v2\/product"}],"about":[{"href":"https:\/\/www.erresse-shop.it\/es\/wp-json\/wp\/v2\/types\/product"}],"wp:featuredmedia":[{"embeddable":true,"href":"https:\/\/www.erresse-shop.it\/es\/wp-json\/wp\/v2\/media\/436876"}],"wp:attachment":[{"href":"https:\/\/www.erresse-shop.it\/es\/wp-json\/wp\/v2\/media?parent=432039"}],"wp:term":[{"taxonomy":"product_cat","embeddable":true,"href":"https:\/\/www.erresse-shop.it\/es\/wp-json\/wp\/v2\/product_cat?post=432039"},{"taxonomy":"product_tag","embeddable":true,"href":"https:\/\/www.erresse-shop.it\/es\/wp-json\/wp\/v2\/product_tag?post=432039"}],"curies":[{"name":"wp","href":"https:\/\/api.w.org\/{rel}","templated":true}]}}