{"id":431952,"date":"2024-09-19T09:19:53","date_gmt":"2024-09-19T09:19:54","guid":{"rendered":"https:\/\/www.erresse-shop.it\/?post_type=product&#038;p=431952"},"modified":"2024-10-16T08:10:36","modified_gmt":"2024-10-16T08:10:36","slug":"le-creuset-sarten-skillet-cuadrada-grill-de-hierro-fundido-26x26-cm-shell-pink","status":"publish","type":"product","link":"https:\/\/www.erresse-shop.it\/es\/shop\/sartenes-y-ollas\/parrillas\/le-creuset-sarten-skillet-cuadrada-grill-de-hierro-fundido-26x26-cm-shell-pink\/","title":{"rendered":"LE CREUSET Sart\u00e9n skillet cuadrada grill de hierro fundido 26&#215;26 cm Shell Pink"},"content":{"rendered":"<p><strong>GRASA AL M\u00cdNIMO. SABOR AL M\u00c1XIMO<\/strong><\/p>\n<p>Nuestra parrilla de hierro fundido vitrificado garantiza el nivel ideal de humedad para sus alimentos, creando suculentos sabores y fragantes aromas. Perfecto para platos sanos y apetitosos: el exceso de grasa se escurre y se acumula en los surcos. Carnes, pescados y verduras, la elecci\u00f3n es tuya. Esta vers\u00e1til parrilla multiusos se encargar\u00e1 del resto.<\/p>\n<ul>\n<li>Versatilidad: Este producto es apto para hornos, estufas y horno en modo grill.<\/li>\n<li>Comida de excelente sabor: el hierro fundido vitrificado retiene el calor para cocinar y dorar de manera uniforme. Tus deliciosas creaciones se mantendr\u00e1n calientes durante m\u00e1s tiempo incluso en la mesa.<\/li>\n<li>Ranuras para parrilla: crea l\u00edneas aut\u00e9nticas con efecto de barbacoa para una comida con un aspecto incre\u00edble.<\/li>\n<li>No demasiado caliente: cocine a fuego constante, bajo a medio, para cuidar su producto de hierro fundido vitrificado y lograr resultados deliciosos.<\/li>\n<li>Mejora con el tiempo: el interior vitrificado desarrolla una p\u00e1tina natural que se comporta casi como una superficie antiadherente. Su acabado tiene propiedades que previenen la<\/li>\n<li>los alimentos se peguen incluso con cantidades m\u00e1s peque\u00f1as de aceite. Lave el producto \u00fanicamente con agua para permitir que se desarrolle la p\u00e1tina.<\/li>\n<li>Nuestros productos se fabrican con los mejores materiales en f\u00e1bricas ubicadas en todo el mundo para garantizar la calidad que espera de Le Creuset.<\/li>\n<\/ul>\n<p>Material: hierro fundido vitrificado<br \/>\nFabricado en: Francia<br \/>\nGarant\u00eda: de por vida<\/p>\n<p><strong>Fuente de calor:<\/strong><\/p>\n<ul>\n<li>Horno<\/li>\n<li>Modo grill horno<\/li>\n<li>Cocina el\u00e9ctrica<\/li>\n<li>Vidrio cer\u00e1mico<\/li>\n<li>Cocina de gas<\/li>\n<li>Placa de inducci\u00f3n<\/li>\n<\/ul>\n<p><strong>Limpieza y cuidado:<\/strong><\/p>\n<ul>\n<li>Espera a que el producto se enfr\u00ede antes de comenzar a limpiarlo.<\/li>\n<li>Limpie los restos de la base y los lados del producto. Si hay comida atascada, llene el producto con agua tibia y jab\u00f3n y d\u00e9jelo en remojo durante 15 a 20 minutos antes de lavarlo como de costumbre.<\/li>\n<li>No utilizar limpiadores abrasivos ni esponjas o cepillos met\u00e1licos, abrasivos o muy r\u00edgidos en ninguna de las superficies.<\/li>\n<li>Secar bien despu\u00e9s del lavado y guardar en un lugar seco.<\/li>\n<\/ul>\n","protected":false},"excerpt":{"rendered":"<p>GRASA AL M\u00cdNIMO. SABOR AL M\u00c1XIMO Nuestra parrilla de hierro fundido vitrificado garantiza el nivel ideal de humedad para sus<\/p>\n","protected":false},"featured_media":461946,"template":"","meta":{"_acf_changed":false,"inline_featured_image":false},"product_cat":[16060,16058],"product_tag":[16343,16139,16248,16158,16170,16171,16654,16138,16168],"acf":[],"yoast_head":"<!-- This site is optimized with the Yoast SEO Premium plugin v18.6 (Yoast SEO v19.13) - https:\/\/yoast.com\/wordpress\/plugins\/seo\/ -->\n<title>LE CREUSET Sart\u00e9n skillet cuadrada grill de hierro fundido 26x26 cm Shell Pink - Erresse Shop<\/title>\n<meta name=\"description\" content=\"GRASA AL M\u00cdNIMO. SABOR AL M\u00c1XIMO Nuestra parrilla de hierro fundido vitrificado garantiza el nivel ideal de humedad para sus alimentos, creando suculentos\" \/>\n<meta name=\"robots\" content=\"index, follow, max-snippet:-1, max-image-preview:large, max-video-preview:-1\" \/>\n<link rel=\"canonical\" href=\"https:\/\/www.erresse-shop.it\/es\/shop\/sartenes-y-ollas\/parrillas\/le-creuset-sarten-skillet-cuadrada-grill-de-hierro-fundido-26x26-cm-shell-pink\/\" \/>\n<meta property=\"og:locale\" content=\"es_ES\" \/>\n<meta property=\"og:type\" content=\"article\" \/>\n<meta property=\"og:title\" content=\"LE CREUSET Sart\u00e9n skillet cuadrada grill de hierro fundido 26x26 cm Shell Pink\" \/>\n<meta property=\"og:description\" content=\"GRASA AL M\u00cdNIMO. SABOR AL M\u00c1XIMO Nuestra parrilla de hierro fundido vitrificado garantiza el nivel ideal de humedad para sus alimentos, creando suculentos\" \/>\n<meta property=\"og:url\" content=\"https:\/\/www.erresse-shop.it\/es\/shop\/sartenes-y-ollas\/parrillas\/le-creuset-sarten-skillet-cuadrada-grill-de-hierro-fundido-26x26-cm-shell-pink\/\" \/>\n<meta property=\"og:site_name\" content=\"Erresse Shop\" \/>\n<meta property=\"article:modified_time\" content=\"2024-10-16T08:10:36+00:00\" \/>\n<meta property=\"og:image\" content=\"https:\/\/www.erresse-shop.it\/wp-content\/uploads\/2024\/09\/LE-CREUSET-Bistecchiera-Skillet-Quadrata-Evolution-26x26-cm-Shell-Pink.webp\" \/>\n\t<meta property=\"og:image:width\" content=\"1200\" \/>\n\t<meta property=\"og:image:height\" content=\"1200\" \/>\n\t<meta property=\"og:image:type\" content=\"image\/webp\" \/>\n<meta name=\"twitter:card\" content=\"summary_large_image\" \/>\n<script type=\"application\/ld+json\" class=\"yoast-schema-graph\">{\"@context\":\"https:\/\/schema.org\",\"@graph\":[{\"@type\":\"WebPage\",\"@id\":\"https:\/\/www.erresse-shop.it\/es\/shop\/sartenes-y-ollas\/parrillas\/le-creuset-sarten-skillet-cuadrada-grill-de-hierro-fundido-26x26-cm-shell-pink\/\",\"url\":\"https:\/\/www.erresse-shop.it\/es\/shop\/sartenes-y-ollas\/parrillas\/le-creuset-sarten-skillet-cuadrada-grill-de-hierro-fundido-26x26-cm-shell-pink\/\",\"name\":\"LE CREUSET Sart\u00e9n skillet cuadrada grill de hierro fundido 26x26 cm Shell Pink - Erresse Shop\",\"isPartOf\":{\"@id\":\"https:\/\/www.erresse-shop.it\/es\/#website\"},\"datePublished\":\"2024-09-19T09:19:54+00:00\",\"dateModified\":\"2024-10-16T08:10:36+00:00\",\"description\":\"GRASA AL M\u00cdNIMO. SABOR AL M\u00c1XIMO Nuestra parrilla de hierro fundido vitrificado garantiza el nivel ideal de humedad para sus alimentos, creando suculentos\",\"breadcrumb\":{\"@id\":\"https:\/\/www.erresse-shop.it\/es\/shop\/sartenes-y-ollas\/parrillas\/le-creuset-sarten-skillet-cuadrada-grill-de-hierro-fundido-26x26-cm-shell-pink\/#breadcrumb\"},\"inLanguage\":\"es\",\"potentialAction\":[{\"@type\":\"ReadAction\",\"target\":[\"https:\/\/www.erresse-shop.it\/es\/shop\/sartenes-y-ollas\/parrillas\/le-creuset-sarten-skillet-cuadrada-grill-de-hierro-fundido-26x26-cm-shell-pink\/\"]}]},{\"@type\":\"BreadcrumbList\",\"@id\":\"https:\/\/www.erresse-shop.it\/es\/shop\/sartenes-y-ollas\/parrillas\/le-creuset-sarten-skillet-cuadrada-grill-de-hierro-fundido-26x26-cm-shell-pink\/#breadcrumb\",\"itemListElement\":[{\"@type\":\"ListItem\",\"position\":1,\"name\":\"Home\",\"item\":\"https:\/\/www.erresse-shop.it\/es\/\"},{\"@type\":\"ListItem\",\"position\":2,\"name\":\"Shop\",\"item\":\"https:\/\/www.erresse-shop.it\/es\/shop\/\"},{\"@type\":\"ListItem\",\"position\":3,\"name\":\"LE CREUSET Sart\u00e9n skillet cuadrada grill de hierro fundido 26&#215;26 cm Shell Pink\"}]},{\"@type\":\"WebSite\",\"@id\":\"https:\/\/www.erresse-shop.it\/es\/#website\",\"url\":\"https:\/\/www.erresse-shop.it\/es\/\",\"name\":\"Erresse Shop\",\"description\":\"Articoli di qualit\u00e0 per la casa\",\"potentialAction\":[{\"@type\":\"SearchAction\",\"target\":{\"@type\":\"EntryPoint\",\"urlTemplate\":\"https:\/\/www.erresse-shop.it\/es\/?s={search_term_string}\"},\"query-input\":\"required name=search_term_string\"}],\"inLanguage\":\"es\"}]}<\/script>\n<!-- \/ Yoast SEO Premium plugin. -->","yoast_head_json":{"title":"LE CREUSET Sart\u00e9n skillet cuadrada grill de hierro fundido 26x26 cm Shell Pink - Erresse Shop","description":"GRASA AL M\u00cdNIMO. SABOR AL M\u00c1XIMO Nuestra parrilla de hierro fundido vitrificado garantiza el nivel ideal de humedad para sus alimentos, creando suculentos","robots":{"index":"index","follow":"follow","max-snippet":"max-snippet:-1","max-image-preview":"max-image-preview:large","max-video-preview":"max-video-preview:-1"},"canonical":"https:\/\/www.erresse-shop.it\/es\/shop\/sartenes-y-ollas\/parrillas\/le-creuset-sarten-skillet-cuadrada-grill-de-hierro-fundido-26x26-cm-shell-pink\/","og_locale":"es_ES","og_type":"article","og_title":"LE CREUSET Sart\u00e9n skillet cuadrada grill de hierro fundido 26x26 cm Shell Pink","og_description":"GRASA AL M\u00cdNIMO. SABOR AL M\u00c1XIMO Nuestra parrilla de hierro fundido vitrificado garantiza el nivel ideal de humedad para sus alimentos, creando suculentos","og_url":"https:\/\/www.erresse-shop.it\/es\/shop\/sartenes-y-ollas\/parrillas\/le-creuset-sarten-skillet-cuadrada-grill-de-hierro-fundido-26x26-cm-shell-pink\/","og_site_name":"Erresse Shop","article_modified_time":"2024-10-16T08:10:36+00:00","og_image":[{"width":1200,"height":1200,"url":"https:\/\/www.erresse-shop.it\/wp-content\/uploads\/2024\/09\/LE-CREUSET-Bistecchiera-Skillet-Quadrata-Evolution-26x26-cm-Shell-Pink.webp","type":"image\/webp"}],"twitter_card":"summary_large_image","schema":{"@context":"https:\/\/schema.org","@graph":[{"@type":"WebPage","@id":"https:\/\/www.erresse-shop.it\/es\/shop\/sartenes-y-ollas\/parrillas\/le-creuset-sarten-skillet-cuadrada-grill-de-hierro-fundido-26x26-cm-shell-pink\/","url":"https:\/\/www.erresse-shop.it\/es\/shop\/sartenes-y-ollas\/parrillas\/le-creuset-sarten-skillet-cuadrada-grill-de-hierro-fundido-26x26-cm-shell-pink\/","name":"LE CREUSET Sart\u00e9n skillet cuadrada grill de hierro fundido 26x26 cm Shell Pink - Erresse Shop","isPartOf":{"@id":"https:\/\/www.erresse-shop.it\/es\/#website"},"datePublished":"2024-09-19T09:19:54+00:00","dateModified":"2024-10-16T08:10:36+00:00","description":"GRASA AL M\u00cdNIMO. SABOR AL M\u00c1XIMO Nuestra parrilla de hierro fundido vitrificado garantiza el nivel ideal de humedad para sus alimentos, creando suculentos","breadcrumb":{"@id":"https:\/\/www.erresse-shop.it\/es\/shop\/sartenes-y-ollas\/parrillas\/le-creuset-sarten-skillet-cuadrada-grill-de-hierro-fundido-26x26-cm-shell-pink\/#breadcrumb"},"inLanguage":"es","potentialAction":[{"@type":"ReadAction","target":["https:\/\/www.erresse-shop.it\/es\/shop\/sartenes-y-ollas\/parrillas\/le-creuset-sarten-skillet-cuadrada-grill-de-hierro-fundido-26x26-cm-shell-pink\/"]}]},{"@type":"BreadcrumbList","@id":"https:\/\/www.erresse-shop.it\/es\/shop\/sartenes-y-ollas\/parrillas\/le-creuset-sarten-skillet-cuadrada-grill-de-hierro-fundido-26x26-cm-shell-pink\/#breadcrumb","itemListElement":[{"@type":"ListItem","position":1,"name":"Home","item":"https:\/\/www.erresse-shop.it\/es\/"},{"@type":"ListItem","position":2,"name":"Shop","item":"https:\/\/www.erresse-shop.it\/es\/shop\/"},{"@type":"ListItem","position":3,"name":"LE CREUSET Sart\u00e9n skillet cuadrada grill de hierro fundido 26&#215;26 cm Shell Pink"}]},{"@type":"WebSite","@id":"https:\/\/www.erresse-shop.it\/es\/#website","url":"https:\/\/www.erresse-shop.it\/es\/","name":"Erresse Shop","description":"Articoli di qualit\u00e0 per la casa","potentialAction":[{"@type":"SearchAction","target":{"@type":"EntryPoint","urlTemplate":"https:\/\/www.erresse-shop.it\/es\/?s={search_term_string}"},"query-input":"required name=search_term_string"}],"inLanguage":"es"}]}},"df_price":80.55,"df_sale_price":80.55,"df_regular_price":179,"df_image_link":"https:\/\/www.erresse-shop.it\/wp-content\/uploads\/2024\/09\/LE-CREUSET-Bistecchiera-Skillet-Quadrata-Evolution-26x26-cm-Shell-Pink-300x300.jpg","_links":{"self":[{"href":"https:\/\/www.erresse-shop.it\/es\/wp-json\/wp\/v2\/product\/431952"}],"collection":[{"href":"https:\/\/www.erresse-shop.it\/es\/wp-json\/wp\/v2\/product"}],"about":[{"href":"https:\/\/www.erresse-shop.it\/es\/wp-json\/wp\/v2\/types\/product"}],"wp:featuredmedia":[{"embeddable":true,"href":"https:\/\/www.erresse-shop.it\/es\/wp-json\/wp\/v2\/media\/461946"}],"wp:attachment":[{"href":"https:\/\/www.erresse-shop.it\/es\/wp-json\/wp\/v2\/media?parent=431952"}],"wp:term":[{"taxonomy":"product_cat","embeddable":true,"href":"https:\/\/www.erresse-shop.it\/es\/wp-json\/wp\/v2\/product_cat?post=431952"},{"taxonomy":"product_tag","embeddable":true,"href":"https:\/\/www.erresse-shop.it\/es\/wp-json\/wp\/v2\/product_tag?post=431952"}],"curies":[{"name":"wp","href":"https:\/\/api.w.org\/{rel}","templated":true}]}}